{"id":10902,"date":"2025-11-15T20:51:25","date_gmt":"2025-11-15T20:51:25","guid":{"rendered":"https:\/\/www.zolattitude.com\/index.php\/product\/marine-magnesium-fights-fatigue-100-pure-supports-the-digestive-system-convenient-packaging-for-travel-250mg-day-magnesium-oxide-no-additives-lab-tested-vegan\/"},"modified":"2025-11-15T20:51:37","modified_gmt":"2025-11-15T20:51:37","slug":"marine-magnesium-fights-fatigue-100-pure-supports-the-digestive-system-convenient-packaging-for-travel-250mg-day-magnesium-oxide-no-additives-lab-tested-vegan","status":"publish","type":"product","link":"https:\/\/www.zolattitude.com\/index.php\/product\/marine-magnesium-fights-fatigue-100-pure-supports-the-digestive-system-convenient-packaging-for-travel-250mg-day-magnesium-oxide-no-additives-lab-tested-vegan\/","title":{"rendered":"Marine Magnesium, Fights Fatigue, 100% Pure, Supports the Digestive System*, Convenient Packaging for Travel, 250mg\/day Magnesium Oxide, No Additives, Lab Tested, Vegan"},"content":{"rendered":"<p>Price: <span style=\"color:#b12704\"><del>\u20ac9.99<\/del> - \u20ac9.49<\/span><br \/><i><small>(as of Nov 15, 2025 20:51:25 UTC &#8211; <span class=\"wp_automatic_amazon_disclaimer\" title=\"Product prices and availability are accurate as of the date\/time indicated and are subject to change. Any price and availability information displayed on [relevant Amazon Site(s), as applicable] at the time of purchase will apply to the purchase of this product.\">Details<\/span>)<\/small><\/i><br \/><a href=\"https:\/\/amazon.fr\/dp\/B0B6JF25KY?tag=onamzmoukoubl-21\"><img decoding=\"async\" src=\"https:\/\/valvepress.s3.amazonaws.com\/imgs\/buy_now.png\"><\/a><br \/>\n<\/p>\n<p>                                             Product Description   <\/p>\n<p>                                                                            <img decoding=\"async\" alt=\"de Gloryfeel, avec un graphique circulaire orange et des informations sur le produit sur un comptoir de cuisine\" src=\"https:\/\/images-na.ssl-images-amazon.com\/images\/G\/01\/x-locale\/common\/grey-pixel.gif\" class=\"a-spacing-base a-lazy-loaded\" data-src=\"https:\/\/m.media-amazon.com\/images\/S\/aplus-media-library-service-media\/9f639ceb-7f6d-42b4-970d-d144fbea19a9.__CR0,15,970,600_PT0_SX970_V1___.jpg\"><img decoding=\"async\" alt=\"de Gloryfeel, avec un graphique circulaire orange et des informations sur le produit sur un comptoir de cuisine\" src=\"https:\/\/m.media-amazon.com\/images\/S\/aplus-media-library-service-media\/9f639ceb-7f6d-42b4-970d-d144fbea19a9.__CR0,15,970,600_PT0_SX970_V1___.jpg\">                                         <\/p>\n<h3 class=\"a-spacing-mini\"> Pour plus d&#8217;\u00e9nergie quand vous en avez besoin <\/h3>\n<p class=\"a-spacing-base\"> Le magn\u00e9sium est un min\u00e9ral vital qui ne peut \u00eatre produit par l&#8217;organisme, d&#8217;o\u00f9 la n\u00e9cessit\u00e9 d&#8217;un apport r\u00e9gulier. Le magn\u00e9sium est un min\u00e9ral puissant \u00e0 tout \u00e2ge. Il participe \u00e0 la formation de plus de 300 enzymes vitales dans l&#8217;organisme. C&#8217;est dire son importance pour les performances et l&#8217;\u00e9nergie. Il contribue \u00e0 r\u00e9duire la fatigue et l&#8217;\u00e9puisement et joue un r\u00f4le important dans le m\u00e9tabolisme cellulaire, en particulier dans les os et les muscles. En outre, le magn\u00e9sium r\u00e9gule le m\u00e9tabolisme \u00e9nerg\u00e9tique du corps et est donc particuli\u00e8rement important pour les personnes actives.* Notre oxyde de magn\u00e9sium est extrait de la mer morte. Dans une \u00e9tude de Shechter et al. (2012), il a \u00e9t\u00e9 constat\u00e9 que le magn\u00e9sium provenant de l&#8217;oxyde de magn\u00e9sium \u00e9tait nettement mieux stock\u00e9 dans les cellules apr\u00e8s plusieurs semaines que d&#8217;autres bioformes telles que le citrate de magn\u00e9sium. <\/p>\n<p>                                                 <img decoding=\"async\" alt=\"un graphique pr\u00e9sentant les trois types de produits diff\u00e9rents.\" src=\"https:\/\/images-na.ssl-images-amazon.com\/images\/G\/01\/x-locale\/common\/grey-pixel.gif\" class=\"a-lazy-loaded\" data-src=\"https:\/\/m.media-amazon.com\/images\/S\/aplus-media-library-service-media\/6cb03930-06d4-4764-b80a-1c9838b8ec09.__CR0,0,970,300_PT0_SX970_V1___.jpg\"><img decoding=\"async\" alt=\"un graphique pr\u00e9sentant les trois types de produits diff\u00e9rents.\" src=\"https:\/\/m.media-amazon.com\/images\/S\/aplus-media-library-service-media\/6cb03930-06d4-4764-b80a-1c9838b8ec09.__CR0,0,970,300_PT0_SX970_V1___.jpg\">  <\/p>\n<p>                                                                            <img decoding=\"async\" alt=\"Flacon de suppl\u00e9ment d'oxyde de magn\u00e9sium \u00e9tiquet\u00e9 \u00ab Gloryfeel \u00bb. L'infographie montre les avantages : r\u00e9duit la fatigue, soutient le m\u00e9tabolisme \u00e9nerg\u00e9tique, la fonction musculaire et le maintien des os\" src=\"https:\/\/images-na.ssl-images-amazon.com\/images\/G\/01\/x-locale\/common\/grey-pixel.gif\" class=\"a-spacing-base a-lazy-loaded\" data-src=\"https:\/\/m.media-amazon.com\/images\/S\/aplus-media-library-service-media\/6929b7e0-128e-4bec-96b0-244c2a81a934.__CR0,22,970,600_PT0_SX970_V1___.jpg\"><img decoding=\"async\" alt=\"Flacon de suppl\u00e9ment d'oxyde de magn\u00e9sium \u00e9tiquet\u00e9 \u00ab Gloryfeel \u00bb. L'infographie montre les avantages : r\u00e9duit la fatigue, soutient le m\u00e9tabolisme \u00e9nerg\u00e9tique, la fonction musculaire et le maintien des os\" src=\"https:\/\/m.media-amazon.com\/images\/S\/aplus-media-library-service-media\/6929b7e0-128e-4bec-96b0-244c2a81a934.__CR0,22,970,600_PT0_SX970_V1___.jpg\">                                                                    <\/p>\n<p class=\"apm-text-center\">\n                                                     <img decoding=\"async\" alt=\"un tas de guimauves blanches avec un cercle orange en arri\u00e8re-plan\" src=\"https:\/\/images-na.ssl-images-amazon.com\/images\/G\/01\/x-locale\/common\/grey-pixel.gif\" class=\"a-lazy-loaded\" data-src=\"https:\/\/m.media-amazon.com\/images\/S\/aplus-media-library-service-media\/b6d9a11a-184f-40dc-8fe3-17a21cef3645.__CR0,0,220,220_PT0_SX220_V1___.jpg\"><\/p>\n<p><img decoding=\"async\" alt=\"un tas de guimauves blanches avec un cercle orange en arri\u00e8re-plan\" src=\"https:\/\/m.media-amazon.com\/images\/S\/aplus-media-library-service-media\/b6d9a11a-184f-40dc-8fe3-17a21cef3645.__CR0,0,220,220_PT0_SX220_V1___.jpg\"><br \/>\n                                                    Tout ce dont vous avez besoin, sans promesses vaines                                     <\/p>\n<p class=\"a-size-small\"> La fa\u00e7on dont nous soutenons notre corps n&#8217;est pas une d\u00e9cision facile \u00e0 prendre. C&#8217;est pourquoi nous ne voulons pas la fabriquer plus compliqu\u00e9e qu&#8217;elle ne l&#8217;est d\u00e9j\u00e0 : nos produits contiennent les meilleurs ingr\u00e9dients, s\u00e9lectionn\u00e9s par nos experts. <\/p>\n<p class=\"a-size-small\"> gloryfeel : 100% qualit\u00e9, 0% de paroles en l&#8217;air. <\/p>\n<p class=\"apm-text-center\">\n                                                     <img decoding=\"async\" alt=\"femme regardant \u00e0 travers un microscope\" src=\"https:\/\/images-na.ssl-images-amazon.com\/images\/G\/01\/x-locale\/common\/grey-pixel.gif\" class=\"a-lazy-loaded\" data-src=\"https:\/\/m.media-amazon.com\/images\/S\/aplus-media-library-service-media\/9d2a4359-ef4a-46e9-848d-fdee1b574f94.__CR0,0,220,220_PT0_SX220_V1___.jpg\"><\/p>\n<p><img decoding=\"async\" alt=\"femme regardant \u00e0 travers un microscope\" src=\"https:\/\/m.media-amazon.com\/images\/S\/aplus-media-library-service-media\/9d2a4359-ef4a-46e9-848d-fdee1b574f94.__CR0,0,220,220_PT0_SX220_V1___.jpg\"><br \/>\n                                                    Le ressentez-vous aussi ? Notre promesse de qualit\u00e9                                     <\/p>\n<p class=\"a-size-small\"> Notre marque n&#8217;a pas cess\u00e9 d&#8217;\u00e9voluer au fil des ans. De nouvelles couleurs, un nouveau logo, mais une chose est rest\u00e9e la m\u00eame : la tr\u00e8s haute qualit\u00e9 de nos produits, pour lesquels nous ne fabriquons aucun compromis. D&#8217;ailleurs, nous faisons toujours contr\u00f4ler la qualit\u00e9 par des laboratoires externes et ind\u00e9pendants. <\/p>\n<p class=\"apm-text-center\">\n                                                     <img decoding=\"async\" alt=\"Bouteille blanche de suppl\u00e9ments Glowfeel \u00e0 c\u00f4t\u00e9 d'un verre de lait et de g\u00e9lules en vrac sur fond bleu vif et orange\" src=\"https:\/\/images-na.ssl-images-amazon.com\/images\/G\/01\/x-locale\/common\/grey-pixel.gif\" class=\"a-lazy-loaded\" data-src=\"https:\/\/m.media-amazon.com\/images\/S\/aplus-media-library-service-media\/e0068765-7fee-4c56-8328-e87430ec0f56.__CR0,0,220,220_PT0_SX220_V1___.jpg\"><\/p>\n<p><img decoding=\"async\" alt=\"Bouteille blanche de suppl\u00e9ments Glowfeel \u00e0 c\u00f4t\u00e9 d'un verre de lait et de g\u00e9lules en vrac sur fond bleu vif et orange\" src=\"https:\/\/m.media-amazon.com\/images\/S\/aplus-media-library-service-media\/e0068765-7fee-4c56-8328-e87430ec0f56.__CR0,0,220,220_PT0_SX220_V1___.jpg\"><br \/>\n                                                    Plus de 70 produits pour votre bien-\u00eatre                                     <\/p>\n<p class=\"a-size-small\"> Nos produits sont mis sur le march\u00e9 avec un seul objectif : vous. Nous avons plus de 70 produits dans notre assortiment, afin que votre bien-\u00eatre puisse augmenter, et votre joie de vivre avec. Nous cherchons, d\u00e9veloppons et proposons des r\u00e9ponses solides aux questions complexes sur l&#8217;alimentation. Nous le faisons avec passion, joie de vivre et \u00e9nergie. <\/p>\n<p class=\"apm-text-center\">\n                                                     <img decoding=\"async\" alt=\"femme faisant du yoga en cercle\" src=\"https:\/\/images-na.ssl-images-amazon.com\/images\/G\/01\/x-locale\/common\/grey-pixel.gif\" class=\"a-lazy-loaded\" data-src=\"https:\/\/m.media-amazon.com\/images\/S\/aplus-media-library-service-media\/d1469e46-d507-4ed8-b98a-211f8c77b2ad.__CR0,0,220,220_PT0_SX220_V1___.jpg\"><\/p>\n<p><img decoding=\"async\" alt=\"femme faisant du yoga en cercle\" src=\"https:\/\/m.media-amazon.com\/images\/S\/aplus-media-library-service-media\/d1469e46-d507-4ed8-b98a-211f8c77b2ad.__CR0,0,220,220_PT0_SX220_V1___.jpg\"><br \/>\n                                                    Notre vision et notre objectif : vous permettre de vous sentir mieux                                     <\/p>\n<p class=\"a-size-small\"> Tout le monde m\u00e9rite plus de joie de vivre : nous voulons aider les gens \u00e0 vivre une vie saine et \u00e9quilibr\u00e9e. Nous assumons cette responsabilit\u00e9 en proposant des compl\u00e9ments alimentaires d\u00e9velopp\u00e9s avec passion et qui vous apportent la joie de vivre chez vous. <\/p>\n<p>                         Add To Basket  <\/p>\n<p>                         Add To Basket  <\/p>\n<p>                         Add To Basket  <\/p>\n<p>                         Add To Basket  <\/p>\n<p>                             Customer Reviews  <\/p>\n<p>                    4.4 out of 5 stars  1,465  <\/p>\n<p>                    4.5 out of 5 stars  1,391  <\/p>\n<p>                    4.2 out of 5 stars  3,247  <\/p>\n<p>                    4.4 out of 5 stars  849  <\/p>\n<p>                    4.2 out of 5 stars  458  <\/p>\n<p>                             Price  <\/p>\n<p>                                    \u20ac22.09\u20ac22.09                  \u20ac19.99\u20ac19.99                  \u20ac23.99\u20ac23.99                  \u20ac9.49\u20ac9.49<br \/>\n                                            \u2014 no data<\/p>\n<p>                             Principaux ingr\u00e9dients<br \/>\n                                D-mannose, agent d\u2019enrobage  (hydroxypropylm\u00e9thylcellulose)               Oxyde de Magn\u00e9sium, Dicitrate de Tri-Magn\u00e9sium, Bisglycinate de Magn\u00e9sium, Mala de Magn\u00e9sium, Ascorbate de Magn\u00e9sium               Hyaluronate de sodium, extrait de son de riz               Oxyde de magn\u00e9sium, agent d\u2019enrobage (hydroxypropylm\u00e9thylcellulose)               M\u00e9thylsulfonylm\u00e9thane            <\/p>\n<p>                             Directions<br \/>\n                                Prendre 3 capsules par jour avec un repas et un verre d&#8217;eau.                Prenez 2 x 1 g\u00e9lule par jour avec un verre d&#8217;eau pendant les repas               Prenez 1 capsule par jour avec un verre d&#8217;eau pendant le repas principal.               Prendre 1 capsule par jour avec un repas et un verre d\u2018eau.               Prenez 2 capsules par jour avec un verre d&#8217;eau pendant un repas.           <\/p>\n<p>                             Avantages<br \/>\n                                Le D-mannose est un type de sucre que l&#8217;on trouve naturellement dans l&#8217;organisme et qui peut contribuer au bon fonctionnement du syst\u00e8me urinaire.               Le magn\u00e9sium aide \u00e0 r\u00e9duire la fatigue et l&#8217;\u00e9puisement. Le magn\u00e9sium favorise le fonctionnement normal du syst\u00e8me nerveux et des muscles               L&#8217;acide hyaluronique est un composant majeur du tissu conjonctif de la peau et joue un r\u00f4le dans le maintien de sa souplesse. Il agit \u00e9galement comme un &#8220;lubrifiant&#8221; pour les articulations et le cartilage.               L&#8217;oxyde de magn\u00e9sium soutient le m\u00e9tabolisme \u00e9nerg\u00e9tique de l&#8217;organisme et aide \u00e0 combattre la fatigue.               Aide \u00e0 r\u00e9duire l&#8217;inflammation des muscles et des articulations, aide \u00e0 maintenir la sant\u00e9 des ongles et des cheveux.           <\/p>\n<p>                             Quantit\u00e9 par bo\u00eete<br \/>\n                                180 capsules               180 capsules               90 capsules               90 capsules               365 capsules           <\/p>\n<p>                             Approvisionnement<br \/>\n                                2 mois               Environ 3 mois               3 mois               3 mois               Environ 6 mois           <\/p>\n<p>                             V\u00e9g\u00e9talien  <\/p>\n<p>                                              \u2713<\/p>\n<p>                                              \u2713<\/p>\n<p>                                              \u2713<\/p>\n<p>                                              \u2713<\/p>\n<p>                                              \u2713<\/p>\n<p>                             Sans OGM, engrais artificiels, pesticides et fongicides  <\/p>\n<p>                                              \u2713<\/p>\n<p>                                              \u2713<\/p>\n<p>                                              \u2713<\/p>\n<p>                                              \u2713<\/p>\n<p>                                              \u2713<\/p>\n<p>                             Sans gluten, sans lactose  <\/p>\n<p>                                              \u2713<\/p>\n<p>                                              \u2713<\/p>\n<p>                                              \u2713<\/p>\n<p>                                              \u2713<\/p>\n<p>                                              \u2713<\/p>\n<p>                             Dosage \u00e9lev\u00e9  <\/p>\n<p>                                              \u2713<\/p>\n<p>                                              \u2713<\/p>\n<p>                                              \u2713<\/p>\n<p>                                              \u2713<\/p>\n<p>                                              \u2713<\/p>\n<p> Package Dimensions                                            \u200f                                            :                                            \u200e                                            9.3 x 4.7 x 4.6 cm; 65 g   <br \/> Manufacturer                                            \u200f                                            :                                            \u200e                                            Gloryfeel   <br \/> ASIN                                            \u200f                                            :                                            \u200e                                            B0B6JF25KY   <br \/> Country of origin                                            \u200f                                            :                                            \u200e                                            Germany   <br \/>  Customer reviews:                                                                                     4.4             4.4 out of 5 stars                                    849 ratings                                             var dpAcrHasRegisteredArcLinkClickAction;                    P.when(&#8216;A&#8217;, &#8216;ready&#8217;).execute(function(A) {                        if (dpAcrHasRegisteredArcLinkClickAction !== true) {                            dpAcrHasRegisteredArcLinkClickAction = true;                            A.declarative(                                &#8216;acrLink-click-metrics&#8217;, &#8216;click&#8217;,                                { &#8220;allowLinkDefault&#8221;: true },                                function (event) {                                    if (window.ue) {                                        ue.count(&#8220;acrLinkClickCount&#8221;, (ue.count(&#8220;acrLinkClickCount&#8221;) || 0) + 1);                                    }                                }                            );                        }                    });                                             P.when(&#8216;A&#8217;, &#8216;cf&#8217;).execute(function(A) {                A.declarative(&#8216;acrStarsLink-click-metrics&#8217;, &#8216;click&#8217;, { &#8220;allowLinkDefault&#8221; : true },  function(event){                    if(window.ue) {                        ue.count(&#8220;acrStarsLinkWithPopoverClickCount&#8221;, (ue.count(&#8220;acrStarsLinkWithPopoverClickCount&#8221;) || 0) + 1);                    }                });            });                          <br \/>90 HIGH-DOSED CAPSULES &#8211; Our highly dosed capsules offer 250mg of total magnesium oxide per day. With only 1 capsule per recommended daily dose, you have a supply of 3 months.<br \/>WHAT IS MAGNESIUM OXIDE? &#8211; Magnesium oxide is a type of magnesium salt. It is ideal for those who may have magnesium deficiency and has a multitude of benefits for the body and your well-being.<br \/>MUSCLES, BONES AND TEETH &#8211; Magnesium contributes to normal muscle function, maintaining normal bones and teeth. Magnesium contributes to normal function of the nervous system, reduction of fatigue and exhaustion, and normal energy metabolism. Magnesium also has a function in cell division. *<br \/>HIGH QUALITY INGREDIENTS &#8211; Magnesium oxide based dietary supplement formulated without gelatin, no anti-caking agents such as magnesium salts of fatty acids (magnesium stearate), without dyes, naturally non-GMO, lactose-free, gluten free and animal ingredients (100% vegan).<br \/>NEW STANDARDS OF QUALITY AND STABILITY &#8211; gloryfeel products are manufactured in Germany and undergo extensive stability tests in order to maintain a consistent quality over a long period of time. Our commitment to exceed industry standards underscores our leadership position in quality assurance. Discover our certificates of analysis for more transparency and trust. Keep out of reach of children and not recommended for children under 6 years old.<\/p>\n\n","protected":false},"excerpt":{"rendered":"<p> Product Description Pour plus d&#8217;\u00e9nergie quand vous en avez besoin Le magn\u00e9sium est un min\u00e9ral vital qui ne peut \u00eatre produit par l&#8217;organisme, d&#8217;o\u00f9 la n\u00e9cessit\u00e9 d&#8217;un apport r\u00e9gulier. Le magn\u00e9sium est un min\u00e9ral puissant \u00e0 tout \u00e2ge. Il participe \u00e0 la formation de plus de 300 enzymes vitales dans [&hellip;]<\/p>\n","protected":false},"featured_media":10903,"comment_status":"open","ping_status":"closed","template":"","meta":{"_gspb_post_css":"","om_disable_all_campaigns":false,"_monsterinsights_skip_tracking":false,"_monsterinsights_sitenote_active":false,"_monsterinsights_sitenote_note":"","_monsterinsights_sitenote_category":0},"store":[],"product_brand":[],"product_cat":[152],"product_tag":[3249,342,3247,487,270,508,587,287,167,1448,317,213,326,401,951,3248,261],"class_list":{"0":"post-10902","1":"product","2":"type-product","3":"status-publish","4":"has-post-thumbnail","6":"product_cat-magnesium-marin","7":"product_tag-250mgday","8":"product_tag-additives","9":"product_tag-convenient","10":"product_tag-digestive","11":"product_tag-fatigue","12":"product_tag-fights","13":"product_tag-lab","14":"product_tag-magnesium","15":"product_tag-marine","16":"product_tag-oxide","17":"product_tag-packaging","18":"product_tag-pure","19":"product_tag-supports","20":"product_tag-system","21":"product_tag-tested","22":"product_tag-travel","23":"product_tag-vegan","25":"first","26":"instock","27":"sale","28":"shipping-taxable","29":"product-type-external"},"aioseo_notices":[],"jetpack_sharing_enabled":true,"_links":{"self":[{"href":"https:\/\/www.zolattitude.com\/index.php\/wp-json\/wp\/v2\/product\/10902","targetHints":{"allow":["GET"]}}],"collection":[{"href":"https:\/\/www.zolattitude.com\/index.php\/wp-json\/wp\/v2\/product"}],"about":[{"href":"https:\/\/www.zolattitude.com\/index.php\/wp-json\/wp\/v2\/types\/product"}],"replies":[{"embeddable":true,"href":"https:\/\/www.zolattitude.com\/index.php\/wp-json\/wp\/v2\/comments?post=10902"}],"wp:featuredmedia":[{"embeddable":true,"href":"https:\/\/www.zolattitude.com\/index.php\/wp-json\/wp\/v2\/media\/10903"}],"wp:attachment":[{"href":"https:\/\/www.zolattitude.com\/index.php\/wp-json\/wp\/v2\/media?parent=10902"}],"wp:term":[{"taxonomy":"store","embeddable":true,"href":"https:\/\/www.zolattitude.com\/index.php\/wp-json\/wp\/v2\/store?post=10902"},{"taxonomy":"product_brand","embeddable":true,"href":"https:\/\/www.zolattitude.com\/index.php\/wp-json\/wp\/v2\/product_brand?post=10902"},{"taxonomy":"product_cat","embeddable":true,"href":"https:\/\/www.zolattitude.com\/index.php\/wp-json\/wp\/v2\/product_cat?post=10902"},{"taxonomy":"product_tag","embeddable":true,"href":"https:\/\/www.zolattitude.com\/index.php\/wp-json\/wp\/v2\/product_tag?post=10902"}],"curies":[{"name":"wp","href":"https:\/\/api.w.org\/{rel}","templated":true}]}}