{"id":12096,"date":"2025-11-25T21:53:25","date_gmt":"2025-11-25T21:53:25","guid":{"rendered":"https:\/\/www.zolattitude.com\/index.php\/product\/theonia-night-complex-with-100mg-l-tryptophan-chamomile-and-lemon-balm-natural-supplement-for-sleep-and-relaxation-60-capsules-non-gmo-vegetarian\/"},"modified":"2025-11-25T21:53:33","modified_gmt":"2025-11-25T21:53:33","slug":"theonia-night-complex-with-100mg-l-tryptophan-chamomile-and-lemon-balm-natural-supplement-for-sleep-and-relaxation-60-capsules-non-gmo-vegetarian","status":"publish","type":"product","link":"https:\/\/www.zolattitude.com\/index.php\/product\/theonia-night-complex-with-100mg-l-tryptophan-chamomile-and-lemon-balm-natural-supplement-for-sleep-and-relaxation-60-capsules-non-gmo-vegetarian\/","title":{"rendered":"Theonia Night Complex with 100mg L-Tryptophan, Chamomile and Lemon Balm Natural Supplement for Sleep and Relaxation &#8211; 60 Capsules, Non-GMO, Vegetarian"},"content":{"rendered":"<p>Price: <span style=\"color:#b12704\">\u20ac39.99<\/span><br \/><i><small>(as of Nov 25, 2025 21:53:25 UTC &#8211; <span class=\"wp_automatic_amazon_disclaimer\" title=\"Product prices and availability are accurate as of the date\/time indicated and are subject to change. Any price and availability information displayed on [relevant Amazon Site(s), as applicable] at the time of purchase will apply to the purchase of this product.\">Details<\/span>)<\/small><\/i><br \/><a href=\"https:\/\/amazon.fr\/dp\/B0C7HH418K?tag=onamzmoukoubl-21\"><img decoding=\"async\" src=\"https:\/\/valvepress.s3.amazonaws.com\/imgs\/buy_now.png\"><\/a><br \/>\n<\/p>\n<p>                                             From the brand   <\/p>\n<p>                                             <img decoding=\"async\" alt=\"theonia supplements health vitamin\" src=\"https:\/\/images-na.ssl-images-amazon.com\/images\/G\/01\/x-locale\/common\/grey-pixel.gif\" class=\"a-lazy-loaded\" data-src=\"https:\/\/m.media-amazon.com\/images\/S\/aplus-media-library-service-media\/4df0f34e-55d5-4cbd-bc91-226d391053fe.__CR0,0,1464,625_PT0_SX1464_V1___.jpg\"><img decoding=\"async\" alt=\"theonia supplements health vitamin\" src=\"https:\/\/m.media-amazon.com\/images\/S\/aplus-media-library-service-media\/4df0f34e-55d5-4cbd-bc91-226d391053fe.__CR0,0,1464,625_PT0_SX1464_V1___.jpg\">  <\/p>\n<p>                                             <img decoding=\"async\" alt=\"\" src=\"https:\/\/images-na.ssl-images-amazon.com\/images\/G\/01\/x-locale\/common\/grey-pixel.gif\" class=\"a-lazy-loaded\" data-src=\"https:\/\/m.media-amazon.com\/images\/S\/aplus-media-library-service-media\/bcf61ee3-89b3-40c6-99b3-62de98278b58.__CR0,0,315,145_PT0_SX315_V1___.jpg\"><img decoding=\"async\" alt=\"\" src=\"https:\/\/m.media-amazon.com\/images\/S\/aplus-media-library-service-media\/bcf61ee3-89b3-40c6-99b3-62de98278b58.__CR0,0,315,145_PT0_SX315_V1___.jpg\">  <\/p>\n<p> Qu\u2019est-ce que Theonia ? <\/p>\n<p> Theonia propose des compl\u00e9ments de qualit\u00e9 bas\u00e9s sur la recherche, avec des ingr\u00e9dients cliniquement prouv\u00e9s pour am\u00e9liorer votre sant\u00e9 et bien-\u00eatre. Sans additifs, nos produits offrent une efficacit\u00e9 maximale. <\/p>\n<p> Qu\u2019est-ce qui nous rend unique ? <\/p>\n<p> Nos compl\u00e9ments utilisent des ingr\u00e9dients dont l\u2019efficacit\u00e9 est scientifiquement prouv\u00e9e, pour des bienfaits visibles. <\/p>\n<p>                                             <img decoding=\"async\" alt=\"Theonia supplements health vitamin \" src=\"https:\/\/images-na.ssl-images-amazon.com\/images\/G\/01\/x-locale\/common\/grey-pixel.gif\" class=\"a-lazy-loaded\" data-src=\"https:\/\/m.media-amazon.com\/images\/S\/aplus-media-library-service-media\/48d89418-b449-46d1-a273-0b7c889bf066.__CR0,0,362,453_PT0_SX362_V1___.jpg\"><img decoding=\"async\" alt=\"Theonia supplements health vitamin \" src=\"https:\/\/m.media-amazon.com\/images\/S\/aplus-media-library-service-media\/48d89418-b449-46d1-a273-0b7c889bf066.__CR0,0,362,453_PT0_SX362_V1___.jpg\">  <\/p>\n<h3> Commencez votre parcours sant\u00e9 <\/h3>\n<p class=\"apm-brand-story-stores-link\">\n<h3> Commencez votre parcours sant\u00e9 <\/h3>\n<p class=\"apm-brand-story-stores-link\">\n<p>                                                         Comment nous proc\u00e9dons                                       <\/p>\n<p> Nous formulons nos compl\u00e9ments avec des ingr\u00e9dients de qualit\u00e9 sup\u00e9rieure, test\u00e9s cliniquement, pour trouver le dosage optimal qui maximise leur efficacit\u00e9. <\/p>\n<p>                                                         Pourquoi nous le faisons                                       <\/p>\n<p> Chez Theonia, nous croyons que des ingr\u00e9dients de haute qualit\u00e9 font la diff\u00e9rence. Nous souhaitons que chacun puisse se sentir au mieux de sa forme, gr\u00e2ce \u00e0 des compl\u00e9ments bas\u00e9s sur la recherche. <\/p>\n<p>                                                         Notre mission                                       <\/p>\n<p> Offrir des compl\u00e9ments valid\u00e9s scientifiquement qui apportent des r\u00e9sultats concrets pour une vie plus saine et \u00e9panouie. <\/p>\n<p> Package Dimensions                                            \u200f                                            :                                            \u200e                                            10.2 x 4.9 x 4.8 cm; 80 g   <br \/> Manufacturer                                            \u200f                                            :                                            \u200e                                            Theonia   <br \/> ASIN                                            \u200f                                            :                                            \u200e                                            B0C7HH418K   <br \/> Manufacturer reference                                            \u200f                                            :                                            \u200e                                            TH_NIGHTTIME   <br \/> Country of origin                                            \u200f                                            :                                            \u200e                                            United Kingdom   <br \/>  Customer reviews:                                                                                     3.2             3.2 out of 5 stars                                    51 ratings                                             var dpAcrHasRegisteredArcLinkClickAction;                    P.when(&#8216;A&#8217;, &#8216;ready&#8217;).execute(function(A) {                        if (dpAcrHasRegisteredArcLinkClickAction !== true) {                            dpAcrHasRegisteredArcLinkClickAction = true;                            A.declarative(                                &#8216;acrLink-click-metrics&#8217;, &#8216;click&#8217;,                                { &#8220;allowLinkDefault&#8221;: true },                                function (event) {                                    if (window.ue) {                                        ue.count(&#8220;acrLinkClickCount&#8221;, (ue.count(&#8220;acrLinkClickCount&#8221;) || 0) + 1);                                    }                                }                            );                        }                    });                                             P.when(&#8216;A&#8217;, &#8216;cf&#8217;).execute(function(A) {                A.declarative(&#8216;acrStarsLink-click-metrics&#8217;, &#8216;click&#8217;, { &#8220;allowLinkDefault&#8221; : true },  function(event){                    if(window.ue) {                        ue.count(&#8220;acrStarsLinkWithPopoverClickCount&#8221;, (ue.count(&#8220;acrStarsLinkWithPopoverClickCount&#8221;) || 0) + 1);                    }                });            });                          <br \/>ENHANCE BETTER SLEEP &#8211; Get the sleep you deserve! Our product is a natural sleep aid, safe and effective. It is made with all-natural ingredients that have been shown to promote better sleep.<br \/>PROTECTS THE BODY FROM STRESS &#8211; Defends your body in a natural way. Our formula includes powerful ingredients that help protect the body from oxidative stress, which can break down cell tissue and even damage DNA.<br \/>BALANCE THE MOOD AND CONTRIBUTES CALM: Wake up fresh and energetic! Our formula contains essential ingredients that help achieve emotional comfort, maintain a positive mood and good cognitive functioning.<br \/>REDUCES FATIGUE AND EXHAUSTION &#8211; You won&#8217;t have to count sheep to fall asleep! Our overnight complex contains ingredients that reduce fatigue and exhaustion while increasing energy levels, helping you feel more rested throughout the day.<br \/>PEACE OF MIND: You can buy with confidence with us. We pride ourselves on manufacturing our products entirely here in the UK. We even offer a 100% satisfaction guarantee. Satisfied or money back! We are here for you every step!<\/p>\n\n","protected":false},"excerpt":{"rendered":"<p> From the brand Qu\u2019est-ce que Theonia ? Theonia propose des compl\u00e9ments de qualit\u00e9 bas\u00e9s sur la recherche, avec des ingr\u00e9dients cliniquement prouv\u00e9s pour am\u00e9liorer votre sant\u00e9 et bien-\u00eatre. Sans additifs, nos produits offrent une efficacit\u00e9 maximale. Qu\u2019est-ce qui nous rend unique ? Nos compl\u00e9ments utilisent des ingr\u00e9dients dont l\u2019efficacit\u00e9 est [&hellip;]<\/p>\n","protected":false},"featured_media":12097,"comment_status":"open","ping_status":"closed","template":"","meta":{"_gspb_post_css":"","om_disable_all_campaigns":false,"_monsterinsights_skip_tracking":false,"_monsterinsights_sitenote_active":false,"_monsterinsights_sitenote_note":"","_monsterinsights_sitenote_category":0},"store":[],"product_brand":[],"product_cat":[150],"product_tag":[2234,408,198,564,173,407,1731,260,2620,362,288,405,200,3498,1062],"class_list":{"0":"post-12096","1":"product","2":"type-product","3":"status-publish","4":"has-post-thumbnail","6":"product_cat-anti-stress-adaptogenes","7":"product_tag-100mg","8":"product_tag-balm","9":"product_tag-capsules","10":"product_tag-chamomile","11":"product_tag-complex","12":"product_tag-lemon","13":"product_tag-ltryptophan","14":"product_tag-natural","15":"product_tag-night","16":"product_tag-nongmo","17":"product_tag-relaxation","18":"product_tag-sleep","19":"product_tag-supplement","20":"product_tag-theonia","21":"product_tag-vegetarian","23":"first","24":"instock","25":"shipping-taxable","26":"product-type-external"},"aioseo_notices":[],"jetpack_sharing_enabled":true,"_links":{"self":[{"href":"https:\/\/www.zolattitude.com\/index.php\/wp-json\/wp\/v2\/product\/12096","targetHints":{"allow":["GET"]}}],"collection":[{"href":"https:\/\/www.zolattitude.com\/index.php\/wp-json\/wp\/v2\/product"}],"about":[{"href":"https:\/\/www.zolattitude.com\/index.php\/wp-json\/wp\/v2\/types\/product"}],"replies":[{"embeddable":true,"href":"https:\/\/www.zolattitude.com\/index.php\/wp-json\/wp\/v2\/comments?post=12096"}],"wp:featuredmedia":[{"embeddable":true,"href":"https:\/\/www.zolattitude.com\/index.php\/wp-json\/wp\/v2\/media\/12097"}],"wp:attachment":[{"href":"https:\/\/www.zolattitude.com\/index.php\/wp-json\/wp\/v2\/media?parent=12096"}],"wp:term":[{"taxonomy":"store","embeddable":true,"href":"https:\/\/www.zolattitude.com\/index.php\/wp-json\/wp\/v2\/store?post=12096"},{"taxonomy":"product_brand","embeddable":true,"href":"https:\/\/www.zolattitude.com\/index.php\/wp-json\/wp\/v2\/product_brand?post=12096"},{"taxonomy":"product_cat","embeddable":true,"href":"https:\/\/www.zolattitude.com\/index.php\/wp-json\/wp\/v2\/product_cat?post=12096"},{"taxonomy":"product_tag","embeddable":true,"href":"https:\/\/www.zolattitude.com\/index.php\/wp-json\/wp\/v2\/product_tag?post=12096"}],"curies":[{"name":"wp","href":"https:\/\/api.w.org\/{rel}","templated":true}]}}