{"id":12623,"date":"2025-11-29T22:16:40","date_gmt":"2025-11-29T22:16:40","guid":{"rendered":"https:\/\/www.zolattitude.com\/index.php\/product\/spirulina-and-chlorella-bio-500-tablets-1500-mg-per-dose-spirulina-algae-and-chlorella-algae-no-additives-soothing-effect-detox-organic-vegan-protein-plastic-free\/"},"modified":"2025-11-29T22:16:52","modified_gmt":"2025-11-29T22:16:52","slug":"spirulina-and-chlorella-bio-500-tablets-1500-mg-per-dose-spirulina-algae-and-chlorella-algae-no-additives-soothing-effect-detox-organic-vegan-protein-plastic-free","status":"publish","type":"product","link":"https:\/\/www.zolattitude.com\/index.php\/product\/spirulina-and-chlorella-bio-500-tablets-1500-mg-per-dose-spirulina-algae-and-chlorella-algae-no-additives-soothing-effect-detox-organic-vegan-protein-plastic-free\/","title":{"rendered":"Spirulina and Chlorella Bio &#8211; 500 Tablets &#8211; 1500 mg per dose &#8211; Spirulina Algae and Chlorella Algae &#8211; No Additives &#8211; Soothing Effect &#8211; Detox &#8211; Organic Vegan Protein &#8211; Plastic Free"},"content":{"rendered":"<p>Price: <span style=\"color:#b12704\">\u20ac26.84<\/span><br \/><i><small>(as of Nov 29, 2025 22:16:40 UTC &#8211; <span class=\"wp_automatic_amazon_disclaimer\" title=\"Product prices and availability are accurate as of the date\/time indicated and are subject to change. Any price and availability information displayed on [relevant Amazon Site(s), as applicable] at the time of purchase will apply to the purchase of this product.\">Details<\/span>)<\/small><\/i><br \/><a href=\"https:\/\/amazon.fr\/dp\/B0BCWVHXJ3?tag=onamzmoukoubl-21\"><img decoding=\"async\" src=\"https:\/\/valvepress.s3.amazonaws.com\/imgs\/buy_now.png\"><\/a><br \/>\n<\/p>\n<p>                                             From the brand   <\/p>\n<p>                                             <img decoding=\"async\" alt=\"une colline verte avec un ciel bleu et une colline verte avec un ciel bleu et des nuages\" src=\"https:\/\/images-na.ssl-images-amazon.com\/images\/G\/01\/x-locale\/common\/grey-pixel.gif\" class=\"a-lazy-loaded\" data-src=\"https:\/\/m.media-amazon.com\/images\/S\/aplus-media-library-service-media\/5cc8f7c3-d0a3-4bc9-b263-87afa65bd688.__CR0,0,1464,625_PT0_SX1464_V1___.png\"><img decoding=\"async\" alt=\"une colline verte avec un ciel bleu et une colline verte avec un ciel bleu et des nuages\" src=\"https:\/\/m.media-amazon.com\/images\/S\/aplus-media-library-service-media\/5cc8f7c3-d0a3-4bc9-b263-87afa65bd688.__CR0,0,1464,625_PT0_SX1464_V1___.png\">  <\/p>\n<p>                                                         The Doppel Co                                       <\/p>\n<p> Des produits durables qui prennent soin de votre sant\u00e9 sans nuire \u00e0 la sant\u00e9 de la plan\u00e8te. <\/p>\n<p>                                                         Sans plastique                                       <\/p>\n<p> Contrairement \u00e0 d&#8217;autres marques, nous avons choisi de ne pas utiliser de plastique dans nos produits afin de ne pas polluer davantage l&#8217;environnement et de ne pas mettre en danger la sant\u00e9 du consommateur. <\/p>\n<p>                                                         Moins d&#8217;\u00e9missions de CO2                                       <\/p>\n<p> La quantit\u00e9 de nos emballages prolonge la consommation du produit pendant une p\u00e9riode plus longue, ce qui r\u00e9duit le nombre d&#8217;envois et les \u00e9missions de CO2 dans l&#8217;atmosph\u00e8re. <\/p>\n<h3> Nos produits <\/h3>\n<p class=\"apm-brand-story-stores-link\">\n<p> Product Dimensions                                            \u200f                                            :                                            \u200e                                            8.5 x 8.5 x 8 cm; 250 g   <br \/> Manufacturer                                            \u200f                                            :                                            \u200e                                            Bio Unicorn SL   <br \/> ASIN                                            \u200f                                            :                                            \u200e                                            B0BCWVHXJ3   <br \/> Item model number                                            \u200f                                            :                                            \u200e                                            DOP-MIX-500   <br \/> Country of origin                                            \u200f                                            :                                            \u200e                                            Spain   <br \/>  Customer reviews:                                                                                     4.4             4.4 out of 5 stars                                    220 ratings                                             var dpAcrHasRegisteredArcLinkClickAction;                    P.when(&#8216;A&#8217;, &#8216;ready&#8217;).execute(function(A) {                        if (dpAcrHasRegisteredArcLinkClickAction !== true) {                            dpAcrHasRegisteredArcLinkClickAction = true;                            A.declarative(                                &#8216;acrLink-click-metrics&#8217;, &#8216;click&#8217;,                                { &#8220;allowLinkDefault&#8221;: true },                                function (event) {                                    if (window.ue) {                                        ue.count(&#8220;acrLinkClickCount&#8221;, (ue.count(&#8220;acrLinkClickCount&#8221;) || 0) + 1);                                    }                                }                            );                        }                    });                                             P.when(&#8216;A&#8217;, &#8216;cf&#8217;).execute(function(A) {                A.declarative(&#8216;acrStarsLink-click-metrics&#8217;, &#8216;click&#8217;, { &#8220;allowLinkDefault&#8221; : true },  function(event){                    if(window.ue) {                        ue.count(&#8220;acrStarsLinkWithPopoverClickCount&#8221;, (ue.count(&#8220;acrStarsLinkWithPopoverClickCount&#8221;) || 0) + 1);                    }                });            });                          <br \/>\u2705 ORGANIC CHLORELLA AND SPIRULINA &#8211; Our chlorella and spirulina is grown without synthetic fertilizers, antibiotics and other harmful residues and has been produced from very pure water. In addition, we use very pure water and a drying process that preserves the great nutritional properties of our algae Chlorella and organic spirulina.<br \/>50% SPIRULINA ALGAE POWDER &#038; 50% BROKEN CELL WALL CHLORELLA ALGAE POWDER &#8211; The Doppel Co&#8217;s organic spirulina and chlorella tablets offer high quality protein, chlorophyll, antioxidants, minerals, B vitamins and essential fatty acids, contributing to increase muscle mass Improve sports performance and prevent fatigue. It helps to improve bad breath, hair health, skin health, and improve intestinal transit.<br \/>\ud83d\udcaa ORGANIC VEGAN PROTEINS, CHLOROPHYLLE SOURCE &#8211; This supplement contains 50% organic spirulina and 50% organic chlorella, which provides high quality chlorophyll and vegetable proteins. Since the origin of our algae is 100% natural and organic, our body recognizes it and assimilates it more without generating adverse reactions. Our metal packaging contains 500 tablets of 500 mg, which helps prolong the consumption of spirulina and chlorella.<br \/>No plastic, eco-certified and environmentally friendly products &#8211; At The Doppel Co. we create products that respect your health and that of the planet. Unlike other brands, we do not use plastic in such a way as not to further pollute the environment and compromise the health of the consumer. The size of our packaging extends the consumption time of the product, reducing recurring deliveries and CO2 emissions.<br \/>100% VEGAN SUPPLEMENT &#8211; Chlorella with spirulina in organic capsule helps to ensure the nutritional values necessary as part of a vegan or vegetarian diet. Designed without lactose, animal-derived ingredients, gluten free, and is not genetically modified. This product is eco friendly and organic. Made in Spain.<\/p>\n\n","protected":false},"excerpt":{"rendered":"<p> From the brand The Doppel Co Des produits durables qui prennent soin de votre sant\u00e9 sans nuire \u00e0 la sant\u00e9 de la plan\u00e8te. Sans plastique Contrairement \u00e0 d&#8217;autres marques, nous avons choisi de ne pas utiliser de plastique dans nos produits afin de ne pas polluer davantage l&#8217;environnement et de [&hellip;]<\/p>\n","protected":false},"featured_media":12624,"comment_status":"open","ping_status":"closed","template":"","meta":{"_gspb_post_css":"","om_disable_all_campaigns":false,"_monsterinsights_skip_tracking":false,"_monsterinsights_sitenote_active":false,"_monsterinsights_sitenote_note":"","_monsterinsights_sitenote_category":0},"store":[],"product_brand":[],"product_cat":[146],"product_tag":[342,2072,339,347,442,306,2943,263,238,350,1021,1883,338,179,261],"class_list":{"0":"post-12623","1":"product","2":"type-product","3":"status-publish","4":"has-post-thumbnail","6":"product_cat-superaliments-verts","7":"product_tag-additives","8":"product_tag-algae","9":"product_tag-bio","10":"product_tag-chlorella","11":"product_tag-detox","12":"product_tag-dose","13":"product_tag-effect","14":"product_tag-free","15":"product_tag-organic","16":"product_tag-plastic","17":"product_tag-protein","18":"product_tag-soothing","19":"product_tag-spirulina","20":"product_tag-tablets","21":"product_tag-vegan","23":"first","24":"instock","25":"shipping-taxable","26":"product-type-external"},"aioseo_notices":[],"jetpack_sharing_enabled":true,"_links":{"self":[{"href":"https:\/\/www.zolattitude.com\/index.php\/wp-json\/wp\/v2\/product\/12623","targetHints":{"allow":["GET"]}}],"collection":[{"href":"https:\/\/www.zolattitude.com\/index.php\/wp-json\/wp\/v2\/product"}],"about":[{"href":"https:\/\/www.zolattitude.com\/index.php\/wp-json\/wp\/v2\/types\/product"}],"replies":[{"embeddable":true,"href":"https:\/\/www.zolattitude.com\/index.php\/wp-json\/wp\/v2\/comments?post=12623"}],"wp:featuredmedia":[{"embeddable":true,"href":"https:\/\/www.zolattitude.com\/index.php\/wp-json\/wp\/v2\/media\/12624"}],"wp:attachment":[{"href":"https:\/\/www.zolattitude.com\/index.php\/wp-json\/wp\/v2\/media?parent=12623"}],"wp:term":[{"taxonomy":"store","embeddable":true,"href":"https:\/\/www.zolattitude.com\/index.php\/wp-json\/wp\/v2\/store?post=12623"},{"taxonomy":"product_brand","embeddable":true,"href":"https:\/\/www.zolattitude.com\/index.php\/wp-json\/wp\/v2\/product_brand?post=12623"},{"taxonomy":"product_cat","embeddable":true,"href":"https:\/\/www.zolattitude.com\/index.php\/wp-json\/wp\/v2\/product_cat?post=12623"},{"taxonomy":"product_tag","embeddable":true,"href":"https:\/\/www.zolattitude.com\/index.php\/wp-json\/wp\/v2\/product_tag?post=12623"}],"curies":[{"name":"wp","href":"https:\/\/api.w.org\/{rel}","templated":true}]}}