{"id":12638,"date":"2025-11-29T22:23:44","date_gmt":"2025-11-29T22:23:44","guid":{"rendered":"https:\/\/www.zolattitude.com\/index.php\/product\/collagen-peptides-peptan-type-2-colartix-joints-cartilages-hydrolyzed-collagen-iim-90-vegetable-capsules-30-days-laboratory-te\/"},"modified":"2025-11-29T22:23:53","modified_gmt":"2025-11-29T22:23:53","slug":"collagen-peptides-peptan-type-2-colartix-joints-cartilages-hydrolyzed-collagen-iim-90-vegetable-capsules-30-days-laboratory-te","status":"publish","type":"product","link":"https:\/\/www.zolattitude.com\/index.php\/product\/collagen-peptides-peptan-type-2-colartix-joints-cartilages-hydrolyzed-collagen-iim-90-vegetable-capsules-30-days-laboratory-te\/","title":{"rendered":"Collagen Peptides Peptan\u00ae Type 2 \u2013 Colartix\u00ae \u2022 Joints &#038; Cartilages \u2022 Hydrolyzed Collagen IIm \u2022 90 Vegetable Capsules \u2022 30 Days \u2022 Laboratory Tested \u2022 Made in FR \u2022 Eco-Friendly \u2022 Aqeelab"},"content":{"rendered":"<p>Price: <span style=\"color:#b12704\"><del>\u20ac34.95<\/del> - \u20ac30.95<\/span><br \/><i><small>(as of Nov 29, 2025 22:23:44 UTC &#8211; <span class=\"wp_automatic_amazon_disclaimer\" title=\"Product prices and availability are accurate as of the date\/time indicated and are subject to change. Any price and availability information displayed on [relevant Amazon Site(s), as applicable] at the time of purchase will apply to the purchase of this product.\">Details<\/span>)<\/small><\/i><br \/><a href=\"https:\/\/amazon.fr\/dp\/B0BS1N9XHB?tag=onamzmoukoubl-21\"><img decoding=\"async\" src=\"https:\/\/valvepress.s3.amazonaws.com\/imgs\/buy_now.png\"><\/a><br \/>\n<\/p>\n<p>                                             From the brand   <\/p>\n<p>                                             <img decoding=\"async\" alt=\"Aqeelab\" src=\"https:\/\/images-na.ssl-images-amazon.com\/images\/G\/01\/x-locale\/common\/grey-pixel.gif\" class=\"a-lazy-loaded\" data-src=\"https:\/\/m.media-amazon.com\/images\/S\/aplus-media-library-service-media\/a2117a3d-e9b2-496e-aa59-3f6e195cb799.__CR0,0,1464,625_PT0_SX1464_V1___.png\"><img decoding=\"async\" alt=\"Aqeelab\" src=\"https:\/\/m.media-amazon.com\/images\/S\/aplus-media-library-service-media\/a2117a3d-e9b2-496e-aa59-3f6e195cb799.__CR0,0,1464,625_PT0_SX1464_V1___.png\">  <\/p>\n<p>                                             <img decoding=\"async\" alt=\"une \u00e9tiquette de produit pour le produit\" src=\"https:\/\/images-na.ssl-images-amazon.com\/images\/G\/01\/x-locale\/common\/grey-pixel.gif\" class=\"a-lazy-loaded\" data-src=\"https:\/\/m.media-amazon.com\/images\/S\/aplus-media-library-service-media\/f3568b25-1cb1-4e0d-b901-cf2702870f0a.__CR0,0,1509,1888_PT0_SX362_V1___.png\"><img decoding=\"async\" alt=\"une \u00e9tiquette de produit pour le produit\" src=\"https:\/\/m.media-amazon.com\/images\/S\/aplus-media-library-service-media\/f3568b25-1cb1-4e0d-b901-cf2702870f0a.__CR0,0,1509,1888_PT0_SX362_V1___.png\">  <\/p>\n<p>                                             <img decoding=\"async\" alt=\"un ordinateur portable avec un site Web \u00e0 l'\u00e9cran\" src=\"https:\/\/images-na.ssl-images-amazon.com\/images\/G\/01\/x-locale\/common\/grey-pixel.gif\" class=\"a-lazy-loaded\" data-src=\"https:\/\/m.media-amazon.com\/images\/S\/aplus-media-library-service-media\/8d5fc714-387e-4d8e-a1f5-063b3353dd54.__CR0,0,1509,1888_PT0_SX362_V1___.png\"><img decoding=\"async\" alt=\"un ordinateur portable avec un site Web \u00e0 l'\u00e9cran\" src=\"https:\/\/m.media-amazon.com\/images\/S\/aplus-media-library-service-media\/8d5fc714-387e-4d8e-a1f5-063b3353dd54.__CR0,0,1509,1888_PT0_SX362_V1___.png\">  <\/p>\n<p>                                             <img decoding=\"async\" alt=\"Homme en chemise \u00e0 carreaux et jeans debout avec un outil en bois dans une ferme laiti\u00e8re. Des vaches sont visibles en arri\u00e8re-plan. Texte en fran\u00e7ais sur l'origine des produits et l'indemnisation \u00e9quitable des agriculteurs.\" src=\"https:\/\/images-na.ssl-images-amazon.com\/images\/G\/01\/x-locale\/common\/grey-pixel.gif\" class=\"a-lazy-loaded\" data-src=\"https:\/\/m.media-amazon.com\/images\/S\/aplus-media-library-service-media\/c5b68762-fed0-4c92-9111-b8d18005436f.__CR0,0,1509,1888_PT0_SX362_V1___.png\"><img decoding=\"async\" alt=\"Homme en chemise \u00e0 carreaux et jeans debout avec un outil en bois dans une ferme laiti\u00e8re. Des vaches sont visibles en arri\u00e8re-plan. Texte en fran\u00e7ais sur l'origine des produits et l'indemnisation \u00e9quitable des agriculteurs.\" src=\"https:\/\/m.media-amazon.com\/images\/S\/aplus-media-library-service-media\/c5b68762-fed0-4c92-9111-b8d18005436f.__CR0,0,1509,1888_PT0_SX362_V1___.png\">  <\/p>\n<p>                                             <img decoding=\"async\" alt=\"recycles\" src=\"https:\/\/images-na.ssl-images-amazon.com\/images\/G\/01\/x-locale\/common\/grey-pixel.gif\" class=\"a-lazy-loaded\" data-src=\"https:\/\/m.media-amazon.com\/images\/S\/aplus-media-library-service-media\/a5f9af4c-a8f5-422f-8aba-a6db18934808.__CR0,0,1509,1888_PT0_SX362_V1___.png\"><img decoding=\"async\" alt=\"recycles\" src=\"https:\/\/m.media-amazon.com\/images\/S\/aplus-media-library-service-media\/a5f9af4c-a8f5-422f-8aba-a6db18934808.__CR0,0,1509,1888_PT0_SX362_V1___.png\">  <\/p>\n<p> Package Dimensions                                            \u200f                                            :                                            \u200e                                            9.8 x 6.2 x 6.2 cm; 8 g   <br \/> Manufacturer                                            \u200f                                            :                                            \u200e                                            AqeeLab Nutrition   <br \/> ASIN                                            \u200f                                            :                                            \u200e                                            B0BS1N9XHB   <br \/> Manufacturer reference                                            \u200f                                            :                                            \u200e                                            1   <br \/> Country of origin                                            \u200f                                            :                                            \u200e                                            France   <br \/>  Customer reviews:                                                                                     4.4             4.4 out of 5 stars                                    77 ratings                                             var dpAcrHasRegisteredArcLinkClickAction;                    P.when(&#8216;A&#8217;, &#8216;ready&#8217;).execute(function(A) {                        if (dpAcrHasRegisteredArcLinkClickAction !== true) {                            dpAcrHasRegisteredArcLinkClickAction = true;                            A.declarative(                                &#8216;acrLink-click-metrics&#8217;, &#8216;click&#8217;,                                { &#8220;allowLinkDefault&#8221;: true },                                function (event) {                                    if (window.ue) {                                        ue.count(&#8220;acrLinkClickCount&#8221;, (ue.count(&#8220;acrLinkClickCount&#8221;) || 0) + 1);                                    }                                }                            );                        }                    });                                             P.when(&#8216;A&#8217;, &#8216;cf&#8217;).execute(function(A) {                A.declarative(&#8216;acrStarsLink-click-metrics&#8217;, &#8216;click&#8217;, { &#8220;allowLinkDefault&#8221; : true },  function(event){                    if(window.ue) {                        ue.count(&#8220;acrStarsLinkWithPopoverClickCount&#8221;, (ue.count(&#8220;acrStarsLinkWithPopoverClickCount&#8221;) || 0) + 1);                    }                });            });                          <br \/>JOINTS &#038; CARTILAGES: Nourishes and facilitates lubrication of joints, reduces pain. Collagen is the constituent of joints, and type 2 (IIm) is most present in cartilages. For everyone: sports or not<br \/>Peptan type 2 (called COLARTIX): better quality of existing collagen. Thanks to its high hydrolysis, this collagen is much better absorbed by the body and much better used by the joints.<br \/>\ud83d\udcc9 EFFECTIVE: studies show that the benefits appear as early as 750 mg of Colartix per day. Our product is dosed at 1230 mg\/day! Real and fast effects! This Colartix is composed natively of a combination of collagen and chondroitin.<br \/>Environmentally friendly: recycled cardboard pot and lid made from 100% vegetable origin. We save +2T plastic per year! Aqeelab is affiliated with the 1% For The Planet: 1% of the amount of each order is donated to environmental protection.<br \/>Aqeelab quality: Designed &#038; manufactured in France, tested by an independent laboratory. Vegetable capsules, Halal material, Kosher, gluten-free, lactose-free, pesticide-free, heavy metals. Anti-Doping, GMP, HACCP certified.<\/p>\n\n","protected":false},"excerpt":{"rendered":"<p> From the brand Package Dimensions \u200f : \u200e 9.8 x 6.2 x 6.2 cm; 8 g Manufacturer \u200f : \u200e AqeeLab Nutrition ASIN \u200f : \u200e B0BS1N9XHB Manufacturer reference \u200f : \u200e 1 Country of origin \u200f : \u200e France Customer reviews: 4.4 4.4 out of 5 stars 77 ratings [&hellip;]<\/p>\n","protected":false},"featured_media":12639,"comment_status":"open","ping_status":"closed","template":"","meta":{"_gspb_post_css":"","om_disable_all_campaigns":false,"_monsterinsights_skip_tracking":false,"_monsterinsights_sitenote_active":false,"_monsterinsights_sitenote_note":"","_monsterinsights_sitenote_category":0},"store":[],"product_brand":[],"product_cat":[142],"product_tag":[3643,198,3641,3640,168,292,1236,881,3642,416,770,3082,1895,951,186,197],"class_list":{"0":"post-12638","1":"product","2":"type-product","3":"status-publish","4":"has-post-thumbnail","6":"product_cat-multivitamines","7":"product_tag-aqeelab","8":"product_tag-capsules","9":"product_tag-cartilages","10":"product_tag-colartix","11":"product_tag-collagen","12":"product_tag-days","13":"product_tag-ecofriendly","14":"product_tag-hydrolyzed","15":"product_tag-iim","16":"product_tag-joints","17":"product_tag-laboratory","18":"product_tag-peptan","19":"product_tag-peptides","20":"product_tag-tested","21":"product_tag-type","22":"product_tag-vegetable","24":"first","25":"instock","26":"sale","27":"shipping-taxable","28":"product-type-external"},"aioseo_notices":[],"jetpack_sharing_enabled":true,"_links":{"self":[{"href":"https:\/\/www.zolattitude.com\/index.php\/wp-json\/wp\/v2\/product\/12638","targetHints":{"allow":["GET"]}}],"collection":[{"href":"https:\/\/www.zolattitude.com\/index.php\/wp-json\/wp\/v2\/product"}],"about":[{"href":"https:\/\/www.zolattitude.com\/index.php\/wp-json\/wp\/v2\/types\/product"}],"replies":[{"embeddable":true,"href":"https:\/\/www.zolattitude.com\/index.php\/wp-json\/wp\/v2\/comments?post=12638"}],"wp:featuredmedia":[{"embeddable":true,"href":"https:\/\/www.zolattitude.com\/index.php\/wp-json\/wp\/v2\/media\/12639"}],"wp:attachment":[{"href":"https:\/\/www.zolattitude.com\/index.php\/wp-json\/wp\/v2\/media?parent=12638"}],"wp:term":[{"taxonomy":"store","embeddable":true,"href":"https:\/\/www.zolattitude.com\/index.php\/wp-json\/wp\/v2\/store?post=12638"},{"taxonomy":"product_brand","embeddable":true,"href":"https:\/\/www.zolattitude.com\/index.php\/wp-json\/wp\/v2\/product_brand?post=12638"},{"taxonomy":"product_cat","embeddable":true,"href":"https:\/\/www.zolattitude.com\/index.php\/wp-json\/wp\/v2\/product_cat?post=12638"},{"taxonomy":"product_tag","embeddable":true,"href":"https:\/\/www.zolattitude.com\/index.php\/wp-json\/wp\/v2\/product_tag?post=12638"}],"curies":[{"name":"wp","href":"https:\/\/api.w.org\/{rel}","templated":true}]}}