{"id":14187,"date":"2025-12-13T22:24:04","date_gmt":"2025-12-13T22:24:04","guid":{"rendered":"https:\/\/www.zolattitude.com\/index.php\/product\/womens-day-night-slimming-fast-powerful-fat-burning-supplement-strong-drain-metabolism-and-hunger-control-natural-gummy-candies-with-orange-amaro-griffonia-and-rodhiola\/"},"modified":"2025-12-13T22:24:16","modified_gmt":"2025-12-13T22:24:16","slug":"womens-day-night-slimming-fast-powerful-fat-burning-supplement-strong-drain-metabolism-and-hunger-control-natural-gummy-candies-with-orange-amaro-griffonia-and-rodhiola","status":"publish","type":"product","link":"https:\/\/www.zolattitude.com\/index.php\/product\/womens-day-night-slimming-fast-powerful-fat-burning-supplement-strong-drain-metabolism-and-hunger-control-natural-gummy-candies-with-orange-amaro-griffonia-and-rodhiola\/","title":{"rendered":"Women&#8217;s Day &#038; Night Slimming &#8211; Fast Powerful Fat Burning Supplement | Strong Drain Metabolism and Hunger Control | Natural Gummy Candies with Orange Amaro, Griffonia and Rodhiola"},"content":{"rendered":"<p>Price: <span style=\"color:#b12704\">\u20ac29.90<\/span><br \/><i><small>(as of Dec 13, 2025 22:24:05 UTC &#8211; <span class=\"wp_automatic_amazon_disclaimer\" title=\"Product prices and availability are accurate as of the date\/time indicated and are subject to change. Any price and availability information displayed on [relevant Amazon Site(s), as applicable] at the time of purchase will apply to the purchase of this product.\">Details<\/span>)<\/small><\/i><br \/><a href=\"https:\/\/amazon.fr\/dp\/B0FXVKRWV1?tag=onamzmoukoubl-21\"><img decoding=\"async\" src=\"https:\/\/valvepress.s3.amazonaws.com\/imgs\/buy_now.png\"><\/a><br \/>\n<\/p>\n<p>                                             Product Description   <\/p>\n<p>                                                 <img decoding=\"async\" alt=\"El texto dice \u00abL'INNOVATIVO PROGRAMMA DIMAGRANTE\u00bb e \u00abIN DUE FASI\u00bb. Anuncio del producto que muestra dos frascos de suplementos sobre un espectacular fondo celeste.\" src=\"https:\/\/images-na.ssl-images-amazon.com\/images\/G\/01\/x-locale\/common\/grey-pixel.gif\" class=\"a-lazy-loaded\" data-src=\"https:\/\/m.media-amazon.com\/images\/S\/aplus-media-library-service-media\/5bca370c-d165-4184-b01b-70f8798899e0.__CR0,0,970,300_PT0_SX970_V1___.jpg\"><img decoding=\"async\" alt=\"El texto dice \u00abL'INNOVATIVO PROGRAMMA DIMAGRANTE\u00bb e \u00abIN DUE FASI\u00bb. Anuncio del producto que muestra dos frascos de suplementos sobre un espectacular fondo celeste.\" src=\"https:\/\/m.media-amazon.com\/images\/S\/aplus-media-library-service-media\/5bca370c-d165-4184-b01b-70f8798899e0.__CR0,0,970,300_PT0_SX970_V1___.jpg\">  <\/p>\n<p>                                                 <img decoding=\"async\" alt=\"aplus content image\" src=\"https:\/\/images-na.ssl-images-amazon.com\/images\/G\/01\/x-locale\/common\/grey-pixel.gif\" class=\"a-lazy-loaded\" data-src=\"https:\/\/m.media-amazon.com\/images\/S\/aplus-media-library-service-media\/1b5bb982-2ef1-4481-ac9f-d72cc3f62fbb.__CR0,131,2928,906_PT0_SX970_V1___.jpg\"><img decoding=\"async\" alt=\"aplus content image\" src=\"https:\/\/m.media-amazon.com\/images\/S\/aplus-media-library-service-media\/1b5bb982-2ef1-4481-ac9f-d72cc3f62fbb.__CR0,131,2928,906_PT0_SX970_V1___.jpg\">  <\/p>\n<p>                                                 <img decoding=\"async\" alt=\"El texto dice \u00abRELAX E METABOLISMO NOTTURNO\u00bb y \u00abVitamina B6\u00bb. Dise\u00f1o circular azul con ilustraci\u00f3n de flores amarillas y pl\u00e1tanos para la comercializaci\u00f3n de suplementos vitam\u00ednicos.\" src=\"https:\/\/images-na.ssl-images-amazon.com\/images\/G\/01\/x-locale\/common\/grey-pixel.gif\" class=\"a-lazy-loaded\" data-src=\"https:\/\/m.media-amazon.com\/images\/S\/aplus-media-library-service-media\/07a73af5-d57a-4d0f-80bd-f9515c9eff0a.__CR0,0,970,300_PT0_SX970_V1___.jpg\"><img decoding=\"async\" alt=\"El texto dice \u00abRELAX E METABOLISMO NOTTURNO\u00bb y \u00abVitamina B6\u00bb. Dise\u00f1o circular azul con ilustraci\u00f3n de flores amarillas y pl\u00e1tanos para la comercializaci\u00f3n de suplementos vitam\u00ednicos.\" src=\"https:\/\/m.media-amazon.com\/images\/S\/aplus-media-library-service-media\/07a73af5-d57a-4d0f-80bd-f9515c9eff0a.__CR0,0,970,300_PT0_SX970_V1___.jpg\">  <\/p>\n<p>                                                 <img decoding=\"async\" alt=\"El texto dice 'IL DIMAGRIMENTO NATURALE' y 'INCONTRA IL GUSTO'. Cartel publicitario naranja que muestra dos frascos de suplementos, uno transparente y otro oscuro.\" src=\"https:\/\/images-na.ssl-images-amazon.com\/images\/G\/01\/x-locale\/common\/grey-pixel.gif\" class=\"a-lazy-loaded\" data-src=\"https:\/\/m.media-amazon.com\/images\/S\/aplus-media-library-service-media\/8444622b-427c-4858-86b2-976576653136.__CR0,0,970,300_PT0_SX970_V1___.jpg\"><img decoding=\"async\" alt=\"El texto dice 'IL DIMAGRIMENTO NATURALE' y 'INCONTRA IL GUSTO'. Cartel publicitario naranja que muestra dos frascos de suplementos, uno transparente y otro oscuro.\" src=\"https:\/\/m.media-amazon.com\/images\/S\/aplus-media-library-service-media\/8444622b-427c-4858-86b2-976576653136.__CR0,0,970,300_PT0_SX970_V1___.jpg\">  <\/p>\n<p> Package Dimensions                                            \u200f                                            :                                            \u200e                                            13 x 6 x 6 cm; 200 g   <br \/> Manufacturer                                            \u200f                                            :                                            \u200e                                            AlohaLabs   <br \/>24H FULL ACTION &#8211; Day &#038; Night Slim Day &#038; Night offers an integrated system for weight control and overall well-being. The day formula supports energy and metabolism, while at night promotes relaxation and nighttime metabolic activation. Ideal for those looking for a fast strong slimming woman with constant and balanced results, without compromising rest and mood.<br \/>Powerful and natural fat burner thanks to the bitter orange and grapefruit, mincelette day supports lipid metabolism and helps burn calories faster. The extracts promote natural thermogenesis, improve appetite management and fight hunger attacks, making the supplement a good ally burns powerful fat fast to maintain ideal shape.<br \/>3\ufe0fControl appetite and liquid drainage. Griffonia and grapefruit work synergistically to reduce feelings of emotional hunger and promote fluid drainage. Helps fight swelling and water retention, improving figure and digestive comfort. A practical and tasty solution to support your wellness journey in a natural and pleasant way.<br \/>4\ufe0fRelaxation and nighttime metabolism with rodhiola, zinc and vitamin B6 promotes relaxation and improves sleep quality, while continuing to stimulate metabolism even during rest. Supports cell regeneration and helps reduce stress, facilitating psychophysical recovery and weight-related hormonal balance.<br \/>Practical size and pleasant taste gummy candy with a fruity taste, easy to take and perfect for everyday use. 60 fine day gummies + 60 slimming night gummies for one month of full treatment. A modern and tasty approach to natural slimming, without capsules or powder. Quality made in Italy, safe formulation and adapted to dynamic lifestyles.<\/p>\n\n","protected":false},"excerpt":{"rendered":"<p> Product Description Package Dimensions \u200f : \u200e 13 x 6 x 6 cm; 200 g Manufacturer \u200f : \u200e AlohaLabs 24H FULL ACTION &#8211; Day &#038; Night Slim Day &#038; Night offers an integrated system for weight control and overall well-being. The day formula supports energy and metabolism, while at [&hellip;]<\/p>\n","protected":false},"featured_media":14188,"comment_status":"open","ping_status":"closed","template":"","meta":{"_gspb_post_css":"","om_disable_all_campaigns":false,"_monsterinsights_skip_tracking":false,"_monsterinsights_sitenote_active":false,"_monsterinsights_sitenote_note":"","_monsterinsights_sitenote_category":0},"store":[],"product_brand":[],"product_cat":[150],"product_tag":[4001,3997,4000,574,280,3998,915,3996,467,3999,2235,1296,260,2620,2376,990,4002,3397,456,200,2037],"class_list":{"0":"post-14187","1":"product","2":"type-product","3":"status-publish","4":"has-post-thumbnail","6":"product_cat-anti-stress-adaptogenes","7":"product_tag-amaro","8":"product_tag-burning","9":"product_tag-candies","10":"product_tag-control","11":"product_tag-day","12":"product_tag-drain","13":"product_tag-fast","14":"product_tag-fat","15":"product_tag-griffonia","16":"product_tag-gummy","17":"product_tag-hunger","18":"product_tag-metabolism","19":"product_tag-natural","20":"product_tag-night","21":"product_tag-orange","22":"product_tag-powerful","23":"product_tag-rodhiola","24":"product_tag-slimming","25":"product_tag-strong","26":"product_tag-supplement","27":"product_tag-womens","29":"first","30":"instock","31":"shipping-taxable","32":"product-type-external"},"aioseo_notices":[],"jetpack_sharing_enabled":true,"_links":{"self":[{"href":"https:\/\/www.zolattitude.com\/index.php\/wp-json\/wp\/v2\/product\/14187","targetHints":{"allow":["GET"]}}],"collection":[{"href":"https:\/\/www.zolattitude.com\/index.php\/wp-json\/wp\/v2\/product"}],"about":[{"href":"https:\/\/www.zolattitude.com\/index.php\/wp-json\/wp\/v2\/types\/product"}],"replies":[{"embeddable":true,"href":"https:\/\/www.zolattitude.com\/index.php\/wp-json\/wp\/v2\/comments?post=14187"}],"wp:featuredmedia":[{"embeddable":true,"href":"https:\/\/www.zolattitude.com\/index.php\/wp-json\/wp\/v2\/media\/14188"}],"wp:attachment":[{"href":"https:\/\/www.zolattitude.com\/index.php\/wp-json\/wp\/v2\/media?parent=14187"}],"wp:term":[{"taxonomy":"store","embeddable":true,"href":"https:\/\/www.zolattitude.com\/index.php\/wp-json\/wp\/v2\/store?post=14187"},{"taxonomy":"product_brand","embeddable":true,"href":"https:\/\/www.zolattitude.com\/index.php\/wp-json\/wp\/v2\/product_brand?post=14187"},{"taxonomy":"product_cat","embeddable":true,"href":"https:\/\/www.zolattitude.com\/index.php\/wp-json\/wp\/v2\/product_cat?post=14187"},{"taxonomy":"product_tag","embeddable":true,"href":"https:\/\/www.zolattitude.com\/index.php\/wp-json\/wp\/v2\/product_tag?post=14187"}],"curies":[{"name":"wp","href":"https:\/\/api.w.org\/{rel}","templated":true}]}}