{"id":14222,"date":"2025-12-13T22:46:28","date_gmt":"2025-12-13T22:46:28","guid":{"rendered":"https:\/\/www.zolattitude.com\/index.php\/product\/pediakid-22-vitamins-and-trace-elements-natural-food-supplement-exclusive-agave-syrup-formula-optimizes-vitamins-and-minerals-pack-of-3-125ml-bottles\/"},"modified":"2025-12-13T22:46:36","modified_gmt":"2025-12-13T22:46:36","slug":"pediakid-22-vitamins-and-trace-elements-natural-food-supplement-exclusive-agave-syrup-formula-optimizes-vitamins-and-minerals-pack-of-3-125ml-bottles","status":"publish","type":"product","link":"https:\/\/www.zolattitude.com\/index.php\/product\/pediakid-22-vitamins-and-trace-elements-natural-food-supplement-exclusive-agave-syrup-formula-optimizes-vitamins-and-minerals-pack-of-3-125ml-bottles\/","title":{"rendered":"PEDIAKID &#8211; 22 Vitamins and Trace Elements &#8211; Natural Food Supplement &#8211; Exclusive Agave Syrup Formula &#8211; Optimizes Vitamins and Minerals &#8211; Pack of 3 125ml Bottles"},"content":{"rendered":"<p>Price: <span style=\"color:#b12704\"><del>\u20ac29.90<\/del> - \u20ac23.90<\/span><br \/><i><small>(as of Dec 13, 2025 22:46:28 UTC &#8211; <span class=\"wp_automatic_amazon_disclaimer\" title=\"Product prices and availability are accurate as of the date\/time indicated and are subject to change. Any price and availability information displayed on [relevant Amazon Site(s), as applicable] at the time of purchase will apply to the purchase of this product.\">Details<\/span>)<\/small><\/i><br \/><a href=\"https:\/\/amazon.fr\/dp\/B09S13TJSD?tag=onamzmoukoubl-21\"><img decoding=\"async\" src=\"https:\/\/valvepress.s3.amazonaws.com\/imgs\/buy_now.png\"><\/a><br \/>\n<\/p>\n<p>                                             From the brand   <\/p>\n<p>                                             <img decoding=\"async\" alt=\"\" src=\"https:\/\/images-na.ssl-images-amazon.com\/images\/G\/01\/x-locale\/common\/grey-pixel.gif\" class=\"a-lazy-loaded\" data-src=\"https:\/\/m.media-amazon.com\/images\/S\/aplus-media-library-service-media\/404b61da-4c6b-436a-a692-9b38c0fe87f2.__CR0,0,1464,625_PT0_SX1464_V1___.png\"><img decoding=\"async\" alt=\"\" src=\"https:\/\/m.media-amazon.com\/images\/S\/aplus-media-library-service-media\/404b61da-4c6b-436a-a692-9b38c0fe87f2.__CR0,0,1464,625_PT0_SX1464_V1___.png\">  <\/p>\n<p>                                             <img decoding=\"async\" alt=\"PEDIAKID mettant en valeur les compl\u00e9ments alimentaires naturels pour enfants. Fruits color\u00e9s illustr\u00e9s, dont la pomme, l'orange, la cerise et la framboise.\" src=\"https:\/\/images-na.ssl-images-amazon.com\/images\/G\/01\/x-locale\/common\/grey-pixel.gif\" class=\"a-lazy-loaded\" data-src=\"https:\/\/m.media-amazon.com\/images\/S\/aplus-media-library-service-media\/ec5f12ef-0da9-45b5-bb18-b9434076b3c7.__CR0,0,362,453_PT0_SX362_V1___.png\"><img decoding=\"async\" alt=\"PEDIAKID mettant en valeur les compl\u00e9ments alimentaires naturels pour enfants. Fruits color\u00e9s illustr\u00e9s, dont la pomme, l'orange, la cerise et la framboise.\" src=\"https:\/\/m.media-amazon.com\/images\/S\/aplus-media-library-service-media\/ec5f12ef-0da9-45b5-bb18-b9434076b3c7.__CR0,0,362,453_PT0_SX362_V1___.png\">  <\/p>\n<h3> D\u00e9couvrez nos univers <\/h3>\n<p class=\"apm-brand-story-stores-link\">\n<p>                                             <img decoding=\"async\" alt=\"du produit Pediakid, mettant en avant les caract\u00e9ristiques : marque 100 % fran\u00e7aise, ingr\u00e9dients actifs naturels, formules brevet\u00e9es\" src=\"https:\/\/images-na.ssl-images-amazon.com\/images\/G\/01\/x-locale\/common\/grey-pixel.gif\" class=\"a-lazy-loaded\" data-src=\"https:\/\/m.media-amazon.com\/images\/S\/aplus-media-library-service-media\/b436f1ab-f7d5-48b8-bff1-5570eecc27fa.__CR0,0,362,453_PT0_SX362_V1___.jpg\"><img decoding=\"async\" alt=\"du produit Pediakid, mettant en avant les caract\u00e9ristiques : marque 100 % fran\u00e7aise, ingr\u00e9dients actifs naturels, formules brevet\u00e9es\" src=\"https:\/\/m.media-amazon.com\/images\/S\/aplus-media-library-service-media\/b436f1ab-f7d5-48b8-bff1-5570eecc27fa.__CR0,0,362,453_PT0_SX362_V1___.jpg\">  <\/p>\n<p>                                             <img decoding=\"async\" alt=\"\" src=\"https:\/\/images-na.ssl-images-amazon.com\/images\/G\/01\/x-locale\/common\/grey-pixel.gif\" class=\"a-lazy-loaded\" data-src=\"https:\/\/m.media-amazon.com\/images\/S\/aplus-media-library-service-media\/16a686ba-7943-44d7-ac50-dbc0fecb09d8.__CR0,0,362,453_PT0_SX362_V1___.jpg\"><img decoding=\"async\" alt=\"\" src=\"https:\/\/m.media-amazon.com\/images\/S\/aplus-media-library-service-media\/16a686ba-7943-44d7-ac50-dbc0fecb09d8.__CR0,0,362,453_PT0_SX362_V1___.jpg\">  <\/p>\n<h3> D\u00e9couvrez nos gommes phares <\/h3>\n<p class=\"apm-brand-story-stores-link\">\n<p>                                             <img decoding=\"async\" alt=\"sur les sirops de fruits. Fond jaune avec bouteille versant le sirop sur une cuill\u00e8re. Liste des ingr\u00e9dients : fibres d'acacia, ar\u00f4mes de fruits, pr\u00e9biotiques, nectar d'agave, actifs 100%\" src=\"https:\/\/images-na.ssl-images-amazon.com\/images\/G\/01\/x-locale\/common\/grey-pixel.gif\" class=\"a-lazy-loaded\" data-src=\"https:\/\/m.media-amazon.com\/images\/S\/aplus-media-library-service-media\/0ddeb4f3-e5e0-41af-83c1-fe4b882eefc6.__CR0,0,362,453_PT0_SX362_V1___.jpg\"><img decoding=\"async\" alt=\"sur les sirops de fruits. Fond jaune avec bouteille versant le sirop sur une cuill\u00e8re. Liste des ingr\u00e9dients : fibres d'acacia, ar\u00f4mes de fruits, pr\u00e9biotiques, nectar d'agave, actifs 100%\" src=\"https:\/\/m.media-amazon.com\/images\/S\/aplus-media-library-service-media\/0ddeb4f3-e5e0-41af-83c1-fe4b882eefc6.__CR0,0,362,453_PT0_SX362_V1___.jpg\">  <\/p>\n<h3> D\u00e9couvrez nos sirops phares <\/h3>\n<p class=\"apm-brand-story-stores-link\">\n<h3> PEDIAKID, c&#8217;est aussi &#8230; <\/h3>\n<p class=\"apm-brand-story-stores-link\">\n<p> Manufacturer                                            \u200f                                            :                                            \u200e                                            Laboratoires Ineldea   <br \/> Manufacturer reference                                            \u200f                                            :                                            \u200e                                            PK33PDK16   <br \/>MULTIVITAMINS AND MINERALS: Specially formulated for children and pre-teens, PEDIAKID 22 Vitamins &#038; Trace Elements combines plants, vitamins and minerals to optimize intake and strengthen the immune system.<br \/>EXCLUSIVE INNOVATIVE FORMULA: Unique combination of agave syrup, acacia fibres, plant extracts, vitamins and minerals to support the digestive and nutritional balance of children.<br \/>COMPOSITION: This food supplement is based on extracts of Carrot, Watercress, Spinach, Beetroot, Parsley, vitamins and minerals. Orange and apricot taste.<br \/>TIPS FOR USE: This dietary supplement can be used as soon as the diet is diversified at the rate of 1 teaspoon 1 to 2 times a day before 5 years, or 2 teaspoons 1 to 2 times a day after 5 years.<br \/>A TRUSTED BRAND: For over 20 years, PEDIAKID has been providing quality health solutions for children, supported by scientific research and innovation.<\/p>\n\n","protected":false},"excerpt":{"rendered":"<p> From the brand D\u00e9couvrez nos univers D\u00e9couvrez nos gommes phares D\u00e9couvrez nos sirops phares PEDIAKID, c&#8217;est aussi &#8230; Manufacturer \u200f : \u200e Laboratoires Ineldea Manufacturer reference \u200f : \u200e PK33PDK16 MULTIVITAMINS AND MINERALS: Specially formulated for children and pre-teens, PEDIAKID 22 Vitamins &#038; Trace Elements combines plants, vitamins and minerals [&hellip;]<\/p>\n","protected":false},"featured_media":14223,"comment_status":"open","ping_status":"closed","template":"","meta":{"_gspb_post_css":"","om_disable_all_campaigns":false,"_monsterinsights_skip_tracking":false,"_monsterinsights_sitenote_active":false,"_monsterinsights_sitenote_note":"","_monsterinsights_sitenote_category":0},"store":[],"product_brand":[],"product_cat":[142],"product_tag":[4014,4011,4015,1230,609,199,543,265,260,4013,316,4010,200,4012,2828,274],"class_list":{"0":"post-14222","1":"product","2":"type-product","3":"status-publish","4":"has-post-thumbnail","6":"product_cat-multivitamines","7":"product_tag-125ml","8":"product_tag-agave","9":"product_tag-bottles","10":"product_tag-elements","11":"product_tag-exclusive","12":"product_tag-food","13":"product_tag-formula","14":"product_tag-minerals","15":"product_tag-natural","16":"product_tag-optimizes","17":"product_tag-pack","18":"product_tag-pediakid","19":"product_tag-supplement","20":"product_tag-syrup","21":"product_tag-trace","22":"product_tag-vitamins","24":"first","25":"instock","26":"sale","27":"shipping-taxable","28":"product-type-external"},"aioseo_notices":[],"jetpack_sharing_enabled":true,"_links":{"self":[{"href":"https:\/\/www.zolattitude.com\/index.php\/wp-json\/wp\/v2\/product\/14222","targetHints":{"allow":["GET"]}}],"collection":[{"href":"https:\/\/www.zolattitude.com\/index.php\/wp-json\/wp\/v2\/product"}],"about":[{"href":"https:\/\/www.zolattitude.com\/index.php\/wp-json\/wp\/v2\/types\/product"}],"replies":[{"embeddable":true,"href":"https:\/\/www.zolattitude.com\/index.php\/wp-json\/wp\/v2\/comments?post=14222"}],"wp:featuredmedia":[{"embeddable":true,"href":"https:\/\/www.zolattitude.com\/index.php\/wp-json\/wp\/v2\/media\/14223"}],"wp:attachment":[{"href":"https:\/\/www.zolattitude.com\/index.php\/wp-json\/wp\/v2\/media?parent=14222"}],"wp:term":[{"taxonomy":"store","embeddable":true,"href":"https:\/\/www.zolattitude.com\/index.php\/wp-json\/wp\/v2\/store?post=14222"},{"taxonomy":"product_brand","embeddable":true,"href":"https:\/\/www.zolattitude.com\/index.php\/wp-json\/wp\/v2\/product_brand?post=14222"},{"taxonomy":"product_cat","embeddable":true,"href":"https:\/\/www.zolattitude.com\/index.php\/wp-json\/wp\/v2\/product_cat?post=14222"},{"taxonomy":"product_tag","embeddable":true,"href":"https:\/\/www.zolattitude.com\/index.php\/wp-json\/wp\/v2\/product_tag?post=14222"}],"curies":[{"name":"wp","href":"https:\/\/api.w.org\/{rel}","templated":true}]}}