{"id":14306,"date":"2025-12-14T22:38:30","date_gmt":"2025-12-14T22:38:30","guid":{"rendered":"https:\/\/www.zolattitude.com\/index.php\/product\/spirulina-bio-3000mg-100-pure-heavy-metal-free-immunity-tonus-antioxidant-1-month-120-tablets-rich-in-iron-protein-natural-superfood-made-in-france-nutrilogy\/"},"modified":"2025-12-14T22:38:41","modified_gmt":"2025-12-14T22:38:41","slug":"spirulina-bio-3000mg-100-pure-heavy-metal-free-immunity-tonus-antioxidant-1-month-120-tablets-rich-in-iron-protein-natural-superfood-made-in-france-nutrilogy","status":"publish","type":"product","link":"https:\/\/www.zolattitude.com\/index.php\/product\/spirulina-bio-3000mg-100-pure-heavy-metal-free-immunity-tonus-antioxidant-1-month-120-tablets-rich-in-iron-protein-natural-superfood-made-in-france-nutrilogy\/","title":{"rendered":"Spirulina Bio 3000mg 100% Pure &#038; Heavy Metal Free | Immunity, Tonus &#038; Antioxidant | 1 Month &#8211; 120 Tablets | Rich in Iron &#038; Protein | Natural Superfood &#038; Made in France | NUTRILOGY"},"content":{"rendered":"<p>Price: <span style=\"color:#b12704\">\u20ac9.96<\/span><br \/><i><small>(as of Dec 14, 2025 22:38:30 UTC &#8211; <span class=\"wp_automatic_amazon_disclaimer\" title=\"Product prices and availability are accurate as of the date\/time indicated and are subject to change. Any price and availability information displayed on [relevant Amazon Site(s), as applicable] at the time of purchase will apply to the purchase of this product.\">Details<\/span>)<\/small><\/i><br \/><a href=\"https:\/\/amazon.fr\/dp\/B0DWNBWCST?tag=onamzmoukoubl-21\"><img decoding=\"async\" src=\"https:\/\/valvepress.s3.amazonaws.com\/imgs\/buy_now.png\"><\/a><br \/>\n<\/p>\n<p>                                             From the brand   <\/p>\n<p>                                             <img decoding=\"async\" alt=\"\" src=\"https:\/\/images-na.ssl-images-amazon.com\/images\/G\/01\/x-locale\/common\/grey-pixel.gif\" class=\"a-lazy-loaded\" data-src=\"https:\/\/m.media-amazon.com\/images\/S\/aplus-media-library-service-media\/ce2cb45d-d42b-48aa-bd2d-2b9a72e86c68.__CR0,0,2928,1250_PT0_SX1464_V1___.jpg\"><img decoding=\"async\" alt=\"\" src=\"https:\/\/m.media-amazon.com\/images\/S\/aplus-media-library-service-media\/ce2cb45d-d42b-48aa-bd2d-2b9a72e86c68.__CR0,0,2928,1250_PT0_SX1464_V1___.jpg\">  <\/p>\n<h3> Nutrilogy <\/h3>\n<p> Le bien-\u00eatre \u00e0 votre port\u00e9e. <\/p>\n<p>                                             <img decoding=\"async\" alt=\"\" src=\"https:\/\/images-na.ssl-images-amazon.com\/images\/G\/01\/x-locale\/common\/grey-pixel.gif\" class=\"a-lazy-loaded\" data-src=\"https:\/\/m.media-amazon.com\/images\/S\/aplus-media-library-service-media\/ab55ac03-f8ff-43a3-8df5-d226406b91ba.__CR0,0,1260,580_PT0_SX315_V1___.jpg\"><img decoding=\"async\" alt=\"\" src=\"https:\/\/m.media-amazon.com\/images\/S\/aplus-media-library-service-media\/ab55ac03-f8ff-43a3-8df5-d226406b91ba.__CR0,0,1260,580_PT0_SX315_V1___.jpg\">  <\/p>\n<h3> Bienvenue chez Nutrilogy. <\/h3>\n<p> Chez Nutrilogy, nous croyons que le bien-\u00eatre devrait \u00eatre accessible \u00e0 tous. <\/p>\n<p> En partant de cette conviction, nous avons d\u00e9velopp\u00e9 une gamme de compl\u00e9ments alimentaires, \u00e0 la fois efficace, accessible et transparente, pour que vous puissiez prendre soin de vous sans compromis. <\/p>\n<p> Tonus, s\u00e9r\u00e9nit\u00e9, beaut\u00e9\u2026 nous vous accompagnons \u00e0 chaque \u00e9tape. <\/p>\n<p>                                             <img decoding=\"async\" alt=\"\" src=\"https:\/\/images-na.ssl-images-amazon.com\/images\/G\/01\/x-locale\/common\/grey-pixel.gif\" class=\"a-lazy-loaded\" data-src=\"https:\/\/m.media-amazon.com\/images\/S\/aplus-media-library-service-media\/f38cc45e-b0b1-4fb4-af93-33db591bc0c0.__CR8,0,1432,1792_PT0_SX362_V1___.jpg\"><img decoding=\"async\" alt=\"\" src=\"https:\/\/m.media-amazon.com\/images\/S\/aplus-media-library-service-media\/f38cc45e-b0b1-4fb4-af93-33db591bc0c0.__CR8,0,1432,1792_PT0_SX362_V1___.jpg\">  <\/p>\n<h3> Tonus, Sommeil &amp; Bien-\u00eatre <\/h3>\n<p class=\"apm-brand-story-stores-link\">\n<p>                                                         Des compl\u00e9ments alimentaires pens\u00e9s pour vous                                       <\/p>\n<p> Chez Nutrilogy, nous avons con\u00e7u chaque formule pour qu\u2019elle s\u2019adapte naturellement \u00e0 votre rythme de vie. Sommeil, beaut\u00e9, vitalit\u00e9 : des cures de qualit\u00e9, accessibles et faciles \u00e0 prendre. <\/p>\n<p>                                                         Une qualit\u00e9 sans compromis                                       <\/p>\n<p> Chaque formule est d\u00e9velopp\u00e9e avec soin : ingr\u00e9dients de qualit\u00e9 et hautement concentr\u00e9s, g\u00e9lules v\u00e9g\u00e9tales, formules saines et packaging recyclable. <\/p>\n<p>                                                         Un engagement durable                                       <\/p>\n<p> Moins d\u2019emballages, pas d\u2019ingr\u00e9dients superflus et une production fran\u00e7aise. Chez Nutrilogy, nous croyons en un bien-\u00eatre responsable, pour vous comme pour la plan\u00e8te. <\/p>\n<h3> Peau, Cheveux &amp; Ongles <\/h3>\n<p class=\"apm-brand-story-stores-link\">\n<p>                                             <img decoding=\"async\" alt=\"\" src=\"https:\/\/images-na.ssl-images-amazon.com\/images\/G\/01\/x-locale\/common\/grey-pixel.gif\" class=\"a-lazy-loaded\" data-src=\"https:\/\/m.media-amazon.com\/images\/S\/aplus-media-library-service-media\/6099a0ca-04e5-4098-b3df-ab6fff549742.__CR8,0,1432,1792_PT0_SX362_V1___.jpg\"><img decoding=\"async\" alt=\"\" src=\"https:\/\/m.media-amazon.com\/images\/S\/aplus-media-library-service-media\/6099a0ca-04e5-4098-b3df-ab6fff549742.__CR8,0,1432,1792_PT0_SX362_V1___.jpg\">  <\/p>\n<p> Package Dimensions                                            \u200f                                            :                                            \u200e                                            18.5 x 11.7 x 1.2 cm; 90 g   <br \/> Manufacturer                                            \u200f                                            :                                            \u200e                                            Nutrilogy   <br \/>100% PURE ORGANIC PREMIUM SPIRULINA (3000 mg): A premium quality spirulina certified organic to naturally boost your energy. Ideal for restoring tone, vitality and strengthening your immune system, our 100% pure spirulina is a natural concentrate of essential nutrients: protein, phycocyanin, antioxidants, iron and vitamins.<br \/>\u26a1\ufe0f VITALITY, IMMUNITY &#038; ANTIOXIDANT! : Regain vitality and fight fatigue while boosting your natural defenses thanks to the powerful antioxidants of our Organic Spirulina. Perfect ally for athletes, it promotes a quick recovery and optimizes your performance. Its many nutrients also contribute to radiant skin and hair and detoxification of the body.<br \/>\u2714 120 HIGHLY DOSSED EASY TO SWALLOW TABLETS: Take 6 tablets per day, which can be spaced over the day, with a glass of water. To ensure its effectiveness, it is advisable to do a cure of at least 30 days, renewable. Whether you&#8217;re a sporty, vegetarian or just looking for a natural boost, nutrilogy Organic Spirulina fits perfectly into your routine.<br \/>Made in France and certified organic: Our organic spirulina is produced under rigorously controlled conditions in our French and ethical laboratory. Spirulina BIO is free of additives, heavy metals or preservatives. Enriched with pure spirulina, Spirulina Bio is guaranteed vegan, lactose-free, gluten-free and non-GMO. Packaging 100% recyclable<br \/>The NUTRILOGY EXPERTISE: We make it a point of being good for you and good for the planet. That is why we offer vegan, gluten-free, lactose-free and GMO treatments designed with recyclable packaging. Our main mission is therefore to accompany you, on a daily basis, through your quest for well-being.<\/p>\n\n","protected":false},"excerpt":{"rendered":"<p> From the brand Nutrilogy Le bien-\u00eatre \u00e0 votre port\u00e9e. Bienvenue chez Nutrilogy. Chez Nutrilogy, nous croyons que le bien-\u00eatre devrait \u00eatre accessible \u00e0 tous. En partant de cette conviction, nous avons d\u00e9velopp\u00e9 une gamme de compl\u00e9ments alimentaires, \u00e0 la fois efficace, accessible et transparente, pour que vous puissiez prendre soin [&hellip;]<\/p>\n","protected":false},"featured_media":14307,"comment_status":"open","ping_status":"closed","template":"","meta":{"_gspb_post_css":"","om_disable_all_campaigns":false,"_monsterinsights_skip_tracking":false,"_monsterinsights_sitenote_active":false,"_monsterinsights_sitenote_note":"","_monsterinsights_sitenote_category":0},"store":[],"product_brand":[],"product_cat":[146],"product_tag":[941,223,339,201,263,4038,272,279,4039,191,260,2186,1021,213,258,338,387,179,368],"class_list":{"0":"post-14306","1":"product","2":"type-product","3":"status-publish","4":"has-post-thumbnail","6":"product_cat-superaliments-verts","7":"product_tag-3000mg","8":"product_tag-antioxidant","9":"product_tag-bio","10":"product_tag-france","11":"product_tag-free","12":"product_tag-heavy","13":"product_tag-immunity","14":"product_tag-iron","15":"product_tag-metal","16":"product_tag-month","17":"product_tag-natural","18":"product_tag-nutrilogy","19":"product_tag-protein","20":"product_tag-pure","21":"product_tag-rich","22":"product_tag-spirulina","23":"product_tag-superfood","24":"product_tag-tablets","25":"product_tag-tonus","27":"first","28":"instock","29":"shipping-taxable","30":"product-type-external"},"aioseo_notices":[],"jetpack_sharing_enabled":true,"_links":{"self":[{"href":"https:\/\/www.zolattitude.com\/index.php\/wp-json\/wp\/v2\/product\/14306","targetHints":{"allow":["GET"]}}],"collection":[{"href":"https:\/\/www.zolattitude.com\/index.php\/wp-json\/wp\/v2\/product"}],"about":[{"href":"https:\/\/www.zolattitude.com\/index.php\/wp-json\/wp\/v2\/types\/product"}],"replies":[{"embeddable":true,"href":"https:\/\/www.zolattitude.com\/index.php\/wp-json\/wp\/v2\/comments?post=14306"}],"wp:featuredmedia":[{"embeddable":true,"href":"https:\/\/www.zolattitude.com\/index.php\/wp-json\/wp\/v2\/media\/14307"}],"wp:attachment":[{"href":"https:\/\/www.zolattitude.com\/index.php\/wp-json\/wp\/v2\/media?parent=14306"}],"wp:term":[{"taxonomy":"store","embeddable":true,"href":"https:\/\/www.zolattitude.com\/index.php\/wp-json\/wp\/v2\/store?post=14306"},{"taxonomy":"product_brand","embeddable":true,"href":"https:\/\/www.zolattitude.com\/index.php\/wp-json\/wp\/v2\/product_brand?post=14306"},{"taxonomy":"product_cat","embeddable":true,"href":"https:\/\/www.zolattitude.com\/index.php\/wp-json\/wp\/v2\/product_cat?post=14306"},{"taxonomy":"product_tag","embeddable":true,"href":"https:\/\/www.zolattitude.com\/index.php\/wp-json\/wp\/v2\/product_tag?post=14306"}],"curies":[{"name":"wp","href":"https:\/\/api.w.org\/{rel}","templated":true}]}}