{"id":14317,"date":"2025-12-14T22:42:16","date_gmt":"2025-12-14T22:42:16","guid":{"rendered":"https:\/\/www.zolattitude.com\/index.php\/product\/bandini-zinc-bisglycinate-400-vegan-tablets-13-months-pure-zinc-antioxidant-high-bioavailability-for-skin-hair-nails-sight-and-immune-system-high-absorption-vegan-non-gmo\/"},"modified":"2025-12-14T22:42:24","modified_gmt":"2025-12-14T22:42:24","slug":"bandini-zinc-bisglycinate-400-vegan-tablets-13-months-pure-zinc-antioxidant-high-bioavailability-for-skin-hair-nails-sight-and-immune-system-high-absorption-vegan-non-gmo","status":"publish","type":"product","link":"https:\/\/www.zolattitude.com\/index.php\/product\/bandini-zinc-bisglycinate-400-vegan-tablets-13-months-pure-zinc-antioxidant-high-bioavailability-for-skin-hair-nails-sight-and-immune-system-high-absorption-vegan-non-gmo\/","title":{"rendered":"Bandini\u00ae Zinc Bisglycinate 400 Vegan Tablets (13 Months) &#8211; Pure Zinc Antioxidant High Bioavailability &#8211; For Skin, Hair, Nails, Sight and Immune System &#8211; High Absorption, Vegan Non-GMO"},"content":{"rendered":"<p>Price: <span style=\"color:#b12704\"><del>\u20ac14.90<\/del> - \u20ac14.15<\/span><br \/><i><small>(as of Dec 14, 2025 22:42:16 UTC &#8211; <span class=\"wp_automatic_amazon_disclaimer\" title=\"Product prices and availability are accurate as of the date\/time indicated and are subject to change. Any price and availability information displayed on [relevant Amazon Site(s), as applicable] at the time of purchase will apply to the purchase of this product.\">Details<\/span>)<\/small><\/i><br \/><a href=\"https:\/\/amazon.fr\/dp\/B0DT9NCVYG?tag=onamzmoukoubl-21\"><img decoding=\"async\" src=\"https:\/\/valvepress.s3.amazonaws.com\/imgs\/buy_now.png\"><\/a><br \/>\n<\/p>\n<p>                                             Product Description   <\/p>\n<p>                                                                                                      <img decoding=\"async\" alt=\"Bandini Pharma affich\u00e9 sur fond d\u00e9grad\u00e9 bleu clair\" src=\"https:\/\/images-na.ssl-images-amazon.com\/images\/G\/01\/x-locale\/common\/grey-pixel.gif\" class=\"a-lazy-loaded\" data-src=\"https:\/\/m.media-amazon.com\/images\/S\/aplus-media-library-service-media\/4a8b85c1-274f-46e3-bb4b-0a8fb45e6360.__CR0,0,4067,1667_PT0_SX1464_V1___.png\"><img decoding=\"async\" alt=\"Bandini Pharma affich\u00e9 sur fond d\u00e9grad\u00e9 bleu clair\" src=\"https:\/\/m.media-amazon.com\/images\/S\/aplus-media-library-service-media\/4a8b85c1-274f-46e3-bb4b-0a8fb45e6360.__CR0,0,4067,1667_PT0_SX1464_V1___.png\">                                               <\/p>\n<p>                                                                                 <img decoding=\"async\" alt=\"avec fond de champ de tournesols avec texte fran\u00e7ais sur la vitalit\u00e9 naturelle, superpos\u00e9 sur des fleurs jaune vif\" src=\"https:\/\/m.media-amazon.com\/images\/S\/aplus-media-library-service-media\/f3631041-77a7-4e03-bb9d-ee1b853081ac.__CR0,1,4067,1667_PT0_SX1464_V1___.png\">                                                   <img decoding=\"async\" alt=\"Publicit\u00e9 pour des suppl\u00e9ments de sant\u00e9 en fran\u00e7ais. Fond de champ de tournesol jaune avec texte sur la sant\u00e9 et la vitalit\u00e9 extraordinaires.\" src=\"https:\/\/m.media-amazon.com\/images\/S\/aplus-media-library-service-media\/98dfdf83-8d69-4d4f-bc89-465a62b00ed5.__CR0,1,4067,1667_PT0_SX1464_V1___.png\">                                                   <img decoding=\"async\" alt=\"Fond de champ de tournesols avec superposition de texte fran\u00e7ais sur les suppl\u00e9ments \u00e9nerg\u00e9tiques et nutritionnels\" src=\"https:\/\/m.media-amazon.com\/images\/S\/aplus-media-library-service-media\/ffe6648b-8924-4a45-9773-2293e427880b.__CR0,1,4067,1667_PT0_SX1464_V1___.png\">                                                   <img decoding=\"async\" alt=\"Image promotionnelle de style de vie montrant des personnes \u00e0 l'ext\u00e9rieur dans un champ de tournesols, avec un texte en fran\u00e7ais sur l'harmonie et le bien-\u00eatre.\" src=\"https:\/\/m.media-amazon.com\/images\/S\/aplus-media-library-service-media\/c523e841-fe7d-46f0-95f4-ac7a3b2822a6.__CR0,0,4068,1667_PT0_SX1464_V1___.png\">                                                   <img decoding=\"async\" alt=\"Champ de tournesols avec trois personnes qui s'amusent. La superposition de texte mentionne les compl\u00e9ments alimentaires Renaissance formul\u00e9s pour les besoins individuels.\" src=\"https:\/\/m.media-amazon.com\/images\/S\/aplus-media-library-service-media\/28a8c7d3-d6d5-42f9-a9c8-6f292e66c32c.__CR0,1,4067,1667_PT0_SX1464_V1___.png\">               <\/p>\n<p>                       1 Vitalit\u00e9 Naturelle          2 Le Secret          3 Votre \u00c9nergie          4 Votre Harmonie          5 Renaissance             <\/p>\n<p>                                                                                                      <img decoding=\"async\" alt=\"Sc\u00e8ne de cuisine ou de salle \u00e0 manger avec ustensiles de cuisine et mat\u00e9riel de pr\u00e9paration sur une surface en bois, superposition de texte en fran\u00e7ais\" src=\"https:\/\/images-na.ssl-images-amazon.com\/images\/G\/01\/x-locale\/common\/grey-pixel.gif\" class=\"a-lazy-loaded\" data-src=\"https:\/\/m.media-amazon.com\/images\/S\/aplus-media-library-service-media\/8957361c-1c8e-482d-ae90-898a2c86a990.__CR0,1,4067,1667_PT0_SX1464_V1___.png\"><img decoding=\"async\" alt=\"Sc\u00e8ne de cuisine ou de salle \u00e0 manger avec ustensiles de cuisine et mat\u00e9riel de pr\u00e9paration sur une surface en bois, superposition de texte en fran\u00e7ais\" src=\"https:\/\/m.media-amazon.com\/images\/S\/aplus-media-library-service-media\/8957361c-1c8e-482d-ae90-898a2c86a990.__CR0,1,4067,1667_PT0_SX1464_V1___.png\">                                               <\/p>\n<p>                                                                                                      <img decoding=\"async\" alt=\"Deux flacons de suppl\u00e9ments sur fond bleu sarcelle, mettant en vedette les produits Gandini Pharma avec un texte faisant la promotion de produits b\u00e9n\u00e9fiques pour le corps en fran\u00e7ais\" src=\"https:\/\/images-na.ssl-images-amazon.com\/images\/G\/01\/x-locale\/common\/grey-pixel.gif\" class=\"a-lazy-loaded\" data-src=\"https:\/\/m.media-amazon.com\/images\/S\/aplus-media-library-service-media\/a95e825d-72b2-4e0f-802e-a85381136fc5.__CR0,0,4067,1667_PT0_SX1464_V1___.png\"><img decoding=\"async\" alt=\"Deux flacons de suppl\u00e9ments sur fond bleu sarcelle, mettant en vedette les produits Gandini Pharma avec un texte faisant la promotion de produits b\u00e9n\u00e9fiques pour le corps en fran\u00e7ais\" src=\"https:\/\/m.media-amazon.com\/images\/S\/aplus-media-library-service-media\/a95e825d-72b2-4e0f-802e-a85381136fc5.__CR0,0,4067,1667_PT0_SX1464_V1___.png\">                                               <\/p>\n<p>                                                                                 <img decoding=\"async\" alt=\"Banni\u00e8re verte avec texte fran\u00e7ais sur l'engagement en mati\u00e8re de production de compl\u00e9ments alimentaires, avec texte blanc sur fond vert fonc\u00e9.\" src=\"https:\/\/m.media-amazon.com\/images\/S\/aplus-media-library-service-media\/fb81cd38-adea-442f-9057-3015948c06a6.__CR0,1,4067,1667_PT0_SX1464_V1___.png\">       <\/p>\n<p>                                                                                 <img decoding=\"async\" alt=\"avec le texte fran\u00e7ais \u00ab SOIN \u00c0 CHAQUE GRAMME \u00bb et un texte suppl\u00e9mentaire ci-dessous d\u00e9crivant\" src=\"https:\/\/m.media-amazon.com\/images\/S\/aplus-media-library-service-media\/fbb284fc-800e-4442-89ec-b9b01e3f45a5.__CR0,0,4068,1667_PT0_SX1464_V1___.png\">       <\/p>\n<p>                                                                                 <img decoding=\"async\" alt=\"Fond bleu sarcelle avec texte blanc en fran\u00e7ais sur les compl\u00e9ments alimentaires pour le bien-\u00eatre au quotidien. Informations partielles visibles en raison du recadrage de l'image.\" src=\"https:\/\/m.media-amazon.com\/images\/S\/aplus-media-library-service-media\/6b35a5df-f752-4c31-9e02-4e97d3aebe1b.__CR0,0,4068,1667_PT0_SX1464_V1___.png\">       <\/p>\n<p>                                                                                 <img decoding=\"async\" alt=\"Texte en fran\u00e7ais sur fond fonc\u00e9 : \u00ab INNOVATION CONSTANTE POUR TON BIEN-\u00caTRE \u00bb. Mentionne son engagement en faveur de l'innovation et du bien-\u00eatre \u00e0 travers le d\u00e9veloppement de produits.\" src=\"https:\/\/m.media-amazon.com\/images\/S\/aplus-media-library-service-media\/d44415dc-535c-4889-b375-ec7f12aa686b.__CR0,1,4067,1667_PT0_SX1464_V1___.png\">       <\/p>\n<h3 class=\"a-text-center aplus-h1 a-text-bold\"> Produits similaires <\/h3>\n<p>                         Add To Basket  <\/p>\n<p>                         Add To Basket  <\/p>\n<p>                         Add To Basket  <\/p>\n<p>                         Add To Basket  <\/p>\n<p>                         Add To Basket  <\/p>\n<p>                                     Customer Reviews  <\/p>\n<p>                    4.6 out of 5 stars  229  <\/p>\n<p>                    4.0 out of 5 stars  129  <\/p>\n<p>                    4.5 out of 5 stars  456  <\/p>\n<p>                    4.5 out of 5 stars  90  <\/p>\n<p>                    4.6 out of 5 stars  340  <\/p>\n<p>                                     Price  <\/p>\n<p>                                                        \u20ac16.99\u20ac16.99     <\/p>\n<p>                                                        \u20ac19.90\u20ac19.90     <\/p>\n<p>                                                        \u20ac23.65\u20ac23.65     <\/p>\n<p>                                                        \u20ac14.90\u20ac14.90     <\/p>\n<p>                                                        \u20ac14.15\u20ac14.15     <\/p>\n<p>                                     Quantit\u00e9  <\/p>\n<p>                                                210 Comprim\u00e9s    <\/p>\n<p>                                                250 Millilitres    <\/p>\n<p>                                                180 Capsules    <\/p>\n<p>                                                60 Capsules    <\/p>\n<p>                                                400 Comprim\u00e9s    <\/p>\n<p>                                     Format  <\/p>\n<p>                                                Comprim\u00e9s    <\/p>\n<p>                                                Liquide    <\/p>\n<p>                                                Capsules    <\/p>\n<p>                                                Capsules    <\/p>\n<p>                                                Comprim\u00e9s    <\/p>\n<p>                                     Fourniture  <\/p>\n<p>                                                7 Mois    <\/p>\n<p>                                                &#8211; 1 Mois    <\/p>\n<p>                                                3 Mois    <\/p>\n<p>                                                &#8211; 1 Mois    <\/p>\n<p>                                                + 1 an    <\/p>\n<p>                                     V\u00e9g\u00e9talien  <\/p>\n<p>                                                    \u2714       <\/p>\n<p>                                                    \u2714       <\/p>\n<p>                                                    \u2714       <\/p>\n<p>                                                    \u2714       <\/p>\n<p>                                                    \u2714       <\/p>\n<p>                                     Sans OGM  <\/p>\n<p>                                                    \u2714       <\/p>\n<p>                                                    \u2714       <\/p>\n<p>                                                    \u2714       <\/p>\n<p>                                                    \u2714       <\/p>\n<p>                                                    \u2714       <\/p>\n<p> Package Dimensions                                            \u200f                                            :                                            \u200e                                            8 x 4.4 x 4.3 cm; 80 g   <br \/> Manufacturer                                            \u200f                                            :                                            \u200e                                            Bandini   <br \/>PROMOTES SKIN, HAIR AND NAIL HEALTH. Zinc is an essential mineral for the well-being of our body. Our diet often does not provide sufficient amounts of zinc. It is therefore important to take supplements to maintain high levels of this nutrient. According to EFSA, zinc helps maintain strong hair, radiant skin and healthy nails. It contributes to the normal functioning of the immune system and promotes cognitive functions.<br \/>HIGHLY ABSORBABLE FORMULA FOR OPTIMAL METABOLISM. Our zinc supplements use zinc bisglycinate, a highly digestible form that ensures better absorption. This mineral is essential for the normal metabolism of carbohydrates, fats and proteins, as well as protein synthesis. In addition, zinc helps protect cells from oxidative stress and helps maintain normal vision, making it a valuable ally for your daily well-being.<br \/>INSTRUCTIONS FOR USE. For best results, it is recommended to take one Bandini Pharma zinc tablet daily, preferably during or immediately after a meal. In this way, you promote better assimilation of the mineral. It is important to follow the indications and, if necessary, consult your doctor or health professional before starting supplementation. Maintain a consistent routine to support your well-being throughout the year.<br \/>Quality tested. Our supplements are made from carefully selected raw materials. Our food supplements are high quality, vegan, non-GMO and products without unwanted additives, dyes or preservatives. Our food supplements do not contain any ingredients of animal origin. We guarantee the highest level of safety and quality for all our products.<br \/>Certified product. Bandini Pharma is an Italian company that offers innovative, high-quality health and wellness products in a dynamic and professional way: our products are manufactured in our laboratory GMP, KOSHER AND HALAL, UNI EN ISO 9001:2015 and ISO 22000:2018. Our line, entirely made in Italy, includes a wide range of products with excellent value for money.<\/p>\n\n","protected":false},"excerpt":{"rendered":"<p> Product Description 1 Vitalit\u00e9 Naturelle 2 Le Secret 3 Votre \u00c9nergie 4 Votre Harmonie 5 Renaissance Produits similaires Add To Basket Add To Basket Add To Basket Add To Basket Add To Basket Customer Reviews 4.6 out of 5 stars 229 4.0 out of 5 stars 129 4.5 out of [&hellip;]<\/p>\n","protected":false},"featured_media":14318,"comment_status":"open","ping_status":"closed","template":"","meta":{"_gspb_post_css":"","om_disable_all_campaigns":false,"_monsterinsights_skip_tracking":false,"_monsterinsights_sitenote_active":false,"_monsterinsights_sitenote_note":"","_monsterinsights_sitenote_category":0},"store":[],"product_brand":[],"product_cat":[143],"product_tag":[295,223,817,1119,293,175,294,814,195,177,362,213,2572,176,401,179,261,172],"class_list":{"0":"post-14317","1":"product","2":"type-product","3":"status-publish","4":"has-post-thumbnail","6":"product_cat-mineraux","7":"product_tag-absorption","8":"product_tag-antioxidant","9":"product_tag-bandini","10":"product_tag-bioavailability","11":"product_tag-bisglycinate","12":"product_tag-hair","13":"product_tag-high","14":"product_tag-immune","15":"product_tag-months","16":"product_tag-nails","17":"product_tag-nongmo","18":"product_tag-pure","19":"product_tag-sight","20":"product_tag-skin","21":"product_tag-system","22":"product_tag-tablets","23":"product_tag-vegan","24":"product_tag-zinc","26":"first","27":"instock","28":"sale","29":"shipping-taxable","30":"product-type-external"},"aioseo_notices":[],"jetpack_sharing_enabled":true,"_links":{"self":[{"href":"https:\/\/www.zolattitude.com\/index.php\/wp-json\/wp\/v2\/product\/14317","targetHints":{"allow":["GET"]}}],"collection":[{"href":"https:\/\/www.zolattitude.com\/index.php\/wp-json\/wp\/v2\/product"}],"about":[{"href":"https:\/\/www.zolattitude.com\/index.php\/wp-json\/wp\/v2\/types\/product"}],"replies":[{"embeddable":true,"href":"https:\/\/www.zolattitude.com\/index.php\/wp-json\/wp\/v2\/comments?post=14317"}],"wp:featuredmedia":[{"embeddable":true,"href":"https:\/\/www.zolattitude.com\/index.php\/wp-json\/wp\/v2\/media\/14318"}],"wp:attachment":[{"href":"https:\/\/www.zolattitude.com\/index.php\/wp-json\/wp\/v2\/media?parent=14317"}],"wp:term":[{"taxonomy":"store","embeddable":true,"href":"https:\/\/www.zolattitude.com\/index.php\/wp-json\/wp\/v2\/store?post=14317"},{"taxonomy":"product_brand","embeddable":true,"href":"https:\/\/www.zolattitude.com\/index.php\/wp-json\/wp\/v2\/product_brand?post=14317"},{"taxonomy":"product_cat","embeddable":true,"href":"https:\/\/www.zolattitude.com\/index.php\/wp-json\/wp\/v2\/product_cat?post=14317"},{"taxonomy":"product_tag","embeddable":true,"href":"https:\/\/www.zolattitude.com\/index.php\/wp-json\/wp\/v2\/product_tag?post=14317"}],"curies":[{"name":"wp","href":"https:\/\/api.w.org\/{rel}","templated":true}]}}