{"id":14406,"date":"2025-12-15T21:42:50","date_gmt":"2025-12-15T21:42:50","guid":{"rendered":"https:\/\/www.zolattitude.com\/index.php\/product\/hihealer-2-pack-silk-eye-mask-with-lavender-hot-and-cold-compresses-for-sleep-yoga-spa-and-meditation-relaxation-christmas-gifts-for-women-and-moms\/"},"modified":"2025-12-15T21:42:59","modified_gmt":"2025-12-15T21:42:59","slug":"hihealer-2-pack-silk-eye-mask-with-lavender-hot-and-cold-compresses-for-sleep-yoga-spa-and-meditation-relaxation-christmas-gifts-for-women-and-moms","status":"publish","type":"product","link":"https:\/\/www.zolattitude.com\/index.php\/product\/hihealer-2-pack-silk-eye-mask-with-lavender-hot-and-cold-compresses-for-sleep-yoga-spa-and-meditation-relaxation-christmas-gifts-for-women-and-moms\/","title":{"rendered":"Hihealer 2 Pack Silk Eye Mask with Lavender &#8211; Hot and Cold Compresses for Sleep, Yoga, Spa and Meditation &#8211; Relaxation Christmas Gifts for Women and Moms"},"content":{"rendered":"<p>Price: <span style=\"color:#b12704\">\u20ac20.99<\/span><br \/><i><small>(as of Dec 15, 2025 21:42:51 UTC &#8211; <span class=\"wp_automatic_amazon_disclaimer\" title=\"Product prices and availability are accurate as of the date\/time indicated and are subject to change. Any price and availability information displayed on [relevant Amazon Site(s), as applicable] at the time of purchase will apply to the purchase of this product.\">Details<\/span>)<\/small><\/i><br \/><a href=\"https:\/\/amazon.fr\/dp\/B0CG8JPPGQ?tag=onamzmoukoubl-21\"><img decoding=\"async\" src=\"https:\/\/valvepress.s3.amazonaws.com\/imgs\/buy_now.png\"><\/a><br \/>\n<\/p>\n<p>                                             From the brand   <\/p>\n<p>                                             <img decoding=\"async\" alt=\"\u54c1\u724c\" src=\"https:\/\/images-na.ssl-images-amazon.com\/images\/G\/01\/x-locale\/common\/grey-pixel.gif\" class=\"a-lazy-loaded\" data-src=\"https:\/\/m.media-amazon.com\/images\/S\/aplus-media-library-service-media\/447b2e4c-ec96-4f1e-8721-5c8a6c3f9749.__CR0,0,1464,625_PT0_SX1464_V1___.jpg\"><img decoding=\"async\" alt=\"\u54c1\u724c\" src=\"https:\/\/m.media-amazon.com\/images\/S\/aplus-media-library-service-media\/447b2e4c-ec96-4f1e-8721-5c8a6c3f9749.__CR0,0,1464,625_PT0_SX1464_V1___.jpg\">  <\/p>\n<p>                                             <img decoding=\"async\" alt=\"\" src=\"https:\/\/images-na.ssl-images-amazon.com\/images\/G\/01\/x-locale\/common\/grey-pixel.gif\" class=\"a-lazy-loaded\" data-src=\"https:\/\/m.media-amazon.com\/images\/S\/aplus-media-library-service-media\/4cf620e7-3a27-4d5f-914d-8400c8b046d5.__CR0,270,1000,460_PT0_SX315_V1___.jpg\"><img decoding=\"async\" alt=\"\" src=\"https:\/\/m.media-amazon.com\/images\/S\/aplus-media-library-service-media\/4cf620e7-3a27-4d5f-914d-8400c8b046d5.__CR0,270,1000,460_PT0_SX315_V1___.jpg\">  <\/p>\n<p> Nous esp\u00e9rons que nos produits de m\u00e9ditation apporteront un niveau de tranquillit\u00e9, une \u00e9tincelle de joie pure et une pens\u00e9e de gratitude dans la vie. Tous pour un et un pour tous. NAMASTE! <\/p>\n<p> Vous pouvez \u00e9galement aimer diff\u00e9rents cadeaux de m\u00e9ditation. Nous avons beaucoup d&#8217;excellents accessoires de m\u00e9ditation. J&#8217;esp\u00e8re que vous l&#8217;aimerez ! <\/p>\n<h3> Coussin pour les yeux de yoga <\/h3>\n<h3> Coussin de m\u00e9ditation <\/h3>\n<h3> Sac \u00e0 d\u00e9jeuner <\/h3>\n<h3> Bol chantant tib\u00e9tain <\/h3>\n<h3> Bouillotte micro-ondes <\/h3>\n<p>Aromatherapy eye cushions: Filled with flax seeds and lavender buds; the soothing fragrance promotes relaxation and reduces stress; perfect for yoga, spa and meditation<br \/>High quality material: breathable silk cushion with ultra-soft and skin-friendly fabric; large size for better light blocking and optimal coverage<br \/>Hot and Cold Compress: Microwave to relieve dry eyes, headaches and migraines; place in the freezer to soothe swollen eyes; offers moist warmth and gentle pressure<br \/>Removable and washable cover: Dimensions 25 x 10 cm; Comes in a set of 2 for alternating use; easy to remove and wash cover for practical everyday use<br \/>Versatile gift: Ideal for spa days, Mother&#8217;s Day, birthdays and Christmas; a thoughtful gift for your loved ones; guaranteed satisfaction with quick service in case of any problems<\/p>\n\n","protected":false},"excerpt":{"rendered":"<p> From the brand Nous esp\u00e9rons que nos produits de m\u00e9ditation apporteront un niveau de tranquillit\u00e9, une \u00e9tincelle de joie pure et une pens\u00e9e de gratitude dans la vie. Tous pour un et un pour tous. NAMASTE! Vous pouvez \u00e9galement aimer diff\u00e9rents cadeaux de m\u00e9ditation. Nous avons beaucoup d&#8217;excellents accessoires de [&hellip;]<\/p>\n","protected":false},"featured_media":14407,"comment_status":"open","ping_status":"closed","template":"","meta":{"_gspb_post_css":"","om_disable_all_campaigns":false,"_monsterinsights_skip_tracking":false,"_monsterinsights_sitenote_active":false,"_monsterinsights_sitenote_note":"","_monsterinsights_sitenote_category":0},"store":[],"product_brand":[],"product_cat":[151],"product_tag":[4055,1023,4052,1648,4056,4050,3663,839,229,3193,4057,316,288,4051,405,4054,1123,4053],"class_list":{"0":"post-14406","1":"product","2":"type-product","3":"status-publish","4":"has-post-thumbnail","6":"product_cat-sommeil-relaxation","7":"product_tag-christmas","8":"product_tag-cold","9":"product_tag-compresses","10":"product_tag-eye","11":"product_tag-gifts","12":"product_tag-hihealer","13":"product_tag-hot","14":"product_tag-lavender","15":"product_tag-mask","16":"product_tag-meditation","17":"product_tag-moms","18":"product_tag-pack","19":"product_tag-relaxation","20":"product_tag-silk","21":"product_tag-sleep","22":"product_tag-spa","23":"product_tag-women","24":"product_tag-yoga","26":"first","27":"instock","28":"shipping-taxable","29":"product-type-external"},"aioseo_notices":[],"jetpack_sharing_enabled":true,"_links":{"self":[{"href":"https:\/\/www.zolattitude.com\/index.php\/wp-json\/wp\/v2\/product\/14406","targetHints":{"allow":["GET"]}}],"collection":[{"href":"https:\/\/www.zolattitude.com\/index.php\/wp-json\/wp\/v2\/product"}],"about":[{"href":"https:\/\/www.zolattitude.com\/index.php\/wp-json\/wp\/v2\/types\/product"}],"replies":[{"embeddable":true,"href":"https:\/\/www.zolattitude.com\/index.php\/wp-json\/wp\/v2\/comments?post=14406"}],"wp:featuredmedia":[{"embeddable":true,"href":"https:\/\/www.zolattitude.com\/index.php\/wp-json\/wp\/v2\/media\/14407"}],"wp:attachment":[{"href":"https:\/\/www.zolattitude.com\/index.php\/wp-json\/wp\/v2\/media?parent=14406"}],"wp:term":[{"taxonomy":"store","embeddable":true,"href":"https:\/\/www.zolattitude.com\/index.php\/wp-json\/wp\/v2\/store?post=14406"},{"taxonomy":"product_brand","embeddable":true,"href":"https:\/\/www.zolattitude.com\/index.php\/wp-json\/wp\/v2\/product_brand?post=14406"},{"taxonomy":"product_cat","embeddable":true,"href":"https:\/\/www.zolattitude.com\/index.php\/wp-json\/wp\/v2\/product_cat?post=14406"},{"taxonomy":"product_tag","embeddable":true,"href":"https:\/\/www.zolattitude.com\/index.php\/wp-json\/wp\/v2\/product_tag?post=14406"}],"curies":[{"name":"wp","href":"https:\/\/api.w.org\/{rel}","templated":true}]}}