{"id":14843,"date":"2025-12-19T21:01:39","date_gmt":"2025-12-19T21:01:39","guid":{"rendered":"https:\/\/www.zolattitude.com\/index.php\/product\/collagen-drink-booster-powerful-collagen-5000mg-hyaluronic-acid-q10-vitamin-c-e-biotin-zinc-selenium-peach-flavour-beauty-skin-hair-nails-joint-20-liquid-shots\/"},"modified":"2025-12-19T21:01:49","modified_gmt":"2025-12-19T21:01:49","slug":"collagen-drink-booster-powerful-collagen-5000mg-hyaluronic-acid-q10-vitamin-c-e-biotin-zinc-selenium-peach-flavour-beauty-skin-hair-nails-joint-20-liquid-shots","status":"publish","type":"product","link":"https:\/\/www.zolattitude.com\/index.php\/product\/collagen-drink-booster-powerful-collagen-5000mg-hyaluronic-acid-q10-vitamin-c-e-biotin-zinc-selenium-peach-flavour-beauty-skin-hair-nails-joint-20-liquid-shots\/","title":{"rendered":"Collagen Drink Booster &#8211; Powerful Collagen 5000mg + Hyaluronic Acid, Q10, Vitamin C &#038; E, Biotin &#038; Zinc, Selenium &#8211; Peach Flavour &#8211; Beauty, Skin, Hair, Nails, Joint &#8211; 20 Liquid Shots"},"content":{"rendered":"<p>Price: <span style=\"color:#b12704\">\u20ac23.85<\/span><br \/><i><small>(as of Dec 19, 2025 21:01:39 UTC &#8211; <span class=\"wp_automatic_amazon_disclaimer\" title=\"Product prices and availability are accurate as of the date\/time indicated and are subject to change. Any price and availability information displayed on [relevant Amazon Site(s), as applicable] at the time of purchase will apply to the purchase of this product.\">Details<\/span>)<\/small><\/i><br \/><a href=\"https:\/\/amazon.fr\/dp\/B0DWLNDB2V?tag=onamzmoukoubl-21\"><img decoding=\"async\" src=\"https:\/\/valvepress.s3.amazonaws.com\/imgs\/buy_now.png\"><\/a><br \/>\n<\/p>\n<p>                                             Product Description   <\/p>\n<p>                                                                                                      <img decoding=\"async\" alt=\"Emballage avanc\u00e9 d'\u00e9lixir de collag\u00e8ne \u00e0 c\u00f4t\u00e9 d'une femme tenant une bouteille en verre fonc\u00e9. L'image pr\u00e9sente un compl\u00e9ment de beaut\u00e9 sous forme de bo\u00eete et de flacon compte-gouttes\" src=\"https:\/\/images-na.ssl-images-amazon.com\/images\/G\/01\/x-locale\/common\/grey-pixel.gif\" class=\"a-lazy-loaded\" data-src=\"https:\/\/m.media-amazon.com\/images\/S\/aplus-media-library-service-media\/78c3d59b-f39d-4263-8a42-17c04e13dbd8.__CR0,0,1464,600_PT0_SX1464_V1___.png\"><img decoding=\"async\" alt=\"Emballage avanc\u00e9 d'\u00e9lixir de collag\u00e8ne \u00e0 c\u00f4t\u00e9 d'une femme tenant une bouteille en verre fonc\u00e9. L'image pr\u00e9sente un compl\u00e9ment de beaut\u00e9 sous forme de bo\u00eete et de flacon compte-gouttes\" src=\"https:\/\/m.media-amazon.com\/images\/S\/aplus-media-library-service-media\/78c3d59b-f39d-4263-8a42-17c04e13dbd8.__CR0,0,1464,600_PT0_SX1464_V1___.png\">                                               <\/p>\n<p>                                                                                                                   <img decoding=\"async\" alt=\"Sph\u00e8re translucide dor\u00e9e contenant des bulles, repr\u00e9sentant un suppl\u00e9ment de collag\u00e8ne marin. Le texte indique 5 000 mg de collag\u00e8ne marin hydrolys\u00e9, soulignant sa facilit\u00e9 d'absorption\" src=\"https:\/\/m.media-amazon.com\/images\/S\/aplus-media-library-service-media\/b6d3bdd3-c322-4aa0-84ff-8d702969728d.__CR0,0,1464,600_PT0_SX1464_V1___.png\">                                                   <img decoding=\"async\" alt=\"Agrumes tranch\u00e9s et feuilles vertes sur fond jaune. Le panneau de texte met en \u00e9vidence la teneur en vitamine C de 80 mg et ses bienfaits naturels pour la peau et le syst\u00e8me immunitaire.\" src=\"https:\/\/m.media-amazon.com\/images\/S\/aplus-media-library-service-media\/910c5366-e614-4efc-a8b8-34f2440ba438.__CR0,0,1464,600_PT0_SX1464_V1___.png\">                                                   <img decoding=\"async\" alt=\"Image fractionn\u00e9e montrant la texture de la cr\u00e8me cosm\u00e9tique bleue et le panneau d'information sur le produit orange. Texte fran\u00e7ais visible mentionnant hydratation et protection.\" src=\"https:\/\/m.media-amazon.com\/images\/S\/aplus-media-library-service-media\/8f55021f-f817-40e5-9112-37d6c881b0a3.__CR0,0,1464,600_PT0_SX1464_V1___.png\">                                                   <img decoding=\"async\" alt=\"Sph\u00e8re translucide contenant une forme lumineuse semblable \u00e0 une fleur. Le texte mentionne la nutrition des cheveux avec de la biotine et du zinc. Le produit semble \u00eatre un compl\u00e9ment ou un traitement pour les soins capillaires.\" src=\"https:\/\/m.media-amazon.com\/images\/S\/aplus-media-library-service-media\/c72d780d-c891-4989-b1e2-dfab7f5667e3.__CR0,0,1464,600_PT0_SX1464_V1___.png\">                                                   <img decoding=\"async\" alt=\"Gros plan d'un produit cosm\u00e9tique dans une bo\u00eete de P\u00e9tri ou un contenant contenant une substance de couleur cr\u00e8me, \u00e0 c\u00f4t\u00e9 d'un texte en fran\u00e7ais sur\" src=\"https:\/\/m.media-amazon.com\/images\/S\/aplus-media-library-service-media\/ce81d76a-c48f-4cd8-bb26-4622cb7ea274.__CR0,0,1464,600_PT0_SX1464_V1___.png\"><br \/>\n                            1 Qu&#8217;est-ce que l&#8217;Aquacol ? <\/p>\n<p>                            2 Riche en vitamine C <\/p>\n<p>                            3 Acide hyaluronique, Q10 <\/p>\n<p>                            4 Biotine, Zinc <\/p>\n<p>                            5 S\u00e9l\u00e9nium, Vitamine E <\/p>\n<p>                                                                                                      <img decoding=\"async\" alt=\"sur les bienfaits du collag\u00e8ne, montrant des coupes transversales de peau et un flacon fonc\u00e9. Le graphique montre les niveaux de collag\u00e8ne qui diminuent avec l'\u00e2ge. Le texte fran\u00e7ais explique les raisons de la prise de suppl\u00e9ments de collag\u00e8ne.\" src=\"https:\/\/images-na.ssl-images-amazon.com\/images\/G\/01\/x-locale\/common\/grey-pixel.gif\" class=\"a-lazy-loaded\" data-src=\"https:\/\/m.media-amazon.com\/images\/S\/aplus-media-library-service-media\/20f778dc-47d5-49c4-b0b7-9521dd431660.__CR0,0,1464,600_PT0_SX1464_V1___.png\"><img decoding=\"async\" alt=\"sur les bienfaits du collag\u00e8ne, montrant des coupes transversales de peau et un flacon fonc\u00e9. Le graphique montre les niveaux de collag\u00e8ne qui diminuent avec l'\u00e2ge. Le texte fran\u00e7ais explique les raisons de la prise de suppl\u00e9ments de collag\u00e8ne.\" src=\"https:\/\/m.media-amazon.com\/images\/S\/aplus-media-library-service-media\/20f778dc-47d5-49c4-b0b7-9521dd431660.__CR0,0,1464,600_PT0_SX1464_V1___.png\">                                               <\/p>\n<p>                                                                                                      <img decoding=\"async\" alt=\"pour un suppl\u00e9ment de peptides de collag\u00e8ne marin. R\u00e9pertorie une posologie de 5 000 mg, une biodisponibilit\u00e9 \u00e9lev\u00e9e, un ar\u00f4me de p\u00eache, un faible poids mol\u00e9culaire, 7 cofacteurs et une formulation experte. Bouteille noire visible.\" src=\"https:\/\/images-na.ssl-images-amazon.com\/images\/G\/01\/x-locale\/common\/grey-pixel.gif\" class=\"a-lazy-loaded\" data-src=\"https:\/\/m.media-amazon.com\/images\/S\/aplus-media-library-service-media\/a173acc6-8558-46e0-9ff6-5278ef3829cb.__CR0,0,1464,600_PT0_SX1464_V1___.png\"><img decoding=\"async\" alt=\"pour un suppl\u00e9ment de peptides de collag\u00e8ne marin. R\u00e9pertorie une posologie de 5 000 mg, une biodisponibilit\u00e9 \u00e9lev\u00e9e, un ar\u00f4me de p\u00eache, un faible poids mol\u00e9culaire, 7 cofacteurs et une formulation experte. Bouteille noire visible.\" src=\"https:\/\/m.media-amazon.com\/images\/S\/aplus-media-library-service-media\/a173acc6-8558-46e0-9ff6-5278ef3829cb.__CR0,0,1464,600_PT0_SX1464_V1___.png\">                                               <\/p>\n<p>                                                                                 <img decoding=\"async\" alt=\"Femme aux yeux ferm\u00e9s et \u00e0 la t\u00eate inclin\u00e9e sur fond orange. La superposition de texte en fran\u00e7ais mentionne les bienfaits pour la peau avec des pourcentages d'am\u00e9lioration\" src=\"https:\/\/m.media-amazon.com\/images\/S\/aplus-media-library-service-media\/6b5e0771-a369-4ee3-a5c3-401050f51560.__CR0,0,1464,600_PT0_SX1464_V1___.png\">       <\/p>\n<p>                                                                                 <img decoding=\"async\" alt=\"Femme aux longs cheveux bruns souriant les yeux ferm\u00e9s. La superposition de texte en fran\u00e7ais mentionne des cheveux et des ongles plus forts, avec une statistique d'am\u00e9lioration de 12 %\" src=\"https:\/\/m.media-amazon.com\/images\/S\/aplus-media-library-service-media\/5f6e78e5-7770-4a88-b621-66235a5dac36.__CR0,0,1464,600_PT0_SX1464_V1___.png\">       <\/p>\n<p>                                                                                 <img decoding=\"async\" alt=\": La gauche montre le dos de la personne. La droite contient le texte \u00ab DES ARTICULATIONS RENFORC\u00c9ES \u00bb et \u00ab +47 % \u00bb avec un texte plus petit en dessous, sugg\u00e9rant un produit\" src=\"https:\/\/m.media-amazon.com\/images\/S\/aplus-media-library-service-media\/f98dc1cb-66f2-481c-a709-72b7bdc231cf.__CR0,0,1464,600_PT0_SX1464_V1___.png\">       <\/p>\n<p>                        ADVANCED COLLAGEN ELIXIR  <\/p>\n<h3 class=\"a-text-center aplus-h3 a-text-bold\"> NOTRE GAMME DE COLLAG\u00c8NE <\/h3>\n<h3 class=\"a-text-center aplus-p3\"> LIQUIDE <\/h3>\n<h3 class=\"a-text-center aplus-p2\"> FORME <\/h3>\n<h3 class=\"a-text-center aplus-p3\"> POUDRE <\/h3>\n<h3 class=\"a-text-center aplus-p3\"> 5 000 MG PAR SHOT <\/h3>\n<h3 class=\"a-text-center aplus-p2\"> QUANTIT\u00c9 COLLAG\u00c8NE <\/h3>\n<h3 class=\"a-text-center aplus-p3\"> 10 000 MG PAR DOSE <\/h3>\n<h3 class=\"a-text-center aplus-p3\"> P\u00caCHE <\/h3>\n<h3 class=\"a-text-center aplus-p2\"> SAVEUR <\/h3>\n<h3 class=\"a-text-center aplus-p3\"> SANS SAVEUR <\/h3>\n<h3 class=\"a-text-center aplus-p2\"> TYPE 1 <\/h3>\n<h3 class=\"a-text-center aplus-p2\"> CO-FACTEURS <\/h3>\n<h3 class=\"a-text-center aplus-p2\"> FACILE \u00c0 EMPORTER <\/h3>\n<h3 class=\"a-text-center aplus-p2\"> SANS SUCRE AJOUT\u00c9 <\/h3>\n<h3 class=\"a-text-center aplus-p3\"> LIQUIDE <\/h3>\n<h3 class=\"a-text-center aplus-p2\"> FORME <\/h3>\n<h3 class=\"a-text-center aplus-p3\"> G\u00c9LULE <\/h3>\n<h3 class=\"a-text-center aplus-p3\"> 5 000 MG PAR SHOT <\/h3>\n<h3 class=\"a-text-center aplus-p2\"> QUANTIT\u00c9 COLLAG\u00c8NE <\/h3>\n<h3 class=\"a-text-center aplus-p3\"> 2 400 MG PAR DOSE <\/h3>\n<h3 class=\"a-text-center aplus-p3\"> P\u00caCHE <\/h3>\n<h3 class=\"a-text-center aplus-p2\"> SAVEUR <\/h3>\n<h3 class=\"a-text-center aplus-p3\"> SANS SAVEUR <\/h3>\n<h3 class=\"a-text-center aplus-p2\"> TYPE 1 <\/h3>\n<h3 class=\"a-text-center aplus-p2\"> CO-FACTEURS <\/h3>\n<h3 class=\"a-text-center aplus-p2\"> FACILE \u00c0 EMPORTER <\/h3>\n<h3 class=\"a-text-center aplus-p2\"> SANS SUCRE AJOUT\u00c9 <\/h3>\n<h3 class=\"a-text-center aplus-p3\"> LIQUIDE <\/h3>\n<h3 class=\"a-text-center aplus-p2\"> FORME <\/h3>\n<h3 class=\"a-text-center aplus-p3\"> G\u00c9LULE <\/h3>\n<h3 class=\"a-text-center aplus-p3\"> 5 000 MG PAR SHOT <\/h3>\n<h3 class=\"a-text-center aplus-p2\"> QUANTIT\u00c9 COLLAG\u00c8NE <\/h3>\n<h3 class=\"a-text-center aplus-p3\"> 600 MG PAR DOSE <\/h3>\n<h3 class=\"a-text-center aplus-p3\"> P\u00caCHE <\/h3>\n<h3 class=\"a-text-center aplus-p2\"> SAVEUR <\/h3>\n<h3 class=\"a-text-center aplus-p3\"> SANS SAVEUR <\/h3>\n<h3 class=\"a-text-center aplus-p2\"> TYPE 1 <\/h3>\n<h3 class=\"a-text-center aplus-p2\"> CO-FACTEURS <\/h3>\n<h3 class=\"a-text-center aplus-p2\"> FACILE \u00c0 EMPORTER <\/h3>\n<h3 class=\"a-text-center aplus-p2\"> SANS SUCRE AJOUT\u00c9 <\/h3>\n<p>                                                                                                                    BEAUTY COLLAGEN                                      <img decoding=\"async\" alt=\"1\" src=\"https:\/\/m.media-amazon.com\/images\/S\/aplus-media-library-service-media\/8797c865-0349-4258-b33b-e5f6f036f77a.__CR0,0,488,700_PT0_SX488_V1___.png\">    <\/p>\n<p>                                                       COLLAG\u00c8NE BOOST                                      <img decoding=\"async\" alt=\"1\" src=\"https:\/\/m.media-amazon.com\/images\/S\/aplus-media-library-service-media\/1d15ae39-1e7e-4cfe-a23d-36c46446e724.__CR0,0,488,700_PT0_SX488_V1___.png\">    <\/p>\n<p>                                                                                             <img decoding=\"async\" alt=\"1\" src=\"https:\/\/m.media-amazon.com\/images\/S\/aplus-media-library-service-media\/6e6dc48a-4a55-4d8b-bfd7-94abd2129aaf.__CR0,0,488,700_PT0_SX488_V1___.png\">    <\/p>\n<p> Package Dimensions                                            \u200f                                            :                                            \u200e                                            12.4 x 10.8 x 8.7 cm; 780 g   <br \/> Manufacturer                                            \u200f                                            :                                            \u200e                                            BOOSTIES LAB   <br \/> ASIN                                            \u200f                                            :                                            \u200e                                            B0DWLNDB2V   <br \/> Country of origin                                            \u200f                                            :                                            \u200e                                            Spain   <br \/>  Customer reviews:                                                                                            3.8               3.8 out of 5 stars                                  (38)                                              var dpAcrHasRegisteredArcLinkClickAction;                    P.when(&#8216;A&#8217;, &#8216;ready&#8217;).execute(function(A) {                        if (dpAcrHasRegisteredArcLinkClickAction !== true) {                            dpAcrHasRegisteredArcLinkClickAction = true;                            A.declarative(                                &#8216;acrLink-click-metrics&#8217;, &#8216;click&#8217;,                                { &#8220;allowLinkDefault&#8221;: true },                                function (event) {                                    if (window.ue) {                                        ue.count(&#8220;acrLinkClickCount&#8221;, (ue.count(&#8220;acrLinkClickCount&#8221;) || 0) + 1);                                    }                                }                            );                        }                    });                                             P.when(&#8216;A&#8217;, &#8216;cf&#8217;).execute(function(A) {                A.declarative(&#8216;acrStarsLink-click-metrics&#8217;, &#8216;click&#8217;, { &#8220;allowLinkDefault&#8221; : true },  function(event){                    if(window.ue) {                        ue.count(&#8220;acrStarsLinkWithPopoverClickCount&#8221;, (ue.count(&#8220;acrStarsLinkWithPopoverClickCount&#8221;) || 0) + 1);                    }                });            });                          <br \/>[POWERFUL BOOSTER COLLAGEN 5,000 MG] \u2013 Each daily shot of collagen to drink provides 5,000 mg of hydrolyzed marine collagen, up to 15 times more than capsule formats. Fast absorption thanks to low molecular weight. Enriched with 200 mg of hyaluronic acid, it ensures optimal concentration for visible results quickly.<br \/>[HYDRATED SKIN, WRINKLE REDUCTION AND MORE FLEXIBLE SKIN &#8211; CLINICALLY PROVEN ] &#8211; Patented formula with clinical studies demonstrating its effectiveness: 2.06x wrinkle reduction, 1.39x increase skin elasticity, 3.65x boosted hydration and 4.144x reduction in hair loss x after 8 weeks Use. Also supports nail strengthening and joint protection.<br \/>[SYNERGY OF 7 ESSENTIAL COFACTORS] &#8211; Enriched with hyaluronic acid, biotin, zinc, selenium, coenzyme Q10, vitamins C &#038; E, Advanced Collagen Elixir combines complementary active ingredients that work synergistically to support natural collagen production, protect cells from oxidative stress and enhance the beauty of the skin. skin, hair and hair Nails. A complete ready-to-drink formulation for visible and long-lasting results.<br \/>\u2743 [PREMIUM QUALITY &#8211; NO ADDED SUGARS OR ADDITIVES] &#8211; Free from gluten, lactose, GMOs and artificial sweeteners, this liquid collagen is designed for a healthy lifestyle, without compromising on quality.<br \/>\ufe0f [PRACTICAL FORMAT &#8211; READY TO DRINK WITH THE GOOD TASTE OF PEACH] &#8211; 20 individual liquid shots, easy to carry and consume wherever you are. A simple and effective beauty ritual, with a delicious peach flavor, for optimal absorption and visible results in a few weeks.<br \/>[PREMIUM &#038; CERTIFIED QUALITY] Manufactured to strict pharmaceutical standards in ISO9001 and HACCP certified laboratories. Our products are designed with strictly selected ingredients, it represents excellence in premium dietary supplements. All our formulas are tested by our laboratory and approved with the French authorities (DGCCRF), to guarantee total safety.<\/p>\n\n","protected":false},"excerpt":{"rendered":"<p> Product Description 1 Qu&#8217;est-ce que l&#8217;Aquacol ? 2 Riche en vitamine C 3 Acide hyaluronique, Q10 4 Biotine, Zinc 5 S\u00e9l\u00e9nium, Vitamine E ADVANCED COLLAGEN ELIXIR NOTRE GAMME DE COLLAG\u00c8NE LIQUIDE FORME POUDRE 5 000 MG PAR SHOT QUANTIT\u00c9 COLLAG\u00c8NE 10 000 MG PAR DOSE P\u00caCHE SAVEUR SANS SAVEUR TYPE [&hellip;]<\/p>\n","protected":false},"featured_media":14844,"comment_status":"open","ping_status":"closed","template":"","meta":{"_gspb_post_css":"","om_disable_all_campaigns":false,"_monsterinsights_skip_tracking":false,"_monsterinsights_sitenote_active":false,"_monsterinsights_sitenote_note":"","_monsterinsights_sitenote_category":0},"store":[],"product_brand":[],"product_cat":[137],"product_tag":[4164,188,174,170,1496,168,929,596,175,187,244,1000,177,790,990,1350,192,4112,176,178,172],"class_list":{"0":"post-14843","1":"product","2":"type-product","3":"status-publish","4":"has-post-thumbnail","6":"product_cat-collagene-biotine","7":"product_tag-5000mg","8":"product_tag-acid","9":"product_tag-beauty","10":"product_tag-biotin","11":"product_tag-booster","12":"product_tag-collagen","13":"product_tag-drink","14":"product_tag-flavour","15":"product_tag-hair","16":"product_tag-hyaluronic","17":"product_tag-joint","18":"product_tag-liquid","19":"product_tag-nails","20":"product_tag-peach","21":"product_tag-powerful","22":"product_tag-q10","23":"product_tag-selenium","24":"product_tag-shots","25":"product_tag-skin","26":"product_tag-vitamin","27":"product_tag-zinc","29":"first","30":"instock","31":"shipping-taxable","32":"product-type-external"},"aioseo_notices":[],"jetpack_sharing_enabled":true,"_links":{"self":[{"href":"https:\/\/www.zolattitude.com\/index.php\/wp-json\/wp\/v2\/product\/14843","targetHints":{"allow":["GET"]}}],"collection":[{"href":"https:\/\/www.zolattitude.com\/index.php\/wp-json\/wp\/v2\/product"}],"about":[{"href":"https:\/\/www.zolattitude.com\/index.php\/wp-json\/wp\/v2\/types\/product"}],"replies":[{"embeddable":true,"href":"https:\/\/www.zolattitude.com\/index.php\/wp-json\/wp\/v2\/comments?post=14843"}],"wp:featuredmedia":[{"embeddable":true,"href":"https:\/\/www.zolattitude.com\/index.php\/wp-json\/wp\/v2\/media\/14844"}],"wp:attachment":[{"href":"https:\/\/www.zolattitude.com\/index.php\/wp-json\/wp\/v2\/media?parent=14843"}],"wp:term":[{"taxonomy":"store","embeddable":true,"href":"https:\/\/www.zolattitude.com\/index.php\/wp-json\/wp\/v2\/store?post=14843"},{"taxonomy":"product_brand","embeddable":true,"href":"https:\/\/www.zolattitude.com\/index.php\/wp-json\/wp\/v2\/product_brand?post=14843"},{"taxonomy":"product_cat","embeddable":true,"href":"https:\/\/www.zolattitude.com\/index.php\/wp-json\/wp\/v2\/product_cat?post=14843"},{"taxonomy":"product_tag","embeddable":true,"href":"https:\/\/www.zolattitude.com\/index.php\/wp-json\/wp\/v2\/product_tag?post=14843"}],"curies":[{"name":"wp","href":"https:\/\/api.w.org\/{rel}","templated":true}]}}