{"id":14898,"date":"2025-12-19T22:37:21","date_gmt":"2025-12-19T22:37:21","guid":{"rendered":"https:\/\/www.zolattitude.com\/index.php\/product\/handpick-tea-gift-set-40-sachets-8-flavours-english-breakfast-earl-grey-green-tea-herbal-tea-more-eco-friendly-bags-gift-idea-for-men-and-women\/"},"modified":"2025-12-19T22:37:31","modified_gmt":"2025-12-19T22:37:31","slug":"handpick-tea-gift-set-40-sachets-8-flavours-english-breakfast-earl-grey-green-tea-herbal-tea-more-eco-friendly-bags-gift-idea-for-men-and-women","status":"publish","type":"product","link":"https:\/\/www.zolattitude.com\/index.php\/product\/handpick-tea-gift-set-40-sachets-8-flavours-english-breakfast-earl-grey-green-tea-herbal-tea-more-eco-friendly-bags-gift-idea-for-men-and-women\/","title":{"rendered":"HANDPICK, Tea Gift Set \u2013 40 Sachets, 8 Flavours \u2013 English Breakfast, Earl Grey, Green Tea, Herbal Tea &#038; More \u2013 Eco-friendly Bags \u2013 Gift Idea for Men and Women"},"content":{"rendered":"<p>Price: <span style=\"color:#b12704\"><del>\u20ac28.90<\/del> - \u20ac8.33<\/span><br \/><i><small>(as of Dec 19, 2025 22:37:21 UTC &#8211; <span class=\"wp_automatic_amazon_disclaimer\" title=\"Product prices and availability are accurate as of the date\/time indicated and are subject to change. Any price and availability information displayed on [relevant Amazon Site(s), as applicable] at the time of purchase will apply to the purchase of this product.\">Details<\/span>)<\/small><\/i><br \/><a href=\"https:\/\/amazon.fr\/dp\/B0DYP54XFC?tag=onamzmoukoubl-21\"><img decoding=\"async\" src=\"https:\/\/valvepress.s3.amazonaws.com\/imgs\/buy_now.png\"><\/a><br \/>\n<\/p>\n<p>                                             Product Description   <\/p>\n<p>                                                                                                      <img decoding=\"async\" alt=\"Interface du site Web ou de l'application affichant plusieurs boutons d'ic\u00f4nes avec du texte, avec des illustrations color\u00e9es et des \u00e9l\u00e9ments de navigation.\" src=\"https:\/\/images-na.ssl-images-amazon.com\/images\/G\/01\/x-locale\/common\/grey-pixel.gif\" class=\"a-lazy-loaded\" data-src=\"https:\/\/m.media-amazon.com\/images\/S\/aplus-media-library-service-media\/e51f8289-ae72-42fb-93b1-4652a95282a3.__CR0,0,1464,600_PT0_SX1464_V1___.jpg\"><img decoding=\"async\" alt=\"Interface du site Web ou de l'application affichant plusieurs boutons d'ic\u00f4nes avec du texte, avec des illustrations color\u00e9es et des \u00e9l\u00e9ments de navigation.\" src=\"https:\/\/m.media-amazon.com\/images\/S\/aplus-media-library-service-media\/e51f8289-ae72-42fb-93b1-4652a95282a3.__CR0,0,1464,600_PT0_SX1464_V1___.jpg\">                                               <\/p>\n<p>                                                                                                      <img decoding=\"async\" alt=\"aplus content image\" src=\"https:\/\/images-na.ssl-images-amazon.com\/images\/G\/01\/x-locale\/common\/grey-pixel.gif\" class=\"a-lazy-loaded\" data-src=\"https:\/\/m.media-amazon.com\/images\/S\/aplus-media-library-service-media\/1c5249e6-18e3-4be8-b90e-e4f22ac24b21.__CR0,0,1464,600_PT0_SX1464_V1___.jpg\"><img decoding=\"async\" alt=\"aplus content image\" src=\"https:\/\/m.media-amazon.com\/images\/S\/aplus-media-library-service-media\/1c5249e6-18e3-4be8-b90e-e4f22ac24b21.__CR0,0,1464,600_PT0_SX1464_V1___.jpg\">                                               <\/p>\n<p>                                                                                                      <img decoding=\"async\" alt=\"aplus content image\" src=\"https:\/\/images-na.ssl-images-amazon.com\/images\/G\/01\/x-locale\/common\/grey-pixel.gif\" class=\"a-lazy-loaded\" data-src=\"https:\/\/m.media-amazon.com\/images\/S\/aplus-media-library-service-media\/3373ad61-b147-480d-abd8-81aad4ec2818.__CR0,0,1464,600_PT0_SX1464_V1___.jpg\"><img decoding=\"async\" alt=\"aplus content image\" src=\"https:\/\/m.media-amazon.com\/images\/S\/aplus-media-library-service-media\/3373ad61-b147-480d-abd8-81aad4ec2818.__CR0,0,1464,600_PT0_SX1464_V1___.jpg\">                                               <\/p>\n<p>                                                                                                      <img decoding=\"async\" alt=\"aplus content image\" src=\"https:\/\/images-na.ssl-images-amazon.com\/images\/G\/01\/x-locale\/common\/grey-pixel.gif\" class=\"a-lazy-loaded\" data-src=\"https:\/\/m.media-amazon.com\/images\/S\/aplus-media-library-service-media\/fd84af27-75d8-4ced-b1b8-6886bbb1b668.__CR0,0,1464,600_PT0_SX1464_V1___.jpg\"><img decoding=\"async\" alt=\"aplus content image\" src=\"https:\/\/m.media-amazon.com\/images\/S\/aplus-media-library-service-media\/fd84af27-75d8-4ced-b1b8-6886bbb1b668.__CR0,0,1464,600_PT0_SX1464_V1___.jpg\">                                               <\/p>\n<p>                                                                                                      <img decoding=\"async\" alt=\"aplus content image\" src=\"https:\/\/images-na.ssl-images-amazon.com\/images\/G\/01\/x-locale\/common\/grey-pixel.gif\" class=\"a-lazy-loaded\" data-src=\"https:\/\/m.media-amazon.com\/images\/S\/aplus-media-library-service-media\/a6f831d6-852c-4ccb-9e34-9b3659a0e02a.__CR0,0,1464,600_PT0_SX1464_V1___.jpg\"><img decoding=\"async\" alt=\"aplus content image\" src=\"https:\/\/m.media-amazon.com\/images\/S\/aplus-media-library-service-media\/a6f831d6-852c-4ccb-9e34-9b3659a0e02a.__CR0,0,1464,600_PT0_SX1464_V1___.jpg\">                                               <\/p>\n<p>                                                                                                      <img decoding=\"async\" alt=\"aplus content image\" src=\"https:\/\/images-na.ssl-images-amazon.com\/images\/G\/01\/x-locale\/common\/grey-pixel.gif\" class=\"a-lazy-loaded\" data-src=\"https:\/\/m.media-amazon.com\/images\/S\/aplus-media-library-service-media\/14efd41b-e180-430b-86d8-091eecf4b925.__CR0,0,1464,600_PT0_SX1464_V1___.jpg\"><img decoding=\"async\" alt=\"aplus content image\" src=\"https:\/\/m.media-amazon.com\/images\/S\/aplus-media-library-service-media\/14efd41b-e180-430b-86d8-091eecf4b925.__CR0,0,1464,600_PT0_SX1464_V1___.jpg\">                                               <\/p>\n<p>                                                                                                      <img decoding=\"async\" alt=\"aplus content image\" src=\"https:\/\/images-na.ssl-images-amazon.com\/images\/G\/01\/x-locale\/common\/grey-pixel.gif\" class=\"a-lazy-loaded\" data-src=\"https:\/\/m.media-amazon.com\/images\/S\/aplus-media-library-service-media\/1b6d125e-d138-42c3-85a4-af0d2010c8a7.__CR0,0,1464,600_PT0_SX1464_V1___.jpg\"><img decoding=\"async\" alt=\"aplus content image\" src=\"https:\/\/m.media-amazon.com\/images\/S\/aplus-media-library-service-media\/1b6d125e-d138-42c3-85a4-af0d2010c8a7.__CR0,0,1464,600_PT0_SX1464_V1___.jpg\">                                               <\/p>\n<p>HANDPICK Tea Tasting Gift Set | 40 Sachets, 8 Flavours | English Breakfast, Earl Grey, Green Tea, Herbal Tea &#038; More | Eco-Friendly Bags | Gift Idea for Men and Women<\/p>\n\n","protected":false},"excerpt":{"rendered":"<p> Product Description HANDPICK Tea Tasting Gift Set | 40 Sachets, 8 Flavours | English Breakfast, Earl Grey, Green Tea, Herbal Tea &#038; More | Eco-Friendly Bags | Gift Idea for Men and Women<\/p>\n","protected":false},"featured_media":14899,"comment_status":"open","ping_status":"closed","template":"","meta":{"_gspb_post_css":"","om_disable_all_campaigns":false,"_monsterinsights_skip_tracking":false,"_monsterinsights_sitenote_active":false,"_monsterinsights_sitenote_note":"","_monsterinsights_sitenote_category":0},"store":[],"product_brand":[],"product_cat":[147],"product_tag":[1904,4175,4176,1236,1716,2942,3984,826,4177,4174,561,4178,1122,1684,2535,562,1123],"class_list":{"0":"post-14898","1":"product","2":"type-product","3":"status-publish","4":"has-post-thumbnail","6":"product_cat-racines-adaptogenes","7":"product_tag-bags","8":"product_tag-breakfast","9":"product_tag-earl","10":"product_tag-ecofriendly","11":"product_tag-english","12":"product_tag-flavours","13":"product_tag-gift","14":"product_tag-green","15":"product_tag-grey","16":"product_tag-handpick","17":"product_tag-herbal","18":"product_tag-idea","19":"product_tag-men","20":"product_tag-sachets","21":"product_tag-set","22":"product_tag-tea","23":"product_tag-women","25":"first","26":"instock","27":"sale","28":"shipping-taxable","29":"product-type-external"},"aioseo_notices":[],"jetpack_sharing_enabled":true,"_links":{"self":[{"href":"https:\/\/www.zolattitude.com\/index.php\/wp-json\/wp\/v2\/product\/14898","targetHints":{"allow":["GET"]}}],"collection":[{"href":"https:\/\/www.zolattitude.com\/index.php\/wp-json\/wp\/v2\/product"}],"about":[{"href":"https:\/\/www.zolattitude.com\/index.php\/wp-json\/wp\/v2\/types\/product"}],"replies":[{"embeddable":true,"href":"https:\/\/www.zolattitude.com\/index.php\/wp-json\/wp\/v2\/comments?post=14898"}],"wp:featuredmedia":[{"embeddable":true,"href":"https:\/\/www.zolattitude.com\/index.php\/wp-json\/wp\/v2\/media\/14899"}],"wp:attachment":[{"href":"https:\/\/www.zolattitude.com\/index.php\/wp-json\/wp\/v2\/media?parent=14898"}],"wp:term":[{"taxonomy":"store","embeddable":true,"href":"https:\/\/www.zolattitude.com\/index.php\/wp-json\/wp\/v2\/store?post=14898"},{"taxonomy":"product_brand","embeddable":true,"href":"https:\/\/www.zolattitude.com\/index.php\/wp-json\/wp\/v2\/product_brand?post=14898"},{"taxonomy":"product_cat","embeddable":true,"href":"https:\/\/www.zolattitude.com\/index.php\/wp-json\/wp\/v2\/product_cat?post=14898"},{"taxonomy":"product_tag","embeddable":true,"href":"https:\/\/www.zolattitude.com\/index.php\/wp-json\/wp\/v2\/product_tag?post=14898"}],"curies":[{"name":"wp","href":"https:\/\/api.w.org\/{rel}","templated":true}]}}