{"id":15195,"date":"2025-12-22T19:40:16","date_gmt":"2025-12-22T19:40:16","guid":{"rendered":"https:\/\/www.zolattitude.com\/index.php\/product\/hyaluronic-acid-hyaluronic-acid-capsules-high-dose-multimolecular-formula-with-high-molecular-weight-hyaluronic-acid-30-vegetable-capsules\/"},"modified":"2025-12-22T19:40:24","modified_gmt":"2025-12-22T19:40:24","slug":"hyaluronic-acid-hyaluronic-acid-capsules-high-dose-multimolecular-formula-with-high-molecular-weight-hyaluronic-acid-30-vegetable-capsules","status":"publish","type":"product","link":"https:\/\/www.zolattitude.com\/index.php\/product\/hyaluronic-acid-hyaluronic-acid-capsules-high-dose-multimolecular-formula-with-high-molecular-weight-hyaluronic-acid-30-vegetable-capsules\/","title":{"rendered":"HYALURONIC ACID | Hyaluronic Acid Capsules | High Dose Multimolecular Formula with High Molecular Weight Hyaluronic Acid | 30 Vegetable Capsules"},"content":{"rendered":"<p>Price: <span style=\"color:#b12704\">\u20ac11.99<\/span><br \/><i><small>(as of Dec 22, 2025 19:40:17 UTC &#8211; <span class=\"wp_automatic_amazon_disclaimer\" title=\"Product prices and availability are accurate as of the date\/time indicated and are subject to change. Any price and availability information displayed on [relevant Amazon Site(s), as applicable] at the time of purchase will apply to the purchase of this product.\">Details<\/span>)<\/small><\/i><br \/><a href=\"https:\/\/amazon.fr\/dp\/B0BN2P6HZY?tag=onamzmoukoubl-21\"><img decoding=\"async\" src=\"https:\/\/valvepress.s3.amazonaws.com\/imgs\/buy_now.png\"><\/a><br \/>\n<\/p>\n<p>                                             Product Description   <\/p>\n<p>                                                 <img decoding=\"async\" alt=\"HYALURONIC ACID 3X\" src=\"https:\/\/images-na.ssl-images-amazon.com\/images\/G\/01\/x-locale\/common\/grey-pixel.gif\" class=\"a-lazy-loaded\" data-src=\"https:\/\/m.media-amazon.com\/images\/S\/aplus-media-library-service-media\/85c299c0-41b7-4547-8634-2648621aaa3a.__CR0,0,970,300_PT0_SX970_V1___.jpeg\"><img decoding=\"async\" alt=\"HYALURONIC ACID 3X\" src=\"https:\/\/m.media-amazon.com\/images\/S\/aplus-media-library-service-media\/85c299c0-41b7-4547-8634-2648621aaa3a.__CR0,0,970,300_PT0_SX970_V1___.jpeg\">  <\/p>\n<p>                                                                            <img decoding=\"async\" alt=\"HYALURONIC ACID 3X\" src=\"https:\/\/images-na.ssl-images-amazon.com\/images\/G\/01\/x-locale\/common\/grey-pixel.gif\" class=\"a-spacing-base a-lazy-loaded\" data-src=\"https:\/\/m.media-amazon.com\/images\/S\/aplus-media-library-service-media\/9980289a-1877-4007-8a06-179ed9c87869.__CR0,0,970,600_PT0_SX970_V1___.jpeg\"><img decoding=\"async\" alt=\"HYALURONIC ACID 3X\" src=\"https:\/\/m.media-amazon.com\/images\/S\/aplus-media-library-service-media\/9980289a-1877-4007-8a06-179ed9c87869.__CR0,0,970,600_PT0_SX970_V1___.jpeg\">                                         <\/p>\n<h3 class=\"a-spacing-mini\"> ACIDE HYALURONIQUE CONCENTR\u00c9 3X \u00c0 TRIPLE ACTION ANTI-\u00c2GE <\/h3>\n<p class=\"a-spacing-base\"> Balance Hyaluronic Acid 3X contient un complexe anti-\u00e2ge \u00e0 triple action sur la peau. <\/p>\n<p class=\"a-spacing-base\"> Ses propri\u00e9t\u00e9s donnent \u00e0 votre peau la capacit\u00e9 de se remettre des signes du temps qui passe. Le d\u00e9veloppement de notre acide hyaluronique concentr\u00e9 est bas\u00e9 sur les r\u00e9sultats d&#8217;\u00e9tudes scientifiques qui d\u00e9montrent l&#8217;efficacit\u00e9 de sa combinaison d&#8217;ingr\u00e9dients. <\/p>\n<p class=\"a-spacing-base\"> Le complexe triple action 3X \u00e0 effet anti-\u00e2ge agit gr\u00e2ce \u00e0 l&#8217;association d&#8217;acide hyaluronique de bas, moyen et haut poids mol\u00e9culaire. Hautement concentr\u00e9, le complexe multimol\u00e9culaire d&#8217;acide hyaluronique redonne \u00e0 votre peau sa beaut\u00e9 \u00e9clatante et sa jeunesse. <\/p>\n<p>                                                     <img decoding=\"async\" alt=\"FRESH SKIN\" src=\"https:\/\/images-na.ssl-images-amazon.com\/images\/G\/01\/x-locale\/common\/grey-pixel.gif\" class=\"a-spacing-mini a-lazy-loaded\" data-src=\"https:\/\/m.media-amazon.com\/images\/S\/aplus-media-library-service-media\/33563d78-f5b0-4379-9a47-4add7bd35e5d.__CR0,0,300,400_PT0_SX300_V1___.jpeg\"><img decoding=\"async\" alt=\"FRESH SKIN\" src=\"https:\/\/m.media-amazon.com\/images\/S\/aplus-media-library-service-media\/33563d78-f5b0-4379-9a47-4add7bd35e5d.__CR0,0,300,400_PT0_SX300_V1___.jpeg\">  <\/p>\n<p>                                                             <img decoding=\"async\" alt=\"HYALURONIC ACID\" src=\"https:\/\/images-na.ssl-images-amazon.com\/images\/G\/01\/x-locale\/common\/grey-pixel.gif\" class=\"a-spacing-mini a-lazy-loaded\" data-src=\"https:\/\/m.media-amazon.com\/images\/S\/aplus-media-library-service-media\/5cc9ba44-f715-422b-ae74-27319888d33d.__CR0,0,400,200_PT0_SX350_V1___.jpeg\"><img decoding=\"async\" alt=\"HYALURONIC ACID\" src=\"https:\/\/m.media-amazon.com\/images\/S\/aplus-media-library-service-media\/5cc9ba44-f715-422b-ae74-27319888d33d.__CR0,0,400,200_PT0_SX350_V1___.jpeg\">                                          L&#8217;ACIDE HYALURONIQUE 3X est un compl\u00e9ment alimentaire naturel \u00e0 l&#8217;action anti-\u00e2ge et anti-rides. Pr\u00e9serve le bon degr\u00e9 d&#8217;hydratation et de fermet\u00e9 de la peau, donnant \u00e0 la peau un aspect jeune                                                                   Formule multimol\u00e9culaire donn\u00e9e par la combinaison d&#8217;acide hyaluronique de haut, moyen et bas poids mol\u00e9culaire       Convient aussi bien aux hommes qu&#8217;aux femmes       Fabriqu\u00e9 en Europe       <\/p>\n<h3 class=\"a-spacing-mini\"> ACIDE HYALURONIQUE 3X &#8211; FORMULE MULTIMOL\u00c9CULAIRE <\/h3>\n<p>                                          Une peau \u00e9clatante de beaut\u00e9 et d&#8217;apparence plus jeune                                     <\/p>\n<p class=\"a-spacing-base\"> Les mol\u00e9cules d&#8217;acide hyaluronique poss\u00e8dent des propri\u00e9t\u00e9s hydrophiles. Cette caract\u00e9ristique extraordinaire soutient la fonction naturelle de la peau et r\u00e9duit la d\u00e9shydratation, la perte d&#8217;\u00e9lasticit\u00e9 et la formation de fines rides. Gr\u00e2ce \u00e0 sa forte concentration et \u00e0 l&#8217;utilisation d&#8217;acide hyaluronique de bas, moyen et haut poids mol\u00e9culaire, il est extr\u00eamement efficace pour rendre la peau plus lisse, plus compacte et repulp\u00e9e. <\/p>\n<p>                                                          Complexe d&#8217;acide hyaluronique multimol\u00e9culaire 3X hautement concentr\u00e9 \u00e0 triple action anti-\u00e2ge       Pour une peau lisse et r\u00e9g\u00e9n\u00e9r\u00e9e, visiblement plus \u00e9lastique et tonique       Formule 100% naturelle, sans OGM, Gluten et Lactose       Sans colorants ni ar\u00f4mes artificiels      <\/p>\n<h3 class=\"a-spacing-small\"> L&#8217;Acide Hyaluronique 3X rajeunit votre peau gr\u00e2ce \u00e0 un complexe \u00e0 triple action anti-\u00e2ge <\/h3>\n<p class=\"apm-text-center\">\n                                                     <img decoding=\"async\" alt=\"peau\" src=\"https:\/\/images-na.ssl-images-amazon.com\/images\/G\/01\/x-locale\/common\/grey-pixel.gif\" class=\"a-spacing-mini a-lazy-loaded\" data-src=\"https:\/\/m.media-amazon.com\/images\/S\/aplus-media-library-service-media\/c6efba0f-9678-42c0-8b0e-ffff747be219.__CR0,0,600,600_PT0_SX300_V1___.jpeg\"><\/p>\n<p><img decoding=\"async\" alt=\"peau\" src=\"https:\/\/m.media-amazon.com\/images\/S\/aplus-media-library-service-media\/c6efba0f-9678-42c0-8b0e-ffff747be219.__CR0,0,600,600_PT0_SX300_V1___.jpeg\"><br \/>\n                                                    Acide hyaluronique de haut poids mol\u00e9culaire                                       <\/p>\n<p> Effet anti-\u00e2ge <\/p>\n<p> L&#8217;acide hyaluronique de haut poids mol\u00e9culaire (1500-2000 kDa) lisse les rides des couches les plus superficielles de la peau pour vous apporter une am\u00e9lioration imm\u00e9diate de l&#8217;apparence de votre peau. Il est important qu&#8217;il soit pr\u00e9sent en petites quantit\u00e9s (10 mg), comme dans la formulation de notre suppl\u00e9ment. <\/p>\n<p class=\"apm-text-center\">\n                                                     <img decoding=\"async\" alt=\"peau\" src=\"https:\/\/images-na.ssl-images-amazon.com\/images\/G\/01\/x-locale\/common\/grey-pixel.gif\" class=\"a-spacing-mini a-lazy-loaded\" data-src=\"https:\/\/m.media-amazon.com\/images\/S\/aplus-media-library-service-media\/903a173d-21b8-4030-84a8-4dfda5e78de5.__CR0,0,600,600_PT0_SX300_V1___.jpeg\"><\/p>\n<p><img decoding=\"async\" alt=\"peau\" src=\"https:\/\/m.media-amazon.com\/images\/S\/aplus-media-library-service-media\/903a173d-21b8-4030-84a8-4dfda5e78de5.__CR0,0,600,600_PT0_SX300_V1___.jpeg\"><br \/>\n                                                    Acide hyaluronique de poids mol\u00e9culaire moyen                                       <\/p>\n<p> Texture de peau am\u00e9lior\u00e9e <\/p>\n<p> L&#8217;acide hyaluronique de poids mol\u00e9culaire moyen (1000 kDa) permet une am\u00e9lioration \u00e0 long terme de la texture de la peau gr\u00e2ce \u00e0 sa capacit\u00e9 \u00e0 se lier aux mol\u00e9cules d&#8217;eau pour am\u00e9liorer l&#8217;\u00e9quilibre hydrique de votre peau. En m\u00eame temps, l&#8217;hydratation accrue d\u00e9tend les ridules \u00e0 la base. <\/p>\n<p class=\"apm-text-center\">\n                                                     <img decoding=\"async\" alt=\"peau\" src=\"https:\/\/images-na.ssl-images-amazon.com\/images\/G\/01\/x-locale\/common\/grey-pixel.gif\" class=\"a-spacing-mini a-lazy-loaded\" data-src=\"https:\/\/m.media-amazon.com\/images\/S\/aplus-media-library-service-media\/b9d87dab-a653-4c26-8e96-840e3d4371be.__CR0,0,600,600_PT0_SX300_V1___.jpeg\"><\/p>\n<p><img decoding=\"async\" alt=\"peau\" src=\"https:\/\/m.media-amazon.com\/images\/S\/aplus-media-library-service-media\/b9d87dab-a653-4c26-8e96-840e3d4371be.__CR0,0,600,600_PT0_SX300_V1___.jpeg\"><br \/>\n                                                    Acide hyaluronique de bas poids mol\u00e9culaire                                       <\/p>\n<p> Avantages \u00e0 long terme <\/p>\n<p> Pour des effets positifs durables, l&#8217;acide hyaluronique de bas poids mol\u00e9culaire (500-700 kDa) passe dans les couches profondes de la peau. Il am\u00e9liore l&#8217;\u00e9lasticit\u00e9 de la peau et stimule la production cellulaire. <\/p>\n<p>                         Add To Basket  <\/p>\n<p>                             Customer Reviews  <\/p>\n<p>                    3.6 out of 5 stars  40  <\/p>\n<p>                    3.9 out of 5 stars  73  <\/p>\n<p>                             Price  <\/p>\n<p>                                    \u20ac11.99\u20ac11.99<br \/>\n                                            \u2014 no data<\/p>\n<p>                             Montant<br \/>\n                                30 G\u00e9lules               24 Comprim\u00e9s                    <\/p>\n<p>                             Dur\u00e9e<br \/>\n                                30 Jours               24 Jours                    <\/p>\n<p>                             Il rend la peau plus lisse, plus lumineuse et plus compacte  <\/p>\n<p>                                              \u2713<\/p>\n<p>                                              \u2713<\/p>\n<p>                             Contient trois types d&#8217;acide hyaluronique avec trois poids mol\u00e9culaires diff\u00e9rents  <\/p>\n<p>                                              \u2713<br \/>\n                                                          no data<\/p>\n<p>                             Contient de la coenzyme Q10, de la vitamine C, des vitamines et des min\u00e9raux<br \/>\n                                  no data<\/p>\n<p>                                              \u2713<\/p>\n<p>                             Maintient vos articulations en bonne sant\u00e9  <\/p>\n<p>                                              \u2713<\/p>\n<p>                                              \u2713<\/p>\n<p>                             Avantages<br \/>\n                                L&#8217;Acide Hyaluronique 3x a une action anti-\u00e2ge et anti-rides. Pr\u00e9serve le bon degr\u00e9 d&#8217;hydratation et de fermet\u00e9 de la peau, donnant \u00e0 la peau un aspect naturellement jeune               Le Collag\u00e8ne Marin avec Acide Hyaluronique rend la peau plus hydrat\u00e9e, lisse, \u00e9lastique et compacte, diminue l&#8217;apparition de nouvelles rides et celles pr\u00e9sentes sont att\u00e9nu\u00e9es en profondeur. Il maintient \u00e9galement les articulations souples et saines                    <\/p>\n<p>                             Sont-ils des suppl\u00e9ments \u00e0 prendre ensemble ?  <\/p>\n<p>                                              \u2713<\/p>\n<p>                                              \u2713<\/p>\n<p>                             Pourquoi les prendre ensemble?<br \/>\n                                Pour renforcer l&#8217;action du collag\u00e8ne marin avec un complexe de trois types d&#8217;acide hyaluronique \u00e0 diff\u00e9rents poids mol\u00e9culaires et \u00e0 des dosages \u00e9lev\u00e9s pour un bien-\u00eatre complet de la peau               L&#8217;acide hyaluronique est associ\u00e9 au collag\u00e8ne pour optimiser l&#8217;action du collag\u00e8ne. Apporte une hydratation \u00e0 la peau. Il a un effet anti-\u00e2ge et anti-rides, stimulant la synth\u00e8se de collag\u00e8ne et de tissu conjonctif.                    <\/p>\n<p> Product Dimensions                                            \u200f                                            :                                            \u200e                                            10 x 2.4 x 7 cm; 30 g   <br \/> Manufacturer                                            \u200f                                            :                                            \u200e                                            Balance Nutrition Srl   <br \/> ASIN                                            \u200f                                            :                                            \u200e                                            B0BN2P6HZY   <br \/> Manufacturer reference                                            \u200f                                            :                                            \u200e                                            FRACIDO30-40   <br \/>  Customer reviews:                                                                                            3.6               3.6 out of 5 stars                                  (40)                                              var dpAcrHasRegisteredArcLinkClickAction;                    P.when(&#8216;A&#8217;, &#8216;ready&#8217;).execute(function(A) {                        if (dpAcrHasRegisteredArcLinkClickAction !== true) {                            dpAcrHasRegisteredArcLinkClickAction = true;                            A.declarative(                                &#8216;acrLink-click-metrics&#8217;, &#8216;click&#8217;,                                { &#8220;allowLinkDefault&#8221;: true },                                function (event) {                                    if (window.ue) {                                        ue.count(&#8220;acrLinkClickCount&#8221;, (ue.count(&#8220;acrLinkClickCount&#8221;) || 0) + 1);                                    }                                }                            );                        }                    });                                             P.when(&#8216;A&#8217;, &#8216;cf&#8217;).execute(function(A) {                A.declarative(&#8216;acrStarsLink-click-metrics&#8217;, &#8216;click&#8217;, { &#8220;allowLinkDefault&#8221; : true },  function(event){                    if(window.ue) {                        ue.count(&#8220;acrStarsLinkWithPopoverClickCount&#8221;, (ue.count(&#8220;acrStarsLinkWithPopoverClickCount&#8221;) || 0) + 1);                    }                });            });                          <br \/>HYALURONIC ACID WITH MULTI-MOLECULAR FORMULA: Balance brand 3x hyaluronic acid contains an anti-aging complex with triple action on the skin. The triple action complex 3X acts thanks to the combination of hyaluronic acid of low (500-700 kDa), medium (1000 kDa) and high (1500-2000 kDa) molecular weight. This multimolecular complex of hyaluronic acid preserves the proper level of hydration and firmness of the skin, giving the skin a youthful and compact appearance.<br \/>Younger, compact and regenerated skin: 3X Hyaluronic Acid supports the skin&#8217;s natural function and reduces dehydration, loss of elasticity and fine wrinkles. Thanks to its high concentration and the use of low, medium and high molecular weight hyaluronic acid, it acts by exerting a filling action that gives the skin a youthful, toned and compact appearance.<br \/>ADVANTAGES OF OUR HYALURONIC ACID 3X: High molecular weight hyaluronic acid gives an immediate anti-aging effect by plumping the skin and fine lines in the most superficial layers; Medium molecular weight hyaluronic acid preserves firmness, while low molecular weight hyaluronic acid penetrates deep layers of the skin, intervening in the production of collages. gene. Most other brands on the market only use one type.<br \/>\ud83c\udf3f 100% NATURAL, MAGNESIUM, GLUTEN AND LACTOSE STEARATE: We only create supplements that we are happy to take ourselves and share with our loved ones. In fact, in Hyaluronic Acid 3X we have natural ingredients (non-synthetic) and contain no GMOs and artificial additives and are gluten and lactose free. In addition, our capsules are 100% plant-based, without animal gelatin<br \/>Made in Europe, 100% natural, without magnesium stearate, gluten and lactose. Hyaluronic Acid 3x is produced in Europe in specialized facilities and notified to the French Ministry of Health: you will therefore not have a supplement of dubious origin on your side, but you can count on a 100% European supplement, well structured, with very high quality standards. If you have any questions, please feel free to contact us and we will be happy to help!<\/p>\n\n","protected":false},"excerpt":{"rendered":"<p> Product Description ACIDE HYALURONIQUE CONCENTR\u00c9 3X \u00c0 TRIPLE ACTION ANTI-\u00c2GE Balance Hyaluronic Acid 3X contient un complexe anti-\u00e2ge \u00e0 triple action sur la peau. Ses propri\u00e9t\u00e9s donnent \u00e0 votre peau la capacit\u00e9 de se remettre des signes du temps qui passe. Le d\u00e9veloppement de notre acide hyaluronique concentr\u00e9 est bas\u00e9 [&hellip;]<\/p>\n","protected":false},"featured_media":15196,"comment_status":"open","ping_status":"closed","template":"","meta":{"_gspb_post_css":"","om_disable_all_campaigns":false,"_monsterinsights_skip_tracking":false,"_monsterinsights_sitenote_active":false,"_monsterinsights_sitenote_note":"","_monsterinsights_sitenote_category":0},"store":[],"product_brand":[],"product_cat":[138],"product_tag":[188,198,306,543,294,187,4272,4271,197,497],"class_list":{"0":"post-15195","1":"product","2":"type-product","3":"status-publish","4":"has-post-thumbnail","6":"product_cat-acide-hyaluronique-msm","7":"product_tag-acid","8":"product_tag-capsules","9":"product_tag-dose","10":"product_tag-formula","11":"product_tag-high","12":"product_tag-hyaluronic","13":"product_tag-molecular","14":"product_tag-multimolecular","15":"product_tag-vegetable","16":"product_tag-weight","18":"first","19":"instock","20":"shipping-taxable","21":"product-type-external"},"aioseo_notices":[],"jetpack_sharing_enabled":true,"_links":{"self":[{"href":"https:\/\/www.zolattitude.com\/index.php\/wp-json\/wp\/v2\/product\/15195","targetHints":{"allow":["GET"]}}],"collection":[{"href":"https:\/\/www.zolattitude.com\/index.php\/wp-json\/wp\/v2\/product"}],"about":[{"href":"https:\/\/www.zolattitude.com\/index.php\/wp-json\/wp\/v2\/types\/product"}],"replies":[{"embeddable":true,"href":"https:\/\/www.zolattitude.com\/index.php\/wp-json\/wp\/v2\/comments?post=15195"}],"wp:featuredmedia":[{"embeddable":true,"href":"https:\/\/www.zolattitude.com\/index.php\/wp-json\/wp\/v2\/media\/15196"}],"wp:attachment":[{"href":"https:\/\/www.zolattitude.com\/index.php\/wp-json\/wp\/v2\/media?parent=15195"}],"wp:term":[{"taxonomy":"store","embeddable":true,"href":"https:\/\/www.zolattitude.com\/index.php\/wp-json\/wp\/v2\/store?post=15195"},{"taxonomy":"product_brand","embeddable":true,"href":"https:\/\/www.zolattitude.com\/index.php\/wp-json\/wp\/v2\/product_brand?post=15195"},{"taxonomy":"product_cat","embeddable":true,"href":"https:\/\/www.zolattitude.com\/index.php\/wp-json\/wp\/v2\/product_cat?post=15195"},{"taxonomy":"product_tag","embeddable":true,"href":"https:\/\/www.zolattitude.com\/index.php\/wp-json\/wp\/v2\/product_tag?post=15195"}],"curies":[{"name":"wp","href":"https:\/\/api.w.org\/{rel}","templated":true}]}}