{"id":15203,"date":"2025-12-22T21:05:27","date_gmt":"2025-12-22T21:05:27","guid":{"rendered":"https:\/\/www.zolattitude.com\/index.php\/product\/bandini-peptan-marine-collagen-hyaluronic-acid-180-capsules-anti-aging-for-skin-joints-and-hair-vitamin-c-biotin-and-zinc-coenzyme-q10-and-selenium-1000mg-collagen-type-i-hydrolyz\/"},"modified":"2025-12-22T21:05:37","modified_gmt":"2025-12-22T21:05:37","slug":"bandini-peptan-marine-collagen-hyaluronic-acid-180-capsules-anti-aging-for-skin-joints-and-hair-vitamin-c-biotin-and-zinc-coenzyme-q10-and-selenium-1000mg-collagen-type-i-hydrolyz","status":"publish","type":"product","link":"https:\/\/www.zolattitude.com\/index.php\/product\/bandini-peptan-marine-collagen-hyaluronic-acid-180-capsules-anti-aging-for-skin-joints-and-hair-vitamin-c-biotin-and-zinc-coenzyme-q10-and-selenium-1000mg-collagen-type-i-hydrolyz\/","title":{"rendered":"Bandini\u00ae Peptan\u00ae Marine Collagen + Hyaluronic Acid 180 Capsules, Anti-Aging for Skin, Joints and Hair &#8211; Vitamin C, Biotin and Zinc, Coenzyme Q10 and Selenium, 1000mg Collagen Type I Hydrolyzed"},"content":{"rendered":"<p>Price: <span style=\"color:#b12704\">\u20ac21.75<\/span><br \/><i><small>(as of Dec 22, 2025 21:05:27 UTC &#8211; <span class=\"wp_automatic_amazon_disclaimer\" title=\"Product prices and availability are accurate as of the date\/time indicated and are subject to change. Any price and availability information displayed on [relevant Amazon Site(s), as applicable] at the time of purchase will apply to the purchase of this product.\">Details<\/span>)<\/small><\/i><br \/><a href=\"https:\/\/amazon.fr\/dp\/B0CN9K8VXY?tag=onamzmoukoubl-21\"><img decoding=\"async\" src=\"https:\/\/valvepress.s3.amazonaws.com\/imgs\/buy_now.png\"><\/a><br \/>\n<\/p>\n<p>                                             Product Description   <\/p>\n<p>                                                                                                      <img decoding=\"async\" alt=\"Bandini Pharma affich\u00e9 sur fond d\u00e9grad\u00e9 bleu clair\" src=\"https:\/\/images-na.ssl-images-amazon.com\/images\/G\/01\/x-locale\/common\/grey-pixel.gif\" class=\"a-lazy-loaded\" data-src=\"https:\/\/m.media-amazon.com\/images\/S\/aplus-media-library-service-media\/4a8b85c1-274f-46e3-bb4b-0a8fb45e6360.__CR0,0,4067,1667_PT0_SX1464_V1___.png\"><img decoding=\"async\" alt=\"Bandini Pharma affich\u00e9 sur fond d\u00e9grad\u00e9 bleu clair\" src=\"https:\/\/m.media-amazon.com\/images\/S\/aplus-media-library-service-media\/4a8b85c1-274f-46e3-bb4b-0a8fb45e6360.__CR0,0,4067,1667_PT0_SX1464_V1___.png\">                                               <\/p>\n<p>                                                                                 <img decoding=\"async\" alt=\"avec fond de champ de tournesols avec texte fran\u00e7ais sur la vitalit\u00e9 naturelle, superpos\u00e9 sur des fleurs jaune vif\" src=\"https:\/\/m.media-amazon.com\/images\/S\/aplus-media-library-service-media\/f3631041-77a7-4e03-bb9d-ee1b853081ac.__CR0,1,4067,1667_PT0_SX1464_V1___.png\">                                                   <img decoding=\"async\" alt=\"Publicit\u00e9 pour des suppl\u00e9ments de sant\u00e9 en fran\u00e7ais. Fond de champ de tournesol jaune avec texte sur la sant\u00e9 et la vitalit\u00e9 extraordinaires.\" src=\"https:\/\/m.media-amazon.com\/images\/S\/aplus-media-library-service-media\/98dfdf83-8d69-4d4f-bc89-465a62b00ed5.__CR0,1,4067,1667_PT0_SX1464_V1___.png\">                                                   <img decoding=\"async\" alt=\"Fond de champ de tournesols avec superposition de texte fran\u00e7ais sur les suppl\u00e9ments \u00e9nerg\u00e9tiques et nutritionnels\" src=\"https:\/\/m.media-amazon.com\/images\/S\/aplus-media-library-service-media\/ffe6648b-8924-4a45-9773-2293e427880b.__CR0,1,4067,1667_PT0_SX1464_V1___.png\">                                                   <img decoding=\"async\" alt=\"Image promotionnelle de style de vie montrant des personnes \u00e0 l'ext\u00e9rieur dans un champ de tournesols, avec un texte en fran\u00e7ais sur l'harmonie et le bien-\u00eatre.\" src=\"https:\/\/m.media-amazon.com\/images\/S\/aplus-media-library-service-media\/c523e841-fe7d-46f0-95f4-ac7a3b2822a6.__CR0,0,4068,1667_PT0_SX1464_V1___.png\">                                                   <img decoding=\"async\" alt=\"Champ de tournesols avec trois personnes qui s'amusent. La superposition de texte mentionne les compl\u00e9ments alimentaires Renaissance formul\u00e9s pour les besoins individuels.\" src=\"https:\/\/m.media-amazon.com\/images\/S\/aplus-media-library-service-media\/28a8c7d3-d6d5-42f9-a9c8-6f292e66c32c.__CR0,1,4067,1667_PT0_SX1464_V1___.png\">               <\/p>\n<p>                       1 Vitalit\u00e9 Naturelle          2 Le Secret          3 Votre \u00c9nergie          4 Votre Harmonie          5 Renaissance             <\/p>\n<p>                                                                                                      <img decoding=\"async\" alt=\"Sc\u00e8ne de cuisine ou de salle \u00e0 manger avec ustensiles de cuisine et mat\u00e9riel de pr\u00e9paration sur une surface en bois, superposition de texte en fran\u00e7ais\" src=\"https:\/\/images-na.ssl-images-amazon.com\/images\/G\/01\/x-locale\/common\/grey-pixel.gif\" class=\"a-lazy-loaded\" data-src=\"https:\/\/m.media-amazon.com\/images\/S\/aplus-media-library-service-media\/8957361c-1c8e-482d-ae90-898a2c86a990.__CR0,1,4067,1667_PT0_SX1464_V1___.png\"><img decoding=\"async\" alt=\"Sc\u00e8ne de cuisine ou de salle \u00e0 manger avec ustensiles de cuisine et mat\u00e9riel de pr\u00e9paration sur une surface en bois, superposition de texte en fran\u00e7ais\" src=\"https:\/\/m.media-amazon.com\/images\/S\/aplus-media-library-service-media\/8957361c-1c8e-482d-ae90-898a2c86a990.__CR0,1,4067,1667_PT0_SX1464_V1___.png\">                                               <\/p>\n<p>                                                                                                      <img decoding=\"async\" alt=\"Deux flacons de suppl\u00e9ments sur fond bleu sarcelle, mettant en vedette les produits Gandini Pharma avec un texte faisant la promotion de produits b\u00e9n\u00e9fiques pour le corps en fran\u00e7ais\" src=\"https:\/\/images-na.ssl-images-amazon.com\/images\/G\/01\/x-locale\/common\/grey-pixel.gif\" class=\"a-lazy-loaded\" data-src=\"https:\/\/m.media-amazon.com\/images\/S\/aplus-media-library-service-media\/a95e825d-72b2-4e0f-802e-a85381136fc5.__CR0,0,4067,1667_PT0_SX1464_V1___.png\"><img decoding=\"async\" alt=\"Deux flacons de suppl\u00e9ments sur fond bleu sarcelle, mettant en vedette les produits Gandini Pharma avec un texte faisant la promotion de produits b\u00e9n\u00e9fiques pour le corps en fran\u00e7ais\" src=\"https:\/\/m.media-amazon.com\/images\/S\/aplus-media-library-service-media\/a95e825d-72b2-4e0f-802e-a85381136fc5.__CR0,0,4067,1667_PT0_SX1464_V1___.png\">                                               <\/p>\n<p>                                                                                 <img decoding=\"async\" alt=\"Banni\u00e8re verte avec texte fran\u00e7ais sur l'engagement en mati\u00e8re de production de compl\u00e9ments alimentaires, avec texte blanc sur fond vert fonc\u00e9.\" src=\"https:\/\/m.media-amazon.com\/images\/S\/aplus-media-library-service-media\/fb81cd38-adea-442f-9057-3015948c06a6.__CR0,1,4067,1667_PT0_SX1464_V1___.png\">       <\/p>\n<p>                                                                                 <img decoding=\"async\" alt=\"avec le texte fran\u00e7ais \u00ab SOIN \u00c0 CHAQUE GRAMME \u00bb et un texte suppl\u00e9mentaire ci-dessous d\u00e9crivant\" src=\"https:\/\/m.media-amazon.com\/images\/S\/aplus-media-library-service-media\/fbb284fc-800e-4442-89ec-b9b01e3f45a5.__CR0,0,4068,1667_PT0_SX1464_V1___.png\">       <\/p>\n<p>                                                                                 <img decoding=\"async\" alt=\"Fond bleu sarcelle avec texte blanc en fran\u00e7ais sur les compl\u00e9ments alimentaires pour le bien-\u00eatre au quotidien. Informations partielles visibles en raison du recadrage de l'image.\" src=\"https:\/\/m.media-amazon.com\/images\/S\/aplus-media-library-service-media\/6b35a5df-f752-4c31-9e02-4e97d3aebe1b.__CR0,0,4068,1667_PT0_SX1464_V1___.png\">       <\/p>\n<p>                                                                                 <img decoding=\"async\" alt=\"Texte en fran\u00e7ais sur fond fonc\u00e9 : \u00ab INNOVATION CONSTANTE POUR TON BIEN-\u00caTRE \u00bb. Mentionne son engagement en faveur de l'innovation et du bien-\u00eatre \u00e0 travers le d\u00e9veloppement de produits.\" src=\"https:\/\/m.media-amazon.com\/images\/S\/aplus-media-library-service-media\/d44415dc-535c-4889-b375-ec7f12aa686b.__CR0,1,4067,1667_PT0_SX1464_V1___.png\">       <\/p>\n<h3 class=\"a-text-center aplus-h1 a-text-bold\"> Produits similaires <\/h3>\n<p>                         Add To Basket  <\/p>\n<p>                         Add To Basket  <\/p>\n<p>                         Add To Basket  <\/p>\n<p>                         Add To Basket  <\/p>\n<p>                                     Customer Reviews  <\/p>\n<p>                    4.4 out of 5 stars  215  <\/p>\n<p>                    4.5 out of 5 stars  242  <\/p>\n<p>                    4.4 out of 5 stars  44  <\/p>\n<p>                    4.2 out of 5 stars  14  <\/p>\n<p>                                     Price  <\/p>\n<p>                                                        \u20ac21.75\u20ac21.75     <\/p>\n<p>                                                        \u20ac14.90\u20ac14.90     <\/p>\n<p>                                                        \u20ac19.90\u20ac19.90     <\/p>\n<p>                                                        \u20ac19.90\u20ac19.90     <\/p>\n<p>                                     Quantit\u00e9  <\/p>\n<p>                                                180 G\u00e9lules    <\/p>\n<p>                                                365 Comprim\u00e9s    <\/p>\n<p>                                                180 G\u00e9lules    <\/p>\n<p>                                                90 G\u00e9lules    <\/p>\n<p>                                     Format  <\/p>\n<p>                                                G\u00e9lules    <\/p>\n<p>                                                Comprim\u00e9s    <\/p>\n<p>                                                G\u00e9lules    <\/p>\n<p>                                                G\u00e9lules    <\/p>\n<p>                                     Fourniture  <\/p>\n<p>                                                2 Mois    <\/p>\n<p>                                                1 an    <\/p>\n<p>                                                3 Mois    <\/p>\n<p>                                                3 Mois    <\/p>\n<p>                                     V\u00e9g\u00e9talien  <\/p>\n<p>                                                    \u2718      <\/p>\n<p>                                                    \u2714       <\/p>\n<p>                                                    \u2714       <\/p>\n<p>                                                    \u2714       <\/p>\n<p>                                     Sans OGM  <\/p>\n<p>                                                    \u2714       <\/p>\n<p>                                                    \u2714       <\/p>\n<p>                                                    \u2714       <\/p>\n<p>                                                    \u2714       <\/p>\n<p> Package Dimensions                                            \u200f                                            :                                            \u200e                                            11.1 x 6.3 x 6.1 cm; 130 g   <br \/> Manufacturer                                            \u200f                                            :                                            \u200e                                            Bandini   <br \/> ASIN                                            \u200f                                            :                                            \u200e                                            B0CN9K8VXY   <br \/> Manufacturer reference                                            \u200f                                            :                                            \u200e                                            Collagene   <br \/> Country of origin                                            \u200f                                            :                                            \u200e                                            Italy   <br \/>  Customer reviews:                                                                                            4.4               4.4 out of 5 stars                                  (215)                                              var dpAcrHasRegisteredArcLinkClickAction;                    P.when(&#8216;A&#8217;, &#8216;ready&#8217;).execute(function(A) {                        if (dpAcrHasRegisteredArcLinkClickAction !== true) {                            dpAcrHasRegisteredArcLinkClickAction = true;                            A.declarative(                                &#8216;acrLink-click-metrics&#8217;, &#8216;click&#8217;,                                { &#8220;allowLinkDefault&#8221;: true },                                function (event) {                                    if (window.ue) {                                        ue.count(&#8220;acrLinkClickCount&#8221;, (ue.count(&#8220;acrLinkClickCount&#8221;) || 0) + 1);                                    }                                }                            );                        }                    });                                             P.when(&#8216;A&#8217;, &#8216;cf&#8217;).execute(function(A) {                A.declarative(&#8216;acrStarsLink-click-metrics&#8217;, &#8216;click&#8217;, { &#8220;allowLinkDefault&#8221; : true },  function(event){                    if(window.ue) {                        ue.count(&#8220;acrStarsLinkWithPopoverClickCount&#8221;, (ue.count(&#8220;acrStarsLinkWithPopoverClickCount&#8221;) || 0) + 1);                    }                });            });                          <br \/>\ud83c\udf1f HIGHLY CONCENTRATED TYPE 1 COLLAGEN: Type I hydrolyzed collagen is known for its particular amino acid structure and tough texture. This is the most abundant type of collagen in the skin, extracted from freshwater fish and whose composition is similar to that of humans. Our formulation aims to preserve the firmness and radiance of the skin, as well as promote the well-being of the joints. Package contains 180 capsules for 60 days coverage.<br \/>For soft and toned skin: The harmonious combination of Hydrolyzed Collagen in high doses and Hyaluronic Acid (1000 mg collagen and 200 mg hyaluronic acid per day) in combination with Coenzyme Q10 promotes deeper hydration, making the skin soft, elastic and toned, reducing the formation of new wrinkles and attenuating deeper wrinkles.<br \/>For agile and resilient joints: getting up, sitting, bending your elbows and knees will become an unhindered activity! Hydrolyzed Collagen promotes joint flexibility, ensuring their lubrication and reducing inflammation and discomfort associated with ageing; in addition, it facilitates the absorption of calcium and other minerals essential for bone strength.<br \/>MAXIMUM EFFICIENCY IN ABSORPTION: At Bandini, we have designed a blend that our body can make the most of it. Hydrolyzed collagen, when combined with vitamin C, ensures optimal absorption for our body.<br \/>\u221e CERTIFIED PRODUCT: Bandini Pharma is an Italian company that offers innovative and quality products for the health and well-being of people, dynamically and professionally: Our products are manufactured in our GMP certified laboratory, UNI EN ISO 9001:2015 and ISO 22000. The BANDINI Pharma range, entirely made in Italy, includes a wide range of products at an excellent price-performance ratio.<\/p>\n\n","protected":false},"excerpt":{"rendered":"<p> Product Description 1 Vitalit\u00e9 Naturelle 2 Le Secret 3 Votre \u00c9nergie 4 Votre Harmonie 5 Renaissance Produits similaires Add To Basket Add To Basket Add To Basket Add To Basket Customer Reviews 4.4 out of 5 stars 215 4.5 out of 5 stars 242 4.4 out of 5 stars 44 [&hellip;]<\/p>\n","protected":false},"featured_media":15204,"comment_status":"open","ping_status":"closed","template":"","meta":{"_gspb_post_css":"","om_disable_all_campaigns":false,"_monsterinsights_skip_tracking":false,"_monsterinsights_sitenote_active":false,"_monsterinsights_sitenote_note":"","_monsterinsights_sitenote_category":0},"store":[],"product_brand":[],"product_cat":[137],"product_tag":[323,188,786,817,170,198,1349,168,175,187,881,416,167,3082,1350,192,176,186,178,172],"class_list":{"0":"post-15203","1":"product","2":"type-product","3":"status-publish","4":"has-post-thumbnail","6":"product_cat-collagene-biotine","7":"product_tag-1000mg","8":"product_tag-acid","9":"product_tag-antiaging","10":"product_tag-bandini","11":"product_tag-biotin","12":"product_tag-capsules","13":"product_tag-coenzyme","14":"product_tag-collagen","15":"product_tag-hair","16":"product_tag-hyaluronic","17":"product_tag-hydrolyzed","18":"product_tag-joints","19":"product_tag-marine","20":"product_tag-peptan","21":"product_tag-q10","22":"product_tag-selenium","23":"product_tag-skin","24":"product_tag-type","25":"product_tag-vitamin","26":"product_tag-zinc","28":"first","29":"instock","30":"shipping-taxable","31":"product-type-external"},"aioseo_notices":[],"jetpack_sharing_enabled":true,"_links":{"self":[{"href":"https:\/\/www.zolattitude.com\/index.php\/wp-json\/wp\/v2\/product\/15203","targetHints":{"allow":["GET"]}}],"collection":[{"href":"https:\/\/www.zolattitude.com\/index.php\/wp-json\/wp\/v2\/product"}],"about":[{"href":"https:\/\/www.zolattitude.com\/index.php\/wp-json\/wp\/v2\/types\/product"}],"replies":[{"embeddable":true,"href":"https:\/\/www.zolattitude.com\/index.php\/wp-json\/wp\/v2\/comments?post=15203"}],"wp:featuredmedia":[{"embeddable":true,"href":"https:\/\/www.zolattitude.com\/index.php\/wp-json\/wp\/v2\/media\/15204"}],"wp:attachment":[{"href":"https:\/\/www.zolattitude.com\/index.php\/wp-json\/wp\/v2\/media?parent=15203"}],"wp:term":[{"taxonomy":"store","embeddable":true,"href":"https:\/\/www.zolattitude.com\/index.php\/wp-json\/wp\/v2\/store?post=15203"},{"taxonomy":"product_brand","embeddable":true,"href":"https:\/\/www.zolattitude.com\/index.php\/wp-json\/wp\/v2\/product_brand?post=15203"},{"taxonomy":"product_cat","embeddable":true,"href":"https:\/\/www.zolattitude.com\/index.php\/wp-json\/wp\/v2\/product_cat?post=15203"},{"taxonomy":"product_tag","embeddable":true,"href":"https:\/\/www.zolattitude.com\/index.php\/wp-json\/wp\/v2\/product_tag?post=15203"}],"curies":[{"name":"wp","href":"https:\/\/api.w.org\/{rel}","templated":true}]}}