{"id":15266,"date":"2025-12-22T22:49:15","date_gmt":"2025-12-22T22:49:15","guid":{"rendered":"https:\/\/www.zolattitude.com\/index.php\/product\/organic-blue-spirulina-powder-50g-100-natural-phycocyanin-for-smoothies-bright-blue-food-colouring-ingredient-rich-in-protein-resealable-recyclable-pouch-alpha01\/"},"modified":"2025-12-22T22:49:23","modified_gmt":"2025-12-22T22:49:23","slug":"organic-blue-spirulina-powder-50g-100-natural-phycocyanin-for-smoothies-bright-blue-food-colouring-ingredient-rich-in-protein-resealable-recyclable-pouch-alpha01","status":"publish","type":"product","link":"https:\/\/www.zolattitude.com\/index.php\/product\/organic-blue-spirulina-powder-50g-100-natural-phycocyanin-for-smoothies-bright-blue-food-colouring-ingredient-rich-in-protein-resealable-recyclable-pouch-alpha01\/","title":{"rendered":"Organic Blue Spirulina Powder 50g &#8211; 100% Natural Phycocyanin for Smoothies &#8211; Bright Blue Food Colouring &#038; Ingredient &#8211; Rich in Protein &#8211; Resealable &#038; Recyclable Pouch Alpha01"},"content":{"rendered":"<p>Price: <span style=\"color:#b12704\">\u20ac22.95<\/span><br \/><i><small>(as of Dec 22, 2025 22:49:15 UTC &#8211; <span class=\"wp_automatic_amazon_disclaimer\" title=\"Product prices and availability are accurate as of the date\/time indicated and are subject to change. Any price and availability information displayed on [relevant Amazon Site(s), as applicable] at the time of purchase will apply to the purchase of this product.\">Details<\/span>)<\/small><\/i><br \/><a href=\"https:\/\/amazon.fr\/dp\/B0CRPPVLC7?tag=onamzmoukoubl-21\"><img decoding=\"async\" src=\"https:\/\/valvepress.s3.amazonaws.com\/imgs\/buy_now.png\"><\/a><br \/>\n<\/p>\n<p>                                             From the brand   <\/p>\n<p>                                             <img decoding=\"async\" alt=\"\" src=\"https:\/\/images-na.ssl-images-amazon.com\/images\/G\/01\/x-locale\/common\/grey-pixel.gif\" class=\"a-lazy-loaded\" data-src=\"https:\/\/m.media-amazon.com\/images\/S\/aplus-media-library-service-media\/d69a9ae1-6890-450f-ab39-6c9c90002b69.__CR0,0,2928,1250_PT0_SX1464_V1___.jpg\"><img decoding=\"async\" alt=\"\" src=\"https:\/\/m.media-amazon.com\/images\/S\/aplus-media-library-service-media\/d69a9ae1-6890-450f-ab39-6c9c90002b69.__CR0,0,2928,1250_PT0_SX1464_V1___.jpg\">  <\/p>\n<p>                                             <img decoding=\"async\" alt=\"\u00ab \u00c0 propos de nous \u00bb de l'entreprise d\u00e9crit la cr\u00e9ation d'Alpha Zero One en 2016 et met l'accent sur les produits de bien-\u00eatre naturels et l'engagement \u00e0 utiliser des ingr\u00e9dients de qualit\u00e9\" src=\"https:\/\/images-na.ssl-images-amazon.com\/images\/G\/01\/x-locale\/common\/grey-pixel.gif\" class=\"a-lazy-loaded\" data-src=\"https:\/\/m.media-amazon.com\/images\/S\/aplus-media-library-service-media\/e1e5689f-91df-48b0-ac3b-df141320dcb0.__CR0,0,1448,1812_PT0_SX362_V1___.jpg\"><img decoding=\"async\" alt=\"\u00ab \u00c0 propos de nous \u00bb de l'entreprise d\u00e9crit la cr\u00e9ation d'Alpha Zero One en 2016 et met l'accent sur les produits de bien-\u00eatre naturels et l'engagement \u00e0 utiliser des ingr\u00e9dients de qualit\u00e9\" src=\"https:\/\/m.media-amazon.com\/images\/S\/aplus-media-library-service-media\/e1e5689f-91df-48b0-ac3b-df141320dcb0.__CR0,0,1448,1812_PT0_SX362_V1___.jpg\">  <\/p>\n<p>                                             <img decoding=\"async\" alt=\"\" src=\"https:\/\/images-na.ssl-images-amazon.com\/images\/G\/01\/x-locale\/common\/grey-pixel.gif\" class=\"a-lazy-loaded\" data-src=\"https:\/\/m.media-amazon.com\/images\/S\/aplus-media-library-service-media\/faeae029-87a8-454a-b7e2-82e76e9a123d.__CR0,0,1448,1812_PT0_SX362_V1___.jpg\"><img decoding=\"async\" alt=\"\" src=\"https:\/\/m.media-amazon.com\/images\/S\/aplus-media-library-service-media\/faeae029-87a8-454a-b7e2-82e76e9a123d.__CR0,0,1448,1812_PT0_SX362_V1___.jpg\">  <\/p>\n<h3> Essentiels de beaut\u00e9 <\/h3>\n<p class=\"apm-brand-story-stores-link\">\n<h3> Bien-\u00eatre dynamique <\/h3>\n<p class=\"apm-brand-story-stores-link\">\n<h3> Essentiels \u00e0 base de plantes <\/h3>\n<p class=\"apm-brand-story-stores-link\">\n<h3> Suppl\u00e9ments de base <\/h3>\n<p class=\"apm-brand-story-stores-link\">\n<h3> Boosters de puissance <\/h3>\n<p class=\"apm-brand-story-stores-link\">\n<p> Product Dimensions                                            \u200f                                            :                                            \u200e                                            6.5 x 2.1 x 10 cm; 60 g   <br \/> Manufacturer                                            \u200f                                            :                                            \u200e                                            ALPHA01   <br \/> ASIN                                            \u200f                                            :                                            \u200e                                            B0CRPPVLC7   <br \/> Manufacturer reference                                            \u200f                                            :                                            \u200e                                            ALP-SPIR-BLUE   <br \/>  Customer reviews:                                                                                            4.5               4.5 out of 5 stars                                  (110)                                              var dpAcrHasRegisteredArcLinkClickAction;                    P.when(&#8216;A&#8217;, &#8216;ready&#8217;).execute(function(A) {                        if (dpAcrHasRegisteredArcLinkClickAction !== true) {                            dpAcrHasRegisteredArcLinkClickAction = true;                            A.declarative(                                &#8216;acrLink-click-metrics&#8217;, &#8216;click&#8217;,                                { &#8220;allowLinkDefault&#8221;: true },                                function (event) {                                    if (window.ue) {                                        ue.count(&#8220;acrLinkClickCount&#8221;, (ue.count(&#8220;acrLinkClickCount&#8221;) || 0) + 1);                                    }                                }                            );                        }                    });                                             P.when(&#8216;A&#8217;, &#8216;cf&#8217;).execute(function(A) {                A.declarative(&#8216;acrStarsLink-click-metrics&#8217;, &#8216;click&#8217;, { &#8220;allowLinkDefault&#8221; : true },  function(event){                    if(window.ue) {                        ue.count(&#8220;acrStarsLinkWithPopoverClickCount&#8221;, (ue.count(&#8220;acrStarsLinkWithPopoverClickCount&#8221;) || 0) + 1);                    }                });            });                          <br \/>HIGH QUALITY INGREDIENT: Pure blue spirulina powder, no fillers, binders or additives &#8211; just a 100% clean natural powder.<br \/>Nutrient-rich superfood: vegan, high in protein and a source of natural fibre. Fat free, sugar free and perfect for plant-based diets.<br \/>SUSTAINABLE SOURCE &#8211; Regarded as one of the oldest forms of life on earth, spirulina is known for its exceptional nutritional profile and sustainable cultivation.<br \/>OUR VALUES &#8211; This product is organic, non-GMO, vegan, gluten free, dairy free and preservative free<\/p>\n\n","protected":false},"excerpt":{"rendered":"<p> From the brand Essentiels de beaut\u00e9 Bien-\u00eatre dynamique Essentiels \u00e0 base de plantes Suppl\u00e9ments de base Boosters de puissance Product Dimensions \u200f : \u200e 6.5 x 2.1 x 10 cm; 60 g Manufacturer \u200f : \u200e ALPHA01 ASIN \u200f : \u200e B0CRPPVLC7 Manufacturer reference \u200f : \u200e ALP-SPIR-BLUE Customer reviews: [&hellip;]<\/p>\n","protected":false},"featured_media":15267,"comment_status":"open","ping_status":"closed","template":"","meta":{"_gspb_post_css":"","om_disable_all_campaigns":false,"_monsterinsights_skip_tracking":false,"_monsterinsights_sitenote_active":false,"_monsterinsights_sitenote_note":"","_monsterinsights_sitenote_category":0},"store":[],"product_brand":[],"product_cat":[146],"product_tag":[2718,4282,1161,4279,4280,199,221,260,238,939,2616,214,1021,4281,538,258,389,338],"class_list":{"0":"post-15266","1":"product","2":"type-product","3":"status-publish","4":"has-post-thumbnail","6":"product_cat-superaliments-verts","7":"product_tag-50g","8":"product_tag-alpha01","9":"product_tag-blue","10":"product_tag-bright","11":"product_tag-colouring","12":"product_tag-food","13":"product_tag-ingredient","14":"product_tag-natural","15":"product_tag-organic","16":"product_tag-phycocyanin","17":"product_tag-pouch","18":"product_tag-powder","19":"product_tag-protein","20":"product_tag-recyclable","21":"product_tag-resealable","22":"product_tag-rich","23":"product_tag-smoothies","24":"product_tag-spirulina","26":"first","27":"instock","28":"shipping-taxable","29":"product-type-external"},"aioseo_notices":[],"jetpack_sharing_enabled":true,"_links":{"self":[{"href":"https:\/\/www.zolattitude.com\/index.php\/wp-json\/wp\/v2\/product\/15266","targetHints":{"allow":["GET"]}}],"collection":[{"href":"https:\/\/www.zolattitude.com\/index.php\/wp-json\/wp\/v2\/product"}],"about":[{"href":"https:\/\/www.zolattitude.com\/index.php\/wp-json\/wp\/v2\/types\/product"}],"replies":[{"embeddable":true,"href":"https:\/\/www.zolattitude.com\/index.php\/wp-json\/wp\/v2\/comments?post=15266"}],"wp:featuredmedia":[{"embeddable":true,"href":"https:\/\/www.zolattitude.com\/index.php\/wp-json\/wp\/v2\/media\/15267"}],"wp:attachment":[{"href":"https:\/\/www.zolattitude.com\/index.php\/wp-json\/wp\/v2\/media?parent=15266"}],"wp:term":[{"taxonomy":"store","embeddable":true,"href":"https:\/\/www.zolattitude.com\/index.php\/wp-json\/wp\/v2\/store?post=15266"},{"taxonomy":"product_brand","embeddable":true,"href":"https:\/\/www.zolattitude.com\/index.php\/wp-json\/wp\/v2\/product_brand?post=15266"},{"taxonomy":"product_cat","embeddable":true,"href":"https:\/\/www.zolattitude.com\/index.php\/wp-json\/wp\/v2\/product_cat?post=15266"},{"taxonomy":"product_tag","embeddable":true,"href":"https:\/\/www.zolattitude.com\/index.php\/wp-json\/wp\/v2\/product_tag?post=15266"}],"curies":[{"name":"wp","href":"https:\/\/api.w.org\/{rel}","templated":true}]}}