{"id":15439,"date":"2025-12-24T21:32:33","date_gmt":"2025-12-24T21:32:33","guid":{"rendered":"https:\/\/www.zolattitude.com\/index.php\/product\/milk-thistle-10000mg-pure-essence-80-silymarin-320mg-and-choline-200mg-liver-detox-no-toxic-metals-no-allergens-no-gmo-40-vegetable-capsules-api-nature\/"},"modified":"2025-12-24T21:32:42","modified_gmt":"2025-12-24T21:32:42","slug":"milk-thistle-10000mg-pure-essence-80-silymarin-320mg-and-choline-200mg-liver-detox-no-toxic-metals-no-allergens-no-gmo-40-vegetable-capsules-api-nature","status":"publish","type":"product","link":"https:\/\/www.zolattitude.com\/index.php\/product\/milk-thistle-10000mg-pure-essence-80-silymarin-320mg-and-choline-200mg-liver-detox-no-toxic-metals-no-allergens-no-gmo-40-vegetable-capsules-api-nature\/","title":{"rendered":"Milk Thistle 10000mg Pure Essence | 80% Silymarin (320mg) and Choline (200mg) | Liver Detox | No Toxic Metals, No Allergens, No GMO | 40 Vegetable Capsules | Api-Nature"},"content":{"rendered":"<p>Price: <span style=\"color:#b12704\"><del>\u20ac15.41<\/del> - \u20ac16.38<\/span><br \/><i><small>(as of Dec 24, 2025 21:32:33 UTC &#8211; <span class=\"wp_automatic_amazon_disclaimer\" title=\"Product prices and availability are accurate as of the date\/time indicated and are subject to change. Any price and availability information displayed on [relevant Amazon Site(s), as applicable] at the time of purchase will apply to the purchase of this product.\">Details<\/span>)<\/small><\/i><br \/><a href=\"https:\/\/amazon.fr\/dp\/B00KGMQ29K?tag=onamzmoukoubl-21\"><img decoding=\"async\" src=\"https:\/\/valvepress.s3.amazonaws.com\/imgs\/buy_now.png\"><\/a><br \/>\n<\/p>\n<p>                                             From the brand   <\/p>\n<p>                                             <img decoding=\"async\" alt=\"aplus content image\" src=\"https:\/\/images-na.ssl-images-amazon.com\/images\/G\/01\/x-locale\/common\/grey-pixel.gif\" class=\"a-lazy-loaded\" data-src=\"https:\/\/m.media-amazon.com\/images\/S\/aplus-media-library-service-media\/6c6a08df-763a-4936-bd8f-575a19a7727c.__CR0,0,1464,625_PT0_SX1464_V1___.png\"><img decoding=\"async\" alt=\"aplus content image\" src=\"https:\/\/m.media-amazon.com\/images\/S\/aplus-media-library-service-media\/6c6a08df-763a-4936-bd8f-575a19a7727c.__CR0,0,1464,625_PT0_SX1464_V1___.png\">  <\/p>\n<p>                                             <img decoding=\"async\" alt=\"\" src=\"https:\/\/images-na.ssl-images-amazon.com\/images\/G\/01\/x-locale\/common\/grey-pixel.gif\" class=\"a-lazy-loaded\" data-src=\"https:\/\/m.media-amazon.com\/images\/S\/aplus-media-library-service-media\/f9a5120d-852e-4a91-a40b-a0a75c2cd86d.__CR0,0,630,290_PT0_SX315_V1___.jpg\"><img decoding=\"async\" alt=\"\" src=\"https:\/\/m.media-amazon.com\/images\/S\/aplus-media-library-service-media\/f9a5120d-852e-4a91-a40b-a0a75c2cd86d.__CR0,0,630,290_PT0_SX315_V1___.jpg\">  <\/p>\n<h3> 50 ans d\u2019expertise naturelle <\/h3>\n<p> Depuis 1975, nous d\u00e9veloppons des produits qui allient qualit\u00e9, bien-\u00eatre et respect de la nature. Fid\u00e8les \u00e0 notre vision d\u2019origine, nous cr\u00e9ons des solutions pens\u00e9es pour accompagner les familles au quotidien et inspirer un mode de vie plus sain, durable et connect\u00e9 \u00e0 l\u2019essentiel. <\/p>\n<h3> Achetez nos best-sellers <\/h3>\n<p> Product Dimensions                                            \u200f                                            :                                            \u200e                                            5 x 9 x 5 cm; 127.29 g   <br \/> Manufacturer                                            \u200f                                            :                                            \u200e                                            Api-Nature   <br \/> ASIN                                            \u200f                                            :                                            \u200e                                            B00KGMQ29K   <br \/> Country of origin                                            \u200f                                            :                                            \u200e                                            Spain   <br \/>  Customer reviews:                                                                                            4.2               4.2 out of 5 stars                                  (34)                                              var dpAcrHasRegisteredArcLinkClickAction;                    P.when(&#8216;A&#8217;, &#8216;ready&#8217;).execute(function(A) {                        if (dpAcrHasRegisteredArcLinkClickAction !== true) {                            dpAcrHasRegisteredArcLinkClickAction = true;                            A.declarative(                                &#8216;acrLink-click-metrics&#8217;, &#8216;click&#8217;,                                { &#8220;allowLinkDefault&#8221;: true },                                function (event) {                                    if (window.ue) {                                        ue.count(&#8220;acrLinkClickCount&#8221;, (ue.count(&#8220;acrLinkClickCount&#8221;) || 0) + 1);                                    }                                }                            );                        }                    });                                             P.when(&#8216;A&#8217;, &#8216;cf&#8217;).execute(function(A) {                A.declarative(&#8216;acrStarsLink-click-metrics&#8217;, &#8216;click&#8217;, { &#8220;allowLinkDefault&#8221; : true },  function(event){                    if(window.ue) {                        ue.count(&#8220;acrStarsLinkWithPopoverClickCount&#8221;, (ue.count(&#8220;acrStarsLinkWithPopoverClickCount&#8221;) || 0) + 1);                    }                });            });                          <br \/>\u27a1 ADVANCED LIVER DETOXIFICATION: Discover the purifying power of Milk Thistle Pure Essence, designed to support and strengthen liver function. Rich in silymarin, this dietary supplement works in more than 500 essential body functions, ensuring a deep detox and a vital renewal.<br \/>\u2615 CONCENTRATED AND STANDARDIZED EXTRACTION: Enjoy the maximized benefits with our natural extract of Silybum marianum, concentrated at a ratio of 25:1. Each capsule provides 320 mg of silymarin, guaranteeing optimal potency and effectiveness thanks to rigorous standardization at 80%.<br \/>Our commitment to safety and quality is demonstrated by rigorous controls, ensuring the absence of heavy metals and toxic substances. Choosing Milk Thistle Pure Essence means opting for unparalleled purity and peace of mind.<br \/>\u27a1 VEGETALIAN AND HYPOALLERGENIC FORMULA: Suitable for everyone, including vegans, our supplement comes in the form of vegetable capsules in an ecological glass bottle. Taking one capsule a day is enough to revitalize and purify your liver naturally<br \/>Innovation and tradition for your well-being: Api-Nature combines ancestral wisdom with contemporary progress in well-being. With over 40 years of experience, we select the purest ingredients, processed in our GMP and HACCP facilities. Celebrate life with the best of nature and innovation.<\/p>\n\n","protected":false},"excerpt":{"rendered":"<p> From the brand 50 ans d\u2019expertise naturelle Depuis 1975, nous d\u00e9veloppons des produits qui allient qualit\u00e9, bien-\u00eatre et respect de la nature. Fid\u00e8les \u00e0 notre vision d\u2019origine, nous cr\u00e9ons des solutions pens\u00e9es pour accompagner les familles au quotidien et inspirer un mode de vie plus sain, durable et connect\u00e9 \u00e0 [&hellip;]<\/p>\n","protected":false},"featured_media":15440,"comment_status":"open","ping_status":"closed","template":"","meta":{"_gspb_post_css":"","om_disable_all_campaigns":false,"_monsterinsights_skip_tracking":false,"_monsterinsights_sitenote_active":false,"_monsterinsights_sitenote_note":"","_monsterinsights_sitenote_category":0},"store":[],"product_brand":[],"product_cat":[156],"product_tag":[1552,2821,4321,4324,3402,198,1398,442,2259,1787,448,4323,541,213,1722,542,4322,197],"class_list":{"0":"post-15439","1":"product","2":"type-product","3":"status-publish","4":"has-post-thumbnail","6":"product_cat-foie-drainage","7":"product_tag-10000mg","8":"product_tag-200mg","9":"product_tag-320mg","10":"product_tag-allergens","11":"product_tag-apinature","12":"product_tag-capsules","13":"product_tag-choline","14":"product_tag-detox","15":"product_tag-essence","16":"product_tag-gmo","17":"product_tag-liver","18":"product_tag-metals","19":"product_tag-milk","20":"product_tag-pure","21":"product_tag-silymarin","22":"product_tag-thistle","23":"product_tag-toxic","24":"product_tag-vegetable","26":"first","27":"instock","28":"shipping-taxable","29":"product-type-external"},"aioseo_notices":[],"jetpack_sharing_enabled":true,"_links":{"self":[{"href":"https:\/\/www.zolattitude.com\/index.php\/wp-json\/wp\/v2\/product\/15439","targetHints":{"allow":["GET"]}}],"collection":[{"href":"https:\/\/www.zolattitude.com\/index.php\/wp-json\/wp\/v2\/product"}],"about":[{"href":"https:\/\/www.zolattitude.com\/index.php\/wp-json\/wp\/v2\/types\/product"}],"replies":[{"embeddable":true,"href":"https:\/\/www.zolattitude.com\/index.php\/wp-json\/wp\/v2\/comments?post=15439"}],"wp:featuredmedia":[{"embeddable":true,"href":"https:\/\/www.zolattitude.com\/index.php\/wp-json\/wp\/v2\/media\/15440"}],"wp:attachment":[{"href":"https:\/\/www.zolattitude.com\/index.php\/wp-json\/wp\/v2\/media?parent=15439"}],"wp:term":[{"taxonomy":"store","embeddable":true,"href":"https:\/\/www.zolattitude.com\/index.php\/wp-json\/wp\/v2\/store?post=15439"},{"taxonomy":"product_brand","embeddable":true,"href":"https:\/\/www.zolattitude.com\/index.php\/wp-json\/wp\/v2\/product_brand?post=15439"},{"taxonomy":"product_cat","embeddable":true,"href":"https:\/\/www.zolattitude.com\/index.php\/wp-json\/wp\/v2\/product_cat?post=15439"},{"taxonomy":"product_tag","embeddable":true,"href":"https:\/\/www.zolattitude.com\/index.php\/wp-json\/wp\/v2\/product_tag?post=15439"}],"curies":[{"name":"wp","href":"https:\/\/api.w.org\/{rel}","templated":true}]}}