{"id":15494,"date":"2025-12-24T22:56:46","date_gmt":"2025-12-24T22:56:46","guid":{"rendered":"https:\/\/www.zolattitude.com\/index.php\/product\/zinc-25mg-vitamin-c-triple-zinc-food-supplement-high-power-full-spectrum-formula-vitamin-c-zinc-3-forms-zinc-picolinate-zinc-bisglycinate-monomethionine-180-capsules\/"},"modified":"2025-12-24T22:57:12","modified_gmt":"2025-12-24T22:57:12","slug":"zinc-25mg-vitamin-c-triple-zinc-food-supplement-high-power-full-spectrum-formula-vitamin-c-zinc-3-forms-zinc-picolinate-zinc-bisglycinate-monomethionine-180-capsules","status":"publish","type":"product","link":"https:\/\/www.zolattitude.com\/index.php\/product\/zinc-25mg-vitamin-c-triple-zinc-food-supplement-high-power-full-spectrum-formula-vitamin-c-zinc-3-forms-zinc-picolinate-zinc-bisglycinate-monomethionine-180-capsules\/","title":{"rendered":"Zinc 25mg + Vitamin C &#8211; Triple Zinc Food Supplement High Power Full Spectrum Formula Vitamin C Zinc 3 Forms: Zinc Picolinate, Zinc Bisglycinate + Monomethionine &#8211; 180 Capsules"},"content":{"rendered":"<p>Price: <span style=\"color:#b12704\">\u20ac16.99<\/span><br \/><i><small>(as of Dec 24, 2025 22:56:47 UTC &#8211; <span class=\"wp_automatic_amazon_disclaimer\" title=\"Product prices and availability are accurate as of the date\/time indicated and are subject to change. Any price and availability information displayed on [relevant Amazon Site(s), as applicable] at the time of purchase will apply to the purchase of this product.\">Details<\/span>)<\/small><\/i><br \/><a href=\"https:\/\/amazon.fr\/dp\/B08HZGF7B4?tag=onamzmoukoubl-21\"><img decoding=\"async\" src=\"https:\/\/valvepress.s3.amazonaws.com\/imgs\/buy_now.png\"><\/a><br \/>\n<\/p>\n<p>                                             From the brand   <\/p>\n<p>                                             <img decoding=\"async\" alt=\"aavalabs\" src=\"https:\/\/images-na.ssl-images-amazon.com\/images\/G\/01\/x-locale\/common\/grey-pixel.gif\" class=\"a-lazy-loaded\" data-src=\"https:\/\/m.media-amazon.com\/images\/S\/aplus-media-library-service-media\/5db7a568-209d-48f6-8da7-fcd62c56938a.__CR0,0,1464,625_PT0_SX1464_V1___.jpg\"><img decoding=\"async\" alt=\"aavalabs\" src=\"https:\/\/m.media-amazon.com\/images\/S\/aplus-media-library-service-media\/5db7a568-209d-48f6-8da7-fcd62c56938a.__CR0,0,1464,625_PT0_SX1464_V1___.jpg\">  <\/p>\n<h3> Nouveaux produits <\/h3>\n<p class=\"apm-brand-story-stores-link\">\n<h3> Nouveaux produits <\/h3>\n<p class=\"apm-brand-story-stores-link\">\n<h3> Nouveaux produits <\/h3>\n<p class=\"apm-brand-story-stores-link\">\n<h3> Les plus populaires <\/h3>\n<p class=\"apm-brand-story-stores-link\">\n<h3> Soutien immunitaire <\/h3>\n<p class=\"apm-brand-story-stores-link\">\n<h3> \u00c9nergie et \u00e9quilibre <\/h3>\n<p class=\"apm-brand-story-stores-link\">\n<h3> Beaut\u00e9 et anti-\u00e2ge <\/h3>\n<p class=\"apm-brand-story-stores-link\">\n<p>                                             <img decoding=\"async\" alt=\"aavalabs\" src=\"https:\/\/images-na.ssl-images-amazon.com\/images\/G\/01\/x-locale\/common\/grey-pixel.gif\" class=\"a-lazy-loaded\" data-src=\"https:\/\/m.media-amazon.com\/images\/S\/aplus-media-library-service-media\/38727815-6bd3-40ce-b38d-5495f919b139.__CR0,0,757,947_PT0_SX362_V1___.jpg\"><img decoding=\"async\" alt=\"aavalabs\" src=\"https:\/\/m.media-amazon.com\/images\/S\/aplus-media-library-service-media\/38727815-6bd3-40ce-b38d-5495f919b139.__CR0,0,757,947_PT0_SX362_V1___.jpg\">  <\/p>\n<p>                                             <img decoding=\"async\" alt=\"aavalabs\" src=\"https:\/\/images-na.ssl-images-amazon.com\/images\/G\/01\/x-locale\/common\/grey-pixel.gif\" class=\"a-lazy-loaded\" data-src=\"https:\/\/m.media-amazon.com\/images\/S\/aplus-media-library-service-media\/1f231341-4b0e-45af-8a86-9325ebea880d.__CR0,0,757,947_PT0_SX362_V1___.jpg\"><img decoding=\"async\" alt=\"aavalabs\" src=\"https:\/\/m.media-amazon.com\/images\/S\/aplus-media-library-service-media\/1f231341-4b0e-45af-8a86-9325ebea880d.__CR0,0,757,947_PT0_SX362_V1___.jpg\">  <\/p>\n<p>                                             <img decoding=\"async\" alt=\"valeurs aavalabs\" src=\"https:\/\/images-na.ssl-images-amazon.com\/images\/G\/01\/x-locale\/common\/grey-pixel.gif\" class=\"a-lazy-loaded\" data-src=\"https:\/\/m.media-amazon.com\/images\/S\/aplus-media-library-service-media\/413bcafe-3e30-41bf-8e44-4cf89e52b255.__CR0,0,758,948_PT0_SX362_V1___.jpg\"><img decoding=\"async\" alt=\"valeurs aavalabs\" src=\"https:\/\/m.media-amazon.com\/images\/S\/aplus-media-library-service-media\/413bcafe-3e30-41bf-8e44-4cf89e52b255.__CR0,0,758,948_PT0_SX362_V1___.jpg\">  <\/p>\n<p> Package Dimensions                                            \u200f                                            :                                            \u200e                                            12.5 x 7.1 x 6.9 cm; 85 g   <br \/> Manufacturer                                            \u200f                                            :                                            \u200e                                            AAVALABS   <br \/> ASIN                                            \u200f                                            :                                            \u200e                                            B08HZGF7B4   <br \/> Manufacturer reference                                            \u200f                                            :                                            \u200e                                            FR_Aava_Triple_Zinc_180_01   <br \/> Country of origin                                            \u200f                                            :                                            \u200e                                            Spain   <br \/>  Customer reviews:                                                                                            4.4               4.4 out of 5 stars                                  (386)                                              var dpAcrHasRegisteredArcLinkClickAction;                    P.when(&#8216;A&#8217;, &#8216;ready&#8217;).execute(function(A) {                        if (dpAcrHasRegisteredArcLinkClickAction !== true) {                            dpAcrHasRegisteredArcLinkClickAction = true;                            A.declarative(                                &#8216;acrLink-click-metrics&#8217;, &#8216;click&#8217;,                                { &#8220;allowLinkDefault&#8221;: true },                                function (event) {                                    if (window.ue) {                                        ue.count(&#8220;acrLinkClickCount&#8221;, (ue.count(&#8220;acrLinkClickCount&#8221;) || 0) + 1);                                    }                                }                            );                        }                    });                                             P.when(&#8216;A&#8217;, &#8216;cf&#8217;).execute(function(A) {                A.declarative(&#8216;acrStarsLink-click-metrics&#8217;, &#8216;click&#8217;, { &#8220;allowLinkDefault&#8221; : true },  function(event){                    if(window.ue) {                        ue.count(&#8220;acrStarsLinkWithPopoverClickCount&#8221;, (ue.count(&#8220;acrStarsLinkWithPopoverClickCount&#8221;) || 0) + 1);                    }                });            });                          <br \/>\u27a4 ZINC 3-in-1 food supplement: Triple Zinc food supplement is a high potency formula, with 25mg of elemental zinc per dose. AAVALABS has selected the three most bioavailable forms of Zinc: Zinc Picolinate, Zinc Bisglycinate, Monomethionine. For maximum absorption, we added vitamin C, extracted from the fruit of Acerola, which contributes to the normal functioning of the immune and nervous systems. 180 capsules, for a 6 month supply<br \/>\u27a4 VITAMIN C ZINC HOLISTIC SUPPORT: Thanks to Triple Zinc, we help you strengthen your body from the inside. In addition to Vitamin C, zinc contributes to the proper functioning of the immune system while protecting cells from fatigue and oxidative stress. Zinc contributes to the maintenance of normal cognitive function and the synthesis of DNA. It also supports macronutrient metabolism, including carbohydrates and fatty acids<br \/>\u27a4 EFFECTIVE ANTIOXIDANT: Zinc is an antioxidant that helps maintain hair, nails, bones and normal skin. At AVAALABS, sharing the purity and freshness of our products is a vocation. To do this, we combine the calm of nature with the technological prowess of today, while selecting high-quality ingredients and making them as bioavailable as possible. All our supplements are gluten-free, lactose free and non-GMO<br \/>\u27a4 RIGOROUS THIRD PARTY TESTING: Quality control is something we take very seriously. This is why we guarantee the best European quality and the best safety standards throughout the development and production phases. We carry out testing phases for each product which helps us maintain the optimal composition and physicochemical and organoleptic properties at the level of our GMP certified facility in Europe<br \/>\u27a4 AAVALABS 365 DAY MONEY BACK GUARANTEE: Our goal at AAVALABS is to help you live your life to the fullest, both physically and mentally. We also want you to shop with confidence. So if you are not 100% satisfied with any purchase, please let us know. We exceed Amazon&#8217;s 30-day return period by offering our customers a seamless 365-DAY MONEY BACK GUARANTEE on EVERY order!<\/p>\n\n","protected":false},"excerpt":{"rendered":"<p> From the brand Nouveaux produits Nouveaux produits Nouveaux produits Les plus populaires Soutien immunitaire \u00c9nergie et \u00e9quilibre Beaut\u00e9 et anti-\u00e2ge Package Dimensions \u200f : \u200e 12.5 x 7.1 x 6.9 cm; 85 g Manufacturer \u200f : \u200e AAVALABS ASIN \u200f : \u200e B08HZGF7B4 Manufacturer reference \u200f : \u200e FR_Aava_Triple_Zinc_180_01 Country [&hellip;]<\/p>\n","protected":false},"featured_media":15495,"comment_status":"open","ping_status":"closed","template":"","meta":{"_gspb_post_css":"","om_disable_all_campaigns":false,"_monsterinsights_skip_tracking":false,"_monsterinsights_sitenote_active":false,"_monsterinsights_sitenote_note":"","_monsterinsights_sitenote_category":0},"store":[],"product_brand":[],"product_cat":[143],"product_tag":[1505,293,198,199,1959,543,2851,294,4340,3917,1868,2998,200,485,178,172],"class_list":{"0":"post-15494","1":"product","2":"type-product","3":"status-publish","4":"has-post-thumbnail","6":"product_cat-mineraux","7":"product_tag-25mg","8":"product_tag-bisglycinate","9":"product_tag-capsules","10":"product_tag-food","11":"product_tag-forms","12":"product_tag-formula","13":"product_tag-full","14":"product_tag-high","15":"product_tag-monomethionine","16":"product_tag-picolinate","17":"product_tag-power","18":"product_tag-spectrum","19":"product_tag-supplement","20":"product_tag-triple","21":"product_tag-vitamin","22":"product_tag-zinc","24":"first","25":"instock","26":"shipping-taxable","27":"product-type-external"},"aioseo_notices":[],"jetpack_sharing_enabled":true,"_links":{"self":[{"href":"https:\/\/www.zolattitude.com\/index.php\/wp-json\/wp\/v2\/product\/15494","targetHints":{"allow":["GET"]}}],"collection":[{"href":"https:\/\/www.zolattitude.com\/index.php\/wp-json\/wp\/v2\/product"}],"about":[{"href":"https:\/\/www.zolattitude.com\/index.php\/wp-json\/wp\/v2\/types\/product"}],"replies":[{"embeddable":true,"href":"https:\/\/www.zolattitude.com\/index.php\/wp-json\/wp\/v2\/comments?post=15494"}],"wp:featuredmedia":[{"embeddable":true,"href":"https:\/\/www.zolattitude.com\/index.php\/wp-json\/wp\/v2\/media\/15495"}],"wp:attachment":[{"href":"https:\/\/www.zolattitude.com\/index.php\/wp-json\/wp\/v2\/media?parent=15494"}],"wp:term":[{"taxonomy":"store","embeddable":true,"href":"https:\/\/www.zolattitude.com\/index.php\/wp-json\/wp\/v2\/store?post=15494"},{"taxonomy":"product_brand","embeddable":true,"href":"https:\/\/www.zolattitude.com\/index.php\/wp-json\/wp\/v2\/product_brand?post=15494"},{"taxonomy":"product_cat","embeddable":true,"href":"https:\/\/www.zolattitude.com\/index.php\/wp-json\/wp\/v2\/product_cat?post=15494"},{"taxonomy":"product_tag","embeddable":true,"href":"https:\/\/www.zolattitude.com\/index.php\/wp-json\/wp\/v2\/product_tag?post=15494"}],"curies":[{"name":"wp","href":"https:\/\/api.w.org\/{rel}","templated":true}]}}