{"id":15820,"date":"2025-12-27T21:42:32","date_gmt":"2025-12-27T21:42:32","guid":{"rendered":"https:\/\/www.zolattitude.com\/index.php\/product\/livre-de-recettes-regime-anti-inflammatoire-pour-la-sante-intestinale-recettes-rapides-et-faciles-pour-restaurer-la-sante-intestinale-reduire-et-renforcer-limmunite-naturellement\/"},"modified":"2025-12-27T21:42:32","modified_gmt":"2025-12-27T21:42:32","slug":"livre-de-recettes-regime-anti-inflammatoire-pour-la-sante-intestinale-recettes-rapides-et-faciles-pour-restaurer-la-sante-intestinale-reduire-et-renforcer-limmunite-naturellement","status":"publish","type":"product","link":"https:\/\/www.zolattitude.com\/index.php\/product\/livre-de-recettes-regime-anti-inflammatoire-pour-la-sante-intestinale-recettes-rapides-et-faciles-pour-restaurer-la-sante-intestinale-reduire-et-renforcer-limmunite-naturellement\/","title":{"rendered":"LIVRE DE RECETTES R\u00c9GIME ANTI-INFLAMMATOIRE POUR LA SANT\u00c9 INTESTINALE: Recettes rapides et faciles pour restaurer la sant\u00e9 intestinale, r\u00e9duire &#8230; et renforcer l&#8217;immunit\u00e9 naturellement"},"content":{"rendered":"<p>Price: <span style=\"color:#b12704\"><del>\u20ac19.99<\/del> - \u20ac14.76<\/span><br \/><i><small>(as of Dec 27, 2025 21:42:32 UTC &#8211; <span class=\"wp_automatic_amazon_disclaimer\" title=\"Product prices and availability are accurate as of the date\/time indicated and are subject to change. Any price and availability information displayed on [relevant Amazon Site(s), as applicable] at the time of purchase will apply to the purchase of this product.\">Details<\/span>)<\/small><\/i><br \/><a href=\"https:\/\/amazon.fr\/dp\/B0FG88GQDC?tag=onamzmoukoubl-21\"><img decoding=\"async\" src=\"https:\/\/valvepress.s3.amazonaws.com\/imgs\/buy_now.png\"><\/a><br \/>\n<\/p>\n<p>Et si votre intestin essayait de vous dire quelque chose \u2014 \u00e0 travers le brouillard c\u00e9r\u00e9bral, la fatigue ou une prise de poids persistante ?<br \/>Saviez-vous que plus de 70 % de votre syst\u00e8me immunitaire r\u00e9side dans votre intestin, et qu\u2019une mauvaise sant\u00e9 intestinale est d\u00e9sormais li\u00e9e \u00e0 des troubles tels que la fatigue chronique, l\u2019anxi\u00e9t\u00e9, le brouillard mental, les maladies auto-immunes, et m\u00eame la prise de poids ? Avec plus de 40 % de la population mondiale affect\u00e9e par des maladies digestives, prendre soin de votre intestin n\u2019est plus une option \u2014 c\u2019est une priorit\u00e9.<\/p>\n<p>LE R\u00c9GIME ANTI-INFLAMMATOIRE POUR LA SANT\u00c9 INTESTINALE est votre guide complet pour r\u00e9tablir l\u2019\u00e9quilibre, r\u00e9duire l\u2019inflammation et raviver votre \u00e9nergie de l\u2019int\u00e9rieur. Fond\u00e9 sur la science et ancr\u00e9 dans une alimentation naturelle et pratique, ce livre ne propose pas seulement des recettes \u2014 il vous offre une feuille de route claire vers une sant\u00e9 \u00e9clatante. D\u00e9couvrez comment les aliments du quotidien peuvent soit enflammer, soit gu\u00e9rir votre intestin, et apprenez \u00e0 faire des choix conscients qui apaisent votre syst\u00e8me digestif tout en r\u00e9galant vos papilles.<br \/>Dans LE R\u00c9GIME ANTI-INFLAMMATOIRE POUR LA SANT\u00c9 INTESTINALE, vous trouverez :<br \/>&#8211; Plus de 120 recettes curatives et anti-inflammatoires inspir\u00e9es de la cuisine fran\u00e7aise nourrissante<br \/>&#8211; Un plan de repas de 30 jours adapt\u00e9 aux d\u00e9butants pour relancer la r\u00e9paration intestinale<br \/>&#8211; Des conseils \u00e9clair\u00e9s sur les aliments d\u00e9clencheurs, les ingr\u00e9dients b\u00e9n\u00e9fiques pour l\u2019intestin et les habitudes de vie qui soutiennent un changement durable<br \/>&#8211; Des astuces simples sur l\u2019hydratation, la gestion du stress, le mouvement et le sommeil \u2014 les piliers du bien-\u00eatre intestinal total<br \/>Que vous souffriez de ballonnements, de digestion irr\u00e9guli\u00e8re, de sensibilit\u00e9s alimentaires, ou que vous souhaitiez simplement pr\u00e9venir l\u2019inflammation chronique, ce livre vous donne les outils, les connaissances et les plats savoureux qui travaillent avec votre corps \u2014 et non contre lui.<br \/>N\u2019attendez pas que votre corps vous force \u00e0 \u00e9couter. Prenez le contr\u00f4le de votre sant\u00e9 intestinale, activez vos pouvoirs de gu\u00e9rison naturelle, et ressentez la transformation de l\u2019int\u00e9rieur vers l\u2019ext\u00e9rieur.<br \/>Votre chemin vers un esprit plus clair, un corps plus l\u00e9ger et une immunit\u00e9 renforc\u00e9e commence maintenant.<br \/>Cliquez sur le bouton \u00ab Ajouter au panier \u00bb et obtenez votre exemplaire aujourd\u2019hui \u2014 votre intestin et votre futur vous vous en remercieront.    <br \/>ASIN                                            \u200f                                            :                                            \u200e                                                        B0FG88GQDC       <br \/> Publisher                                            \u200f                                            :                                            \u200e                                                        Independently published       <br \/> Publication date                                            \u200f                                            :                                            \u200e                                                        30 Jun. 2025       <br \/> Language                                            \u200f                                            :                                            \u200e                                            French   <br \/> Print length                                            \u200f                                            :                                            \u200e                                                        196 pages       <br \/> ISBN-13                                            \u200f                                            :                                            \u200e                                                        979-8290311319       <br \/> Item weight                                            \u200f                                            :                                            \u200e                                            581 g   <br \/> Dimensions                                            \u200f                                            :                                            \u200e                                                        21.59 x 1.14 x 27.94 cm       <br \/>       Best Sellers Rank:  1,493,147 in Books (See Top 100 in Books)    301 in Low Carbohydrate Diets   383 in Food for Allergies   827 in Low Carb Diet      <br \/><\/p>\n","protected":false},"excerpt":{"rendered":"<p> Et si votre intestin essayait de vous dire quelque chose \u2014 \u00e0 travers le brouillard c\u00e9r\u00e9bral, la fatigue ou une prise de poids persistante ?Saviez-vous que plus de 70 % de votre syst\u00e8me immunitaire r\u00e9side dans votre intestin, et qu\u2019une mauvaise sant\u00e9 intestinale est d\u00e9sormais li\u00e9e \u00e0 des troubles tels [&hellip;]<\/p>\n","protected":false},"featured_media":15821,"comment_status":"open","ping_status":"closed","template":"","meta":{"_gspb_post_css":"","om_disable_all_campaigns":false,"_monsterinsights_skip_tracking":false,"_monsterinsights_sitenote_active":false,"_monsterinsights_sitenote_note":"","_monsterinsights_sitenote_category":0},"store":[],"product_brand":[],"product_cat":[154],"product_tag":[4408,4410,889,4414,4213,4415,302,4409,4406,4412,4407,4413,4411,888],"class_list":{"0":"post-15820","1":"product","2":"type-product","3":"status-publish","4":"has-post-thumbnail","6":"product_cat-sante-intestinale","7":"product_tag-antiinflammatoire","8":"product_tag-faciles","9":"product_tag-intestinale","10":"product_tag-limmunite","11":"product_tag-livre","12":"product_tag-naturellement","13":"product_tag-pour","14":"product_tag-rapides","15":"product_tag-recettes","16":"product_tag-reduire","17":"product_tag-regime","18":"product_tag-renforcer","19":"product_tag-restaurer","20":"product_tag-sante","22":"first","23":"instock","24":"sale","25":"shipping-taxable","26":"product-type-external"},"aioseo_notices":[],"jetpack_sharing_enabled":true,"_links":{"self":[{"href":"https:\/\/www.zolattitude.com\/index.php\/wp-json\/wp\/v2\/product\/15820","targetHints":{"allow":["GET"]}}],"collection":[{"href":"https:\/\/www.zolattitude.com\/index.php\/wp-json\/wp\/v2\/product"}],"about":[{"href":"https:\/\/www.zolattitude.com\/index.php\/wp-json\/wp\/v2\/types\/product"}],"replies":[{"embeddable":true,"href":"https:\/\/www.zolattitude.com\/index.php\/wp-json\/wp\/v2\/comments?post=15820"}],"wp:featuredmedia":[{"embeddable":true,"href":"https:\/\/www.zolattitude.com\/index.php\/wp-json\/wp\/v2\/media\/15821"}],"wp:attachment":[{"href":"https:\/\/www.zolattitude.com\/index.php\/wp-json\/wp\/v2\/media?parent=15820"}],"wp:term":[{"taxonomy":"store","embeddable":true,"href":"https:\/\/www.zolattitude.com\/index.php\/wp-json\/wp\/v2\/store?post=15820"},{"taxonomy":"product_brand","embeddable":true,"href":"https:\/\/www.zolattitude.com\/index.php\/wp-json\/wp\/v2\/product_brand?post=15820"},{"taxonomy":"product_cat","embeddable":true,"href":"https:\/\/www.zolattitude.com\/index.php\/wp-json\/wp\/v2\/product_cat?post=15820"},{"taxonomy":"product_tag","embeddable":true,"href":"https:\/\/www.zolattitude.com\/index.php\/wp-json\/wp\/v2\/product_tag?post=15820"}],"curies":[{"name":"wp","href":"https:\/\/api.w.org\/{rel}","templated":true}]}}