{"id":16125,"date":"2025-12-30T19:52:07","date_gmt":"2025-12-30T19:52:07","guid":{"rendered":"https:\/\/www.zolattitude.com\/index.php\/product\/silver-msm-25-liquid-dropper-50-ml\/"},"modified":"2025-12-30T19:52:13","modified_gmt":"2025-12-30T19:52:13","slug":"silver-msm-25-liquid-dropper-50-ml","status":"publish","type":"product","link":"https:\/\/www.zolattitude.com\/index.php\/product\/silver-msm-25-liquid-dropper-50-ml\/","title":{"rendered":"Silver-MSM 25 Liquid Dropper 50 ml"},"content":{"rendered":"<p>Price: <span style=\"color:#b12704\">\u20ac24.99<\/span><br \/><i><small>(as of Dec 30, 2025 19:52:07 UTC &#8211; <span class=\"wp_automatic_amazon_disclaimer\" title=\"Product prices and availability are accurate as of the date\/time indicated and are subject to change. Any price and availability information displayed on [relevant Amazon Site(s), as applicable] at the time of purchase will apply to the purchase of this product.\">Details<\/span>)<\/small><\/i><br \/><a href=\"https:\/\/amazon.fr\/dp\/B006VBCFH8?tag=onamzmoukoubl-21\"><img decoding=\"async\" src=\"https:\/\/valvepress.s3.amazonaws.com\/imgs\/buy_now.png\"><\/a><br \/>\n<\/p>\n<p>                                             From the brand   <\/p>\n<p>                                             <img decoding=\"async\" alt=\"\" src=\"https:\/\/images-na.ssl-images-amazon.com\/images\/G\/01\/x-locale\/common\/grey-pixel.gif\" class=\"a-lazy-loaded\" data-src=\"https:\/\/m.media-amazon.com\/images\/S\/aplus-media-library-service-media\/e9387dc0-024d-4389-906e-02bc5463e673.__CR0,231,4240,1810_PT0_SX1464_V1___.jpg\"><img decoding=\"async\" alt=\"\" src=\"https:\/\/m.media-amazon.com\/images\/S\/aplus-media-library-service-media\/e9387dc0-024d-4389-906e-02bc5463e673.__CR0,231,4240,1810_PT0_SX1464_V1___.jpg\">  <\/p>\n<h3> argentum plus <\/h3>\n<p> Soin de la peau innovant, purement naturel, avec l&#8217;action antimicrobienne du MicroSilverTM pur et le pouvoir de gu\u00e9rison de MSM <\/p>\n<p>                                             <img decoding=\"async\" alt=\"\" src=\"https:\/\/images-na.ssl-images-amazon.com\/images\/G\/01\/x-locale\/common\/grey-pixel.gif\" class=\"a-lazy-loaded\" data-src=\"https:\/\/m.media-amazon.com\/images\/S\/aplus-media-library-service-media\/e04753ac-b003-46d7-9a97-b787651b45a9.__CR0,131,957,441_PT0_SX315_V1___.jpg\"><img decoding=\"async\" alt=\"\" src=\"https:\/\/m.media-amazon.com\/images\/S\/aplus-media-library-service-media\/e04753ac-b003-46d7-9a97-b787651b45a9.__CR0,131,957,441_PT0_SX315_V1___.jpg\">  <\/p>\n<p> Living Energy Systems est sp\u00e9cialis\u00e9 dans la fabrication de soins de la peau purement naturels. Nos produits combinent de l&#8217;argent, qui a un effet antimicrobien naturel, avec le m\u00e9thylsulfonylm\u00e9thane pour pr\u00e9server la sant\u00e9 de la peau. Nous sommes une entreprise allemande mais bas\u00e9e en Angleterre depuis 1998. \u00c0 ce jour, nous travaillons ind\u00e9pendamment et surveillons la fabrication de chaque produit dans notre usine du Devon. <\/p>\n<p>                                             <img decoding=\"async\" alt=\"\" src=\"https:\/\/images-na.ssl-images-amazon.com\/images\/G\/01\/x-locale\/common\/grey-pixel.gif\" class=\"a-lazy-loaded\" data-src=\"https:\/\/m.media-amazon.com\/images\/S\/aplus-media-library-service-media\/58b3ca3f-c9fc-4a79-b1cb-9270d5624f55.__CR0,0,615,769_PT0_SX362_V1___.png\"><img decoding=\"async\" alt=\"\" src=\"https:\/\/m.media-amazon.com\/images\/S\/aplus-media-library-service-media\/58b3ca3f-c9fc-4a79-b1cb-9270d5624f55.__CR0,0,615,769_PT0_SX362_V1___.png\">  <\/p>\n<h3> Ingr\u00e9dients purement naturels <\/h3>\n<p> Nous n&#8217;utilisons pas de cr\u00e8me de base DAC. Notre cr\u00e8me populaire d&#8217;argent MSM est fabriqu\u00e9e \u00e0 partir d&#8217;huiles v\u00e9g\u00e9tales press\u00e9es \u00e0 froid et de cire d&#8217;abeille. <\/p>\n<p>                                                         Qu&#8217;est-ce qui rend nos produits uniques ?                                       <\/p>\n<p> Ils combinent MicroSilverTM avec MSM, un compos\u00e9 soufre biologiquement disponible. Cela cr\u00e9e une action antimicrobienne accrue, utile dans le traitement de diverses maladies de la peau.  <\/p>\n<p>                                                         Utilisons-nous des ingr\u00e9dients de qualit\u00e9 ?                                       <\/p>\n<p> Nous utilisons MicroSilverTM, une forme s\u00fbre et efficace d&#8217;argent \u00e9l\u00e9mentaire, et 100 % pure OptiMSM. <\/p>\n<p>                                                         Nos produits sont-ils adapt\u00e9s aux peaux sensibles ?                                       <\/p>\n<p> Nos produits sont exempts de conservateurs irritants et de produits p\u00e9trochimiques, principalement non parfum\u00e9s et donc parfaits pour les peaux sensibles.  <\/p>\n<p> Is discontinued by manufacturer                                            \u200f                                            :                                            \u200e                                            No   <br \/> Package Dimensions                                            \u200f                                            :                                            \u200e                                            15.5 x 13.2 x 4.3 cm; 120 g   <br \/> Manufacturer                                            \u200f                                            :                                            \u200e                                            Living Energy Systems Ltd.   <br \/> ASIN                                            \u200f                                            :                                            \u200e                                            B006VBCFH8   <br \/> Item model number                                            \u200f                                            :                                            \u200e                                            csmsm-50d-25_FBAUK   <br \/> Country of origin                                            \u200f                                            :                                            \u200e                                            United Kingdom   <br \/>  Customer reviews:                                                                                            4.1               4.1 out of 5 stars                                  (170)                                              var dpAcrHasRegisteredArcLinkClickAction;                    P.when(&#8216;A&#8217;, &#8216;ready&#8217;).execute(function(A) {                        if (dpAcrHasRegisteredArcLinkClickAction !== true) {                            dpAcrHasRegisteredArcLinkClickAction = true;                            A.declarative(                                &#8216;acrLink-click-metrics&#8217;, &#8216;click&#8217;,                                { &#8220;allowLinkDefault&#8221;: true },                                function (event) {                                    if (window.ue) {                                        ue.count(&#8220;acrLinkClickCount&#8221;, (ue.count(&#8220;acrLinkClickCount&#8221;) || 0) + 1);                                    }                                }                            );                        }                    });                                             P.when(&#8216;A&#8217;, &#8216;cf&#8217;).execute(function(A) {                A.declarative(&#8216;acrStarsLink-click-metrics&#8217;, &#8216;click&#8217;, { &#8220;allowLinkDefault&#8221; : true },  function(event){                    if(window.ue) {                        ue.count(&#8220;acrStarsLinkWithPopoverClickCount&#8221;, (ue.count(&#8220;acrStarsLinkWithPopoverClickCount&#8221;) || 0) + 1);                    }                });            });                          <br \/>Standardized product that has been proven since 2005.<br \/>Continuous laboratory monitoring ensures safe use and effectiveness.<br \/>The combination of Silver and MSM in a single product increases the beneficial effects of each substance.<br \/>Packaged in an amber glass bottle with dropper cap.<\/p>\n\n","protected":false},"excerpt":{"rendered":"<p> From the brand argentum plus Soin de la peau innovant, purement naturel, avec l&#8217;action antimicrobienne du MicroSilverTM pur et le pouvoir de gu\u00e9rison de MSM Living Energy Systems est sp\u00e9cialis\u00e9 dans la fabrication de soins de la peau purement naturels. Nos produits combinent de l&#8217;argent, qui a un effet antimicrobien [&hellip;]<\/p>\n","protected":false},"featured_media":16126,"comment_status":"open","ping_status":"closed","template":"","meta":{"_gspb_post_css":"","om_disable_all_campaigns":false,"_monsterinsights_skip_tracking":false,"_monsterinsights_sitenote_active":false,"_monsterinsights_sitenote_note":"","_monsterinsights_sitenote_category":0},"store":[],"product_brand":[],"product_cat":[138],"product_tag":[4370,1000,4493],"class_list":{"0":"post-16125","1":"product","2":"type-product","3":"status-publish","4":"has-post-thumbnail","6":"product_cat-acide-hyaluronique-msm","7":"product_tag-dropper","8":"product_tag-liquid","9":"product_tag-silvermsm","11":"first","12":"instock","13":"shipping-taxable","14":"product-type-external"},"aioseo_notices":[],"jetpack_sharing_enabled":true,"_links":{"self":[{"href":"https:\/\/www.zolattitude.com\/index.php\/wp-json\/wp\/v2\/product\/16125","targetHints":{"allow":["GET"]}}],"collection":[{"href":"https:\/\/www.zolattitude.com\/index.php\/wp-json\/wp\/v2\/product"}],"about":[{"href":"https:\/\/www.zolattitude.com\/index.php\/wp-json\/wp\/v2\/types\/product"}],"replies":[{"embeddable":true,"href":"https:\/\/www.zolattitude.com\/index.php\/wp-json\/wp\/v2\/comments?post=16125"}],"wp:featuredmedia":[{"embeddable":true,"href":"https:\/\/www.zolattitude.com\/index.php\/wp-json\/wp\/v2\/media\/16126"}],"wp:attachment":[{"href":"https:\/\/www.zolattitude.com\/index.php\/wp-json\/wp\/v2\/media?parent=16125"}],"wp:term":[{"taxonomy":"store","embeddable":true,"href":"https:\/\/www.zolattitude.com\/index.php\/wp-json\/wp\/v2\/store?post=16125"},{"taxonomy":"product_brand","embeddable":true,"href":"https:\/\/www.zolattitude.com\/index.php\/wp-json\/wp\/v2\/product_brand?post=16125"},{"taxonomy":"product_cat","embeddable":true,"href":"https:\/\/www.zolattitude.com\/index.php\/wp-json\/wp\/v2\/product_cat?post=16125"},{"taxonomy":"product_tag","embeddable":true,"href":"https:\/\/www.zolattitude.com\/index.php\/wp-json\/wp\/v2\/product_tag?post=16125"}],"curies":[{"name":"wp","href":"https:\/\/api.w.org\/{rel}","templated":true}]}}