{"id":16583,"date":"2026-01-03T19:58:23","date_gmt":"2026-01-03T19:58:23","guid":{"rendered":"https:\/\/www.zolattitude.com\/index.php\/product\/hyaluronic-acid-powderpure-hyaluronic-acid-powder-for-skin-water-soluble-diy-facial-serum-for-facial-hydration-and-moisture-low-molecular-weight\/"},"modified":"2026-01-03T19:58:32","modified_gmt":"2026-01-03T19:58:32","slug":"hyaluronic-acid-powderpure-hyaluronic-acid-powder-for-skin-water-soluble-diy-facial-serum-for-facial-hydration-and-moisture-low-molecular-weight","status":"publish","type":"product","link":"https:\/\/www.zolattitude.com\/index.php\/product\/hyaluronic-acid-powderpure-hyaluronic-acid-powder-for-skin-water-soluble-diy-facial-serum-for-facial-hydration-and-moisture-low-molecular-weight\/","title":{"rendered":"Hyaluronic Acid Powder,Pure Hyaluronic Acid Powder For Skin, Water Soluble DIY Facial Serum for Facial Hydration and Moisture | Low Molecular Weight"},"content":{"rendered":"<p>Price: <span style=\"color:#b12704\"><del>\u20ac15.99<\/del> - \u20ac13.99<\/span><br \/><i><small>(as of Jan 03, 2026 19:58:23 UTC &#8211; <span class=\"wp_automatic_amazon_disclaimer\" title=\"Product prices and availability are accurate as of the date\/time indicated and are subject to change. Any price and availability information displayed on [relevant Amazon Site(s), as applicable] at the time of purchase will apply to the purchase of this product.\">Details<\/span>)<\/small><\/i><br \/><a href=\"https:\/\/amazon.fr\/dp\/B0FCG47NDL?tag=onamzmoukoubl-21\"><img decoding=\"async\" src=\"https:\/\/valvepress.s3.amazonaws.com\/imgs\/buy_now.png\"><\/a><br \/>\n<\/p>\n<p>                                             Product Description   <\/p>\n<p>                                                                            <img decoding=\"async\" alt=\"Le texte indique \u00ab POUDRE D'ACIDE HYALURONIQUE 100 % PURE \u00bb avec des ic\u00f4nes indiquant l'hydratation multicouche, l'\u00e9quilibre du tonus et des pores, la formation de collag\u00e8ne et l'am\u00e9lioration de la texture de la peau. Emballage bleu avec informations sur les soins de la peau.\" src=\"https:\/\/images-na.ssl-images-amazon.com\/images\/G\/01\/x-locale\/common\/grey-pixel.gif\" class=\"a-spacing-base a-lazy-loaded\" data-src=\"https:\/\/m.media-amazon.com\/images\/S\/aplus-media-library-service-media\/5d7dd9a0-306d-443e-837b-d9f56912c3a8.__CR0,0,970,600_PT0_SX970_V1___.jpg\"><img decoding=\"async\" alt=\"Le texte indique \u00ab POUDRE D'ACIDE HYALURONIQUE 100 % PURE \u00bb avec des ic\u00f4nes indiquant l'hydratation multicouche, l'\u00e9quilibre du tonus et des pores, la formation de collag\u00e8ne et l'am\u00e9lioration de la texture de la peau. Emballage bleu avec informations sur les soins de la peau.\" src=\"https:\/\/m.media-amazon.com\/images\/S\/aplus-media-library-service-media\/5d7dd9a0-306d-443e-837b-d9f56912c3a8.__CR0,0,970,600_PT0_SX970_V1___.jpg\">                                                                    <\/p>\n<p>                                                                            <img decoding=\"async\" alt=\"Le texte indique \u00ab TECHNOLOGIE \u00c0 DOUBLE POIDS MOL\u00c9CULAIRE \u00bb, \u00ab HA \u00c0 POIDS MOL\u00c9CULAIRE \u00c9LEV\u00c9 \u00bb, \u00ab HA \u00c0 FAIBLE POIDS MOL\u00c9CULAIRE \u00bb. Sch\u00e9ma scientifique montrant la technologie des soins de la peau avec fond d\u00e9grad\u00e9 bleu.\" src=\"https:\/\/images-na.ssl-images-amazon.com\/images\/G\/01\/x-locale\/common\/grey-pixel.gif\" class=\"a-spacing-base a-lazy-loaded\" data-src=\"https:\/\/m.media-amazon.com\/images\/S\/aplus-media-library-service-media\/164fdcfe-72ec-4c71-b01c-8e054dd31dc8.__CR0,0,970,600_PT0_SX970_V1___.jpg\"><img decoding=\"async\" alt=\"Le texte indique \u00ab TECHNOLOGIE \u00c0 DOUBLE POIDS MOL\u00c9CULAIRE \u00bb, \u00ab HA \u00c0 POIDS MOL\u00c9CULAIRE \u00c9LEV\u00c9 \u00bb, \u00ab HA \u00c0 FAIBLE POIDS MOL\u00c9CULAIRE \u00bb. Sch\u00e9ma scientifique montrant la technologie des soins de la peau avec fond d\u00e9grad\u00e9 bleu.\" src=\"https:\/\/m.media-amazon.com\/images\/S\/aplus-media-library-service-media\/164fdcfe-72ec-4c71-b01c-8e054dd31dc8.__CR0,0,970,600_PT0_SX970_V1___.jpg\">                                                                    <\/p>\n<p>                                                                            <img decoding=\"async\" alt=\"aplus content image\" src=\"https:\/\/images-na.ssl-images-amazon.com\/images\/G\/01\/x-locale\/common\/grey-pixel.gif\" class=\"a-spacing-base a-lazy-loaded\" data-src=\"https:\/\/m.media-amazon.com\/images\/S\/aplus-media-library-service-media\/fed2d262-31e3-4f49-81e3-b1539165034d.__CR0,0,970,600_PT0_SX970_V1___.jpg\"><img decoding=\"async\" alt=\"aplus content image\" src=\"https:\/\/m.media-amazon.com\/images\/S\/aplus-media-library-service-media\/fed2d262-31e3-4f49-81e3-b1539165034d.__CR0,0,970,600_PT0_SX970_V1___.jpg\">                                                                    <\/p>\n<p>                                                                            <img decoding=\"async\" alt=\"aplus content image\" src=\"https:\/\/images-na.ssl-images-amazon.com\/images\/G\/01\/x-locale\/common\/grey-pixel.gif\" class=\"a-spacing-base a-lazy-loaded\" data-src=\"https:\/\/m.media-amazon.com\/images\/S\/aplus-media-library-service-media\/b3855337-ab60-4371-bc1f-cef7b6ae23f3.__CR0,0,970,600_PT0_SX970_V1___.jpg\"><img decoding=\"async\" alt=\"aplus content image\" src=\"https:\/\/m.media-amazon.com\/images\/S\/aplus-media-library-service-media\/b3855337-ab60-4371-bc1f-cef7b6ae23f3.__CR0,0,970,600_PT0_SX970_V1___.jpg\">                                                                    <\/p>\n<p>                                                                            <img decoding=\"async\" alt=\"Le texte se lit comme suit : \u00ab Poudre d'acide hyaluronique pour la peau \u00bb. Guide d'instructions \u00e9tape par \u00e9tape montrant l'application du produit de soin de la peau avec une cuill\u00e8re \u00e0 mesurer et le processus de m\u00e9lange.\" src=\"https:\/\/images-na.ssl-images-amazon.com\/images\/G\/01\/x-locale\/common\/grey-pixel.gif\" class=\"a-spacing-base a-lazy-loaded\" data-src=\"https:\/\/m.media-amazon.com\/images\/S\/aplus-media-library-service-media\/dfaade0d-2117-48a7-abbf-cc0088a02571.__CR0,0,970,600_PT0_SX970_V1___.jpg\"><img decoding=\"async\" alt=\"Le texte se lit comme suit : \u00ab Poudre d'acide hyaluronique pour la peau \u00bb. Guide d'instructions \u00e9tape par \u00e9tape montrant l'application du produit de soin de la peau avec une cuill\u00e8re \u00e0 mesurer et le processus de m\u00e9lange.\" src=\"https:\/\/m.media-amazon.com\/images\/S\/aplus-media-library-service-media\/dfaade0d-2117-48a7-abbf-cc0088a02571.__CR0,0,970,600_PT0_SX970_V1___.jpg\">                                                                    <\/p>\n<p>                                                                            <img decoding=\"async\" alt=\"aplus content image\" src=\"https:\/\/images-na.ssl-images-amazon.com\/images\/G\/01\/x-locale\/common\/grey-pixel.gif\" class=\"a-spacing-base a-lazy-loaded\" data-src=\"https:\/\/m.media-amazon.com\/images\/S\/aplus-media-library-service-media\/3f5e453d-b716-4e9f-b8b3-87427f21ad50.__CR0,0,970,600_PT0_SX970_V1___.jpg\"><img decoding=\"async\" alt=\"aplus content image\" src=\"https:\/\/m.media-amazon.com\/images\/S\/aplus-media-library-service-media\/3f5e453d-b716-4e9f-b8b3-87427f21ad50.__CR0,0,970,600_PT0_SX970_V1___.jpg\">                                                                    <\/p>\n<p> Package Dimensions                                            \u200f                                            :                                            \u200e                                            18.2 x 13.6 x 1.5 cm; 130 g   <br \/> Manufacturer                                            \u200f                                            :                                            \u200e                                            lofuanna   <br \/> ASIN                                            \u200f                                            :                                            \u200e                                            B0FCG47NDL   <br \/> Manufacturer reference                                            \u200f                                            :                                            \u200e                                            L-TMZSF-120G   <br \/> Country of origin                                            \u200f                                            :                                            \u200e                                            China   <br \/>  Customer reviews:                                                                                            4.7               4.7 out of 5 stars                                  (36)                                              var dpAcrHasRegisteredArcLinkClickAction;                    P.when(&#8216;A&#8217;, &#8216;ready&#8217;).execute(function(A) {                        if (dpAcrHasRegisteredArcLinkClickAction !== true) {                            dpAcrHasRegisteredArcLinkClickAction = true;                            A.declarative(                                &#8216;acrLink-click-metrics&#8217;, &#8216;click&#8217;,                                { &#8220;allowLinkDefault&#8221;: true },                                function (event) {                                    if (window.ue) {                                        ue.count(&#8220;acrLinkClickCount&#8221;, (ue.count(&#8220;acrLinkClickCount&#8221;) || 0) + 1);                                    }                                }                            );                        }                    });                                             P.when(&#8216;A&#8217;, &#8216;cf&#8217;).execute(function(A) {                A.declarative(&#8216;acrStarsLink-click-metrics&#8217;, &#8216;click&#8217;, { &#8220;allowLinkDefault&#8221; : true },  function(event){                    if(window.ue) {                        ue.count(&#8220;acrStarsLinkWithPopoverClickCount&#8221;, (ue.count(&#8220;acrStarsLinkWithPopoverClickCount&#8221;) || 0) + 1);                    }                });            });                          <br \/>Hyaluronic Acid Powder: Pure Water Soluble Hyaluronic Acid Powder from lofuanna formulated with high quality, low molecular weight filler-free ingredients. Penetrate deep into the base of the skin, providing a more long-lasting and deep moisturizing experience.<br \/>Deep Hydration Powder: This powerful hyaluronic powder blocks moisture, stimulates collagen production and improves elasticity for firmer and smoother skin.<br \/>Easy to use: 3 g hyaluronic powder can make 100 ml of serum, just add 3 g of hyaluronic acid powder to 100 ml of purified water and wait for the solution to turn into a clear serum. The package comes with a spoon, 1 full spoon of powder weighs about 1g.<br \/>Deep Skin Hydration: The fine texture of the powder dissolves quickly in water, mixing it easily with serums, creams or face masks. Easily create custom facial mists, moisturizing masks or light serums, perfect for DIY skin care lovers.<br \/>100% Pure Ingredients: Hyaluronic acid powder is highly effective and guilt-free. It does not contain preservatives, perfumes, pigments or additives. Suitable for all skin types, ingredient lovers and those looking for simple and effective care.<\/p>\n\n","protected":false},"excerpt":{"rendered":"<p> Product Description Package Dimensions \u200f : \u200e 18.2 x 13.6 x 1.5 cm; 130 g Manufacturer \u200f : \u200e lofuanna ASIN \u200f : \u200e B0FCG47NDL Manufacturer reference \u200f : \u200e L-TMZSF-120G Country of origin \u200f : \u200e China Customer reviews: 4.7 4.7 out of 5 stars (36) var dpAcrHasRegisteredArcLinkClickAction; P.when(&#8216;A&#8217;, [&hellip;]<\/p>\n","protected":false},"featured_media":16584,"comment_status":"open","ping_status":"closed","template":"","meta":{"_gspb_post_css":"","om_disable_all_campaigns":false,"_monsterinsights_skip_tracking":false,"_monsterinsights_sitenote_active":false,"_monsterinsights_sitenote_note":"","_monsterinsights_sitenote_category":0},"store":[],"product_brand":[],"product_cat":[138],"product_tag":[188,3139,2180,187,768,4435,4272,214,4586,1392,176,1490,1712,497],"class_list":{"0":"post-16583","1":"product","2":"type-product","3":"status-publish","4":"has-post-thumbnail","6":"product_cat-acide-hyaluronique-msm","7":"product_tag-acid","8":"product_tag-diy","9":"product_tag-facial","10":"product_tag-hyaluronic","11":"product_tag-hydration","12":"product_tag-moisture","13":"product_tag-molecular","14":"product_tag-powder","15":"product_tag-powderpure","16":"product_tag-serum","17":"product_tag-skin","18":"product_tag-soluble","19":"product_tag-water","20":"product_tag-weight","22":"first","23":"instock","24":"sale","25":"shipping-taxable","26":"product-type-external"},"aioseo_notices":[],"jetpack_sharing_enabled":true,"_links":{"self":[{"href":"https:\/\/www.zolattitude.com\/index.php\/wp-json\/wp\/v2\/product\/16583","targetHints":{"allow":["GET"]}}],"collection":[{"href":"https:\/\/www.zolattitude.com\/index.php\/wp-json\/wp\/v2\/product"}],"about":[{"href":"https:\/\/www.zolattitude.com\/index.php\/wp-json\/wp\/v2\/types\/product"}],"replies":[{"embeddable":true,"href":"https:\/\/www.zolattitude.com\/index.php\/wp-json\/wp\/v2\/comments?post=16583"}],"wp:featuredmedia":[{"embeddable":true,"href":"https:\/\/www.zolattitude.com\/index.php\/wp-json\/wp\/v2\/media\/16584"}],"wp:attachment":[{"href":"https:\/\/www.zolattitude.com\/index.php\/wp-json\/wp\/v2\/media?parent=16583"}],"wp:term":[{"taxonomy":"store","embeddable":true,"href":"https:\/\/www.zolattitude.com\/index.php\/wp-json\/wp\/v2\/store?post=16583"},{"taxonomy":"product_brand","embeddable":true,"href":"https:\/\/www.zolattitude.com\/index.php\/wp-json\/wp\/v2\/product_brand?post=16583"},{"taxonomy":"product_cat","embeddable":true,"href":"https:\/\/www.zolattitude.com\/index.php\/wp-json\/wp\/v2\/product_cat?post=16583"},{"taxonomy":"product_tag","embeddable":true,"href":"https:\/\/www.zolattitude.com\/index.php\/wp-json\/wp\/v2\/product_tag?post=16583"}],"curies":[{"name":"wp","href":"https:\/\/api.w.org\/{rel}","templated":true}]}}