{"id":16681,"date":"2026-01-03T23:18:30","date_gmt":"2026-01-03T23:18:30","guid":{"rendered":"https:\/\/www.zolattitude.com\/index.php\/product\/alphazoo-evening-primrose-oil-for-animal-feed-for-dogs-and-cats-premium-cold-pressed-oil-immune-system-rich-in-vitamins-and-minerals-food-additive\/"},"modified":"2026-01-03T23:18:30","modified_gmt":"2026-01-03T23:18:30","slug":"alphazoo-evening-primrose-oil-for-animal-feed-for-dogs-and-cats-premium-cold-pressed-oil-immune-system-rich-in-vitamins-and-minerals-food-additive","status":"publish","type":"product","link":"https:\/\/www.zolattitude.com\/index.php\/product\/alphazoo-evening-primrose-oil-for-animal-feed-for-dogs-and-cats-premium-cold-pressed-oil-immune-system-rich-in-vitamins-and-minerals-food-additive\/","title":{"rendered":"alphazoo Evening Primrose Oil for Animal Feed for Dogs and Cats, Premium Cold-Pressed Oil, Immune System, Rich in Vitamins and Minerals, Food Additive"},"content":{"rendered":"<p>Price: <span style=\"color:#b12704\">\u20ac22.95<\/span><br \/><i><small>(as of Jan 03, 2026 23:18:30 UTC &#8211; <span class=\"wp_automatic_amazon_disclaimer\" title=\"Product prices and availability are accurate as of the date\/time indicated and are subject to change. Any price and availability information displayed on [relevant Amazon Site(s), as applicable] at the time of purchase will apply to the purchase of this product.\">Details<\/span>)<\/small><\/i><br \/><a href=\"https:\/\/amazon.fr\/dp\/B092MHWR99?tag=onamzmoukoubl-21\"><img decoding=\"async\" src=\"https:\/\/valvepress.s3.amazonaws.com\/imgs\/buy_now.png\"><\/a><br \/>\n<\/p>\n<p>                                             Product Description   <\/p>\n<p>                                                        <img decoding=\"async\" alt=\"Logo\" src=\"https:\/\/images-na.ssl-images-amazon.com\/images\/G\/01\/x-locale\/common\/grey-pixel.gif\" class=\"a-lazy-loaded\" data-src=\"https:\/\/m.media-amazon.com\/images\/S\/aplus-media\/sc\/05dd8873-e3b2-4bdf-8ff9-90b63f908002.__CR636,0,2000,600_PT0_SX600_V1___.jpg\"><img decoding=\"async\" alt=\"Logo\" src=\"https:\/\/m.media-amazon.com\/images\/S\/aplus-media\/sc\/05dd8873-e3b2-4bdf-8ff9-90b63f908002.__CR636,0,2000,600_PT0_SX600_V1___.jpg\">      <\/p>\n<p>                                                 <img decoding=\"async\" alt=\"Huile de bougie de nuit\" src=\"https:\/\/images-na.ssl-images-amazon.com\/images\/G\/01\/x-locale\/common\/grey-pixel.gif\" class=\"a-lazy-loaded\" data-src=\"https:\/\/m.media-amazon.com\/images\/S\/aplus-media-library-service-media\/34eefdb6-14e6-4e94-bd6f-61c63fc7b625.__CR0,0,1600,1600_PT0_SX300_V1___.jpg\"><img decoding=\"async\" alt=\"Huile de bougie de nuit\" src=\"https:\/\/m.media-amazon.com\/images\/S\/aplus-media-library-service-media\/34eefdb6-14e6-4e94-bd6f-61c63fc7b625.__CR0,0,1600,1600_PT0_SX300_V1___.jpg\">  <\/p>\n<h3 class=\"a-spacing-mini\"> Huile d&#8217;onagre pour chiens et chats \u2013 Power pour le syst\u00e8me immunitaire <\/h3>\n<p> La bougie la plus lumineuse sur le g\u00e2teau (chien) : notre huile d&#8217;onagre v\u00e9g\u00e9talienne est extraite de la \u00ab onagre commune \u00bb. En fait, cette plante n&#8217;est pas du tout \u00ab commune, mais une plante m\u00e9dicinale connue par la m\u00e9decine naturelle qui soutient la sant\u00e9 de votre compagnon \u00e0 quatre pattes. L&#8217;huile d&#8217;onagre de nuit peut soulager les irritations de la peau, am\u00e9liorer la croissance des cheveux, donner \u00e0 la peau une \u00e9lasticit\u00e9 et pr\u00e9venir les irritations \u2013 l&#8217;huile douce est \u00e9galement un ajout savoureux et revitalisant dans la gamelle. <\/p>\n<p>                                                 <img decoding=\"async\" alt=\"V\u00e9ritable bougie de nuit\" src=\"https:\/\/images-na.ssl-images-amazon.com\/images\/G\/01\/x-locale\/common\/grey-pixel.gif\" class=\"a-spacing-mini a-lazy-loaded\" data-src=\"https:\/\/m.media-amazon.com\/images\/S\/aplus-media-library-service-media\/60b83594-32f2-45ca-a6cf-117df6cb524e.__CR0,0,1600,1600_PT0_SX300_V1___.jpg\"><img decoding=\"async\" alt=\"V\u00e9ritable bougie de nuit\" src=\"https:\/\/m.media-amazon.com\/images\/S\/aplus-media-library-service-media\/60b83594-32f2-45ca-a6cf-117df6cb524e.__CR0,0,1600,1600_PT0_SX300_V1___.jpg\">  <\/p>\n<h3 class=\"a-spacing-mini\"> Huile d&#8217;onagre naturelle de qualit\u00e9 sup\u00e9rieure &#8211; Riche en acides gamma-linol\u00e9niques <\/h3>\n<p> Notre huile d&#8217;onagre press\u00e9e \u00e0 froid pour chiens et chats est riche en vitamines, min\u00e9raux, ainsi que les acides de linol et de gamma qui sont essentiels pour une alimentation \u00e9quilibr\u00e9e de votre compagnon \u00e0 quatre pattes.    76 % d&#8217;acide linol\u00e9ique, 9 % d&#8217;acide gamma-linol\u00e9nique, 10 % d&#8217;acide ol\u00e9ique, les acides gamma-linol\u00e9ique jouent un r\u00f4le cl\u00e9 dans l&#8217;alimentation de votre animal : ils favorisent une peau saine, un pelage doux et un syst\u00e8me immunitaire puissant. \u00c9tant donn\u00e9 que les chiens et les chats ne peuvent pas produire eux-m\u00eames ces acides gras vitaux, ils doivent \u00eatre compl\u00e9t\u00e9s par leur nourriture. Notre huile d&#8217;onagre fournit \u00e0 votre animal pr\u00e9f\u00e9r\u00e9 une grande portion d&#8217;\u00e9nergie, favorise le bien-\u00eatre et soutient son syst\u00e8me immunitaire. Nous ne disons que : Pleine puissance en avance. <\/p>\n<p>                                                 <img decoding=\"async\" alt=\"Bougie de nuit recyclable.\" src=\"https:\/\/images-na.ssl-images-amazon.com\/images\/G\/01\/x-locale\/common\/grey-pixel.gif\" class=\"a-lazy-loaded\" data-src=\"https:\/\/m.media-amazon.com\/images\/S\/aplus-media-library-service-media\/ef3bc7c5-c1b6-421e-a31e-3f3c3ddd9627.__CR0,0,1600,1600_PT0_SX300_V1___.jpg\"><img decoding=\"async\" alt=\"Bougie de nuit recyclable.\" src=\"https:\/\/m.media-amazon.com\/images\/S\/aplus-media-library-service-media\/ef3bc7c5-c1b6-421e-a31e-3f3c3ddd9627.__CR0,0,1600,1600_PT0_SX300_V1___.jpg\">  <\/p>\n<h3 class=\"a-spacing-mini\"> Produits durables pour chiens et chats \u2013 il y a l&#8217;amour \u00e0 l&#8217;int\u00e9rieur. <\/h3>\n<p> Parce que notre environnement nous tient \u00e9galement \u00e0 c\u0153ur, tous nos compl\u00e9ments alimentaires, collations pour animaux et produits de soins sont livr\u00e9s dans des emballages durables &#8211; les mat\u00e9riaux que nous utilisons sont le papier, le carton, le fer blanc durable et le bioplastique issu de la canne \u00e0 sucre. Bien s\u00fbr, lors de votre production en ligne, nous veillons \u00e9galement \u00e0 emballer votre produit en plastique le plus possible. <\/p>\n<p> Plan\u00e8te (t) pour la plan\u00e8te. <\/p>\n<p> En achetant l&#8217;un de nos produits pour chiens et chats, vous soutenez le projet Plant For The Planet qui s&#8217;occupe du maintien de nos for\u00eats. <\/p>\n<p>                                                 <img decoding=\"async\" alt=\"Energie Huile d'onagre de nuit\" src=\"https:\/\/images-na.ssl-images-amazon.com\/images\/G\/01\/x-locale\/common\/grey-pixel.gif\" class=\"a-spacing-mini a-lazy-loaded\" data-src=\"https:\/\/m.media-amazon.com\/images\/S\/aplus-media-library-service-media\/cf69a69e-a0a3-4834-ac1f-2354cb5ce0c9.__CR0,0,1600,1600_PT0_SX300_V1___.jpg\"><img decoding=\"async\" alt=\"Energie Huile d'onagre de nuit\" src=\"https:\/\/m.media-amazon.com\/images\/S\/aplus-media-library-service-media\/cf69a69e-a0a3-4834-ac1f-2354cb5ce0c9.__CR0,0,1600,1600_PT0_SX300_V1___.jpg\">  <\/p>\n<h3 class=\"a-spacing-mini\"> Informations sur le produit : <\/h3>\n<p> Composition : <\/p>\n<p> Huile d&#8217;onagre (76 % d&#8217;acide linol\u00e9ique, 9 % d&#8217;acide gamma-linol\u00e9ique, 10 % d&#8217;acide ol\u00e9ique). <\/p>\n<p> Utilisation : <\/p>\n<p> Chiens de 10 kg : 1 cuill\u00e8re \u00e0 soupe par jour. <\/p>\n<p> Chats : \u00bc cuill\u00e8re \u00e0 soupe par jour. <\/p>\n<p> Veuillez bien agiter toutes les huiles press\u00e9es \u00e0 froid avant utilisation. <\/p>\n<p>                         Add To Basket  <\/p>\n<p>                         Add To Basket  <\/p>\n<p>                             Customer Reviews  <\/p>\n<p>                \u2014                                   <\/p>\n<p>                    4.6 out of 5 stars  259  <\/p>\n<p>                    4.5 out of 5 stars  608  <\/p>\n<p>                             Price  <\/p>\n<p>                                            \u2014 no data<br \/>\n                                                       \u20ac12.95\u20ac12.95                  \u20ac12.95\u20ac12.95                 <\/p>\n<p>                             Utilisation :<br \/>\n                                Renforce le syst\u00e8me immunitaire.               Source d&#8217;\u00e9nergie naturelle pour le c\u0153ur et la circulation.               Am\u00e9liore la sant\u00e9 du pelage et de la peau.                 <\/p>\n<p>                             \u00c2ge du chien\/chat<br \/>\n                                junior, adulte, senior.               junior, adulte, senior.               junior, adulte, senior.                 <\/p>\n<p>                             D\u00e9velopp\u00e9 avec des v\u00e9t\u00e9rinaires.  <\/p>\n<p>                                              \u2713<\/p>\n<p>                                              \u2713<\/p>\n<p>                                              \u2713<\/p>\n<p>                             Convient aux chiens et aux chats  <\/p>\n<p>                                              \u2713<\/p>\n<p>                                              \u2713<\/p>\n<p>                                              \u2713<\/p>\n<p>                                                                            <img decoding=\"async\" alt=\"ALPHAZOO\" src=\"https:\/\/images-na.ssl-images-amazon.com\/images\/G\/01\/x-locale\/common\/grey-pixel.gif\" class=\"a-spacing-base a-lazy-loaded\" data-src=\"https:\/\/m.media-amazon.com\/images\/S\/aplus-media-library-service-media\/cc1f6ff3-8bf1-4dd7-9070-d49b48b7ce69.__CR0,186,2559,1583_PT0_SX970_V1___.jpg\"><img decoding=\"async\" alt=\"ALPHAZOO\" src=\"https:\/\/m.media-amazon.com\/images\/S\/aplus-media-library-service-media\/cc1f6ff3-8bf1-4dd7-9070-d49b48b7ce69.__CR0,186,2559,1583_PT0_SX970_V1___.jpg\">                                         <\/p>\n<h3 class=\"a-spacing-mini\"> Fabriqu\u00e9 par des amoureux des chiens \u2013 seulement le meilleur pour votre compagnon \u00e0 quatre pattes. <\/h3>\n<p class=\"a-spacing-base\"> Qui se cache derri\u00e8re &#8220;alphazoo&#8221; ? Nous sommes une jeune \u00e9quipe de la belle Dortmund qui, en tant que propri\u00e9taires d&#8217;animaux, se sont fix\u00e9s pour objectif de r\u00e9former le march\u00e9 des produits pour chiens et chats. C&#8217;est pourquoi nous attachons naturellement une importance aux normes de qualit\u00e9 les plus \u00e9lev\u00e9es : gr\u00e2ce \u00e0 des tests rigoureux et \u00e0 des processus de contr\u00f4le \u00e0 plusieurs niveaux de nos collations pour chiens et chats, compl\u00e9ments alimentaires et produits de soins animaux, nous pouvons garantir la meilleure qualit\u00e9 pour votre nez et vous. <\/p>\n<p>SUPPORTS SKIN AND FUR &#8211; alphazoo Evening Primrose Oil supports, thanks to selected seeds, radiant fur and can provide the pet with natural relief from skin problems, improve hair growth and give the skin new elasticity<br \/>RICH POWER &#8211; Our vegan evening primrose oil contains a concentrated serving of minerals, unsaturated fatty acids, amino acids and valuable vitamins &#8211; a powerful supplement for the immune system.<br \/>NATURALLY NUTRIENT RICH &#8211; &#8220;Common Evening Primrose &#8221; is a medicinal plant known to naturopathy, which promotes the health of your four-legged companion. Our cold pressure ensures all the nutrients for your pet.<br \/>DURABLE PACKAGING &#8211; The tinplate box, protected from light, does not contain Bisphenol A (BPA). It is therefore particularly easy to recycle and protects the environment. We support the forestry project &#8220;Plant For The Planet&#8221;.<br \/>MADE IN GERMANY &#8211; Our food supplements are filled in Germany. Through strict testing and multi-stage control processes, we guarantee the best quality for our products<\/p>\n\n","protected":false},"excerpt":{"rendered":"<p> Product Description Huile d&#8217;onagre pour chiens et chats \u2013 Power pour le syst\u00e8me immunitaire La bougie la plus lumineuse sur le g\u00e2teau (chien) : notre huile d&#8217;onagre v\u00e9g\u00e9talienne est extraite de la \u00ab onagre commune \u00bb. En fait, cette plante n&#8217;est pas du tout \u00ab commune, mais une plante m\u00e9dicinale [&hellip;]<\/p>\n","protected":false},"featured_media":16682,"comment_status":"open","ping_status":"closed","template":"","meta":{"_gspb_post_css":"","om_disable_all_campaigns":false,"_monsterinsights_skip_tracking":false,"_monsterinsights_sitenote_active":false,"_monsterinsights_sitenote_note":"","_monsterinsights_sitenote_category":0},"store":[],"product_brand":[],"product_cat":[140],"product_tag":[1503,4601,1089,3373,1297,3372,251,4602,199,814,265,243,375,252,258,401,274],"class_list":{"0":"post-16681","1":"product","2":"type-product","3":"status-publish","4":"has-post-thumbnail","6":"product_cat-huiles-de-bourrache-onagre","7":"product_tag-additive","8":"product_tag-alphazoo","9":"product_tag-animal","10":"product_tag-cats","11":"product_tag-coldpressed","12":"product_tag-dogs","13":"product_tag-evening","14":"product_tag-feed","15":"product_tag-food","16":"product_tag-immune","17":"product_tag-minerals","18":"product_tag-oil","19":"product_tag-premium","20":"product_tag-primrose","21":"product_tag-rich","22":"product_tag-system","23":"product_tag-vitamins","25":"first","26":"instock","27":"shipping-taxable","28":"product-type-external"},"aioseo_notices":[],"jetpack_sharing_enabled":true,"_links":{"self":[{"href":"https:\/\/www.zolattitude.com\/index.php\/wp-json\/wp\/v2\/product\/16681","targetHints":{"allow":["GET"]}}],"collection":[{"href":"https:\/\/www.zolattitude.com\/index.php\/wp-json\/wp\/v2\/product"}],"about":[{"href":"https:\/\/www.zolattitude.com\/index.php\/wp-json\/wp\/v2\/types\/product"}],"replies":[{"embeddable":true,"href":"https:\/\/www.zolattitude.com\/index.php\/wp-json\/wp\/v2\/comments?post=16681"}],"wp:featuredmedia":[{"embeddable":true,"href":"https:\/\/www.zolattitude.com\/index.php\/wp-json\/wp\/v2\/media\/16682"}],"wp:attachment":[{"href":"https:\/\/www.zolattitude.com\/index.php\/wp-json\/wp\/v2\/media?parent=16681"}],"wp:term":[{"taxonomy":"store","embeddable":true,"href":"https:\/\/www.zolattitude.com\/index.php\/wp-json\/wp\/v2\/store?post=16681"},{"taxonomy":"product_brand","embeddable":true,"href":"https:\/\/www.zolattitude.com\/index.php\/wp-json\/wp\/v2\/product_brand?post=16681"},{"taxonomy":"product_cat","embeddable":true,"href":"https:\/\/www.zolattitude.com\/index.php\/wp-json\/wp\/v2\/product_cat?post=16681"},{"taxonomy":"product_tag","embeddable":true,"href":"https:\/\/www.zolattitude.com\/index.php\/wp-json\/wp\/v2\/product_tag?post=16681"}],"curies":[{"name":"wp","href":"https:\/\/api.w.org\/{rel}","templated":true}]}}