{"id":16705,"date":"2026-01-04T21:23:23","date_gmt":"2026-01-04T21:23:23","guid":{"rendered":"https:\/\/www.zolattitude.com\/index.php\/product\/marine-collagen-powder-275g-peptan-collagen-peptides-5000mg-collagene-magnesium-ovomet-and-organic-silicon-flexi-joint-supplement-pure-essence-api-nature\/"},"modified":"2026-01-04T21:23:31","modified_gmt":"2026-01-04T21:23:31","slug":"marine-collagen-powder-275g-peptan-collagen-peptides-5000mg-collagene-magnesium-ovomet-and-organic-silicon-flexi-joint-supplement-pure-essence-api-nature","status":"publish","type":"product","link":"https:\/\/www.zolattitude.com\/index.php\/product\/marine-collagen-powder-275g-peptan-collagen-peptides-5000mg-collagene-magnesium-ovomet-and-organic-silicon-flexi-joint-supplement-pure-essence-api-nature\/","title":{"rendered":"Marine Collagen Powder 275g | Peptan Collagen Peptides 5000mg Collagene Magnesium, Ovomet and Organic Silicon | Flexi Joint Supplement Pure Essence | Api-Nature"},"content":{"rendered":"<p>Price: <span style=\"color:#b12704\">\u20ac24.89<\/span><br \/><i><small>(as of Jan 04, 2026 21:23:23 UTC &#8211; <span class=\"wp_automatic_amazon_disclaimer\" title=\"Product prices and availability are accurate as of the date\/time indicated and are subject to change. Any price and availability information displayed on [relevant Amazon Site(s), as applicable] at the time of purchase will apply to the purchase of this product.\">Details<\/span>)<\/small><\/i><br \/><a href=\"https:\/\/amazon.fr\/dp\/B00DN9T8V2?tag=onamzmoukoubl-21\"><img decoding=\"async\" src=\"https:\/\/valvepress.s3.amazonaws.com\/imgs\/buy_now.png\"><\/a><br \/>\n<\/p>\n<p>                                             From the brand   <\/p>\n<p>                                             <img decoding=\"async\" alt=\"aplus content image\" src=\"https:\/\/images-na.ssl-images-amazon.com\/images\/G\/01\/x-locale\/common\/grey-pixel.gif\" class=\"a-lazy-loaded\" data-src=\"https:\/\/m.media-amazon.com\/images\/S\/aplus-media-library-service-media\/6c6a08df-763a-4936-bd8f-575a19a7727c.__CR0,0,1464,625_PT0_SX1464_V1___.png\"><img decoding=\"async\" alt=\"aplus content image\" src=\"https:\/\/m.media-amazon.com\/images\/S\/aplus-media-library-service-media\/6c6a08df-763a-4936-bd8f-575a19a7727c.__CR0,0,1464,625_PT0_SX1464_V1___.png\">  <\/p>\n<p>                                             <img decoding=\"async\" alt=\"\" src=\"https:\/\/images-na.ssl-images-amazon.com\/images\/G\/01\/x-locale\/common\/grey-pixel.gif\" class=\"a-lazy-loaded\" data-src=\"https:\/\/m.media-amazon.com\/images\/S\/aplus-media-library-service-media\/f9a5120d-852e-4a91-a40b-a0a75c2cd86d.__CR0,0,630,290_PT0_SX315_V1___.jpg\"><img decoding=\"async\" alt=\"\" src=\"https:\/\/m.media-amazon.com\/images\/S\/aplus-media-library-service-media\/f9a5120d-852e-4a91-a40b-a0a75c2cd86d.__CR0,0,630,290_PT0_SX315_V1___.jpg\">  <\/p>\n<h3> 50 ans d\u2019expertise naturelle <\/h3>\n<p> Depuis 1975, nous d\u00e9veloppons des produits qui allient qualit\u00e9, bien-\u00eatre et respect de la nature. Fid\u00e8les \u00e0 notre vision d\u2019origine, nous cr\u00e9ons des solutions pens\u00e9es pour accompagner les familles au quotidien et inspirer un mode de vie plus sain, durable et connect\u00e9 \u00e0 l\u2019essentiel. <\/p>\n<h3> Achetez nos best-sellers <\/h3>\n<p> Product Dimensions                                            \u200f                                            :                                            \u200e                                            10 x 11.6 x 10 cm; 370 g   <br \/> Manufacturer                                            \u200f                                            :                                            \u200e                                            Api-Nature   <br \/> ASIN                                            \u200f                                            :                                            \u200e                                            B00DN9T8V2   <br \/> Item model number                                            \u200f                                            :                                            \u200e                                            60702008   <br \/> Country of origin                                            \u200f                                            :                                            \u200e                                            France   <br \/>  Customer reviews:                                                                                            4.4               4.4 out of 5 stars                                  (119)                                              var dpAcrHasRegisteredArcLinkClickAction;                    P.when(&#8216;A&#8217;, &#8216;ready&#8217;).execute(function(A) {                        if (dpAcrHasRegisteredArcLinkClickAction !== true) {                            dpAcrHasRegisteredArcLinkClickAction = true;                            A.declarative(                                &#8216;acrLink-click-metrics&#8217;, &#8216;click&#8217;,                                { &#8220;allowLinkDefault&#8221;: true },                                function (event) {                                    if (window.ue) {                                        ue.count(&#8220;acrLinkClickCount&#8221;, (ue.count(&#8220;acrLinkClickCount&#8221;) || 0) + 1);                                    }                                }                            );                        }                    });                                             P.when(&#8216;A&#8217;, &#8216;cf&#8217;).execute(function(A) {                A.declarative(&#8216;acrStarsLink-click-metrics&#8217;, &#8216;click&#8217;, { &#8220;allowLinkDefault&#8221; : true },  function(event){                    if(window.ue) {                        ue.count(&#8220;acrStarsLinkWithPopoverClickCount&#8221;, (ue.count(&#8220;acrStarsLinkWithPopoverClickCount&#8221;) || 0) + 1);                    }                });            });                          <br \/>Give life back to your joints, muscles, bones\u2026 and your skin: Not all collagens are equal. Ours combines 5,000 mg of Peptan \u2014 pure, highly bioavailable marine collagen \u2014 with Hyaluronic Acid, Ovomet, Magnesium, Vitamin C and Bamboo Silicon. A complete synergy that supports joint mobility, muscle tone, bone density\u2026 and skin elasticity.<br \/>\ud83d\udcc8 ACTIVES THAT HAVE PROVIDED: Peptan and Ovomet are essential references in the field of joint and skin well-being. Peptan for its exceptional bioavailability, Ovomet for its natural richness in collagen, hyaluronic acid and chondroitin. No unnecessary mixes: only premium ingredients, scientifically validated.<br \/>High dose. HIGH ABSORPTION. HIGH IMPACT: Forget under-dosed capsules. Our powder formula brings you 5000mg of pure Peptan Collagen every day, tasteless, to easily mix into water, juice or smoothie. More collagen, better absorbed, for visible results on your joints and skin.<br \/>WHEN NATURE MEETS SCIENCE: Enriched with Vitamin C (which contributes to the normal formation of collagen) and Magnesium (essential for muscles and bones), this formula provides intelligent synergy for your body to recognize and effectively use each ingredient.<br \/>When quality is not negotiated: At ApiNature, more than 40 years of expertise allow us to formulate pure, uncompromising products, with ingredients that are rigorously selected and processed to the highest standards. This is not one more collagen. This is the pure essence of collagen.<\/p>\n\n","protected":false},"excerpt":{"rendered":"<p> From the brand 50 ans d\u2019expertise naturelle Depuis 1975, nous d\u00e9veloppons des produits qui allient qualit\u00e9, bien-\u00eatre et respect de la nature. Fid\u00e8les \u00e0 notre vision d\u2019origine, nous cr\u00e9ons des solutions pens\u00e9es pour accompagner les familles au quotidien et inspirer un mode de vie plus sain, durable et connect\u00e9 \u00e0 [&hellip;]<\/p>\n","protected":false},"featured_media":16706,"comment_status":"open","ping_status":"closed","template":"","meta":{"_gspb_post_css":"","om_disable_all_campaigns":false,"_monsterinsights_skip_tracking":false,"_monsterinsights_sitenote_active":false,"_monsterinsights_sitenote_note":"","_monsterinsights_sitenote_category":0},"store":[],"product_brand":[],"product_cat":[137],"product_tag":[3757,4164,3402,168,185,2259,4613,244,287,167,238,4612,3082,1895,214,213,1867,200],"class_list":{"0":"post-16705","1":"product","2":"type-product","3":"status-publish","4":"has-post-thumbnail","6":"product_cat-collagene-biotine","7":"product_tag-275g","8":"product_tag-5000mg","9":"product_tag-apinature","10":"product_tag-collagen","11":"product_tag-collagene","12":"product_tag-essence","13":"product_tag-flexi","14":"product_tag-joint","15":"product_tag-magnesium","16":"product_tag-marine","17":"product_tag-organic","18":"product_tag-ovomet","19":"product_tag-peptan","20":"product_tag-peptides","21":"product_tag-powder","22":"product_tag-pure","23":"product_tag-silicon","24":"product_tag-supplement","26":"first","27":"instock","28":"shipping-taxable","29":"product-type-external"},"aioseo_notices":[],"jetpack_sharing_enabled":true,"_links":{"self":[{"href":"https:\/\/www.zolattitude.com\/index.php\/wp-json\/wp\/v2\/product\/16705","targetHints":{"allow":["GET"]}}],"collection":[{"href":"https:\/\/www.zolattitude.com\/index.php\/wp-json\/wp\/v2\/product"}],"about":[{"href":"https:\/\/www.zolattitude.com\/index.php\/wp-json\/wp\/v2\/types\/product"}],"replies":[{"embeddable":true,"href":"https:\/\/www.zolattitude.com\/index.php\/wp-json\/wp\/v2\/comments?post=16705"}],"wp:featuredmedia":[{"embeddable":true,"href":"https:\/\/www.zolattitude.com\/index.php\/wp-json\/wp\/v2\/media\/16706"}],"wp:attachment":[{"href":"https:\/\/www.zolattitude.com\/index.php\/wp-json\/wp\/v2\/media?parent=16705"}],"wp:term":[{"taxonomy":"store","embeddable":true,"href":"https:\/\/www.zolattitude.com\/index.php\/wp-json\/wp\/v2\/store?post=16705"},{"taxonomy":"product_brand","embeddable":true,"href":"https:\/\/www.zolattitude.com\/index.php\/wp-json\/wp\/v2\/product_brand?post=16705"},{"taxonomy":"product_cat","embeddable":true,"href":"https:\/\/www.zolattitude.com\/index.php\/wp-json\/wp\/v2\/product_cat?post=16705"},{"taxonomy":"product_tag","embeddable":true,"href":"https:\/\/www.zolattitude.com\/index.php\/wp-json\/wp\/v2\/product_tag?post=16705"}],"curies":[{"name":"wp","href":"https:\/\/api.w.org\/{rel}","templated":true}]}}