{"id":16854,"date":"2026-01-05T22:54:47","date_gmt":"2026-01-05T22:54:47","guid":{"rendered":"https:\/\/www.zolattitude.com\/index.php\/product\/rhodiola-rosea-extract-pink-stonecrop-adaptogen-60-capsules-herba-direkt\/"},"modified":"2026-01-05T22:54:51","modified_gmt":"2026-01-05T22:54:51","slug":"rhodiola-rosea-extract-pink-stonecrop-adaptogen-60-capsules-herba-direkt","status":"publish","type":"product","link":"https:\/\/www.zolattitude.com\/index.php\/product\/rhodiola-rosea-extract-pink-stonecrop-adaptogen-60-capsules-herba-direkt\/","title":{"rendered":"Rhodiola Rosea &#8211; Extract &#8211; Pink Stonecrop &#8211; Adaptogen &#8211; 60 Capsules | Herba Direkt"},"content":{"rendered":"<p>Price: <span style=\"color:#b12704\">\u20ac25.95<\/span><br \/><i><small>(as of Jan 05, 2026 22:54:47 UTC &#8211; <span class=\"wp_automatic_amazon_disclaimer\" title=\"Product prices and availability are accurate as of the date\/time indicated and are subject to change. Any price and availability information displayed on [relevant Amazon Site(s), as applicable] at the time of purchase will apply to the purchase of this product.\">Details<\/span>)<\/small><\/i><br \/><a href=\"https:\/\/amazon.fr\/dp\/B01N26AV9O?tag=onamzmoukoubl-21\"><img decoding=\"async\" src=\"https:\/\/valvepress.s3.amazonaws.com\/imgs\/buy_now.png\"><\/a><br \/>\n<\/p>\n<p>                                             Product Description   <\/p>\n<p>                                                        <img decoding=\"async\" alt=\"avec des formes incurv\u00e9es jaunes et noires formant un design circulaire. Le texte ci-dessous indique \u00ab WARNKE VITALSTOFFE\" src=\"https:\/\/images-na.ssl-images-amazon.com\/images\/G\/01\/x-locale\/common\/grey-pixel.gif\" class=\"a-lazy-loaded\" data-src=\"https:\/\/m.media-amazon.com\/images\/S\/aplus-media-library-service-media\/625e8d9b-6017-47b5-95ab-db014846557a.__CR0,0,600,180_PT0_SX600_V1___.jpg\"><img decoding=\"async\" alt=\"avec des formes incurv\u00e9es jaunes et noires formant un design circulaire. Le texte ci-dessous indique \u00ab WARNKE VITALSTOFFE\" src=\"https:\/\/m.media-amazon.com\/images\/S\/aplus-media-library-service-media\/625e8d9b-6017-47b5-95ab-db014846557a.__CR0,0,600,180_PT0_SX600_V1___.jpg\">      <\/p>\n<p>                                                                            <img decoding=\"async\" alt=\"Professionnel pharmaceutique utilisant une tablette en laboratoire. Le texte met en lumi\u00e8re 30 ans, 200 produits, fabriqu\u00e9s en Allemagne et test\u00e9s en laboratoire. Affiche le drapeau allemand et les badges de certification des 30 ans\" src=\"https:\/\/images-na.ssl-images-amazon.com\/images\/G\/01\/x-locale\/common\/grey-pixel.gif\" class=\"a-spacing-base a-lazy-loaded\" data-src=\"https:\/\/m.media-amazon.com\/images\/S\/aplus-media-library-service-media\/e034c289-095a-4526-afdd-de717625f424.__CR0,0,970,600_PT0_SX970_V1___.jpg\"><img decoding=\"async\" alt=\"Professionnel pharmaceutique utilisant une tablette en laboratoire. Le texte met en lumi\u00e8re 30 ans, 200 produits, fabriqu\u00e9s en Allemagne et test\u00e9s en laboratoire. Affiche le drapeau allemand et les badges de certification des 30 ans\" src=\"https:\/\/m.media-amazon.com\/images\/S\/aplus-media-library-service-media\/e034c289-095a-4526-afdd-de717625f424.__CR0,0,970,600_PT0_SX970_V1___.jpg\">                                         <\/p>\n<h3 class=\"a-spacing-mini\"> Plus de 30 ans de connaissances et d&#8217;exp\u00e9rience avec les produits de Warnke. La qualit\u00e9 et le bien-\u00eatre sont une question de confiance. <\/h3>\n<p class=\"a-spacing-base\"> Depuis plus de 30 ans, nous d\u00e9veloppons pour vous des compl\u00e9ments alimentaires de qualit\u00e9 pharmaceutique avec une gamme de plus de 200 produits. Pouss\u00e9 par l&#8217;id\u00e9e de notre fondatrice, Madame Jutta Warnke, directrice et pharmacienne, de rendre la pr\u00e9vention sant\u00e9 accessible et abordable pour tous, Warnke Vitalstoffe est devenu une source d&#8217;approvisionnement importante pour les pharmacies et les clients finaux. Cela a \u00e9galement convaincu le privil\u00e8ge des pharmacies. Vous pouvez acheter nos produits de fabrication allemande, donc \u00e9galement dans un grand nombre de pharmacies. C&#8217;est ce qui nous distingue de la masse. <\/p>\n<p class=\"a-spacing-base\"> *Certifi\u00e9 par la soci\u00e9t\u00e9 delphi Lebensmittelsicherheit GmbH en 2021. <\/p>\n<p class=\"a-spacing-base\"> *Contr\u00f4l\u00e9 par l&#8217;Institut Kurz GmbH en 2021 <\/p>\n<p class=\"apm-text-center\">\n                                                     <img decoding=\"async\" alt=\"warnke\" src=\"https:\/\/images-na.ssl-images-amazon.com\/images\/G\/01\/x-locale\/common\/grey-pixel.gif\" class=\"a-spacing-mini a-lazy-loaded\" data-src=\"https:\/\/m.media-amazon.com\/images\/S\/aplus-media-library-service-media\/cb880c9e-53f6-46f6-b8ea-46abf439598c.__CR0,0,3334,3334_PT0_SX300_V1___.png\"><\/p>\n<p><img decoding=\"async\" alt=\"warnke\" src=\"https:\/\/m.media-amazon.com\/images\/S\/aplus-media-library-service-media\/cb880c9e-53f6-46f6-b8ea-46abf439598c.__CR0,0,3334,3334_PT0_SX300_V1___.png\">  <\/p>\n<p class=\"apm-text-center\">\n                                                     <img decoding=\"async\" alt=\"avec texte \u00ab SANS LACTOSE \u00bb, ic\u00f4ne en carton de lait et coche jaune. Indique la certification ou l'\u00e9tiquetage des produits laitiers sans lactose\" src=\"https:\/\/images-na.ssl-images-amazon.com\/images\/G\/01\/x-locale\/common\/grey-pixel.gif\" class=\"a-spacing-mini a-lazy-loaded\" data-src=\"https:\/\/m.media-amazon.com\/images\/S\/aplus-media-library-service-media\/f984eaf8-240d-41d9-8019-af3495ddca83.__CR0,0,3334,3334_PT0_SX300_V1___.png\"><\/p>\n<p><img decoding=\"async\" alt=\"avec texte \u00ab SANS LACTOSE \u00bb, ic\u00f4ne en carton de lait et coche jaune. Indique la certification ou l'\u00e9tiquetage des produits laitiers sans lactose\" src=\"https:\/\/m.media-amazon.com\/images\/S\/aplus-media-library-service-media\/f984eaf8-240d-41d9-8019-af3495ddca83.__CR0,0,3334,3334_PT0_SX300_V1___.png\">  <\/p>\n<p class=\"apm-text-center\">\n                                                     <img decoding=\"async\" alt=\"Texte en fran\u00e7ais d\u00e9crivant les caract\u00e9ristiques du produit : exempt d'ingr\u00e9dients g\u00e9n\u00e9tiquement modifi\u00e9s, de mati\u00e8res de remplissage, de colorants et d'additifs inutiles. Principalement des produits v\u00e9g\u00e9tariens et v\u00e9g\u00e9taliens.\" src=\"https:\/\/images-na.ssl-images-amazon.com\/images\/G\/01\/x-locale\/common\/grey-pixel.gif\" class=\"a-spacing-mini a-lazy-loaded\" data-src=\"https:\/\/m.media-amazon.com\/images\/S\/aplus-media-library-service-media\/1f4588b3-8818-4b6a-9f7b-282f43df0a60.__CR0,0,300,300_PT0_SX300_V1___.jpg\"><\/p>\n<p><img decoding=\"async\" alt=\"Texte en fran\u00e7ais d\u00e9crivant les caract\u00e9ristiques du produit : exempt d'ingr\u00e9dients g\u00e9n\u00e9tiquement modifi\u00e9s, de mati\u00e8res de remplissage, de colorants et d'additifs inutiles. Principalement des produits v\u00e9g\u00e9tariens et v\u00e9g\u00e9taliens.\" src=\"https:\/\/m.media-amazon.com\/images\/S\/aplus-media-library-service-media\/1f4588b3-8818-4b6a-9f7b-282f43df0a60.__CR0,0,300,300_PT0_SX300_V1___.jpg\">  <\/p>\n<p>                                                 <img decoding=\"async\" alt=\"made in germany\" src=\"https:\/\/images-na.ssl-images-amazon.com\/images\/G\/01\/x-locale\/common\/grey-pixel.gif\" class=\"a-spacing-mini a-lazy-loaded\" data-src=\"https:\/\/m.media-amazon.com\/images\/S\/aplus-media-library-service-media\/7ae9702b-b3ce-42a6-a6ff-6e7b2e8ee3c6.__CR0,1,804,804_PT0_SX300_V1___.png\"><img decoding=\"async\" alt=\"made in germany\" src=\"https:\/\/m.media-amazon.com\/images\/S\/aplus-media-library-service-media\/7ae9702b-b3ce-42a6-a6ff-6e7b2e8ee3c6.__CR0,1,804,804_PT0_SX300_V1___.png\">  <\/p>\n<h3 class=\"a-spacing-mini\"> Fabriqu\u00e9 en Allemagne <\/h3>\n<p> Nos produits sont fabriqu\u00e9s et conditionn\u00e9s en Allemagne. Ils sont soumis \u00e0 toutes les normes d&#8217;hygi\u00e8ne et de s\u00e9curit\u00e9 importantes. La puret\u00e9 et l&#8217;assurance qualit\u00e9 de nos produits sont r\u00e9guli\u00e8rement contr\u00f4l\u00e9es* et confirm\u00e9es par des laboratoires ind\u00e9pendants. <\/p>\n<p> *Contr\u00f4l\u00e9 par l&#8217;Institut Kurz GmbH en 2021. <\/p>\n<p>                                                 <img decoding=\"async\" alt=\"Ouvrez le flacon blanc avec les g\u00e9lules qui d\u00e9bordent. \u00c9tiquette circulaire verte avec le texte \u00ab Feel the difference \u00bb visible\" src=\"https:\/\/images-na.ssl-images-amazon.com\/images\/G\/01\/x-locale\/common\/grey-pixel.gif\" class=\"a-lazy-loaded\" data-src=\"https:\/\/m.media-amazon.com\/images\/S\/aplus-media-library-service-media\/7371c21f-1e24-47a4-a5bf-9db3802f912c.__CR0,0,300,300_PT0_SX300_V1___.jpg\"><img decoding=\"async\" alt=\"Ouvrez le flacon blanc avec les g\u00e9lules qui d\u00e9bordent. \u00c9tiquette circulaire verte avec le texte \u00ab Feel the difference \u00bb visible\" src=\"https:\/\/m.media-amazon.com\/images\/S\/aplus-media-library-service-media\/7371c21f-1e24-47a4-a5bf-9db3802f912c.__CR0,0,300,300_PT0_SX300_V1___.jpg\">  <\/p>\n<h3 class=\"a-spacing-mini\"> Produits pharmaceutiques test\u00e9s en laboratoire*. <\/h3>\n<p> Diversit\u00e9 de l&#8217;assortiment avec plus de 200 produits de qualit\u00e9 pharmaceutique. Nos produits r\u00e9pondent aux exigences de puret\u00e9 et aux normes habituelles des pharmacies. <\/p>\n<\/p>\n<p>Ingr\u00e9dients 100 % naturels. 100 %  compatibles avec les aliments Toutes les bo\u00eetes sont exemptes de phtalates ou de PVC bon march\u00e9.      <\/p>\n<p> Veillez \u00e0 cela lors de l&#8217;achat d&#8217;un tel produit. <\/p>\n<p> *Certifi\u00e9 par la soci\u00e9t\u00e9 Delphi Lebensmittelsicherheit GmbH en 2021. <\/p>\n<p>                                                 <img decoding=\"async\" alt=\"Assortiment de pilules et de suppl\u00e9ments dans des bocaux en verre transparent. Capsules jaunes, comprim\u00e9s blancs et g\u00e9lules brunes visibles. Feuilles de plantes vertes en arri\u00e8re-plan.\" src=\"https:\/\/images-na.ssl-images-amazon.com\/images\/G\/01\/x-locale\/common\/grey-pixel.gif\" class=\"a-spacing-mini a-lazy-loaded\" data-src=\"https:\/\/m.media-amazon.com\/images\/S\/aplus-media-library-service-media\/a20aceec-4770-4dcf-9681-a059dcaf4c0e.__CR0,0,300,300_PT0_SX300_V1___.jpg\"><img decoding=\"async\" alt=\"Assortiment de pilules et de suppl\u00e9ments dans des bocaux en verre transparent. Capsules jaunes, comprim\u00e9s blancs et g\u00e9lules brunes visibles. Feuilles de plantes vertes en arri\u00e8re-plan.\" src=\"https:\/\/m.media-amazon.com\/images\/S\/aplus-media-library-service-media\/a20aceec-4770-4dcf-9681-a059dcaf4c0e.__CR0,0,300,300_PT0_SX300_V1___.jpg\">  <\/p>\n<h3 class=\"a-spacing-mini\"> Biodisponibilit\u00e9 <\/h3>\n<p> Tous les compl\u00e9ments alimentaires de Warnke sont d\u00e9velopp\u00e9s selon les derni\u00e8res connaissances scientifiques. Gr\u00e2ce au contr\u00f4le permanent de laboratoires ind\u00e9pendants* et \u00e0 notre \u00e9quipe interne d&#8217;experts compos\u00e9e de chimistes alimentaires, de nutritionnistes et de d\u00e9veloppeurs de produits, nous vous proposons des produits marqu\u00e9s par la qualit\u00e9, la puret\u00e9 et la biodisponibilit\u00e9 maximale <\/p>\n<p>                                                 <img decoding=\"async\" alt=\"Arrangement d'herbes fra\u00eeches dans un pot en terre cuite, de fleurs jaunes et de capsules ou de comprim\u00e9s blancs sur une cuill\u00e8re en bois sur fond clair\" src=\"https:\/\/images-na.ssl-images-amazon.com\/images\/G\/01\/x-locale\/common\/grey-pixel.gif\" class=\"a-lazy-loaded\" data-src=\"https:\/\/m.media-amazon.com\/images\/S\/aplus-media-library-service-media\/7cce3286-b443-4a76-9917-b0d178d8cf93.__CR0,0,300,300_PT0_SX300_V1___.jpg\"><img decoding=\"async\" alt=\"Arrangement d'herbes fra\u00eeches dans un pot en terre cuite, de fleurs jaunes et de capsules ou de comprim\u00e9s blancs sur une cuill\u00e8re en bois sur fond clair\" src=\"https:\/\/m.media-amazon.com\/images\/S\/aplus-media-library-service-media\/7cce3286-b443-4a76-9917-b0d178d8cf93.__CR0,0,300,300_PT0_SX300_V1___.jpg\">  <\/p>\n<h3 class=\"a-spacing-mini\"> Conformit\u00e9 des produits <\/h3>\n<p> Tous les produits Warnke sont adapt\u00e9s les uns aux autres. Nous vous garantissons ainsi la qualit\u00e9 incomparable de nos produits hautement dos\u00e9s pour votre quotidien! <\/p>\n<p> Is discontinued by manufacturer                                            \u200f                                            :                                            \u200e                                            No   <br \/> Package Dimensions                                            \u200f                                            :                                            \u200e                                            11.6 x 5.3 x 5.3 cm; 41 g   <br \/> Manufacturer                                            \u200f                                            :                                            \u200e                                            WARNKE VITALSTOFFE   <br \/> ASIN                                            \u200f                                            :                                            \u200e                                            B01N26AV9O   <br \/> Manufacturer reference                                            \u200f                                            :                                            \u200e                                            2044060   <br \/> Country of origin                                            \u200f                                            :                                            \u200e                                            Germany   <br \/>  Customer reviews:                                                                                            4.1               4.1 out of 5 stars                                  (80)                                              var dpAcrHasRegisteredArcLinkClickAction;                    P.when(&#8216;A&#8217;, &#8216;ready&#8217;).execute(function(A) {                        if (dpAcrHasRegisteredArcLinkClickAction !== true) {                            dpAcrHasRegisteredArcLinkClickAction = true;                            A.declarative(                                &#8216;acrLink-click-metrics&#8217;, &#8216;click&#8217;,                                { &#8220;allowLinkDefault&#8221;: true },                                function (event) {                                    if (window.ue) {                                        ue.count(&#8220;acrLinkClickCount&#8221;, (ue.count(&#8220;acrLinkClickCount&#8221;) || 0) + 1);                                    }                                }                            );                        }                    });                                             P.when(&#8216;A&#8217;, &#8216;cf&#8217;).execute(function(A) {                A.declarative(&#8216;acrStarsLink-click-metrics&#8217;, &#8216;click&#8217;, { &#8220;allowLinkDefault&#8221; : true },  function(event){                    if(window.ue) {                        ue.count(&#8220;acrStarsLinkWithPopoverClickCount&#8221;, (ue.count(&#8220;acrStarsLinkWithPopoverClickCount&#8221;) || 0) + 1);                    }                });            });                          <br \/>Great value for money &#8211; German quality &#8211; herba direkt &#8211; Rhodiola Rosea stonecrop 15mg Rosavin &#8211; Adaptogen<br \/>Ingredients: Pink stonecrop root extract (Rhodiola rosea L., contains 3% rosavin and 1% salidroside), hydroxypro- pylmethylcellulose coating agent (capsule shell), L-Leucine, microcrystalline cellulose filler agent, cottonseed oil, rice extract mixture<br \/>Dosage: adults, 1 capsule per day with a large glass of water.<br \/>Contents: 60 capsules of rhodiola extract for 60 days. Economical packaging without magnesium stearate! Highly dosed<br \/>Quality and user-friendliness: Our products comply with HACCP quality standards. Made in Germany. Raw materials from EU countries and outside the EU. The optimised packaging with a sealed measuring cap ensures that your food supplements are stored for a long time and easy dosing.<\/p>\n\n","protected":false},"excerpt":{"rendered":"<p> Product Description Plus de 30 ans de connaissances et d&#8217;exp\u00e9rience avec les produits de Warnke. La qualit\u00e9 et le bien-\u00eatre sont une question de confiance. Depuis plus de 30 ans, nous d\u00e9veloppons pour vous des compl\u00e9ments alimentaires de qualit\u00e9 pharmaceutique avec une gamme de plus de 200 produits. Pouss\u00e9 par [&hellip;]<\/p>\n","protected":false},"featured_media":16855,"comment_status":"open","ping_status":"closed","template":"","meta":{"_gspb_post_css":"","om_disable_all_campaigns":false,"_monsterinsights_skip_tracking":false,"_monsterinsights_sitenote_active":false,"_monsterinsights_sitenote_note":"","_monsterinsights_sitenote_category":0},"store":[],"product_brand":[],"product_cat":[150],"product_tag":[380,198,4149,422,4148,2654,419,420,2655],"class_list":{"0":"post-16854","1":"product","2":"type-product","3":"status-publish","4":"has-post-thumbnail","6":"product_cat-anti-stress-adaptogenes","7":"product_tag-adaptogen","8":"product_tag-capsules","9":"product_tag-direkt","10":"product_tag-extract","11":"product_tag-herba","12":"product_tag-pink","13":"product_tag-rhodiola","14":"product_tag-rosea","15":"product_tag-stonecrop","17":"first","18":"instock","19":"shipping-taxable","20":"product-type-external"},"aioseo_notices":[],"jetpack_sharing_enabled":true,"_links":{"self":[{"href":"https:\/\/www.zolattitude.com\/index.php\/wp-json\/wp\/v2\/product\/16854","targetHints":{"allow":["GET"]}}],"collection":[{"href":"https:\/\/www.zolattitude.com\/index.php\/wp-json\/wp\/v2\/product"}],"about":[{"href":"https:\/\/www.zolattitude.com\/index.php\/wp-json\/wp\/v2\/types\/product"}],"replies":[{"embeddable":true,"href":"https:\/\/www.zolattitude.com\/index.php\/wp-json\/wp\/v2\/comments?post=16854"}],"wp:featuredmedia":[{"embeddable":true,"href":"https:\/\/www.zolattitude.com\/index.php\/wp-json\/wp\/v2\/media\/16855"}],"wp:attachment":[{"href":"https:\/\/www.zolattitude.com\/index.php\/wp-json\/wp\/v2\/media?parent=16854"}],"wp:term":[{"taxonomy":"store","embeddable":true,"href":"https:\/\/www.zolattitude.com\/index.php\/wp-json\/wp\/v2\/store?post=16854"},{"taxonomy":"product_brand","embeddable":true,"href":"https:\/\/www.zolattitude.com\/index.php\/wp-json\/wp\/v2\/product_brand?post=16854"},{"taxonomy":"product_cat","embeddable":true,"href":"https:\/\/www.zolattitude.com\/index.php\/wp-json\/wp\/v2\/product_cat?post=16854"},{"taxonomy":"product_tag","embeddable":true,"href":"https:\/\/www.zolattitude.com\/index.php\/wp-json\/wp\/v2\/product_tag?post=16854"}],"curies":[{"name":"wp","href":"https:\/\/api.w.org\/{rel}","templated":true}]}}