{"id":16922,"date":"2026-01-06T21:46:24","date_gmt":"2026-01-06T21:46:24","guid":{"rendered":"https:\/\/www.zolattitude.com\/index.php\/product\/les-droles-de-petites-betes-lily-pissenlit\/"},"modified":"2026-01-06T21:46:26","modified_gmt":"2026-01-06T21:46:26","slug":"les-droles-de-petites-betes-lily-pissenlit","status":"publish","type":"product","link":"https:\/\/www.zolattitude.com\/index.php\/product\/les-droles-de-petites-betes-lily-pissenlit\/","title":{"rendered":"Les Dr\u00f4les de Petites B\u00eates &#8211; Lily Pissenlit"},"content":{"rendered":"<p>Price: <span style=\"color:#b12704\">\u20ac6.50<\/span><br \/><i><small>(as of Jan 06, 2026 21:46:24 UTC &#8211; <span class=\"wp_automatic_amazon_disclaimer\" title=\"Product prices and availability are accurate as of the date\/time indicated and are subject to change. Any price and availability information displayed on [relevant Amazon Site(s), as applicable] at the time of purchase will apply to the purchase of this product.\">Details<\/span>)<\/small><\/i><br \/><a href=\"https:\/\/amazon.fr\/dp\/2075188041?tag=onamzmoukoubl-21\"><img decoding=\"async\" src=\"https:\/\/valvepress.s3.amazonaws.com\/imgs\/buy_now.png\"><\/a><br \/>\n<br \/>\n  Un \u00e9loge de la diff\u00e9rence et une belle histoire sur la diversit\u00e9 dans la nature.<br \/>Libre et insouciante, Lily Pissenlit s\u00e8me \u00e0 tout vent. Comme sa fleur, elle n&#8217;est jamais l\u00e0 o\u00f9 on l&#8217;attend. Une vie de r\u00eave pour la petite abeille, un vrai cauchemar pour Benjamin le lutin&#8230;    <br \/>Publisher                                            \u200f                                            :                                            \u200e                                                        GALL JEUN GIBOU       <br \/> Publication date                                            \u200f                                            :                                            \u200e                                                        23 May 2024       <br \/> Edition                                            \u200f                                            :                                            \u200e                                                        Illustrated       <br \/> Language                                            \u200f                                            :                                            \u200e                                            French   <br \/> Print length                                            \u200f                                            :                                            \u200e                                                        32 pages       <br \/> ISBN-10                                            \u200f                                            :                                            \u200e                                                        2075188041       <br \/> ISBN-13                                            \u200f                                            :                                            \u200e                                                        978-2075188043       <br \/> Item weight                                            \u200f                                            :                                            \u200e                                            234 g   <br \/> Reading age                                            \u200f                                            :                                            \u200e                                            3 &#8211; 6 years   <br \/> Dimensions                                            \u200f                                            :                                            \u200e                                                        19.5 x 1 x 19.7 cm       <br \/> Book 1 of 80                                            \u200f                                            :                                            \u200e                                                        Les Dr\u00f4les de Petites B\u00eates       <br \/>       Best Sellers Rank:  55,543 in Books (See Top 100 in Books)    506 in Children&#8217;s Bedtime &#038; Dream Books      <br \/>  Customer reviews:                                                                                            4.6               4.6 out of 5 stars                                  (22)                                              var dpAcrHasRegisteredArcLinkClickAction;                    P.when(&#8216;A&#8217;, &#8216;ready&#8217;).execute(function(A) {                        if (dpAcrHasRegisteredArcLinkClickAction !== true) {                            dpAcrHasRegisteredArcLinkClickAction = true;                            A.declarative(                                &#8216;acrLink-click-metrics&#8217;, &#8216;click&#8217;,                                { &#8220;allowLinkDefault&#8221;: true },                                function (event) {                                    if (window.ue) {                                        ue.count(&#8220;acrLinkClickCount&#8221;, (ue.count(&#8220;acrLinkClickCount&#8221;) || 0) + 1);                                    }                                }                            );                        }                    });                                             P.when(&#8216;A&#8217;, &#8216;cf&#8217;).execute(function(A) {                A.declarative(&#8216;acrStarsLink-click-metrics&#8217;, &#8216;click&#8217;, { &#8220;allowLinkDefault&#8221; : true },  function(event){                    if(window.ue) {                        ue.count(&#8220;acrStarsLinkWithPopoverClickCount&#8221;, (ue.count(&#8220;acrStarsLinkWithPopoverClickCount&#8221;) || 0) + 1);                    }                });            });                          <br \/><\/p>\n","protected":false},"excerpt":{"rendered":"<p> Un \u00e9loge de la diff\u00e9rence et une belle histoire sur la diversit\u00e9 dans la nature.Libre et insouciante, Lily Pissenlit s\u00e8me \u00e0 tout vent. Comme sa fleur, elle n&#8217;est jamais l\u00e0 o\u00f9 on l&#8217;attend. Une vie de r\u00eave pour la petite abeille, un vrai cauchemar pour Benjamin le lutin&#8230; Publisher \u200f [&hellip;]<\/p>\n","protected":false},"featured_media":16923,"comment_status":"open","ping_status":"closed","template":"","meta":{"_gspb_post_css":"","om_disable_all_campaigns":false,"_monsterinsights_skip_tracking":false,"_monsterinsights_sitenote_active":false,"_monsterinsights_sitenote_note":"","_monsterinsights_sitenote_category":0},"store":[],"product_brand":[],"product_cat":[156],"product_tag":[4674,4672,1073,4675,4673,4676],"class_list":{"0":"post-16922","1":"product","2":"type-product","3":"status-publish","4":"has-post-thumbnail","6":"product_cat-foie-drainage","7":"product_tag-betes","8":"product_tag-droles","9":"product_tag-les","10":"product_tag-lily","11":"product_tag-petites","12":"product_tag-pissenlit","14":"first","15":"instock","16":"shipping-taxable","17":"product-type-external"},"aioseo_notices":[],"jetpack_sharing_enabled":true,"_links":{"self":[{"href":"https:\/\/www.zolattitude.com\/index.php\/wp-json\/wp\/v2\/product\/16922","targetHints":{"allow":["GET"]}}],"collection":[{"href":"https:\/\/www.zolattitude.com\/index.php\/wp-json\/wp\/v2\/product"}],"about":[{"href":"https:\/\/www.zolattitude.com\/index.php\/wp-json\/wp\/v2\/types\/product"}],"replies":[{"embeddable":true,"href":"https:\/\/www.zolattitude.com\/index.php\/wp-json\/wp\/v2\/comments?post=16922"}],"wp:featuredmedia":[{"embeddable":true,"href":"https:\/\/www.zolattitude.com\/index.php\/wp-json\/wp\/v2\/media\/16923"}],"wp:attachment":[{"href":"https:\/\/www.zolattitude.com\/index.php\/wp-json\/wp\/v2\/media?parent=16922"}],"wp:term":[{"taxonomy":"store","embeddable":true,"href":"https:\/\/www.zolattitude.com\/index.php\/wp-json\/wp\/v2\/store?post=16922"},{"taxonomy":"product_brand","embeddable":true,"href":"https:\/\/www.zolattitude.com\/index.php\/wp-json\/wp\/v2\/product_brand?post=16922"},{"taxonomy":"product_cat","embeddable":true,"href":"https:\/\/www.zolattitude.com\/index.php\/wp-json\/wp\/v2\/product_cat?post=16922"},{"taxonomy":"product_tag","embeddable":true,"href":"https:\/\/www.zolattitude.com\/index.php\/wp-json\/wp\/v2\/product_tag?post=16922"}],"curies":[{"name":"wp","href":"https:\/\/api.w.org\/{rel}","templated":true}]}}