{"id":17016,"date":"2026-01-07T20:03:36","date_gmt":"2026-01-07T20:03:36","guid":{"rendered":"https:\/\/www.zolattitude.com\/index.php\/product\/laboratoire-naturavignon-hydrolyzed-marine-collagen-type-1-and-2-powder-joints-bones-cartilages-10-g-marine-collagen-per-serving-red-fruit-flavour-made-in-france-375-g\/"},"modified":"2026-01-07T20:03:36","modified_gmt":"2026-01-07T20:03:36","slug":"laboratoire-naturavignon-hydrolyzed-marine-collagen-type-1-and-2-powder-joints-bones-cartilages-10-g-marine-collagen-per-serving-red-fruit-flavour-made-in-france-375-g","status":"publish","type":"product","link":"https:\/\/www.zolattitude.com\/index.php\/product\/laboratoire-naturavignon-hydrolyzed-marine-collagen-type-1-and-2-powder-joints-bones-cartilages-10-g-marine-collagen-per-serving-red-fruit-flavour-made-in-france-375-g\/","title":{"rendered":"Laboratoire NaturAvignon Hydrolyzed Marine Collagen Type 1 and 2 Powder | Joints, Bones, Cartilages | 10 g Marine Collagen per Serving | Red Fruit Flavour | Made in France | 375 g"},"content":{"rendered":"<p>Price: <span style=\"color:#b12704\">\u20ac39.90<\/span><br \/><i><small>(as of Jan 07, 2026 20:03:36 UTC &#8211; <span class=\"wp_automatic_amazon_disclaimer\" title=\"Product prices and availability are accurate as of the date\/time indicated and are subject to change. Any price and availability information displayed on [relevant Amazon Site(s), as applicable] at the time of purchase will apply to the purchase of this product.\">Details<\/span>)<\/small><\/i><br \/><a href=\"https:\/\/amazon.fr\/dp\/B0CVRK7XQ8?tag=onamzmoukoubl-21\"><img decoding=\"async\" src=\"https:\/\/valvepress.s3.amazonaws.com\/imgs\/buy_now.png\"><\/a><br \/>\n<\/p>\n<p>                                             From the brand   <\/p>\n<p>                                             <img decoding=\"async\" alt=\"\" src=\"https:\/\/images-na.ssl-images-amazon.com\/images\/G\/01\/x-locale\/common\/grey-pixel.gif\" class=\"a-lazy-loaded\" data-src=\"https:\/\/m.media-amazon.com\/images\/S\/aplus-media-library-service-media\/64bd67c8-c520-4b10-b887-94b2d0fe4317.__CR0,0,1464,625_PT0_SX1464_V1___.png\"><img decoding=\"async\" alt=\"\" src=\"https:\/\/m.media-amazon.com\/images\/S\/aplus-media-library-service-media\/64bd67c8-c520-4b10-b887-94b2d0fe4317.__CR0,0,1464,625_PT0_SX1464_V1___.png\">  <\/p>\n<p>                                             <img decoding=\"async\" alt=\"Elue marque de l'ann\u00e9e 2025\" src=\"https:\/\/images-na.ssl-images-amazon.com\/images\/G\/01\/x-locale\/common\/grey-pixel.gif\" class=\"a-lazy-loaded\" data-src=\"https:\/\/m.media-amazon.com\/images\/S\/aplus-media-library-service-media\/02132864-fbe2-4a56-a426-fbe2d2d78104.__CR0,0,362,453_PT0_SX362_V1___.png\"><img decoding=\"async\" alt=\"Elue marque de l'ann\u00e9e 2025\" src=\"https:\/\/m.media-amazon.com\/images\/S\/aplus-media-library-service-media\/02132864-fbe2-4a56-a426-fbe2d2d78104.__CR0,0,362,453_PT0_SX362_V1___.png\">  <\/p>\n<h3> Meilleures ventes Naturavignon <\/h3>\n<p class=\"apm-brand-story-stores-link\">\n<p>                                             <img decoding=\"async\" alt=\"\" src=\"https:\/\/images-na.ssl-images-amazon.com\/images\/G\/01\/x-locale\/common\/grey-pixel.gif\" class=\"a-lazy-loaded\" data-src=\"https:\/\/m.media-amazon.com\/images\/S\/aplus-media-library-service-media\/66181fd9-2b6e-4ac8-a742-ce03a2cee4b8.__CR0,0,362,453_PT0_SX362_V1___.png\"><img decoding=\"async\" alt=\"\" src=\"https:\/\/m.media-amazon.com\/images\/S\/aplus-media-library-service-media\/66181fd9-2b6e-4ac8-a742-ce03a2cee4b8.__CR0,0,362,453_PT0_SX362_V1___.png\">  <\/p>\n<h3> Douleurs articulaires <\/h3>\n<p class=\"apm-brand-story-stores-link\">\n<p>                                             <img decoding=\"async\" alt=\"Collag\u00e8ne peau efficace indispensable\" src=\"https:\/\/images-na.ssl-images-amazon.com\/images\/G\/01\/x-locale\/common\/grey-pixel.gif\" class=\"a-lazy-loaded\" data-src=\"https:\/\/m.media-amazon.com\/images\/S\/aplus-media-library-service-media\/f007401a-6e64-4a9e-91a3-f10517600697.__CR0,0,362,453_PT0_SX362_V1___.jpg\"><img decoding=\"async\" alt=\"Collag\u00e8ne peau efficace indispensable\" src=\"https:\/\/m.media-amazon.com\/images\/S\/aplus-media-library-service-media\/f007401a-6e64-4a9e-91a3-f10517600697.__CR0,0,362,453_PT0_SX362_V1___.jpg\">  <\/p>\n<h3> Perte de poids &amp; Brule Graisse <\/h3>\n<p class=\"apm-brand-story-stores-link\">\n<p>                                             <img decoding=\"async\" alt=\"\" src=\"https:\/\/images-na.ssl-images-amazon.com\/images\/G\/01\/x-locale\/common\/grey-pixel.gif\" class=\"a-lazy-loaded\" data-src=\"https:\/\/m.media-amazon.com\/images\/S\/aplus-media-library-service-media\/b33332f5-849a-4a9a-9bfb-37239ff08876.__CR0,0,362,453_PT0_SX362_V1___.png\"><img decoding=\"async\" alt=\"\" src=\"https:\/\/m.media-amazon.com\/images\/S\/aplus-media-library-service-media\/b33332f5-849a-4a9a-9bfb-37239ff08876.__CR0,0,362,453_PT0_SX362_V1___.png\">  <\/p>\n<h3> Collag\u00e8ne <\/h3>\n<p class=\"apm-brand-story-stores-link\">\n<p>                                             <img decoding=\"async\" alt=\"\" src=\"https:\/\/images-na.ssl-images-amazon.com\/images\/G\/01\/x-locale\/common\/grey-pixel.gif\" class=\"a-lazy-loaded\" data-src=\"https:\/\/m.media-amazon.com\/images\/S\/aplus-media-library-service-media\/4a611beb-9c5f-4b6f-86f5-4955d7c3cd3e.__CR0,0,315,145_PT0_SX315_V1___.png\"><img decoding=\"async\" alt=\"\" src=\"https:\/\/m.media-amazon.com\/images\/S\/aplus-media-library-service-media\/4a611beb-9c5f-4b6f-86f5-4955d7c3cd3e.__CR0,0,315,145_PT0_SX315_V1___.png\">  <\/p>\n<p> Notre mission : accompagner, conseiller et guider vers une meilleure sant\u00e9 <\/p>\n<p> En plus des compl\u00e9ments alimentaires, accompagner et conseiller font partie de l\u2019ADN de Laboratoire NaturAvignon. Pour cela, le laboratoire s\u2019entoure de professionnels scientifiques et de sant\u00e9 pour apporter du service autour des compl\u00e9ments alimentaires : astuces, programmes, \u00e9coute, transparence\u2026 <\/p>\n<p> Product Dimensions                                            \u200f                                            :                                            \u200e                                            18 x 11 x 11 cm; 440 g   <br \/> Manufacturer                                            \u200f                                            :                                            \u200e                                            Naturavignon Laboratoire   <br \/> ASIN                                            \u200f                                            :                                            \u200e                                            B0CVRK7XQ8   <br \/> Manufacturer reference                                            \u200f                                            :                                            \u200e                                            12281   <br \/> Country of origin                                            \u200f                                            :                                            \u200e                                            France   <br \/>  Customer reviews:                                                                                            4.3               4.3 out of 5 stars                                  (315)                                              var dpAcrHasRegisteredArcLinkClickAction;                    P.when(&#8216;A&#8217;, &#8216;ready&#8217;).execute(function(A) {                        if (dpAcrHasRegisteredArcLinkClickAction !== true) {                            dpAcrHasRegisteredArcLinkClickAction = true;                            A.declarative(                                &#8216;acrLink-click-metrics&#8217;, &#8216;click&#8217;,                                { &#8220;allowLinkDefault&#8221;: true },                                function (event) {                                    if (window.ue) {                                        ue.count(&#8220;acrLinkClickCount&#8221;, (ue.count(&#8220;acrLinkClickCount&#8221;) || 0) + 1);                                    }                                }                            );                        }                    });                                             P.when(&#8216;A&#8217;, &#8216;cf&#8217;).execute(function(A) {                A.declarative(&#8216;acrStarsLink-click-metrics&#8217;, &#8216;click&#8217;, { &#8220;allowLinkDefault&#8221; : true },  function(event){                    if(window.ue) {                        ue.count(&#8220;acrStarsLinkWithPopoverClickCount&#8221;, (ue.count(&#8220;acrStarsLinkWithPopoverClickCount&#8221;) || 0) + 1);                    }                });            });                          <br \/>3 ACTIONS FOR YOUR JOINTS &#8211; From the age of 40, the body makes 30% less collagen, and at 60 years old 60% less. Our Collagen improves joint comfort, maintains cartilage and tendon health, and maintains bone mass.<br \/>THE BEST TYPES OF COLLAGEN &#8211; Only hydrolyzed collagen is very well assimilated by the body. That&#8217;s why we chose hydrolyzed marine collagen type 1 and 2, the most suitable types for joints.<br \/>6 COMPLEMENTARY ACTIVES &#8211; 6 minerals &#038; vitamins enhance the effectiveness of the product for the formation of collagen and maintain a normal bone structure (Vitamins C, D3, K2, calcium, zinc, MSM). Patented combination of vitamins D3, K2 and zinc.<br \/>10 g of collagen per dose \u2013 With 10 g of hydrolyzed marine collagen, Active Collagen + is 2 to 10 times more collagen dosed than most collagen on the market. Dilute 1 measuring spoon\/day (delivered with the product) in a large glass of water.<br \/>Quality commitments \u2013 Collagen is 100% natural origin &#038; sustainable fishing. It is sugar and fat free. Its red fruit aroma is natural. He has 1 clinical study &#038; 2 patents. Created in France by Laboratoire NaturAvignon.<\/p>\n\n","protected":false},"excerpt":{"rendered":"<p> From the brand Meilleures ventes Naturavignon Douleurs articulaires Perte de poids &amp; Brule Graisse Collag\u00e8ne Notre mission : accompagner, conseiller et guider vers une meilleure sant\u00e9 En plus des compl\u00e9ments alimentaires, accompagner et conseiller font partie de l\u2019ADN de Laboratoire NaturAvignon. Pour cela, le laboratoire s\u2019entoure de professionnels scientifiques et [&hellip;]<\/p>\n","protected":false},"featured_media":17017,"comment_status":"open","ping_status":"closed","template":"","meta":{"_gspb_post_css":"","om_disable_all_campaigns":false,"_monsterinsights_skip_tracking":false,"_monsterinsights_sitenote_active":false,"_monsterinsights_sitenote_note":"","_monsterinsights_sitenote_category":0},"store":[],"product_brand":[],"product_cat":[138],"product_tag":[1240,3641,168,596,201,921,881,416,2502,167,1793,214,920,1757,186],"class_list":{"0":"post-17016","1":"product","2":"type-product","3":"status-publish","4":"has-post-thumbnail","6":"product_cat-acide-hyaluronique-msm","7":"product_tag-bones","8":"product_tag-cartilages","9":"product_tag-collagen","10":"product_tag-flavour","11":"product_tag-france","12":"product_tag-fruit","13":"product_tag-hydrolyzed","14":"product_tag-joints","15":"product_tag-laboratoire","16":"product_tag-marine","17":"product_tag-naturavignon","18":"product_tag-powder","19":"product_tag-red","20":"product_tag-serving","21":"product_tag-type","23":"first","24":"instock","25":"shipping-taxable","26":"product-type-external"},"aioseo_notices":[],"jetpack_sharing_enabled":true,"_links":{"self":[{"href":"https:\/\/www.zolattitude.com\/index.php\/wp-json\/wp\/v2\/product\/17016","targetHints":{"allow":["GET"]}}],"collection":[{"href":"https:\/\/www.zolattitude.com\/index.php\/wp-json\/wp\/v2\/product"}],"about":[{"href":"https:\/\/www.zolattitude.com\/index.php\/wp-json\/wp\/v2\/types\/product"}],"replies":[{"embeddable":true,"href":"https:\/\/www.zolattitude.com\/index.php\/wp-json\/wp\/v2\/comments?post=17016"}],"wp:featuredmedia":[{"embeddable":true,"href":"https:\/\/www.zolattitude.com\/index.php\/wp-json\/wp\/v2\/media\/17017"}],"wp:attachment":[{"href":"https:\/\/www.zolattitude.com\/index.php\/wp-json\/wp\/v2\/media?parent=17016"}],"wp:term":[{"taxonomy":"store","embeddable":true,"href":"https:\/\/www.zolattitude.com\/index.php\/wp-json\/wp\/v2\/store?post=17016"},{"taxonomy":"product_brand","embeddable":true,"href":"https:\/\/www.zolattitude.com\/index.php\/wp-json\/wp\/v2\/product_brand?post=17016"},{"taxonomy":"product_cat","embeddable":true,"href":"https:\/\/www.zolattitude.com\/index.php\/wp-json\/wp\/v2\/product_cat?post=17016"},{"taxonomy":"product_tag","embeddable":true,"href":"https:\/\/www.zolattitude.com\/index.php\/wp-json\/wp\/v2\/product_tag?post=17016"}],"curies":[{"name":"wp","href":"https:\/\/api.w.org\/{rel}","templated":true}]}}