{"id":17396,"date":"2026-01-10T22:11:35","date_gmt":"2026-01-10T22:11:35","guid":{"rendered":"https:\/\/www.zolattitude.com\/index.php\/product\/night-formula-melatonin-1-9-mg-plants-valerian-lemon-balm-chamomile-passionflower-100-natural-sleep-supplement-60-nights-of-natural-sleep-made-in-france\/"},"modified":"2026-01-10T22:11:43","modified_gmt":"2026-01-10T22:11:43","slug":"night-formula-melatonin-1-9-mg-plants-valerian-lemon-balm-chamomile-passionflower-100-natural-sleep-supplement-60-nights-of-natural-sleep-made-in-france","status":"publish","type":"product","link":"https:\/\/www.zolattitude.com\/index.php\/product\/night-formula-melatonin-1-9-mg-plants-valerian-lemon-balm-chamomile-passionflower-100-natural-sleep-supplement-60-nights-of-natural-sleep-made-in-france\/","title":{"rendered":"NIGHT FORMULA | Melatonin 1.9 mg + Plants: Valerian, Lemon Balm, Chamomile, Passionflower | 100% Natural Sleep Supplement | 60 Nights of Natural Sleep | Made in France"},"content":{"rendered":"<p>Price: <span style=\"color:#b12704\">\u20ac25.00<\/span><br \/><i><small>(as of Jan 10, 2026 22:11:35 UTC &#8211; <span class=\"wp_automatic_amazon_disclaimer\" title=\"Product prices and availability are accurate as of the date\/time indicated and are subject to change. Any price and availability information displayed on [relevant Amazon Site(s), as applicable] at the time of purchase will apply to the purchase of this product.\">Details<\/span>)<\/small><\/i><br \/><a href=\"https:\/\/amazon.fr\/dp\/B07RGR9CWZ?tag=onamzmoukoubl-21\"><img decoding=\"async\" src=\"https:\/\/valvepress.s3.amazonaws.com\/imgs\/buy_now.png\"><\/a><br \/>\n<\/p>\n<p>                                             From the brand   <\/p>\n<p>                                             <img decoding=\"async\" alt=\"sdvsdv\" src=\"https:\/\/images-na.ssl-images-amazon.com\/images\/G\/01\/x-locale\/common\/grey-pixel.gif\" class=\"a-lazy-loaded\" data-src=\"https:\/\/m.media-amazon.com\/images\/S\/aplus-media-library-service-media\/e5d7f98f-998c-40b8-b31d-584ccf62ba83.__CR0,0,1464,625_PT0_SX1464_V1___.png\"><img decoding=\"async\" alt=\"sdvsdv\" src=\"https:\/\/m.media-amazon.com\/images\/S\/aplus-media-library-service-media\/e5d7f98f-998c-40b8-b31d-584ccf62ba83.__CR0,0,1464,625_PT0_SX1464_V1___.png\">  <\/p>\n<h3> SOMMEIL <\/h3>\n<p class=\"apm-brand-story-stores-link\">\n<h3> \u00c9NERGIE <\/h3>\n<p class=\"apm-brand-story-stores-link\">\n<h3> ENOVA AU F\u00c9MININ <\/h3>\n<p class=\"apm-brand-story-stores-link\">\n<h3> BEAUT\u00c9 <\/h3>\n<p class=\"apm-brand-story-stores-link\">\n<p> Product Dimensions                                            \u200f                                            :                                            \u200e                                            10 x 5 x 5 cm; 60 g   <br \/> Manufacturer                                            \u200f                                            :                                            \u200e                                            Laboratoires Enova   <br \/> ASIN                                            \u200f                                            :                                            \u200e                                            B07RGR9CWZ   <br \/> Manufacturer reference                                            \u200f                                            :                                            \u200e                                            Nuit-BE   <br \/> Country of origin                                            \u200f                                            :                                            \u200e                                            France   <br \/>  Customer reviews:                                                                                            4.0               4.0 out of 5 stars                                  (1,156)                                              var dpAcrHasRegisteredArcLinkClickAction;                    P.when(&#8216;A&#8217;, &#8216;ready&#8217;).execute(function(A) {                        if (dpAcrHasRegisteredArcLinkClickAction !== true) {                            dpAcrHasRegisteredArcLinkClickAction = true;                            A.declarative(                                &#8216;acrLink-click-metrics&#8217;, &#8216;click&#8217;,                                { &#8220;allowLinkDefault&#8221;: true },                                function (event) {                                    if (window.ue) {                                        ue.count(&#8220;acrLinkClickCount&#8221;, (ue.count(&#8220;acrLinkClickCount&#8221;) || 0) + 1);                                    }                                }                            );                        }                    });                                             P.when(&#8216;A&#8217;, &#8216;cf&#8217;).execute(function(A) {                A.declarative(&#8216;acrStarsLink-click-metrics&#8217;, &#8216;click&#8217;, { &#8220;allowLinkDefault&#8221; : true },  function(event){                    if(window.ue) {                        ue.count(&#8220;acrStarsLinkWithPopoverClickCount&#8221;, (ue.count(&#8220;acrStarsLinkWithPopoverClickCount&#8221;) || 0) + 1);                    }                });            });                          <br \/>Triple sleep effect: rapid sleep, natural sleep, restful sleep.<br \/>The benefits of melatonin: Melatonin promotes falling asleep, it is secreted naturally by the brain and occurs naturally in certain foods such as nuts or hazelnuts. Night formula contains the optimal dosage of melatonin 1.9 mg.<br \/>\ud83c\udf3f 100% NATURAL PLANTS: Chamomile and Valerian promote natural sleep. Lemon balm and passion flower facilitate relaxation and decrease night awakenings. Unlike sleeping pills, Night Formula does not cause addiction.<br \/>MAXIMUM PURITY: Night formula is a food supplement without sweetener, magnesium stearate, non-GMO, gluten-free, lactose free and titanium dioxide. Our 60 capsules (2 months of cure) of Formula Nuit are 100% vegetable origin and are therefore suitable for vegans and vegetarians.<br \/>Made in France. Laboratoires Enova is a 100% French company. Each step is carried out in France: R&#038;D is located in Lille, the design team in Nice, the manufacturing takes place in Morbihan, the logistics team is in Paris and the Customer Service in Limoges.<\/p>\n\n","protected":false},"excerpt":{"rendered":"<p> From the brand SOMMEIL \u00c9NERGIE ENOVA AU F\u00c9MININ BEAUT\u00c9 Product Dimensions \u200f : \u200e 10 x 5 x 5 cm; 60 g Manufacturer \u200f : \u200e Laboratoires Enova ASIN \u200f : \u200e B07RGR9CWZ Manufacturer reference \u200f : \u200e Nuit-BE Country of origin \u200f : \u200e France Customer reviews: 4.0 4.0 [&hellip;]<\/p>\n","protected":false},"featured_media":17397,"comment_status":"open","ping_status":"closed","template":"","meta":{"_gspb_post_css":"","om_disable_all_campaigns":false,"_monsterinsights_skip_tracking":false,"_monsterinsights_sitenote_active":false,"_monsterinsights_sitenote_note":"","_monsterinsights_sitenote_category":0},"store":[],"product_brand":[],"product_cat":[151],"product_tag":[408,564,543,201,407,429,260,2620,1494,406,593,405,200,505],"class_list":{"0":"post-17396","1":"product","2":"type-product","3":"status-publish","4":"has-post-thumbnail","6":"product_cat-sommeil-relaxation","7":"product_tag-balm","8":"product_tag-chamomile","9":"product_tag-formula","10":"product_tag-france","11":"product_tag-lemon","12":"product_tag-melatonin","13":"product_tag-natural","14":"product_tag-night","15":"product_tag-nights","16":"product_tag-passionflower","17":"product_tag-plants","18":"product_tag-sleep","19":"product_tag-supplement","20":"product_tag-valerian","22":"first","23":"instock","24":"shipping-taxable","25":"product-type-external"},"aioseo_notices":[],"jetpack_sharing_enabled":true,"_links":{"self":[{"href":"https:\/\/www.zolattitude.com\/index.php\/wp-json\/wp\/v2\/product\/17396","targetHints":{"allow":["GET"]}}],"collection":[{"href":"https:\/\/www.zolattitude.com\/index.php\/wp-json\/wp\/v2\/product"}],"about":[{"href":"https:\/\/www.zolattitude.com\/index.php\/wp-json\/wp\/v2\/types\/product"}],"replies":[{"embeddable":true,"href":"https:\/\/www.zolattitude.com\/index.php\/wp-json\/wp\/v2\/comments?post=17396"}],"wp:featuredmedia":[{"embeddable":true,"href":"https:\/\/www.zolattitude.com\/index.php\/wp-json\/wp\/v2\/media\/17397"}],"wp:attachment":[{"href":"https:\/\/www.zolattitude.com\/index.php\/wp-json\/wp\/v2\/media?parent=17396"}],"wp:term":[{"taxonomy":"store","embeddable":true,"href":"https:\/\/www.zolattitude.com\/index.php\/wp-json\/wp\/v2\/store?post=17396"},{"taxonomy":"product_brand","embeddable":true,"href":"https:\/\/www.zolattitude.com\/index.php\/wp-json\/wp\/v2\/product_brand?post=17396"},{"taxonomy":"product_cat","embeddable":true,"href":"https:\/\/www.zolattitude.com\/index.php\/wp-json\/wp\/v2\/product_cat?post=17396"},{"taxonomy":"product_tag","embeddable":true,"href":"https:\/\/www.zolattitude.com\/index.php\/wp-json\/wp\/v2\/product_tag?post=17396"}],"curies":[{"name":"wp","href":"https:\/\/api.w.org\/{rel}","templated":true}]}}