{"id":17426,"date":"2026-01-10T23:14:33","date_gmt":"2026-01-10T23:14:33","guid":{"rendered":"https:\/\/www.zolattitude.com\/index.php\/product\/sevenhills-wholefoods-organic-japanese-ceremony-matcha-green-tea-powder-200g-from-uji-kyoto-japan-for-hot-cold-drinks-lattes-smoothies\/"},"modified":"2026-01-10T23:14:43","modified_gmt":"2026-01-10T23:14:43","slug":"sevenhills-wholefoods-organic-japanese-ceremony-matcha-green-tea-powder-200g-from-uji-kyoto-japan-for-hot-cold-drinks-lattes-smoothies","status":"publish","type":"product","link":"https:\/\/www.zolattitude.com\/index.php\/product\/sevenhills-wholefoods-organic-japanese-ceremony-matcha-green-tea-powder-200g-from-uji-kyoto-japan-for-hot-cold-drinks-lattes-smoothies\/","title":{"rendered":"Sevenhills Wholefoods Organic Japanese Ceremony Matcha Green Tea Powder 200g | from Uji, Kyoto, Japan | for Hot &#038; Cold Drinks, Lattes, Smoothies"},"content":{"rendered":"<p>Price: <span style=\"color:#b12704\">\u20ac27.99<\/span><br \/><i><small>(as of Jan 10, 2026 23:14:34 UTC &#8211; <span class=\"wp_automatic_amazon_disclaimer\" title=\"Product prices and availability are accurate as of the date\/time indicated and are subject to change. Any price and availability information displayed on [relevant Amazon Site(s), as applicable] at the time of purchase will apply to the purchase of this product.\">Details<\/span>)<\/small><\/i><br \/><a href=\"https:\/\/amazon.fr\/dp\/B06XY4JLXJ?tag=onamzmoukoubl-21\"><img decoding=\"async\" src=\"https:\/\/valvepress.s3.amazonaws.com\/imgs\/buy_now.png\"><\/a><br \/>\n<\/p>\n<p>                                             From the brand   <\/p>\n<p>                                             <img decoding=\"async\" alt=\"\" src=\"https:\/\/images-na.ssl-images-amazon.com\/images\/G\/01\/x-locale\/common\/grey-pixel.gif\" class=\"a-lazy-loaded\" data-src=\"https:\/\/m.media-amazon.com\/images\/S\/aplus-media-library-service-media\/460a1318-0486-4bf9-be46-b964b821467c.__CR0,0,1464,625_PT0_SX1464_V1___.png\"><img decoding=\"async\" alt=\"\" src=\"https:\/\/m.media-amazon.com\/images\/S\/aplus-media-library-service-media\/460a1318-0486-4bf9-be46-b964b821467c.__CR0,0,1464,625_PT0_SX1464_V1___.png\">  <\/p>\n<h3> Sevenhills Wholefoods <\/h3>\n<p> Sevenhills Wholefoods est un march\u00e9 de producteurs virtuel proposant des aliments entiers du monde entier. <\/p>\n<p>                                             <img decoding=\"async\" alt=\"\" src=\"https:\/\/images-na.ssl-images-amazon.com\/images\/G\/01\/x-locale\/common\/grey-pixel.gif\" class=\"a-lazy-loaded\" data-src=\"https:\/\/m.media-amazon.com\/images\/S\/aplus-media-library-service-media\/09a46c54-1317-439f-9856-6d818ef8940f.__CR0,450,1080,497_PT0_SX315_V1___.png\"><img decoding=\"async\" alt=\"\" src=\"https:\/\/m.media-amazon.com\/images\/S\/aplus-media-library-service-media\/09a46c54-1317-439f-9856-6d818ef8940f.__CR0,450,1080,497_PT0_SX315_V1___.png\">  <\/p>\n<p> VIVEZ VOTRE MEILLEURE VIE NATURELLEMENT: Nous rapprochons les consommateurs des producteurs pour proposer des aliments complets de qualit\u00e9 sup\u00e9rieure tout au long de l&#8217;ann\u00e9e. Nos producteurs partagent tous la conviction qu\u2019il faut prendre soin des terres qu\u2019ils cultivent et des communaut\u00e9s avec lesquelles ils travaillent. Notre large gamme vous permet de choisir la combinaison de nutriments qui r\u00e9pond le mieux \u00e0 vos besoins. <\/p>\n<p>                                             <img decoding=\"async\" alt=\"\" src=\"https:\/\/images-na.ssl-images-amazon.com\/images\/G\/01\/x-locale\/common\/grey-pixel.gif\" class=\"a-lazy-loaded\" data-src=\"https:\/\/m.media-amazon.com\/images\/S\/aplus-media-library-service-media\/50f21875-55ca-4d67-b8d1-2f645a9642d4.__CR0,143,529,244_PT0_SX315_V1___.jpg\"><img decoding=\"async\" alt=\"\" src=\"https:\/\/m.media-amazon.com\/images\/S\/aplus-media-library-service-media\/50f21875-55ca-4d67-b8d1-2f645a9642d4.__CR0,143,529,244_PT0_SX315_V1___.jpg\">  <\/p>\n<p> LE PARCOURS : Pour vous proposer les meilleurs aliments complets, nous commen\u00e7ons par identifier ceux qui sont les plus denses en nutriments et qui am\u00e9liorent la sant\u00e9. Ensuite, nous trouvons les endroits qui offrent les meilleures conditions pour que ces aliments complets puissent prosp\u00e9rer. Nous veillons ensuite \u00e0 ce que nos producteurs les transforment le moins possible, ce qui les rend pratiques \u00e0 utiliser tout en conservant les nutriments. <\/p>\n<p>                                             <img decoding=\"async\" alt=\"\" src=\"https:\/\/images-na.ssl-images-amazon.com\/images\/G\/01\/x-locale\/common\/grey-pixel.gif\" class=\"a-lazy-loaded\" data-src=\"https:\/\/m.media-amazon.com\/images\/S\/aplus-media-library-service-media\/eb0ec091-21a9-4027-9968-ff30296e0544.__CR0,405,1500,690_PT0_SX315_V1___.jpg\"><img decoding=\"async\" alt=\"\" src=\"https:\/\/m.media-amazon.com\/images\/S\/aplus-media-library-service-media\/eb0ec091-21a9-4027-9968-ff30296e0544.__CR0,405,1500,690_PT0_SX315_V1___.jpg\">  <\/p>\n<p> COMMENT VOUS NOUS AIDEZ \u00c0 FAIRE UNE DIFF\u00c9RENCE : Les r\u00e9gions d&#8217;o\u00f9 nous nous approvisionnons d\u00e9pendent g\u00e9n\u00e9ralement de l&#8217;agriculture comme principale forme d&#8217;emploi, et votre achat nous permet de soutenir ces communaut\u00e9s. Nous finan\u00e7ons \u00e9galement des projets sociaux aidant les plus d\u00e9munis de la soci\u00e9t\u00e9 en leur fournissant de la nourriture, de l\u2019\u00e9ducation, du logement, de l\u2019eau, des m\u00e9dicaments et des installations sanitaires. <\/p>\n<p>                                             <img decoding=\"async\" alt=\"\" src=\"https:\/\/images-na.ssl-images-amazon.com\/images\/G\/01\/x-locale\/common\/grey-pixel.gif\" class=\"a-lazy-loaded\" data-src=\"https:\/\/m.media-amazon.com\/images\/S\/aplus-media-library-service-media\/f48f2939-865a-49b4-a1cf-bdf9cccd711a.__CR701,0,1598,2000_PT0_SX362_V1___.jpg\"><img decoding=\"async\" alt=\"\" src=\"https:\/\/m.media-amazon.com\/images\/S\/aplus-media-library-service-media\/f48f2939-865a-49b4-a1cf-bdf9cccd711a.__CR701,0,1598,2000_PT0_SX362_V1___.jpg\">  <\/p>\n<h3> Ingr\u00e9dients Culinaires <\/h3>\n<p> \u00c9pices naturelles, assaisonnements et ar\u00f4mes pour la p\u00e2tisserie, cuisine et boissons &#8211; Cannelle, Gingembre, Curcuma, Sucre de Coco Bio <\/p>\n<p>                                             <img decoding=\"async\" alt=\"\" src=\"https:\/\/images-na.ssl-images-amazon.com\/images\/G\/01\/x-locale\/common\/grey-pixel.gif\" class=\"a-lazy-loaded\" data-src=\"https:\/\/m.media-amazon.com\/images\/S\/aplus-media-library-service-media\/9857b315-e112-46bc-a78b-881f18fcef3d.__CR701,0,1598,2000_PT0_SX362_V1___.jpg\"><img decoding=\"async\" alt=\"\" src=\"https:\/\/m.media-amazon.com\/images\/S\/aplus-media-library-service-media\/9857b315-e112-46bc-a78b-881f18fcef3d.__CR701,0,1598,2000_PT0_SX362_V1___.jpg\">  <\/p>\n<h3> Poudres de Superaliments <\/h3>\n<p> Poudres V\u00e9g\u00e9taliennes nutritives pures et naturelles pour repas et boissons &#8211; A\u00e7a\u00ef, Spiruline, Maca, Betterave Rouge, Prot\u00e9ines Bio <\/p>\n<p>                                             <img decoding=\"async\" alt=\"\" src=\"https:\/\/images-na.ssl-images-amazon.com\/images\/G\/01\/x-locale\/common\/grey-pixel.gif\" class=\"a-lazy-loaded\" data-src=\"https:\/\/m.media-amazon.com\/images\/S\/aplus-media-library-service-media\/09f787f8-7a07-41b3-91a7-9cb7bb84542b.__CR957,0,2663,3332_PT0_SX362_V1___.jpg\"><img decoding=\"async\" alt=\"\" src=\"https:\/\/m.media-amazon.com\/images\/S\/aplus-media-library-service-media\/09f787f8-7a07-41b3-91a7-9cb7bb84542b.__CR957,0,2663,3332_PT0_SX362_V1___.jpg\">  <\/p>\n<h3> Cacao Biologique  <\/h3>\n<p> Cacao bio de qualit\u00e9 sup\u00e9rieure pour la p\u00e2tisserie, la cuisine et les boissons &#8211; Cacao en Poudre, Cacao, Beurre, Graines, P\u00e2te et F\u00e8ves <\/p>\n<p>                                             <img decoding=\"async\" alt=\"\" src=\"https:\/\/images-na.ssl-images-amazon.com\/images\/G\/01\/x-locale\/common\/grey-pixel.gif\" class=\"a-lazy-loaded\" data-src=\"https:\/\/m.media-amazon.com\/images\/S\/aplus-media-library-service-media\/e4a93847-4a26-4998-8b45-c823f4ad2fcc.__CR392,0,1598,2000_PT0_SX362_V1___.jpg\"><img decoding=\"async\" alt=\"\" src=\"https:\/\/m.media-amazon.com\/images\/S\/aplus-media-library-service-media\/e4a93847-4a26-4998-8b45-c823f4ad2fcc.__CR392,0,1598,2000_PT0_SX362_V1___.jpg\">  <\/p>\n<h3> Graines et Baies S\u00e9ch\u00e9es Bio <\/h3>\n<p> Graines et baies nutritives pures et naturelles pour les p\u00e2tisserie et collations &#8211; Chia, Noyaux de Tournesol, Goji, Incan, M\u00fbres Bio <\/p>\n<h3> Vivere Sano Naturalmente <\/h3>\n<h3> Nutrition Naturelle <\/h3>\n<p> Is discontinued by manufacturer                                            \u200f                                            :                                            \u200e                                            No   <br \/> Product Dimensions                                            \u200f                                            :                                            \u200e                                            32 x 22 x 2 cm; 200 g   <br \/> Manufacturer                                            \u200f                                            :                                            \u200e                                            Sevenhills Wholefoods   <br \/> ASIN                                            \u200f                                            :                                            \u200e                                            B06XY4JLXJ   <br \/> Item model number                                            \u200f                                            :                                            \u200e                                            7hmatchpow3   <br \/> Country of origin                                            \u200f                                            :                                            \u200e                                            Japan   <br \/>  Customer reviews:                                                                                            4.1               4.1 out of 5 stars                                  (610)                                              var dpAcrHasRegisteredArcLinkClickAction;                    P.when(&#8216;A&#8217;, &#8216;ready&#8217;).execute(function(A) {                        if (dpAcrHasRegisteredArcLinkClickAction !== true) {                            dpAcrHasRegisteredArcLinkClickAction = true;                            A.declarative(                                &#8216;acrLink-click-metrics&#8217;, &#8216;click&#8217;,                                { &#8220;allowLinkDefault&#8221;: true },                                function (event) {                                    if (window.ue) {                                        ue.count(&#8220;acrLinkClickCount&#8221;, (ue.count(&#8220;acrLinkClickCount&#8221;) || 0) + 1);                                    }                                }                            );                        }                    });                                             P.when(&#8216;A&#8217;, &#8216;cf&#8217;).execute(function(A) {                A.declarative(&#8216;acrStarsLink-click-metrics&#8217;, &#8216;click&#8217;, { &#8220;allowLinkDefault&#8221; : true },  function(event){                    if(window.ue) {                        ue.count(&#8220;acrStarsLinkWithPopoverClickCount&#8221;, (ue.count(&#8220;acrStarsLinkWithPopoverClickCount&#8221;) || 0) + 1);                    }                });            });                          <br \/>PREMIUM QUALITY &#8211; Made from tea leaves grown in the shade of Uji, Kyoto, Japan. The best tea buds of Camellia Sinensis are picked and dried to obtain a fine, bright green powder. Ceremonial quality, it contains high levels of antioxidants, offering a value more than five times that of any other food.<br \/>Nutrient Source: Rich in vitamins A, folic acid and iron, it contributes to the maintenance of normal skin and vision, healthy immune system function, cell division and specialization, normal cognitive function and reduction of fatigue.<br \/>VERSATILE INGREDIENT: Premium variety with minimal bitterness, ideal for drinking like a traditional tea, but also for mixing with drinks, added to pastries and Japanese specialties. It also serves as a natural and vibrant food coloring.<br \/>Durability: Comes in resealable and recyclable LDPE food bags, recyclable with bags in supermarkets.<br \/>100% PURE &#038; ORGANIC &#8211; Plant-based ingredients, no additives or preservatives. Our products follow environmentally friendly practices and undergo rigorous testing for heavy metals and mycotoxins. They are certified to EU organic standards in accordance with Regulation (EU) 2018\/848 and Great British Organic Standards by the Soil Association under code GB-ORG-05. Non-GMO, allergen-free, non-irradiated.<\/p>\n\n","protected":false},"excerpt":{"rendered":"<p> From the brand Sevenhills Wholefoods Sevenhills Wholefoods est un march\u00e9 de producteurs virtuel proposant des aliments entiers du monde entier. VIVEZ VOTRE MEILLEURE VIE NATURELLEMENT: Nous rapprochons les consommateurs des producteurs pour proposer des aliments complets de qualit\u00e9 sup\u00e9rieure tout au long de l&#8217;ann\u00e9e. Nos producteurs partagent tous la conviction [&hellip;]<\/p>\n","protected":false},"featured_media":17427,"comment_status":"open","ping_status":"closed","template":"","meta":{"_gspb_post_css":"","om_disable_all_campaigns":false,"_monsterinsights_skip_tracking":false,"_monsterinsights_sitenote_active":false,"_monsterinsights_sitenote_note":"","_monsterinsights_sitenote_category":0},"store":[],"product_brand":[],"product_cat":[146],"product_tag":[1017,4766,1023,2634,826,3663,3826,2778,4768,4769,785,238,214,1284,389,562,4767,1285],"class_list":{"0":"post-17426","1":"product","2":"type-product","3":"status-publish","4":"has-post-thumbnail","6":"product_cat-superaliments-verts","7":"product_tag-200g","8":"product_tag-ceremony","9":"product_tag-cold","10":"product_tag-drinks","11":"product_tag-green","12":"product_tag-hot","13":"product_tag-japan","14":"product_tag-japanese","15":"product_tag-kyoto","16":"product_tag-lattes","17":"product_tag-matcha","18":"product_tag-organic","19":"product_tag-powder","20":"product_tag-sevenhills","21":"product_tag-smoothies","22":"product_tag-tea","23":"product_tag-uji","24":"product_tag-wholefoods","26":"first","27":"instock","28":"shipping-taxable","29":"product-type-external"},"aioseo_notices":[],"jetpack_sharing_enabled":true,"_links":{"self":[{"href":"https:\/\/www.zolattitude.com\/index.php\/wp-json\/wp\/v2\/product\/17426","targetHints":{"allow":["GET"]}}],"collection":[{"href":"https:\/\/www.zolattitude.com\/index.php\/wp-json\/wp\/v2\/product"}],"about":[{"href":"https:\/\/www.zolattitude.com\/index.php\/wp-json\/wp\/v2\/types\/product"}],"replies":[{"embeddable":true,"href":"https:\/\/www.zolattitude.com\/index.php\/wp-json\/wp\/v2\/comments?post=17426"}],"wp:featuredmedia":[{"embeddable":true,"href":"https:\/\/www.zolattitude.com\/index.php\/wp-json\/wp\/v2\/media\/17427"}],"wp:attachment":[{"href":"https:\/\/www.zolattitude.com\/index.php\/wp-json\/wp\/v2\/media?parent=17426"}],"wp:term":[{"taxonomy":"store","embeddable":true,"href":"https:\/\/www.zolattitude.com\/index.php\/wp-json\/wp\/v2\/store?post=17426"},{"taxonomy":"product_brand","embeddable":true,"href":"https:\/\/www.zolattitude.com\/index.php\/wp-json\/wp\/v2\/product_brand?post=17426"},{"taxonomy":"product_cat","embeddable":true,"href":"https:\/\/www.zolattitude.com\/index.php\/wp-json\/wp\/v2\/product_cat?post=17426"},{"taxonomy":"product_tag","embeddable":true,"href":"https:\/\/www.zolattitude.com\/index.php\/wp-json\/wp\/v2\/product_tag?post=17426"}],"curies":[{"name":"wp","href":"https:\/\/api.w.org\/{rel}","templated":true}]}}