{"id":20320,"date":"2026-02-05T23:37:46","date_gmt":"2026-02-05T23:37:46","guid":{"rendered":"https:\/\/www.zolattitude.com\/index.php\/product\/2000mg-ashwagandha-liposomal-drops-7-withanolides-pure-ashwagandha-root-extract-high-strength-5x-concentration-faster-absorption-than-capsules-60ml-pack-of-1\/"},"modified":"2026-02-05T23:37:55","modified_gmt":"2026-02-05T23:37:55","slug":"2000mg-ashwagandha-liposomal-drops-7-withanolides-pure-ashwagandha-root-extract-high-strength-5x-concentration-faster-absorption-than-capsules-60ml-pack-of-1","status":"publish","type":"product","link":"https:\/\/www.zolattitude.com\/index.php\/product\/2000mg-ashwagandha-liposomal-drops-7-withanolides-pure-ashwagandha-root-extract-high-strength-5x-concentration-faster-absorption-than-capsules-60ml-pack-of-1\/","title":{"rendered":"2000mg Ashwagandha Liposomal Drops, 7% Withanolides, Pure Ashwagandha Root Extract High Strength, 5X Concentration, Faster Absorption Than Capsules, 60ml (Pack of 1)"},"content":{"rendered":"<p>Price: <span style=\"color:#b12704\">\u20ac940.55<\/span><br \/><i><small>(as of Feb 05, 2026 23:37:46 UTC &#8211; <span class=\"wp_automatic_amazon_disclaimer\" title=\"Product prices and availability are accurate as of the date\/time indicated and are subject to change. Any price and availability information displayed on [relevant Amazon Site(s), as applicable] at the time of purchase will apply to the purchase of this product.\">Details<\/span>)<\/small><\/i><br \/><a href=\"https:\/\/amazon.fr\/dp\/B0D3F6TRVS?tag=onamzmoukoubl-21\"><img decoding=\"async\" src=\"https:\/\/valvepress.s3.amazonaws.com\/imgs\/buy_now.png\"><\/a><br \/>\n<\/p>\n<p>                                             Product Description   <\/p>\n<p>                                                  <img decoding=\"async\" alt=\"aplus content image\" src=\"https:\/\/images-na.ssl-images-amazon.com\/images\/G\/01\/x-locale\/common\/grey-pixel.gif\" class=\"a-lazy-loaded\" data-src=\"https:\/\/m.media-amazon.com\/images\/S\/aplus-media-library-service-media\/3ccd5efd-2d75-40f1-837e-278adb3c4eb3.__CR0,0,970,300_PT0_SX970_V1___.jpg\"><img decoding=\"async\" alt=\"aplus content image\" src=\"https:\/\/m.media-amazon.com\/images\/S\/aplus-media-library-service-media\/3ccd5efd-2d75-40f1-837e-278adb3c4eb3.__CR0,0,970,300_PT0_SX970_V1___.jpg\">  <\/p>\n<p>                                                                             <img decoding=\"async\" alt=\"aplus content image\" src=\"https:\/\/images-na.ssl-images-amazon.com\/images\/G\/01\/x-locale\/common\/grey-pixel.gif\" class=\"a-spacing-base a-lazy-loaded\" data-src=\"https:\/\/m.media-amazon.com\/images\/S\/aplus-media-library-service-media\/d708321e-8b48-4edc-a886-5deb43c87454.__CR0,0,970,600_PT0_SX970_V1___.jpg\"><img decoding=\"async\" alt=\"aplus content image\" src=\"https:\/\/m.media-amazon.com\/images\/S\/aplus-media-library-service-media\/d708321e-8b48-4edc-a886-5deb43c87454.__CR0,0,970,600_PT0_SX970_V1___.jpg\">                                                                    <\/p>\n<p>                                                                             <img decoding=\"async\" alt=\"aplus content image\" src=\"https:\/\/images-na.ssl-images-amazon.com\/images\/G\/01\/x-locale\/common\/grey-pixel.gif\" class=\"a-spacing-base a-lazy-loaded\" data-src=\"https:\/\/m.media-amazon.com\/images\/S\/aplus-media-library-service-media\/05508005-08df-419c-a3df-e87a30a0b9a8.__CR0,0,970,600_PT0_SX970_V1___.jpg\"><img decoding=\"async\" alt=\"aplus content image\" src=\"https:\/\/m.media-amazon.com\/images\/S\/aplus-media-library-service-media\/05508005-08df-419c-a3df-e87a30a0b9a8.__CR0,0,970,600_PT0_SX970_V1___.jpg\">                                                                    <\/p>\n<p>                                                                             <img decoding=\"async\" alt=\"aplus content image\" src=\"https:\/\/images-na.ssl-images-amazon.com\/images\/G\/01\/x-locale\/common\/grey-pixel.gif\" class=\"a-spacing-base a-lazy-loaded\" data-src=\"https:\/\/m.media-amazon.com\/images\/S\/aplus-media-library-service-media\/96bd8994-3795-471c-b4fd-17a965d32463.__CR0,0,970,600_PT0_SX970_V1___.jpg\"><img decoding=\"async\" alt=\"aplus content image\" src=\"https:\/\/m.media-amazon.com\/images\/S\/aplus-media-library-service-media\/96bd8994-3795-471c-b4fd-17a965d32463.__CR0,0,970,600_PT0_SX970_V1___.jpg\">                                                                    <\/p>\n<p>                                                  <img decoding=\"async\" alt=\"Reihe von kreisf\u00f6rmigen Symbolen mit Symbolen, die sich auf Produktzertifizierungen oder Spezifikationen beziehen, einschlie\u00dflich scheinbar umweltfreundlicher Symbole und di\u00e4tetischer Hinweise.\" src=\"https:\/\/images-na.ssl-images-amazon.com\/images\/G\/01\/x-locale\/common\/grey-pixel.gif\" class=\"a-lazy-loaded\" data-src=\"https:\/\/m.media-amazon.com\/images\/S\/aplus-media-library-service-media\/2cfbcf4c-09c0-45cd-a9ed-fb82081b5efb.__CR0,0,970,300_PT0_SX970_V1___.jpg\"><img decoding=\"async\" alt=\"Reihe von kreisf\u00f6rmigen Symbolen mit Symbolen, die sich auf Produktzertifizierungen oder Spezifikationen beziehen, einschlie\u00dflich scheinbar umweltfreundlicher Symbole und di\u00e4tetischer Hinweise.\" src=\"https:\/\/m.media-amazon.com\/images\/S\/aplus-media-library-service-media\/2cfbcf4c-09c0-45cd-a9ed-fb82081b5efb.__CR0,0,970,300_PT0_SX970_V1___.jpg\">  <\/p>\n<p> Product Dimensions                                            \u200f                                            :                                            \u200e                                            4.4 x 4.2 x 12 cm; 140 g   <br \/> Manufacturer                                            \u200f                                            :                                            \u200e                                            Rapsdayci   <br \/> ASIN                                            \u200f                                            :                                            \u200e                                            B0D3F6TRVS   <br \/>  Customer reviews:                                                                                            4.2               4.2 out of 5 stars                                  (236)                                              var dpAcrHasRegisteredArcLinkClickAction;                    P.when(&#8216;A&#8217;, &#8216;ready&#8217;).execute(function(A) {                        if (dpAcrHasRegisteredArcLinkClickAction !== true) {                            dpAcrHasRegisteredArcLinkClickAction = true;                            A.declarative(                                &#8216;acrLink-click-metrics&#8217;, &#8216;click&#8217;,                                { &#8220;allowLinkDefault&#8221;: true },                                function (event) {                                    if (window.ue) {                                        ue.count(&#8220;acrLinkClickCount&#8221;, (ue.count(&#8220;acrLinkClickCount&#8221;) || 0) + 1);                                    }                                }                            );                        }                    });                                             P.when(&#8216;A&#8217;, &#8216;cf&#8217;).execute(function(A) {                A.declarative(&#8216;acrStarsLink-click-metrics&#8217;, &#8216;click&#8217;, { &#8220;allowLinkDefault&#8221; : true },  function(event){                    if(window.ue) {                        ue.count(&#8220;acrStarsLinkWithPopoverClickCount&#8221;, (ue.count(&#8220;acrStarsLinkWithPopoverClickCount&#8221;) || 0) + 1);                    }                });            });                          <br \/>2000 mg of Ashwagandha Drops: Ashwagandha is considered a powerful adaptogen and a natural source of essential nutrients. Our high strength Ashwagandha drops contain 2000mg of Ashwagandha extract per serving. The innovative formula ensures pure and concentrated extraction so you get more ashwagandha root in every drop.<br \/>POWERFUL 3-IN-1 FORMULA: Feel the difference with our Ashwagandha Liquid Supplement, which combines 10g of black pepper extract with the added benefits of a 5 billion CFU&#8217;s probiotic mix. The addition of black pepper extract significantly improves the absorption of the product, while the probiotic mixture treats possible digestive discomforts.<br \/>Energetic Replenishment: Wake up in beauty every morning! Our Ashwagandha drops are designed to support your mood and brain energy levels, keeping you alert and focused throughout the day. Say goodbye to energy ups and downs. Ashwagandha supplements come in the form of a simple and powerful liquid formula that is an effective way to face life&#8217;s challenges and helps you manage your energy efficiently.<br \/>Reduce Stress with Ashwagandha Drops Using Advanced Liposome Technology: Lumarejebo&#8217;s Ashwagandha supplement uses liposome technology, making it different from traditional Ashwagandha capsules, transformed into a fast-absorbing liquid form that ensures a 98% absorption rate in 2-5 minutes. It can also be mixed with water or juice for easier ingestion, going beyond capsules or pills to maximize convenience and easily integrate into your daily routine.<br \/>Purity is the Standard: Our Ashwagandha drops are 100% vegan and suitable for vegetarians, demonstrating the excellence of Ayurvedic products. Derived from high quality plants and contains no added wheat, gluten, soy, sugar, artificial additives or dyes. All of our products are made from the best ingredients and adhering to Good Manufacturing Practices, giving you complete peace of mind at an excellent value for money.<\/p>\n\n","protected":false},"excerpt":{"rendered":"<p> Product Description Product Dimensions \u200f : \u200e 4.4 x 4.2 x 12 cm; 140 g Manufacturer \u200f : \u200e Rapsdayci ASIN \u200f : \u200e B0D3F6TRVS Customer reviews: 4.2 4.2 out of 5 stars (236) var dpAcrHasRegisteredArcLinkClickAction; P.when(&#8216;A&#8217;, &#8216;ready&#8217;).execute(function(A) { if (dpAcrHasRegisteredArcLinkClickAction !== true) { dpAcrHasRegisteredArcLinkClickAction = true; A.declarative( &#8216;acrLink-click-metrics&#8217;, &#8216;click&#8217;, [&hellip;]<\/p>\n","protected":false},"featured_media":20321,"comment_status":"open","ping_status":"closed","template":"","meta":{"_gspb_post_css":"","om_disable_all_campaigns":false,"_monsterinsights_skip_tracking":false,"_monsterinsights_sitenote_active":false,"_monsterinsights_sitenote_note":"","_monsterinsights_sitenote_category":0},"store":[],"product_brand":[],"product_cat":[147],"product_tag":[320,2017,295,493,198,321,1806,422,4384,294,3422,316,213,359,1145,2270],"class_list":{"0":"post-20320","1":"product","2":"type-product","3":"status-publish","4":"has-post-thumbnail","6":"product_cat-racines-adaptogenes","7":"product_tag-2000mg","8":"product_tag-60ml","9":"product_tag-absorption","10":"product_tag-ashwagandha","11":"product_tag-capsules","12":"product_tag-concentration","13":"product_tag-drops","14":"product_tag-extract","15":"product_tag-faster","16":"product_tag-high","17":"product_tag-liposomal","18":"product_tag-pack","19":"product_tag-pure","20":"product_tag-root","21":"product_tag-strength","22":"product_tag-withanolides","24":"first","25":"instock","26":"shipping-taxable","27":"product-type-external"},"aioseo_notices":[],"jetpack_sharing_enabled":true,"_links":{"self":[{"href":"https:\/\/www.zolattitude.com\/index.php\/wp-json\/wp\/v2\/product\/20320","targetHints":{"allow":["GET"]}}],"collection":[{"href":"https:\/\/www.zolattitude.com\/index.php\/wp-json\/wp\/v2\/product"}],"about":[{"href":"https:\/\/www.zolattitude.com\/index.php\/wp-json\/wp\/v2\/types\/product"}],"replies":[{"embeddable":true,"href":"https:\/\/www.zolattitude.com\/index.php\/wp-json\/wp\/v2\/comments?post=20320"}],"wp:featuredmedia":[{"embeddable":true,"href":"https:\/\/www.zolattitude.com\/index.php\/wp-json\/wp\/v2\/media\/20321"}],"wp:attachment":[{"href":"https:\/\/www.zolattitude.com\/index.php\/wp-json\/wp\/v2\/media?parent=20320"}],"wp:term":[{"taxonomy":"store","embeddable":true,"href":"https:\/\/www.zolattitude.com\/index.php\/wp-json\/wp\/v2\/store?post=20320"},{"taxonomy":"product_brand","embeddable":true,"href":"https:\/\/www.zolattitude.com\/index.php\/wp-json\/wp\/v2\/product_brand?post=20320"},{"taxonomy":"product_cat","embeddable":true,"href":"https:\/\/www.zolattitude.com\/index.php\/wp-json\/wp\/v2\/product_cat?post=20320"},{"taxonomy":"product_tag","embeddable":true,"href":"https:\/\/www.zolattitude.com\/index.php\/wp-json\/wp\/v2\/product_tag?post=20320"}],"curies":[{"name":"wp","href":"https:\/\/api.w.org\/{rel}","templated":true}]}}