{"id":20416,"date":"2026-02-06T22:44:50","date_gmt":"2026-02-06T22:44:50","guid":{"rendered":"https:\/\/www.zolattitude.com\/index.php\/product\/melatonin-for-better-sleep-sleep-and-relaxation-1-9mg-melatonin-valerian-melissa-california-poppy-saffron-and-vitamin-b6-no-addiction-90-nights-1-capsule-day-made-in-france\/"},"modified":"2026-02-06T22:45:00","modified_gmt":"2026-02-06T22:45:00","slug":"melatonin-for-better-sleep-sleep-and-relaxation-1-9mg-melatonin-valerian-melissa-california-poppy-saffron-and-vitamin-b6-no-addiction-90-nights-1-capsule-day-made-in-france","status":"publish","type":"product","link":"https:\/\/www.zolattitude.com\/index.php\/product\/melatonin-for-better-sleep-sleep-and-relaxation-1-9mg-melatonin-valerian-melissa-california-poppy-saffron-and-vitamin-b6-no-addiction-90-nights-1-capsule-day-made-in-france\/","title":{"rendered":"Melatonin for Better Sleep, Sleep and Relaxation, 1.9mg Melatonin + Valerian, Melissa, California Poppy, Saffron and Vitamin B6, No Addiction, 90 Nights, 1 Capsule\/Day, Made in France"},"content":{"rendered":"<p>Price: <span style=\"color:#b12704\">\u20ac8.97<\/span><br \/><i><small>(as of Feb 06, 2026 22:44:50 UTC &#8211; <span class=\"wp_automatic_amazon_disclaimer\" title=\"Product prices and availability are accurate as of the date\/time indicated and are subject to change. Any price and availability information displayed on [relevant Amazon Site(s), as applicable] at the time of purchase will apply to the purchase of this product.\">Details<\/span>)<\/small><\/i><br \/><a href=\"https:\/\/amazon.fr\/dp\/B0DH4YHMPW?tag=onamzmoukoubl-21\"><img decoding=\"async\" src=\"https:\/\/valvepress.s3.amazonaws.com\/imgs\/buy_now.png\"><\/a><br \/>\n<\/p>\n<p>                                             Product Description   <\/p>\n<p>                                                  <img decoding=\"async\" alt=\"Beauty &amp;amp; Wild sur fond de ciel nocturne violet avec croissant de lune, \u00e9toiles et nuages stylis\u00e9s. El\u00e9ment floral d\u00e9coratif dans un coin.\" src=\"https:\/\/images-na.ssl-images-amazon.com\/images\/G\/01\/x-locale\/common\/grey-pixel.gif\" class=\"a-lazy-loaded\" data-src=\"https:\/\/m.media-amazon.com\/images\/S\/aplus-media-library-service-media\/c139a162-1369-4c69-8b36-aa93e141ef7a.__CR0,0,970,300_PT0_SX970_V1___.jpg\"><img decoding=\"async\" alt=\"Beauty &amp;amp; Wild sur fond de ciel nocturne violet avec croissant de lune, \u00e9toiles et nuages stylis\u00e9s. El\u00e9ment floral d\u00e9coratif dans un coin.\" src=\"https:\/\/m.media-amazon.com\/images\/S\/aplus-media-library-service-media\/c139a162-1369-4c69-8b36-aa93e141ef7a.__CR0,0,970,300_PT0_SX970_V1___.jpg\">  <\/p>\n<p>                                                                             <img decoding=\"async\" alt=\"Emballage violet pour un suppl\u00e9ment de m\u00e9latonine, avec des ic\u00f4nes illustrant des avantages tels que la pr\u00e9paration au sommeil et la relaxation. Fabriqu\u00e9 en France, adapt\u00e9 aux v\u00e9g\u00e9taliens\" src=\"https:\/\/images-na.ssl-images-amazon.com\/images\/G\/01\/x-locale\/common\/grey-pixel.gif\" class=\"a-spacing-base a-lazy-loaded\" data-src=\"https:\/\/m.media-amazon.com\/images\/S\/aplus-media-library-service-media\/c59042d4-1526-4840-98a9-a50541bc60c6.__CR0,0,970,600_PT0_SX970_V1___.jpg\"><img decoding=\"async\" alt=\"Emballage violet pour un suppl\u00e9ment de m\u00e9latonine, avec des ic\u00f4nes illustrant des avantages tels que la pr\u00e9paration au sommeil et la relaxation. Fabriqu\u00e9 en France, adapt\u00e9 aux v\u00e9g\u00e9taliens\" src=\"https:\/\/m.media-amazon.com\/images\/S\/aplus-media-library-service-media\/c59042d4-1526-4840-98a9-a50541bc60c6.__CR0,0,970,600_PT0_SX970_V1___.jpg\">                                                                    <\/p>\n<p>                                                                             <img decoding=\"async\" alt=\"Beauty Wild est illustr\u00e9 sur fond violet nuageux, avec des informations sur le produit en texte fran\u00e7ais\" src=\"https:\/\/images-na.ssl-images-amazon.com\/images\/G\/01\/x-locale\/common\/grey-pixel.gif\" class=\"a-spacing-base a-lazy-loaded\" data-src=\"https:\/\/m.media-amazon.com\/images\/S\/aplus-media-library-service-media\/4fabdf0d-f977-46de-963b-bfbfef0105c6.__CR0,0,970,600_PT0_SX970_V1___.jpg\"><img decoding=\"async\" alt=\"Beauty Wild est illustr\u00e9 sur fond violet nuageux, avec des informations sur le produit en texte fran\u00e7ais\" src=\"https:\/\/m.media-amazon.com\/images\/S\/aplus-media-library-service-media\/4fabdf0d-f977-46de-963b-bfbfef0105c6.__CR0,0,970,600_PT0_SX970_V1___.jpg\">                                                                    <\/p>\n<p>                                                                             <img decoding=\"async\" alt=\"Infographie violette en fran\u00e7ais d\u00e9crivant les valeurs d&amp;#39;une entreprise de beaut\u00e9 naturelle, notamment l&amp;#39;expertise fran\u00e7aise, les ingr\u00e9dients naturels et les produits sans gluten\" src=\"https:\/\/images-na.ssl-images-amazon.com\/images\/G\/01\/x-locale\/common\/grey-pixel.gif\" class=\"a-spacing-base a-lazy-loaded\" data-src=\"https:\/\/m.media-amazon.com\/images\/S\/aplus-media-library-service-media\/5286183a-8753-4cde-985b-95fc1a984100.__CR0,0,970,600_PT0_SX970_V1___.jpg\"><img decoding=\"async\" alt=\"Infographie violette en fran\u00e7ais d\u00e9crivant les valeurs d&amp;#39;une entreprise de beaut\u00e9 naturelle, notamment l&amp;#39;expertise fran\u00e7aise, les ingr\u00e9dients naturels et les produits sans gluten\" src=\"https:\/\/m.media-amazon.com\/images\/S\/aplus-media-library-service-media\/5286183a-8753-4cde-985b-95fc1a984100.__CR0,0,970,600_PT0_SX970_V1___.jpg\">                                                                    <\/p>\n<p> Product Dimensions                                            \u200f                                            :                                            \u200e                                            13 x 2 x 20 cm; 30 g   <br \/> Manufacturer                                            \u200f                                            :                                            \u200e                                            Beauty&#038;Wild   <br \/> ASIN                                            \u200f                                            :                                            \u200e                                            B0DH4YHMPW   <br \/> Item model number                                            \u200f                                            :                                            \u200e                                            15   <br \/> Country of origin                                            \u200f                                            :                                            \u200e                                            France   <br \/>  Customer reviews:                                                                                            3.8               3.8 out of 5 stars                                  (60)                                              var dpAcrHasRegisteredArcLinkClickAction;                    P.when(&#8216;A&#8217;, &#8216;ready&#8217;).execute(function(A) {                        if (dpAcrHasRegisteredArcLinkClickAction !== true) {                            dpAcrHasRegisteredArcLinkClickAction = true;                            A.declarative(                                &#8216;acrLink-click-metrics&#8217;, &#8216;click&#8217;,                                { &#8220;allowLinkDefault&#8221;: true },                                function (event) {                                    if (window.ue) {                                        ue.count(&#8220;acrLinkClickCount&#8221;, (ue.count(&#8220;acrLinkClickCount&#8221;) || 0) + 1);                                    }                                }                            );                        }                    });                                             P.when(&#8216;A&#8217;, &#8216;cf&#8217;).execute(function(A) {                A.declarative(&#8216;acrStarsLink-click-metrics&#8217;, &#8216;click&#8217;, { &#8220;allowLinkDefault&#8221; : true },  function(event){                    if(window.ue) {                        ue.count(&#8220;acrStarsLinkWithPopoverClickCount&#8221;, (ue.count(&#8220;acrStarsLinkWithPopoverClickCount&#8221;) || 0) + 1);                    }                });            });                          <br \/>Difficulties falling asleep, night awakenings, stress and anxiety\u2026 So many difficulties impact our daily life: drowsiness, memory impairment, headaches, irritability. Our Melatonin complex (1.9mg = maximum dosage authorized in France), combined with the benefits of Valerian, Melissa, California poppy, saffron and Vitamin B6, forms a powerful complex facilitating falling asleep by promoting relaxation for a natural and restful sleep.<br \/>\u27a1 WITHOUT ACCOUTUMATION &#8211; Unlike sleeping pills prescribed by the doctor, there are no habituation effects or side effects when you wake up. It is better to choose this supplementation and not real sleeping pills, which can cause an addiction that is difficult to manage!<br \/>\u2615 ECONOMIC CURE &#8211; Only 1 capsule per day, drink with a glass of water, 30 minutes before bedtime. Our pack of 90 capsules allows you to do up to 3 months of treatment at a reduced price!<br \/>Gluten free, GMO free and vegan. At Beauty &#038; Wild, all our capsules are of plant origin. EXIT plastic pill boxes from other food supplements on Amazon, we opted for a recyclable doypack bag! 2<br \/>Made in France \u2013 Cocorico. Our Complexe Sommeil capsules are manufactured and packaged in the South West of France. Our labels are Bretonnes, as for our bottles, we source them to a French company located less than 50 km from us!<\/p>\n\n","protected":false},"excerpt":{"rendered":"<p> Product Description Product Dimensions \u200f : \u200e 13 x 2 x 20 cm; 30 g Manufacturer \u200f : \u200e Beauty&#038;Wild ASIN \u200f : \u200e B0DH4YHMPW Item model number \u200f : \u200e 15 Country of origin \u200f : \u200e France Customer reviews: 3.8 3.8 out of 5 stars (60) var dpAcrHasRegisteredArcLinkClickAction; [&hellip;]<\/p>\n","protected":false},"featured_media":20417,"comment_status":"open","ping_status":"closed","template":"","meta":{"_gspb_post_css":"","om_disable_all_campaigns":false,"_monsterinsights_skip_tracking":false,"_monsterinsights_sitenote_active":false,"_monsterinsights_sitenote_note":"","_monsterinsights_sitenote_category":0},"store":[],"product_brand":[],"product_cat":[151],"product_tag":[914,2621,5380,4696,201,429,383,1494,2340,288,1225,405,505,178],"class_list":{"0":"post-20416","1":"product","2":"type-product","3":"status-publish","4":"has-post-thumbnail","6":"product_cat-sommeil-relaxation","7":"product_tag-1-9mg","8":"product_tag-addiction","9":"product_tag-california","10":"product_tag-capsuleday","11":"product_tag-france","12":"product_tag-melatonin","13":"product_tag-melissa","14":"product_tag-nights","15":"product_tag-poppy","16":"product_tag-relaxation","17":"product_tag-saffron","18":"product_tag-sleep","19":"product_tag-valerian","20":"product_tag-vitamin","22":"first","23":"instock","24":"shipping-taxable","25":"product-type-external"},"aioseo_notices":[],"jetpack_sharing_enabled":true,"_links":{"self":[{"href":"https:\/\/www.zolattitude.com\/index.php\/wp-json\/wp\/v2\/product\/20416","targetHints":{"allow":["GET"]}}],"collection":[{"href":"https:\/\/www.zolattitude.com\/index.php\/wp-json\/wp\/v2\/product"}],"about":[{"href":"https:\/\/www.zolattitude.com\/index.php\/wp-json\/wp\/v2\/types\/product"}],"replies":[{"embeddable":true,"href":"https:\/\/www.zolattitude.com\/index.php\/wp-json\/wp\/v2\/comments?post=20416"}],"wp:featuredmedia":[{"embeddable":true,"href":"https:\/\/www.zolattitude.com\/index.php\/wp-json\/wp\/v2\/media\/20417"}],"wp:attachment":[{"href":"https:\/\/www.zolattitude.com\/index.php\/wp-json\/wp\/v2\/media?parent=20416"}],"wp:term":[{"taxonomy":"store","embeddable":true,"href":"https:\/\/www.zolattitude.com\/index.php\/wp-json\/wp\/v2\/store?post=20416"},{"taxonomy":"product_brand","embeddable":true,"href":"https:\/\/www.zolattitude.com\/index.php\/wp-json\/wp\/v2\/product_brand?post=20416"},{"taxonomy":"product_cat","embeddable":true,"href":"https:\/\/www.zolattitude.com\/index.php\/wp-json\/wp\/v2\/product_cat?post=20416"},{"taxonomy":"product_tag","embeddable":true,"href":"https:\/\/www.zolattitude.com\/index.php\/wp-json\/wp\/v2\/product_tag?post=20416"}],"curies":[{"name":"wp","href":"https:\/\/api.w.org\/{rel}","templated":true}]}}