{"id":20502,"date":"2026-02-07T22:07:46","date_gmt":"2026-02-07T22:07:46","guid":{"rendered":"https:\/\/www.zolattitude.com\/index.php\/product\/2-pieces-onion-biotin-shampoo-bar-onion-rosemary-shampoo-soap-solid-shampoo-for-hair-growth-biotin-moisturizing-shampoo-hair-for-fines-curly\/"},"modified":"2026-02-07T22:07:56","modified_gmt":"2026-02-07T22:07:56","slug":"2-pieces-onion-biotin-shampoo-bar-onion-rosemary-shampoo-soap-solid-shampoo-for-hair-growth-biotin-moisturizing-shampoo-hair-for-fines-curly","status":"publish","type":"product","link":"https:\/\/www.zolattitude.com\/index.php\/product\/2-pieces-onion-biotin-shampoo-bar-onion-rosemary-shampoo-soap-solid-shampoo-for-hair-growth-biotin-moisturizing-shampoo-hair-for-fines-curly\/","title":{"rendered":"2 Pieces Onion Biotin Shampoo Bar, Onion Rosemary Shampoo Soap, Solid Shampoo For Hair Growth, Biotin Moisturizing Shampoo Hair For Fines\/Curly"},"content":{"rendered":"<p>Price: <span style=\"color:#b12704\">\u20ac9.18<\/span><br \/><i><small>(as of Feb 07, 2026 22:07:46 UTC &#8211; <span class=\"wp_automatic_amazon_disclaimer\" title=\"Product prices and availability are accurate as of the date\/time indicated and are subject to change. Any price and availability information displayed on [relevant Amazon Site(s), as applicable] at the time of purchase will apply to the purchase of this product.\">Details<\/span>)<\/small><\/i><br \/><a href=\"https:\/\/amazon.fr\/dp\/B0FX9FXCKH?tag=onamzmoukoubl-21\"><img decoding=\"async\" src=\"https:\/\/valvepress.s3.amazonaws.com\/imgs\/buy_now.png\"><\/a><br \/>\n<\/p>\n<p>                                             Product Description   <\/p>\n<h3 class=\"a-spacing-mini\"> Savon Shampooing <\/h3>\n<p>                                          <img decoding=\"async\" alt=\"Le texte indique \u00ab BIOTINE D&amp;#39;OIGNON \u00bb. S\u00e9rie d&amp;#39;images montrant des oignons rouges et des illustrations d&amp;#39;ingr\u00e9dients naturels, avec des illustrations de style botanique.\" src=\"https:\/\/images-na.ssl-images-amazon.com\/images\/G\/01\/x-locale\/common\/grey-pixel.gif\" class=\"a-spacing-base a-lazy-loaded\" data-src=\"https:\/\/m.media-amazon.com\/images\/S\/aplus-media-library-service-media\/8a36af82-1ca3-4f0e-a0b8-6e982b4ca692.__CR0,0,970,600_PT0_SX970_V1___.jpg\"><img decoding=\"async\" alt=\"Le texte indique \u00ab BIOTINE D&amp;#39;OIGNON \u00bb. S\u00e9rie d&amp;#39;images montrant des oignons rouges et des illustrations d&amp;#39;ingr\u00e9dients naturels, avec des illustrations de style botanique.\" src=\"https:\/\/m.media-amazon.com\/images\/S\/aplus-media-library-service-media\/8a36af82-1ca3-4f0e-a0b8-6e982b4ca692.__CR0,0,970,600_PT0_SX970_V1___.jpg\">                                                                    <\/p>\n<p> Enrichi en extraits d&#8217;oignon naturels, ce savon shampooing une mousse douce et un conditionnement quotidien pour contr\u00f4ler les frisottis et am\u00e9liorer le coiffage. Sa formule nourrissante lisse et les cheveux, convenant ainsi aux femmes, hommes, adultes, adolescents et personnes \u00e2g\u00e9es. Utilisez-le \u00e0 domicile, en dortoir, en voyage, au salon ou lors de vos activit\u00e9s en plein air. Un produit cosm\u00e9tique polyvalent pour les styles de vie. <\/p>\n<p> Caract\u00e9ristiques: <\/p>\n<p> Contenu net: environ 60g <\/p>\n<p> Taille du produit: comme indiqu\u00e9 sur la photo <\/p>\n<p> Liste de colisage: <\/p>\n<p> 1 pi\u00e8ces * Savon de shampooing <\/p>\n<p> Note: <\/p>\n<p> En raison de diff\u00e9rents param\u00e8tres d&#8217;\u00e9clairage et d&#8217;\u00e9cran, la couleur de l&#8217;\u00e9l\u00e9ment peut \u00eatre l\u00e9g\u00e8rement diff\u00e9rente de l&#8217;image. <\/p>\n<p> En raison de diff\u00e9rentes mesures manuelles, veuillez permettre une diff\u00e9rence de taille de 1 \u00e0 2 cm. <\/p>\n<p> Package Dimensions                                            \u200f                                            :                                            \u200e                                            5.6 x 5.5 x 2.3 cm; 66 g   <br \/> Manufacturer                                            \u200f                                            :                                            \u200e                                            G\u00e9n\u00e9rique   <br \/> ASIN                                            \u200f                                            :                                            \u200e                                            B0FX9FXCKH   <br \/> Item model number                                            \u200f                                            :                                            \u200e                                            IACQAJ3M7RASUH9TK3L   <br \/> Country of origin                                            \u200f                                            :                                            \u200e                                            China   <br \/>Purifying Softness: Fine foam formula gently cleanses the hair fibre. Decreases dryness and frizz while boosting natural shine for visibly looser hair.<br \/>Oily Balance: Formulated with nourishing onion extracts, this solid shampoo deeply cleanses to remove dirt and residue while preserving the scalp&#8217;s natural oily balance, leaving hair purified, refreshed and free of unwanted residue<br \/>Practical solution: portable shampoo soap optimized for mobility with water and shock resistant shape. Clever choice to save space at home or travel with its compact and durable design.<br \/>Core Nutrition: Designed to deeply nourish the capillary core while creating a hydro lock protective film that prevents dryness and keeps hair smooth and hydrated for longer.<br \/>Healthy Hair Care: Based on natural botanicals and onion extract, it consolidates the scalp barrier for stronger, voluminous hair with lasting strength<\/p>\n\n","protected":false},"excerpt":{"rendered":"<p> Product Description Savon Shampooing Enrichi en extraits d&#8217;oignon naturels, ce savon shampooing une mousse douce et un conditionnement quotidien pour contr\u00f4ler les frisottis et am\u00e9liorer le coiffage. Sa formule nourrissante lisse et les cheveux, convenant ainsi aux femmes, hommes, adultes, adolescents et personnes \u00e2g\u00e9es. Utilisez-le \u00e0 domicile, en dortoir, en [&hellip;]<\/p>\n","protected":false},"featured_media":20503,"comment_status":"open","ping_status":"closed","template":"","meta":{"_gspb_post_css":"","om_disable_all_campaigns":false,"_monsterinsights_skip_tracking":false,"_monsterinsights_sitenote_active":false,"_monsterinsights_sitenote_note":"","_monsterinsights_sitenote_category":0},"store":[],"product_brand":[],"product_cat":[137],"product_tag":[3834,170,5391,194,175,525,3833,1365,2412,2134,5389,5390],"class_list":{"0":"post-20502","1":"product","2":"type-product","3":"status-publish","4":"has-post-thumbnail","6":"product_cat-collagene-biotine","7":"product_tag-bar","8":"product_tag-biotin","9":"product_tag-finescurly","10":"product_tag-growth","11":"product_tag-hair","12":"product_tag-moisturizing","13":"product_tag-onion","14":"product_tag-pieces","15":"product_tag-rosemary","16":"product_tag-shampoo","17":"product_tag-soap","18":"product_tag-solid","20":"first","21":"instock","22":"shipping-taxable","23":"product-type-external"},"aioseo_notices":[],"jetpack_sharing_enabled":true,"_links":{"self":[{"href":"https:\/\/www.zolattitude.com\/index.php\/wp-json\/wp\/v2\/product\/20502","targetHints":{"allow":["GET"]}}],"collection":[{"href":"https:\/\/www.zolattitude.com\/index.php\/wp-json\/wp\/v2\/product"}],"about":[{"href":"https:\/\/www.zolattitude.com\/index.php\/wp-json\/wp\/v2\/types\/product"}],"replies":[{"embeddable":true,"href":"https:\/\/www.zolattitude.com\/index.php\/wp-json\/wp\/v2\/comments?post=20502"}],"wp:featuredmedia":[{"embeddable":true,"href":"https:\/\/www.zolattitude.com\/index.php\/wp-json\/wp\/v2\/media\/20503"}],"wp:attachment":[{"href":"https:\/\/www.zolattitude.com\/index.php\/wp-json\/wp\/v2\/media?parent=20502"}],"wp:term":[{"taxonomy":"store","embeddable":true,"href":"https:\/\/www.zolattitude.com\/index.php\/wp-json\/wp\/v2\/store?post=20502"},{"taxonomy":"product_brand","embeddable":true,"href":"https:\/\/www.zolattitude.com\/index.php\/wp-json\/wp\/v2\/product_brand?post=20502"},{"taxonomy":"product_cat","embeddable":true,"href":"https:\/\/www.zolattitude.com\/index.php\/wp-json\/wp\/v2\/product_cat?post=20502"},{"taxonomy":"product_tag","embeddable":true,"href":"https:\/\/www.zolattitude.com\/index.php\/wp-json\/wp\/v2\/product_tag?post=20502"}],"curies":[{"name":"wp","href":"https:\/\/api.w.org\/{rel}","templated":true}]}}