{"id":20521,"date":"2026-02-07T22:37:25","date_gmt":"2026-02-07T22:37:25","guid":{"rendered":"https:\/\/www.zolattitude.com\/index.php\/product\/probiotic-dog-food-supplement-for-digestion-probiotics-for-intestinal-flora-and-immune-system-anti-diarrhea-gas-and-vomiting-120-tablets\/"},"modified":"2026-02-07T22:37:33","modified_gmt":"2026-02-07T22:37:33","slug":"probiotic-dog-food-supplement-for-digestion-probiotics-for-intestinal-flora-and-immune-system-anti-diarrhea-gas-and-vomiting-120-tablets","status":"publish","type":"product","link":"https:\/\/www.zolattitude.com\/index.php\/product\/probiotic-dog-food-supplement-for-digestion-probiotics-for-intestinal-flora-and-immune-system-anti-diarrhea-gas-and-vomiting-120-tablets\/","title":{"rendered":"Probiotic Dog Food Supplement for Digestion &#8211; Probiotics for Intestinal Flora and Immune System &#8211; Anti Diarrhea, Gas and Vomiting &#8211; 120 Tablets"},"content":{"rendered":"<p>Price: <span style=\"color:#b12704\">\u20ac22.99<\/span><br \/><i><small>(as of Feb 07, 2026 22:37:25 UTC &#8211; <span class=\"wp_automatic_amazon_disclaimer\" title=\"Product prices and availability are accurate as of the date\/time indicated and are subject to change. Any price and availability information displayed on [relevant Amazon Site(s), as applicable] at the time of purchase will apply to the purchase of this product.\">Details<\/span>)<\/small><\/i><br \/><a href=\"https:\/\/amazon.fr\/dp\/B0D2XV5JF3?tag=onamzmoukoubl-21\"><img decoding=\"async\" src=\"https:\/\/valvepress.s3.amazonaws.com\/imgs\/buy_now.png\"><\/a><br \/>\n<\/p>\n<p>                                             From the brand   <\/p>\n<p>                                              <img decoding=\"async\" alt=\"Publicit\u00e9 de nourriture pour chiens mettant en vedette diff\u00e9rentes races sur fond orange avec des empreintes de pattes. Le texte en fran\u00e7ais favorise le bien-\u00eatre des animaux de compagnie.\" src=\"https:\/\/images-na.ssl-images-amazon.com\/images\/G\/01\/x-locale\/common\/grey-pixel.gif\" class=\"a-lazy-loaded\" data-src=\"https:\/\/m.media-amazon.com\/images\/S\/aplus-media-library-service-media\/c1d46ad1-b398-4580-b4c1-88c8c7852a6f.__CR0,0,2928,1250_PT0_SX1464_V1___.png\"><img decoding=\"async\" alt=\"Publicit\u00e9 de nourriture pour chiens mettant en vedette diff\u00e9rentes races sur fond orange avec des empreintes de pattes. Le texte en fran\u00e7ais favorise le bien-\u00eatre des animaux de compagnie.\" src=\"https:\/\/m.media-amazon.com\/images\/S\/aplus-media-library-service-media\/c1d46ad1-b398-4580-b4c1-88c8c7852a6f.__CR0,0,2928,1250_PT0_SX1464_V1___.png\">  <\/p>\n<p>                                              <img decoding=\"async\" alt=\"\" src=\"https:\/\/images-na.ssl-images-amazon.com\/images\/G\/01\/x-locale\/common\/grey-pixel.gif\" class=\"a-lazy-loaded\" data-src=\"https:\/\/m.media-amazon.com\/images\/S\/aplus-media-library-service-media\/0b7d2128-0e38-4ade-95bc-ea9fa73e8687.__CR0,0,1260,580_PT0_SX315_V1___.jpg\"><img decoding=\"async\" alt=\"\" src=\"https:\/\/m.media-amazon.com\/images\/S\/aplus-media-library-service-media\/0b7d2128-0e38-4ade-95bc-ea9fa73e8687.__CR0,0,1260,580_PT0_SX315_V1___.jpg\">  <\/p>\n<p> PETSUPLUS est n\u00e9e avec l\u2019engagement ferme d\u2019am\u00e9liorer la qualit\u00e9 de vie de nos animaux de compagnie, en r\u00e9pondant \u00e0 leurs besoins sp\u00e9cifiques en mati\u00e8re de sant\u00e9. Notre mission consiste \u00e0 r\u00e9pondre \u00e0 la demande croissante de compl\u00e9ments alimentaires, contribuant ainsi \u00e0 ce que nos animaux vivent une vie plus heureuse, active et saine aux c\u00f4t\u00e9s de leurs familles. <\/p>\n<h3> Prot\u00e8ge la peau et le pelage! <\/h3>\n<h3> Probiotiques et Anti Arthrose <\/h3>\n<p>A MORE FITTED DOG: Our dog probiotics act on several intestinal and immune factors to improve overall health, limit diarrhea, loose stools, and fatigue.<br \/>BEST ABSORPTION OF NUTRIMENTS: Our hygiene and health tablets promote intestinal health and therefore the absorption of nutrients necessary for its daily energy.<br \/>COMPLETE FORMULA: With probiotics (Lactobacillus Acidophillus &#038; Bacillus subtilis), FOS, MOS and GOS type prebiotics, and postbiotics. The formula is supplemented with L-Glutamine, Clinopitelite, Zinc and Psyllium.<br \/>Appetizing &#038; RISK-FREE: Our dog gut flora probiotic looks like a delicious chicken kibble that your dog will love. It meets FCA standards and is guaranteed to be free from artificial flavours.<br \/>PETSUPLUS QUALITY: As owners of chens, we know how digestive problems can complicate their lives. Our probiotics offer support without side effects!<\/p>\n\n","protected":false},"excerpt":{"rendered":"<p> From the brand PETSUPLUS est n\u00e9e avec l\u2019engagement ferme d\u2019am\u00e9liorer la qualit\u00e9 de vie de nos animaux de compagnie, en r\u00e9pondant \u00e0 leurs besoins sp\u00e9cifiques en mati\u00e8re de sant\u00e9. Notre mission consiste \u00e0 r\u00e9pondre \u00e0 la demande croissante de compl\u00e9ments alimentaires, contribuant ainsi \u00e0 ce que nos animaux vivent une [&hellip;]<\/p>\n","protected":false},"featured_media":20522,"comment_status":"open","ping_status":"closed","template":"","meta":{"_gspb_post_css":"","om_disable_all_campaigns":false,"_monsterinsights_skip_tracking":false,"_monsterinsights_sitenote_active":false,"_monsterinsights_sitenote_note":"","_monsterinsights_sitenote_category":0},"store":[],"product_brand":[],"product_cat":[154],"product_tag":[423,4144,437,4508,435,199,1278,814,434,433,490,200,401,179,5393],"class_list":{"0":"post-20521","1":"product","2":"type-product","3":"status-publish","4":"has-post-thumbnail","6":"product_cat-sante-intestinale","7":"product_tag-anti","8":"product_tag-diarrhea","9":"product_tag-digestion","10":"product_tag-dog","11":"product_tag-flora","12":"product_tag-food","13":"product_tag-gas","14":"product_tag-immune","15":"product_tag-intestinal","16":"product_tag-probiotic","17":"product_tag-probiotics","18":"product_tag-supplement","19":"product_tag-system","20":"product_tag-tablets","21":"product_tag-vomiting","23":"first","24":"instock","25":"shipping-taxable","26":"product-type-external"},"aioseo_notices":[],"jetpack_sharing_enabled":true,"_links":{"self":[{"href":"https:\/\/www.zolattitude.com\/index.php\/wp-json\/wp\/v2\/product\/20521","targetHints":{"allow":["GET"]}}],"collection":[{"href":"https:\/\/www.zolattitude.com\/index.php\/wp-json\/wp\/v2\/product"}],"about":[{"href":"https:\/\/www.zolattitude.com\/index.php\/wp-json\/wp\/v2\/types\/product"}],"replies":[{"embeddable":true,"href":"https:\/\/www.zolattitude.com\/index.php\/wp-json\/wp\/v2\/comments?post=20521"}],"wp:featuredmedia":[{"embeddable":true,"href":"https:\/\/www.zolattitude.com\/index.php\/wp-json\/wp\/v2\/media\/20522"}],"wp:attachment":[{"href":"https:\/\/www.zolattitude.com\/index.php\/wp-json\/wp\/v2\/media?parent=20521"}],"wp:term":[{"taxonomy":"store","embeddable":true,"href":"https:\/\/www.zolattitude.com\/index.php\/wp-json\/wp\/v2\/store?post=20521"},{"taxonomy":"product_brand","embeddable":true,"href":"https:\/\/www.zolattitude.com\/index.php\/wp-json\/wp\/v2\/product_brand?post=20521"},{"taxonomy":"product_cat","embeddable":true,"href":"https:\/\/www.zolattitude.com\/index.php\/wp-json\/wp\/v2\/product_cat?post=20521"},{"taxonomy":"product_tag","embeddable":true,"href":"https:\/\/www.zolattitude.com\/index.php\/wp-json\/wp\/v2\/product_tag?post=20521"}],"curies":[{"name":"wp","href":"https:\/\/api.w.org\/{rel}","templated":true}]}}