{"id":20567,"date":"2026-02-07T23:56:55","date_gmt":"2026-02-07T23:56:55","guid":{"rendered":"https:\/\/www.zolattitude.com\/index.php\/product\/natesis-spirulina-chlorella-bio-50-50-250-tablets-540-mg-organic-and-vegan-food-supplement-vitality-digestion-immunity-brown-glass-bottle\/"},"modified":"2026-02-07T23:57:04","modified_gmt":"2026-02-07T23:57:04","slug":"natesis-spirulina-chlorella-bio-50-50-250-tablets-540-mg-organic-and-vegan-food-supplement-vitality-digestion-immunity-brown-glass-bottle","status":"publish","type":"product","link":"https:\/\/www.zolattitude.com\/index.php\/product\/natesis-spirulina-chlorella-bio-50-50-250-tablets-540-mg-organic-and-vegan-food-supplement-vitality-digestion-immunity-brown-glass-bottle\/","title":{"rendered":"NATESIS \u2014 Spirulina &#038; Chlorella Bio 50\/50 \u2014 250 tablets 540 mg \u2014 Organic and vegan food supplement \u2014 Vitality, digestion, immunity \u2014 Brown glass bottle \u2014 135 g"},"content":{"rendered":"<p>Price: <span style=\"color:#b12704\">\u20ac29.90<\/span><br \/><i><small>(as of Feb 07, 2026 23:56:55 UTC &#8211; <span class=\"wp_automatic_amazon_disclaimer\" title=\"Product prices and availability are accurate as of the date\/time indicated and are subject to change. Any price and availability information displayed on [relevant Amazon Site(s), as applicable] at the time of purchase will apply to the purchase of this product.\">Details<\/span>)<\/small><\/i><br \/><a href=\"https:\/\/amazon.fr\/dp\/B002GYBR28?tag=onamzmoukoubl-21\"><img decoding=\"async\" src=\"https:\/\/valvepress.s3.amazonaws.com\/imgs\/buy_now.png\"><\/a><br \/>\n<\/p>\n<p>                                             From the brand   <\/p>\n<p>                                              <img decoding=\"async\" alt=\"\" src=\"https:\/\/images-na.ssl-images-amazon.com\/images\/G\/01\/x-locale\/common\/grey-pixel.gif\" class=\"a-lazy-loaded\" data-src=\"https:\/\/m.media-amazon.com\/images\/S\/aplus-media-library-service-media\/871288a1-63be-488c-8944-b6778908a7e7.__CR0,0,1464,625_PT0_SX1464_V1___.png\"><img decoding=\"async\" alt=\"\" src=\"https:\/\/m.media-amazon.com\/images\/S\/aplus-media-library-service-media\/871288a1-63be-488c-8944-b6778908a7e7.__CR0,0,1464,625_PT0_SX1464_V1___.png\">  <\/p>\n<p>                                              <img decoding=\"async\" alt=\"\" src=\"https:\/\/images-na.ssl-images-amazon.com\/images\/G\/01\/x-locale\/common\/grey-pixel.gif\" class=\"a-lazy-loaded\" data-src=\"https:\/\/m.media-amazon.com\/images\/S\/aplus-media-library-service-media\/9e3d8009-b2cd-4db3-ac75-435bbac24a81.__CR3,0,1056,486_PT0_SX315_V1___.png\"><img decoding=\"async\" alt=\"\" src=\"https:\/\/m.media-amazon.com\/images\/S\/aplus-media-library-service-media\/9e3d8009-b2cd-4db3-ac75-435bbac24a81.__CR3,0,1056,486_PT0_SX315_V1___.png\">  <\/p>\n<p> 22 ans d&#8217;expertise et de passion pour renforcer votre capital sant\u00e9 et contribuer \u00e0 votre bien-\u00eatre, avec des compl\u00e9ments alimentaires naturels de haute qualit\u00e9. <\/p>\n<p> Toute l&#8217;\u00e9quipe Nat\u00e9sis <\/p>\n<p>                                              <img decoding=\"async\" alt=\"verre avec compl\u00e9ment vert\" src=\"https:\/\/images-na.ssl-images-amazon.com\/images\/G\/01\/x-locale\/common\/grey-pixel.gif\" class=\"a-lazy-loaded\" data-src=\"https:\/\/m.media-amazon.com\/images\/S\/aplus-media-library-service-media\/80a9ff52-0672-40e6-a1ce-1dec25c05981.__CR0,0,362,453_PT0_SX362_V1___.png\"><img decoding=\"async\" alt=\"verre avec compl\u00e9ment vert\" src=\"https:\/\/m.media-amazon.com\/images\/S\/aplus-media-library-service-media\/80a9ff52-0672-40e6-a1ce-1dec25c05981.__CR0,0,362,453_PT0_SX362_V1___.png\">  <\/p>\n<h3> Les indispensables <\/h3>\n<p>                                              <img decoding=\"async\" alt=\"microalgues association parfaite de 2 superaliments\" src=\"https:\/\/images-na.ssl-images-amazon.com\/images\/G\/01\/x-locale\/common\/grey-pixel.gif\" class=\"a-lazy-loaded\" data-src=\"https:\/\/m.media-amazon.com\/images\/S\/aplus-media-library-service-media\/92b633e0-3e07-4453-afeb-0053c444fcfc.__CR0,0,362,453_PT0_SX362_V1___.png\"><img decoding=\"async\" alt=\"microalgues association parfaite de 2 superaliments\" src=\"https:\/\/m.media-amazon.com\/images\/S\/aplus-media-library-service-media\/92b633e0-3e07-4453-afeb-0053c444fcfc.__CR0,0,362,453_PT0_SX362_V1___.png\">  <\/p>\n<h3> Avancer dans l&#8217;\u00e2ge <\/h3>\n<p>                                              <img decoding=\"async\" alt=\"actif \" src=\"https:\/\/images-na.ssl-images-amazon.com\/images\/G\/01\/x-locale\/common\/grey-pixel.gif\" class=\"a-lazy-loaded\" data-src=\"https:\/\/m.media-amazon.com\/images\/S\/aplus-media-library-service-media\/b8d65782-d99e-44a6-a313-82ed21e18f61.__CR0,0,362,453_PT0_SX362_V1___.png\"><img decoding=\"async\" alt=\"actif \" src=\"https:\/\/m.media-amazon.com\/images\/S\/aplus-media-library-service-media\/b8d65782-d99e-44a6-a313-82ed21e18f61.__CR0,0,362,453_PT0_SX362_V1___.png\">  <\/p>\n<h3> Peau, ongles &amp; cheveux <\/h3>\n<p>                                              <img decoding=\"async\" alt=\"confort masculin\" src=\"https:\/\/images-na.ssl-images-amazon.com\/images\/G\/01\/x-locale\/common\/grey-pixel.gif\" class=\"a-lazy-loaded\" data-src=\"https:\/\/m.media-amazon.com\/images\/S\/aplus-media-library-service-media\/8f4fbe31-6982-4595-b474-53c032d90eba.__CR0,0,362,453_PT0_SX362_V1___.png\"><img decoding=\"async\" alt=\"confort masculin\" src=\"https:\/\/m.media-amazon.com\/images\/S\/aplus-media-library-service-media\/8f4fbe31-6982-4595-b474-53c032d90eba.__CR0,0,362,453_PT0_SX362_V1___.png\">  <\/p>\n<p>                                              <img decoding=\"async\" alt=\"actif \" src=\"https:\/\/images-na.ssl-images-amazon.com\/images\/G\/01\/x-locale\/common\/grey-pixel.gif\" class=\"a-lazy-loaded\" data-src=\"https:\/\/m.media-amazon.com\/images\/S\/aplus-media-library-service-media\/124f2d23-7f82-48e3-a01a-f46c74e66e96.__CR0,0,362,453_PT0_SX362_V1___.png\"><img decoding=\"async\" alt=\"actif \" src=\"https:\/\/m.media-amazon.com\/images\/S\/aplus-media-library-service-media\/124f2d23-7f82-48e3-a01a-f46c74e66e96.__CR0,0,362,453_PT0_SX362_V1___.png\">  <\/p>\n<p> Product Dimensions                                            \u200f                                            :                                            \u200e                                            5 x 5.5 x 10.5 cm; 100 g   <br \/> Manufacturer                                            \u200f                                            :                                            \u200e                                            AURT2|#NATESIS   <br \/> ASIN                                            \u200f                                            :                                            \u200e                                            B002GYBR28   <br \/> Item model number                                            \u200f                                            :                                            \u200e                                            12012   <br \/> Country of origin                                            \u200f                                            :                                            \u200e                                            India   <br \/>  Customer reviews:                                                                                            4.4               4.4 out of 5 stars                                  (90)                                              var dpAcrHasRegisteredArcLinkClickAction;                    P.when(&#8216;A&#8217;, &#8216;ready&#8217;).execute(function(A) {                        if (dpAcrHasRegisteredArcLinkClickAction !== true) {                            dpAcrHasRegisteredArcLinkClickAction = true;                            A.declarative(                                &#8216;acrLink-click-metrics&#8217;, &#8216;click&#8217;,                                { &#8220;allowLinkDefault&#8221;: true },                                function (event) {                                    if (window.ue) {                                        ue.count(&#8220;acrLinkClickCount&#8221;, (ue.count(&#8220;acrLinkClickCount&#8221;) || 0) + 1);                                    }                                }                            );                        }                    });                                             P.when(&#8216;A&#8217;, &#8216;cf&#8217;).execute(function(A) {                A.declarative(&#8216;acrStarsLink-click-metrics&#8217;, &#8216;click&#8217;, { &#8220;allowLinkDefault&#8221; : true },  function(event){                    if(window.ue) {                        ue.count(&#8220;acrStarsLinkWithPopoverClickCount&#8221;, (ue.count(&#8220;acrStarsLinkWithPopoverClickCount&#8221;) || 0) + 1);                    }                });            });                          <br \/>DIGESTION &#038; ENERGY: Spirulina &#038; Chlorella Bio 50\/50 Nat\u00e9sis offers the combined nutritional benefits of spirulina and chlorella microalgae. A complex rich in protein, and which also provides phycocyanin and chlorophyll. Chlorella helps increase energy and vitality. It also participates in the proper functioning of the digestive system and helps to increase the good intestinal microflora.<br \/>WHEN TO TAKE MICROALGAE? Taking this dietary supplement is recommended if you have digestive disorders, want to help eliminate toxins from your body, if you are tired and want to have better energy and strengthen your immune system.<br \/>TRADITIONAL CULTURE: Spirulina and chlorella are grown in the heart of the Oonaiyur natural site in the Tamil Nadu region, where they enjoy a very favorable climate and an ideal geographical location. Spirulina and chlorella are Naturland certified, a German organic label of the most demanding.<br \/>1 MONTH PROGRAM: Swallow 4 to 6 tablets daily for 30 days with a little water. 6 tablets contain 1 g of spirulina and 1 g of chlorella. A bottle of Spirulina &#038; Chlorella Bio 50\/50 corresponds to a programme of one month renewable after a break (1 bottle = 250 tablets).<br \/>HIGH QUALITY NATESIS: High quality organic and vegan product. The drying process used, &#8220;Spray Dry&#8221;, makes it possible to preserve the nutritional elements of spirulina and chlorella. 100% microalgae, no additives, no silicon dioxide, non-irradiated and non-GMO. Packaged in a brown glass bottle for optimal nutrient preservation.<\/p>\n\n","protected":false},"excerpt":{"rendered":"<p> From the brand 22 ans d&#8217;expertise et de passion pour renforcer votre capital sant\u00e9 et contribuer \u00e0 votre bien-\u00eatre, avec des compl\u00e9ments alimentaires naturels de haute qualit\u00e9. Toute l&#8217;\u00e9quipe Nat\u00e9sis Les indispensables Avancer dans l&#8217;\u00e2ge Peau, ongles &amp; cheveux Product Dimensions \u200f : \u200e 5 x 5.5 x 10.5 cm; [&hellip;]<\/p>\n","protected":false},"featured_media":20568,"comment_status":"open","ping_status":"closed","template":"","meta":{"_gspb_post_css":"","om_disable_all_campaigns":false,"_monsterinsights_skip_tracking":false,"_monsterinsights_sitenote_active":false,"_monsterinsights_sitenote_note":"","_monsterinsights_sitenote_category":0},"store":[],"product_brand":[],"product_cat":[146],"product_tag":[339,1719,4645,347,437,199,4369,272,3759,238,338,200,179,261,793],"class_list":{"0":"post-20567","1":"product","2":"type-product","3":"status-publish","4":"has-post-thumbnail","6":"product_cat-superaliments-verts","7":"product_tag-bio","8":"product_tag-bottle","9":"product_tag-brown","10":"product_tag-chlorella","11":"product_tag-digestion","12":"product_tag-food","13":"product_tag-glass","14":"product_tag-immunity","15":"product_tag-natesis","16":"product_tag-organic","17":"product_tag-spirulina","18":"product_tag-supplement","19":"product_tag-tablets","20":"product_tag-vegan","21":"product_tag-vitality","23":"first","24":"instock","25":"shipping-taxable","26":"product-type-external"},"aioseo_notices":[],"jetpack_sharing_enabled":true,"_links":{"self":[{"href":"https:\/\/www.zolattitude.com\/index.php\/wp-json\/wp\/v2\/product\/20567","targetHints":{"allow":["GET"]}}],"collection":[{"href":"https:\/\/www.zolattitude.com\/index.php\/wp-json\/wp\/v2\/product"}],"about":[{"href":"https:\/\/www.zolattitude.com\/index.php\/wp-json\/wp\/v2\/types\/product"}],"replies":[{"embeddable":true,"href":"https:\/\/www.zolattitude.com\/index.php\/wp-json\/wp\/v2\/comments?post=20567"}],"wp:featuredmedia":[{"embeddable":true,"href":"https:\/\/www.zolattitude.com\/index.php\/wp-json\/wp\/v2\/media\/20568"}],"wp:attachment":[{"href":"https:\/\/www.zolattitude.com\/index.php\/wp-json\/wp\/v2\/media?parent=20567"}],"wp:term":[{"taxonomy":"store","embeddable":true,"href":"https:\/\/www.zolattitude.com\/index.php\/wp-json\/wp\/v2\/store?post=20567"},{"taxonomy":"product_brand","embeddable":true,"href":"https:\/\/www.zolattitude.com\/index.php\/wp-json\/wp\/v2\/product_brand?post=20567"},{"taxonomy":"product_cat","embeddable":true,"href":"https:\/\/www.zolattitude.com\/index.php\/wp-json\/wp\/v2\/product_cat?post=20567"},{"taxonomy":"product_tag","embeddable":true,"href":"https:\/\/www.zolattitude.com\/index.php\/wp-json\/wp\/v2\/product_tag?post=20567"}],"curies":[{"name":"wp","href":"https:\/\/api.w.org\/{rel}","templated":true}]}}