{"id":20623,"date":"2026-02-08T22:32:24","date_gmt":"2026-02-08T22:32:24","guid":{"rendered":"https:\/\/www.zolattitude.com\/index.php\/product\/dandelion-crystal-ball-night-light-2-75-inch-wooden-base-night-light-home-decor-with-usb-power-gift-for-men-women-kids-boys-girls-teens-dandelion\/"},"modified":"2026-02-08T22:32:37","modified_gmt":"2026-02-08T22:32:37","slug":"dandelion-crystal-ball-night-light-2-75-inch-wooden-base-night-light-home-decor-with-usb-power-gift-for-men-women-kids-boys-girls-teens-dandelion","status":"publish","type":"product","link":"https:\/\/www.zolattitude.com\/index.php\/product\/dandelion-crystal-ball-night-light-2-75-inch-wooden-base-night-light-home-decor-with-usb-power-gift-for-men-women-kids-boys-girls-teens-dandelion\/","title":{"rendered":"Dandelion Crystal Ball Night Light, 2.75 Inch Wooden Base Night Light Home Decor with USB Power Gift for Men Women Kids Boys Girls Teens (Dandelion)"},"content":{"rendered":"<p>Price: <span style=\"color:#b12704\">\u20ac29.99<\/span><br \/><i><small>(as of Feb 08, 2026 22:32:24 UTC &#8211; <span class=\"wp_automatic_amazon_disclaimer\" title=\"Product prices and availability are accurate as of the date\/time indicated and are subject to change. Any price and availability information displayed on [relevant Amazon Site(s), as applicable] at the time of purchase will apply to the purchase of this product.\">Details<\/span>)<\/small><\/i><br \/><a href=\"https:\/\/amazon.fr\/dp\/B0CTJFZDT4?tag=onamzmoukoubl-21\"><img decoding=\"async\" src=\"https:\/\/valvepress.s3.amazonaws.com\/imgs\/buy_now.png\"><\/a><br \/>\n<\/p>\n<p>                                             Product Description   <\/p>\n<p>                                                  <img decoding=\"async\" alt=\"1 bo\u00eete cadeau\" src=\"https:\/\/images-na.ssl-images-amazon.com\/images\/G\/01\/x-locale\/common\/grey-pixel.gif\" class=\"a-lazy-loaded\" data-src=\"https:\/\/m.media-amazon.com\/images\/S\/aplus-media-library-service-media\/b2ddf10d-3e2d-496f-92cf-4edf76a2c467.__CR0,0,970,300_PT0_SX970_V1___.jpg\"><img decoding=\"async\" alt=\"1 bo\u00eete cadeau\" src=\"https:\/\/m.media-amazon.com\/images\/S\/aplus-media-library-service-media\/b2ddf10d-3e2d-496f-92cf-4edf76a2c467.__CR0,0,970,300_PT0_SX970_V1___.jpg\">  <\/p>\n<p>                                                                             <img decoding=\"async\" alt=\"1 bo\u00eete cadeau\" src=\"https:\/\/images-na.ssl-images-amazon.com\/images\/G\/01\/x-locale\/common\/grey-pixel.gif\" class=\"a-spacing-base a-lazy-loaded\" data-src=\"https:\/\/m.media-amazon.com\/images\/S\/aplus-media-library-service-media\/16f9d832-81ff-46a8-a0f4-9a185660833f.__CR0,0,970,600_PT0_SX970_V1___.jpg\"><img decoding=\"async\" alt=\"1 bo\u00eete cadeau\" src=\"https:\/\/m.media-amazon.com\/images\/S\/aplus-media-library-service-media\/16f9d832-81ff-46a8-a0f4-9a185660833f.__CR0,0,970,600_PT0_SX970_V1___.jpg\">                                         <\/p>\n<h3 class=\"a-spacing-mini\"> V\u00e9ritable veilleuse pissenlit <\/h3>\n<p class=\"a-spacing-base\"> Les fleurs naturelles sont s\u00e9lectionn\u00e9es et conserv\u00e9es professionnellement en conservant leur couleur et leur forme soigneusement. Les vraies fleurs sont parfaitement conserv\u00e9es dans des boules cristallines et deviennent ainsi un artisanat floral unique. Cette veilleuse en forme de boule de cristal est parfaite pour l&#8217;affichage dans le salon, la chambre, le bar, la boutique, le caf\u00e9, le bureau, le restaurant, etc. Sa base \u00e9met une lumi\u00e8re jaune chaude qui en fait une petite veilleuse. La veilleuse en forme de boule de cristal \u00e0 fleurs \u00e9met une lumi\u00e8re chaude et apaisante qui cr\u00e9e une atmosph\u00e8re relaxante et paisible. Le socle en bois de qualit\u00e9 sup\u00e9rieure assure non seulement la stabilit\u00e9, mais s&#8217;int\u00e8gre \u00e9galement parfaitement dans n&#8217;importe quel d\u00e9cor de pi\u00e8ce et souligne l&#8217;esth\u00e9tique globale de la boule de cristal florale. Le pissenlit en cristal est un merveilleux cadeau pour la Saint-Valentin, un anniversaire, une f\u00eate, un mariage, la f\u00eate des m\u00e8res, No\u00ebl, Thanksgiving, les remises de dipl\u00f4mes, la f\u00eate des enseignants, les anniversaires ; cadeaux cr\u00e9atifs pour femme, femme, amoureuse, M\u00e8re, enfants, amis, etc. Le socle en bois est \u00e9quip\u00e9 de lampes LED et d&#8217;un interrupteur. Les ampoules LED peuvent \u00eatre contr\u00f4l\u00e9es en cliquant sur l&#8217;interrupteur. (N\u00e9cessite une prise \u00e9lectrique pour l&#8217;utilisation) <\/p>\n<p class=\"a-spacing-base\"> \u2714 Remarque : <\/p>\n<p class=\"a-spacing-base\"> En raison des diff\u00e9rents \u00e9crans et effets de lumi\u00e8re, la couleur r\u00e9elle de l&#8217;article peut \u00eatre l\u00e9g\u00e8rement diff\u00e9rente de la couleur montr\u00e9e sur les images. <\/p>\n<p>                                                                             <img decoding=\"async\" alt=\"1 bo\u00eete cadeau\" src=\"https:\/\/images-na.ssl-images-amazon.com\/images\/G\/01\/x-locale\/common\/grey-pixel.gif\" class=\"a-spacing-base a-lazy-loaded\" data-src=\"https:\/\/m.media-amazon.com\/images\/S\/aplus-media-library-service-media\/e5c4b29a-a88f-4117-9a8e-feb1088d26a9.__CR0,0,970,600_PT0_SX970_V1___.jpg\"><img decoding=\"async\" alt=\"1 bo\u00eete cadeau\" src=\"https:\/\/m.media-amazon.com\/images\/S\/aplus-media-library-service-media\/e5c4b29a-a88f-4117-9a8e-feb1088d26a9.__CR0,0,970,600_PT0_SX970_V1___.jpg\">                                         <\/p>\n<h3 class=\"a-spacing-mini\"> Caract\u00e9ristiques techniques : <\/h3>\n<p class=\"a-spacing-base\"> Mat\u00e9riau : alliage Boule de cristal en r\u00e9sine + base en bois <\/p>\n<p class=\"a-spacing-base\"> Couleur de lumi\u00e8re : couleur chaude <\/p>\n<p class=\"a-spacing-base\"> Alimentation : Connecteur USB <\/p>\n<p class=\"a-spacing-base\"> Couleur (facultatif) : Pissenlit, marguerite, rose <\/p>\n<p class=\"a-spacing-base\"> Diam\u00e8tre de la boule de cristal : Environ 7 cm <\/p>\n<p class=\"a-spacing-base\"> Taille de la base en bois : 6 x 6 x 2 cm <\/p>\n<p>                                                                             <img decoding=\"async\" alt=\"Lot de 2\" src=\"https:\/\/images-na.ssl-images-amazon.com\/images\/G\/01\/x-locale\/common\/grey-pixel.gif\" class=\"a-spacing-base a-lazy-loaded\" data-src=\"https:\/\/m.media-amazon.com\/images\/S\/aplus-media-library-service-media\/67bb9ca7-ad24-4f86-94e5-35010e46485c.__CR0,0,970,600_PT0_SX970_V1___.jpg\"><img decoding=\"async\" alt=\"Lot de 2\" src=\"https:\/\/m.media-amazon.com\/images\/S\/aplus-media-library-service-media\/67bb9ca7-ad24-4f86-94e5-35010e46485c.__CR0,0,970,600_PT0_SX970_V1___.jpg\">                                                                    <\/p>\n<p>                                                                             <img decoding=\"async\" alt=\"Lot de 2\" src=\"https:\/\/images-na.ssl-images-amazon.com\/images\/G\/01\/x-locale\/common\/grey-pixel.gif\" class=\"a-spacing-base a-lazy-loaded\" data-src=\"https:\/\/m.media-amazon.com\/images\/S\/aplus-media-library-service-media\/1e79b781-1d8b-4bc7-b71d-7be298b78501.__CR0,0,970,600_PT0_SX970_V1___.jpg\"><img decoding=\"async\" alt=\"Lot de 2\" src=\"https:\/\/m.media-amazon.com\/images\/S\/aplus-media-library-service-media\/1e79b781-1d8b-4bc7-b71d-7be298b78501.__CR0,0,970,600_PT0_SX970_V1___.jpg\">                                                                    <\/p>\n<p>                                                                             <img decoding=\"async\" alt=\"1 bo\u00eete cadeau\" src=\"https:\/\/images-na.ssl-images-amazon.com\/images\/G\/01\/x-locale\/common\/grey-pixel.gif\" class=\"a-spacing-base a-lazy-loaded\" data-src=\"https:\/\/m.media-amazon.com\/images\/S\/aplus-media-library-service-media\/60f50003-31ab-4ba2-bd6e-f0c7cc317f7b.__CR0,0,970,600_PT0_SX970_V1___.jpg\"><img decoding=\"async\" alt=\"1 bo\u00eete cadeau\" src=\"https:\/\/m.media-amazon.com\/images\/S\/aplus-media-library-service-media\/60f50003-31ab-4ba2-bd6e-f0c7cc317f7b.__CR0,0,970,600_PT0_SX970_V1___.jpg\">                                                                    <\/p>\n<p>                                                                             <img decoding=\"async\" alt=\"1 bo\u00eete cadeau\" src=\"https:\/\/images-na.ssl-images-amazon.com\/images\/G\/01\/x-locale\/common\/grey-pixel.gif\" class=\"a-spacing-base a-lazy-loaded\" data-src=\"https:\/\/m.media-amazon.com\/images\/S\/aplus-media-library-service-media\/4887fd9f-36a5-47dd-91b8-83fe11f1b281.__CR0,0,970,600_PT0_SX970_V1___.jpg\"><img decoding=\"async\" alt=\"1 bo\u00eete cadeau\" src=\"https:\/\/m.media-amazon.com\/images\/S\/aplus-media-library-service-media\/4887fd9f-36a5-47dd-91b8-83fe11f1b281.__CR0,0,970,600_PT0_SX970_V1___.jpg\">                                                                    <\/p>\n<p>[Real Dandelion Night Light] Crystal ball diameter: 7 cm. Natural dandelions are professionally selected and preserved while carefully preserving its color and shape. Real dandelions are perfectly preserved in crystal clear balls and thus become a unique craft of dandelion.<br \/>ELEGANT WOODEN BASE: The high-quality wooden base not only ensures stability, but also fits perfectly into any room decoration and emphasizes the overall beauty of the dandelion crystal spherical lamp. The wooden base has a built-in diffuser that protects your eyes from dazzling light. It can create a relaxed and pleasant atmosphere while protecting the eyes.<br \/>CONVENIENT USB POWER &#8211; This glass ball night light easily illuminates your room with the supplied USB cable, so it is adaptable and can be displayed anywhere you want. The wooden base is equipped with LED lights and a switch. LED lights can be controlled by clicking on the switch. (Requires an electrical outlet for use)<br \/>[Best Choice for Gifts] This flower crystal ball night light is a perfect choice for birthdays, holidays or any special moment. Ideal gift for girlfriend, boyfriend, mom, dad, partner, for her, for him and all other favorite people. The soft and eye-friendly night light is suitable for a variety of scenes. It can be used for living room, bedroom, coffee table and other home decorations and can also be used as a night light during sleep.<br \/>[100% Service] If you are satisfied with our crystal ball lamp, contact us in time via Amazon, we will refund or replace for you, and will not let you suffer loss.<\/p>\n\n","protected":false},"excerpt":{"rendered":"<p> Product Description V\u00e9ritable veilleuse pissenlit Les fleurs naturelles sont s\u00e9lectionn\u00e9es et conserv\u00e9es professionnellement en conservant leur couleur et leur forme soigneusement. Les vraies fleurs sont parfaitement conserv\u00e9es dans des boules cristallines et deviennent ainsi un artisanat floral unique. Cette veilleuse en forme de boule de cristal est parfaite pour l&#8217;affichage [&hellip;]<\/p>\n","protected":false},"featured_media":20624,"comment_status":"open","ping_status":"closed","template":"","meta":{"_gspb_post_css":"","om_disable_all_campaigns":false,"_monsterinsights_skip_tracking":false,"_monsterinsights_sitenote_active":false,"_monsterinsights_sitenote_note":"","_monsterinsights_sitenote_category":0},"store":[],"product_brand":[],"product_cat":[156],"product_tag":[5410,1160,5415,5409,568,5413,3984,5416,3243,5411,1543,3635,1122,2620,1868,5417,5414,1123,5412],"class_list":{"0":"post-20623","1":"product","2":"type-product","3":"status-publish","4":"has-post-thumbnail","6":"product_cat-foie-drainage","7":"product_tag-ball","8":"product_tag-base","9":"product_tag-boys","10":"product_tag-crystal","11":"product_tag-dandelion","12":"product_tag-decor","13":"product_tag-gift","14":"product_tag-girls","15":"product_tag-home","16":"product_tag-inch","17":"product_tag-kids","18":"product_tag-light","19":"product_tag-men","20":"product_tag-night","21":"product_tag-power","22":"product_tag-teens","23":"product_tag-usb","24":"product_tag-women","25":"product_tag-wooden","27":"first","28":"instock","29":"shipping-taxable","30":"product-type-external"},"aioseo_notices":[],"jetpack_sharing_enabled":true,"_links":{"self":[{"href":"https:\/\/www.zolattitude.com\/index.php\/wp-json\/wp\/v2\/product\/20623","targetHints":{"allow":["GET"]}}],"collection":[{"href":"https:\/\/www.zolattitude.com\/index.php\/wp-json\/wp\/v2\/product"}],"about":[{"href":"https:\/\/www.zolattitude.com\/index.php\/wp-json\/wp\/v2\/types\/product"}],"replies":[{"embeddable":true,"href":"https:\/\/www.zolattitude.com\/index.php\/wp-json\/wp\/v2\/comments?post=20623"}],"wp:featuredmedia":[{"embeddable":true,"href":"https:\/\/www.zolattitude.com\/index.php\/wp-json\/wp\/v2\/media\/20624"}],"wp:attachment":[{"href":"https:\/\/www.zolattitude.com\/index.php\/wp-json\/wp\/v2\/media?parent=20623"}],"wp:term":[{"taxonomy":"store","embeddable":true,"href":"https:\/\/www.zolattitude.com\/index.php\/wp-json\/wp\/v2\/store?post=20623"},{"taxonomy":"product_brand","embeddable":true,"href":"https:\/\/www.zolattitude.com\/index.php\/wp-json\/wp\/v2\/product_brand?post=20623"},{"taxonomy":"product_cat","embeddable":true,"href":"https:\/\/www.zolattitude.com\/index.php\/wp-json\/wp\/v2\/product_cat?post=20623"},{"taxonomy":"product_tag","embeddable":true,"href":"https:\/\/www.zolattitude.com\/index.php\/wp-json\/wp\/v2\/product_tag?post=20623"}],"curies":[{"name":"wp","href":"https:\/\/api.w.org\/{rel}","templated":true}]}}