{"id":20648,"date":"2026-02-08T22:47:14","date_gmt":"2026-02-08T22:47:14","guid":{"rendered":"https:\/\/www.zolattitude.com\/index.php\/product\/heated-eye-mask-with-weighted-massage-beads-sleep-eye-mask-for-eye-relaxation-and-light-blocking-ideal-travel-and-rest\/"},"modified":"2026-02-08T22:47:24","modified_gmt":"2026-02-08T22:47:24","slug":"heated-eye-mask-with-weighted-massage-beads-sleep-eye-mask-for-eye-relaxation-and-light-blocking-ideal-travel-and-rest","status":"publish","type":"product","link":"https:\/\/www.zolattitude.com\/index.php\/product\/heated-eye-mask-with-weighted-massage-beads-sleep-eye-mask-for-eye-relaxation-and-light-blocking-ideal-travel-and-rest\/","title":{"rendered":"Heated Eye Mask with Weighted Massage Beads Sleep Eye Mask for Eye Relaxation and Light Blocking Ideal Travel and Rest"},"content":{"rendered":"<p>Price: <span style=\"color:#b12704\">\u20ac19.69<\/span><br \/><i><small>(as of Feb 08, 2026 22:47:14 UTC &#8211; <span class=\"wp_automatic_amazon_disclaimer\" title=\"Product prices and availability are accurate as of the date\/time indicated and are subject to change. Any price and availability information displayed on [relevant Amazon Site(s), as applicable] at the time of purchase will apply to the purchase of this product.\">Details<\/span>)<\/small><\/i><br \/><a href=\"https:\/\/amazon.fr\/dp\/B0D5YQGQZ8?tag=onamzmoukoubl-21\"><img decoding=\"async\" src=\"https:\/\/valvepress.s3.amazonaws.com\/imgs\/buy_now.png\"><\/a><br \/>\n<\/p>\n<p>                                             Product Description   <\/p>\n<p>                                                  <img decoding=\"async\" alt=\"0\" src=\"https:\/\/images-na.ssl-images-amazon.com\/images\/G\/01\/x-locale\/common\/grey-pixel.gif\" class=\"a-lazy-loaded\" data-src=\"https:\/\/m.media-amazon.com\/images\/S\/aplus-media\/sc\/7ef3f61e-6e44-44d9-9164-996536013055.__CR1200,0,300,300_PT0_SX300_V1___.jpg\"><img decoding=\"async\" alt=\"0\" src=\"https:\/\/m.media-amazon.com\/images\/S\/aplus-media\/sc\/7ef3f61e-6e44-44d9-9164-996536013055.__CR1200,0,300,300_PT0_SX300_V1___.jpg\">  <\/p>\n<h3 class=\"a-spacing-mini\"> FOYTOKI <\/h3>\n<p>  Gravit\u00e9 Eyepillow Eye Bandeau Masque De Sommeil Lest\u00e9 Bandeau Sommeil Masque Pour Les Yeux Occultant Masque Pour Les Yeux Sieste Bandeau Soins Des Yeux Masque Masque De Sommeil <\/p>\n<h3 class=\"a-spacing-small\">   <\/h3>\n<p class=\"apm-text-center\">\n                                                      <img decoding=\"async\" alt=\"6\" src=\"https:\/\/images-na.ssl-images-amazon.com\/images\/G\/01\/x-locale\/common\/grey-pixel.gif\" class=\"a-spacing-mini a-lazy-loaded\" data-src=\"https:\/\/m.media-amazon.com\/images\/S\/aplus-media\/sc\/9ae19d48-93a6-4cf0-8800-b5d1ff2825ae.__CR1200,0,300,300_PT0_SX300_V1___.jpg\"><\/p>\n<p><img decoding=\"async\" alt=\"6\" src=\"https:\/\/m.media-amazon.com\/images\/S\/aplus-media\/sc\/9ae19d48-93a6-4cf0-8800-b5d1ff2825ae.__CR1200,0,300,300_PT0_SX300_V1___.jpg\">  <\/p>\n<p> Masque pour les yeux de sommeil &#8211; remplis de petites perles de massage, les coussinets de compression procurent un massage autour des yeux. <\/p>\n<p class=\"apm-text-center\">\n                                                      <img decoding=\"async\" alt=\"14\" src=\"https:\/\/images-na.ssl-images-amazon.com\/images\/G\/01\/x-locale\/common\/grey-pixel.gif\" class=\"a-spacing-mini a-lazy-loaded\" data-src=\"https:\/\/m.media-amazon.com\/images\/S\/aplus-media\/sc\/4c43ef3f-347a-4b0d-bff3-702027324a6e.__CR1200,0,300,300_PT0_SX300_V1___.jpg\"><\/p>\n<p><img decoding=\"async\" alt=\"14\" src=\"https:\/\/m.media-amazon.com\/images\/S\/aplus-media\/sc\/4c43ef3f-347a-4b0d-bff3-702027324a6e.__CR1200,0,300,300_PT0_SX300_V1___.jpg\">  <\/p>\n<p> Masque de soin des yeux &#8211; bon pour , se d\u00e9tendre, se reposer, m\u00e9diter, faire du yoga. <\/p>\n<p class=\"apm-text-center\">\n                                                      <img decoding=\"async\" alt=\"15\" src=\"https:\/\/images-na.ssl-images-amazon.com\/images\/G\/01\/x-locale\/common\/grey-pixel.gif\" class=\"a-spacing-mini a-lazy-loaded\" data-src=\"https:\/\/m.media-amazon.com\/images\/S\/aplus-media\/sc\/91ee86d9-4e5b-4ca6-ae8d-bd0876142275.__CR1200,0,300,300_PT0_SX300_V1___.jpg\"><\/p>\n<p><img decoding=\"async\" alt=\"15\" src=\"https:\/\/m.media-amazon.com\/images\/S\/aplus-media\/sc\/91ee86d9-4e5b-4ca6-ae8d-bd0876142275.__CR1200,0,300,300_PT0_SX300_V1___.jpg\">  <\/p>\n<p> Masque de sommeil lest\u00e9 &#8211; id\u00e9al pour les voyages, la maison, l&#8217;h\u00f4tel, les r\u00e9unions, le train partout la lumi\u00e8re et la fatigue sont g\u00ean\u00e9s. <\/p>\n<p>                                                      <img decoding=\"async\" alt=\"18\" src=\"https:\/\/images-na.ssl-images-amazon.com\/images\/G\/01\/x-locale\/common\/grey-pixel.gif\" class=\"a-spacing-mini a-lazy-loaded\" data-src=\"https:\/\/m.media-amazon.com\/images\/S\/aplus-media\/sc\/c2667019-7a79-4f93-ada5-f6ca2f01cefc.__CR1200,0,300,300_PT0_SX300_V1___.jpg\"><img decoding=\"async\" alt=\"18\" src=\"https:\/\/m.media-amazon.com\/images\/S\/aplus-media\/sc\/c2667019-7a79-4f93-ada5-f6ca2f01cefc.__CR1200,0,300,300_PT0_SX300_V1___.jpg\">  <\/p>\n<h3 class=\"a-spacing-mini\">   <\/h3>\n<p class=\"a-spacing-base\"> Masque pour les yeux de sommeil &#8211; remplis de petites perles de massage, les coussinets de compression procurent un massage autour des yeux. <\/p>\n<p class=\"a-spacing-base\"> Masque de soin des yeux &#8211; bon pour , se d\u00e9tendre, se reposer, m\u00e9diter, faire du yoga. <\/p>\n<p>                                                                                                  Color: Comme Montr\u00e9       Size: 26x8cm       <\/p>\n<p> Product Dimensions                                            \u200f                                            :                                            \u200e                                            20 x 8 x 1 cm; 145 g   <br \/> Manufacturer                                            \u200f                                            :                                            \u200e                                            FOYTOKI   <br \/> ASIN                                            \u200f                                            :                                            \u200e                                            B0D5YQGQZ8   <br \/> Manufacturer reference                                            \u200f                                            :                                            \u200e                                            70943UV195T   <br \/> Country of origin                                            \u200f                                            :                                            \u200e                                            China   <br \/>  Customer reviews:                                                                                            5.0               5.0 out of 5 stars                                  (1)                                              var dpAcrHasRegisteredArcLinkClickAction;                    P.when(&#8216;A&#8217;, &#8216;ready&#8217;).execute(function(A) {                        if (dpAcrHasRegisteredArcLinkClickAction !== true) {                            dpAcrHasRegisteredArcLinkClickAction = true;                            A.declarative(                                &#8216;acrLink-click-metrics&#8217;, &#8216;click&#8217;,                                { &#8220;allowLinkDefault&#8221;: true },                                function (event) {                                    if (window.ue) {                                        ue.count(&#8220;acrLinkClickCount&#8221;, (ue.count(&#8220;acrLinkClickCount&#8221;) || 0) + 1);                                    }                                }                            );                        }                    });                                             P.when(&#8216;A&#8217;, &#8216;cf&#8217;).execute(function(A) {                A.declarative(&#8216;acrStarsLink-click-metrics&#8217;, &#8216;click&#8217;, { &#8220;allowLinkDefault&#8221; : true },  function(event){                    if(window.ue) {                        ue.count(&#8220;acrStarsLinkWithPopoverClickCount&#8221;, (ue.count(&#8220;acrStarsLinkWithPopoverClickCount&#8221;) || 0) + 1);                    }                });            });                          <br \/>Relaxing massage: This FOYTOKI heated eye mask is filled with small beads that exert gentle and targeted pressure around the eyes to relieve eye strain and improve visual comfort<br \/>Full light blocking: Designed as a blackout sleep mask, it effectively prevents any light from passing through, thus facilitating quick falling asleep and improving sleep quality<br \/>Versatility of use: suitable for sleeping, relaxing, meditating, practicing yoga or travelling, this for the eyes relieves fatigue and offers a light counter in multiple situations<br \/>Ergonomic and lightweight design: With a size of 7.9 x 3.1 x 0.4 inches and a weight of 145 g, this FOYTOKI adult eye mask fits comfortably on the face without hindering movement<br \/>Natural Eyepiece: Thanks to its massage microbeads combined with a gentle heating function, this heated massaging eye mask helps reduce eye tension for lasting comfort<\/p>\n\n","protected":false},"excerpt":{"rendered":"<p> Product Description FOYTOKI Gravit\u00e9 Eyepillow Eye Bandeau Masque De Sommeil Lest\u00e9 Bandeau Sommeil Masque Pour Les Yeux Occultant Masque Pour Les Yeux Sieste Bandeau Soins Des Yeux Masque Masque De Sommeil Masque pour les yeux de sommeil &#8211; remplis de petites perles de massage, les coussinets de compression procurent un [&hellip;]<\/p>\n","protected":false},"featured_media":20649,"comment_status":"open","ping_status":"closed","template":"","meta":{"_gspb_post_css":"","om_disable_all_campaigns":false,"_monsterinsights_skip_tracking":false,"_monsterinsights_sitenote_active":false,"_monsterinsights_sitenote_note":"","_monsterinsights_sitenote_category":0},"store":[],"product_brand":[],"product_cat":[151],"product_tag":[2571,5421,1648,4964,388,3635,229,2085,288,1763,405,3248,5420],"class_list":{"0":"post-20648","1":"product","2":"type-product","3":"status-publish","4":"has-post-thumbnail","6":"product_cat-sommeil-relaxation","7":"product_tag-beads","8":"product_tag-blocking","9":"product_tag-eye","10":"product_tag-heated","11":"product_tag-ideal","12":"product_tag-light","13":"product_tag-mask","14":"product_tag-massage","15":"product_tag-relaxation","16":"product_tag-rest","17":"product_tag-sleep","18":"product_tag-travel","19":"product_tag-weighted","21":"first","22":"instock","23":"shipping-taxable","24":"product-type-external"},"aioseo_notices":[],"jetpack_sharing_enabled":true,"_links":{"self":[{"href":"https:\/\/www.zolattitude.com\/index.php\/wp-json\/wp\/v2\/product\/20648","targetHints":{"allow":["GET"]}}],"collection":[{"href":"https:\/\/www.zolattitude.com\/index.php\/wp-json\/wp\/v2\/product"}],"about":[{"href":"https:\/\/www.zolattitude.com\/index.php\/wp-json\/wp\/v2\/types\/product"}],"replies":[{"embeddable":true,"href":"https:\/\/www.zolattitude.com\/index.php\/wp-json\/wp\/v2\/comments?post=20648"}],"wp:featuredmedia":[{"embeddable":true,"href":"https:\/\/www.zolattitude.com\/index.php\/wp-json\/wp\/v2\/media\/20649"}],"wp:attachment":[{"href":"https:\/\/www.zolattitude.com\/index.php\/wp-json\/wp\/v2\/media?parent=20648"}],"wp:term":[{"taxonomy":"store","embeddable":true,"href":"https:\/\/www.zolattitude.com\/index.php\/wp-json\/wp\/v2\/store?post=20648"},{"taxonomy":"product_brand","embeddable":true,"href":"https:\/\/www.zolattitude.com\/index.php\/wp-json\/wp\/v2\/product_brand?post=20648"},{"taxonomy":"product_cat","embeddable":true,"href":"https:\/\/www.zolattitude.com\/index.php\/wp-json\/wp\/v2\/product_cat?post=20648"},{"taxonomy":"product_tag","embeddable":true,"href":"https:\/\/www.zolattitude.com\/index.php\/wp-json\/wp\/v2\/product_tag?post=20648"}],"curies":[{"name":"wp","href":"https:\/\/api.w.org\/{rel}","templated":true}]}}