{"id":20708,"date":"2026-02-09T00:10:29","date_gmt":"2026-02-09T00:10:29","guid":{"rendered":"https:\/\/www.zolattitude.com\/index.php\/product\/herba-organica-evening-primrose-seeds-powder-oenothera-biennis-l-evening-primrose-seeds-powder-100g\/"},"modified":"2026-02-09T00:10:32","modified_gmt":"2026-02-09T00:10:32","slug":"herba-organica-evening-primrose-seeds-powder-oenothera-biennis-l-evening-primrose-seeds-powder-100g","status":"publish","type":"product","link":"https:\/\/www.zolattitude.com\/index.php\/product\/herba-organica-evening-primrose-seeds-powder-oenothera-biennis-l-evening-primrose-seeds-powder-100g\/","title":{"rendered":"Herba Organica Evening Primrose Seeds Powder &#8211; Oenothera Biennis L &#8211; Evening Primrose Seeds Powder 100g"},"content":{"rendered":"<p>Price: <span style=\"color:#b12704\">\u20ac33.97<\/span><br \/><i><small>(as of Feb 09, 2026 00:10:29 UTC &#8211; <span class=\"wp_automatic_amazon_disclaimer\" title=\"Product prices and availability are accurate as of the date\/time indicated and are subject to change. Any price and availability information displayed on [relevant Amazon Site(s), as applicable] at the time of purchase will apply to the purchase of this product.\">Details<\/span>)<\/small><\/i><br \/><a href=\"https:\/\/amazon.fr\/dp\/B0CSSSRFNG?tag=onamzmoukoubl-21\"><img decoding=\"async\" src=\"https:\/\/valvepress.s3.amazonaws.com\/imgs\/buy_now.png\"><\/a><br \/>\n<\/p>\n<p>                                             Product Description   <\/p>\n<p>                                                         <img decoding=\"async\" alt=\"tisane, herbes s\u00e9ch\u00e9es, fruits secs, tisane, rem\u00e8de \u00e0 base de plantes, herbes biologiques, bio\" src=\"https:\/\/images-na.ssl-images-amazon.com\/images\/G\/01\/x-locale\/common\/grey-pixel.gif\" class=\"a-lazy-loaded\" data-src=\"https:\/\/m.media-amazon.com\/images\/S\/aplus-media\/sc\/3d8ae6df-1f55-4891-b5ed-255960170759.__CR0,0,600,180_PT0_SX600_V1___.jpg\"><img decoding=\"async\" alt=\"tisane, herbes s\u00e9ch\u00e9es, fruits secs, tisane, rem\u00e8de \u00e0 base de plantes, herbes biologiques, bio\" src=\"https:\/\/m.media-amazon.com\/images\/S\/aplus-media\/sc\/3d8ae6df-1f55-4891-b5ed-255960170759.__CR0,0,600,180_PT0_SX600_V1___.jpg\">      <\/p>\n<p>                                                      <img decoding=\"async\" alt=\"primrose powder, evening primrose, organic herbs, herbal infusion, loose leaves tea\" src=\"https:\/\/images-na.ssl-images-amazon.com\/images\/G\/01\/x-locale\/common\/grey-pixel.gif\" class=\"a-spacing-mini a-lazy-loaded\" data-src=\"https:\/\/m.media-amazon.com\/images\/S\/aplus-media-library-service-media\/b885ef7e-40a5-447f-9932-2618e5df2465.__CR0,59,1493,1991_PT0_SX300_V1___.jpg\"><img decoding=\"async\" alt=\"primrose powder, evening primrose, organic herbs, herbal infusion, loose leaves tea\" src=\"https:\/\/m.media-amazon.com\/images\/S\/aplus-media-library-service-media\/b885ef7e-40a5-447f-9932-2618e5df2465.__CR0,59,1493,1991_PT0_SX300_V1___.jpg\">  <\/p>\n<p>                           Poudre de Graines d&#8217;Onagre &#8211; Oenothera Biennis L &#8211; Herba Organica  <\/p>\n<p>                                                              <img decoding=\"async\" alt=\"Tisane, Tisane bio, Infusion de plantes, Tisane naturelle, Herbes pour infusion, Tisane en vrac,\" src=\"https:\/\/images-na.ssl-images-amazon.com\/images\/G\/01\/x-locale\/common\/grey-pixel.gif\" class=\"a-spacing-mini a-lazy-loaded\" data-src=\"https:\/\/m.media-amazon.com\/images\/S\/aplus-media-library-service-media\/8842cee6-7779-4b04-a688-12a5395cddd3.__CR200,255,1378,689_PT0_SX350_V1___.png\"><img decoding=\"async\" alt=\"Tisane, Tisane bio, Infusion de plantes, Tisane naturelle, Herbes pour infusion, Tisane en vrac,\" src=\"https:\/\/m.media-amazon.com\/images\/S\/aplus-media-library-service-media\/8842cee6-7779-4b04-a688-12a5395cddd3.__CR200,255,1378,689_PT0_SX350_V1___.png\">                                          Pr\u00e9paration de la Poudre de Graines d&#8217;Onagre Herba Organica:                                 <\/p>\n<p class=\"a-spacing-small a-size-small a-color-secondary\"> Ajouter 1 \u00e0 2 cuill\u00e8res \u00e0 caf\u00e9 de Poudre de Graines d&#8217;Onagre Herba Organica dans un liquide comme de l\u2019eau, un jus ou un smoothie. M\u00e9langer soigneusement avant de consommer. <\/p>\n<p>                                          \u00c0 ajouter dans vos boissons, infusions, sauces, ou m\u00e9langes secs pour une touche v\u00e9g\u00e9tale adapt\u00e9e \u00e0 vos habitudes.       <\/p>\n<h3 class=\"a-spacing-mini\"> Poudre de Graines d&#8217;Onagre &#8211; Oenothera Biennis L &#8211; Herba Organica <\/h3>\n<p>                                          Une Poudre Pure et Naturelle                                     <\/p>\n<p class=\"a-spacing-base\"> La Poudre de Graines d&#8217;Onagre Herba Organica est soigneusement obtenue \u00e0 partir de graines r\u00e9colt\u00e9es \u00e0 la main, puis emball\u00e9e dans des sachets doypack refermables pour en pr\u00e9server la fra\u00eecheur. Sans OGM et sans pesticides. <\/p>\n<p class=\"a-spacing-base\"> Cette poudre peut \u00eatre utilis\u00e9e directement ou int\u00e9gr\u00e9e dans diverses pr\u00e9parations culinaires. Elle peut \u00e9galement \u00eatre ajout\u00e9e \u00e0 des smoothies, des yaourts, des compotes ou saupoudr\u00e9e sur vos plats, selon vos pr\u00e9f\u00e9rences. <\/p>\n<p>                                                          Utilisations Vari\u00e9es : \u00c0 incorporer dans vos recettes ou pr\u00e9parations, seule ou en association avec d&#8217;autres ingr\u00e9dients v\u00e9g\u00e9taux.       Usage Polyvalent : Convient aussi bien aux boissons qu\u2019aux plats, pour une touche v\u00e9g\u00e9tale et personnalis\u00e9e.      <\/p>\n<p>                         Add To Basket  <\/p>\n<p>                         Add To Basket  <\/p>\n<p>                         Add To Basket  <\/p>\n<p>                         Add To Basket  <\/p>\n<p>                         Add To Basket  <\/p>\n<p>                             Customer Reviews  <\/p>\n<p>                \u2014                                   <\/p>\n<p>                    4.7 out of 5 stars  2  <\/p>\n<p>                \u2014                                   <\/p>\n<p>                    3.5 out of 5 stars  7  <\/p>\n<p>                    3.8 out of 5 stars  37  <\/p>\n<p>                             Price  <\/p>\n<p>                                    \u20ac22.97\u20ac22.97                  \u20ac25.97\u20ac25.97                  \u20ac23.97\u20ac23.97                  \u20ac24.97\u20ac24.97                  \u20ac19.97\u20ac19.97           <\/p>\n<p>                             Profitez d\u2019une pr\u00e9paration simple, en infusion ou ajout\u00e9e \u00e0 vos recettes.  <\/p>\n<p>                                              \u2713<\/p>\n<p>                                              \u2713<\/p>\n<p>                                              \u2713<\/p>\n<p>                                              \u2713<\/p>\n<p>                                              \u2713<\/p>\n<p>                              \u00c9labor\u00e9e avec soin pour offrir une option adapt\u00e9e \u00e0 diverses pr\u00e9f\u00e9rences d&#8217;utilisation.  <\/p>\n<p>                                              \u2713<\/p>\n<p>                                              \u2713<\/p>\n<p>                                              \u2713<\/p>\n<p>                                              \u2713<\/p>\n<p>                                              \u2713<\/p>\n<p>                             Sans additifs, conservateurs ni OGM, pour une poudre naturellement pr\u00e9serv\u00e9e.  <\/p>\n<p>                                              \u2713<\/p>\n<p>                                              \u2713<\/p>\n<p>                                              \u2713<\/p>\n<p>                                              \u2713<\/p>\n<p>                                              \u2713<\/p>\n<p>                             Conditionn\u00e9e dans des sachets doypack pour pr\u00e9server sa fra\u00eecheur et ses caract\u00e9ristiques naturelles  <\/p>\n<p>                                              \u2713<\/p>\n<p>                                              \u2713<\/p>\n<p>                                              \u2713<\/p>\n<p>                                              \u2713<\/p>\n<p>                                              \u2713<\/p>\n<p>                                                  <img decoding=\"async\" alt=\"herbal tea, dried herbs, powdered seeds, organic herbs, herbal tea\" src=\"https:\/\/images-na.ssl-images-amazon.com\/images\/G\/01\/x-locale\/common\/grey-pixel.gif\" class=\"a-lazy-loaded\" data-src=\"https:\/\/m.media-amazon.com\/images\/S\/aplus-media-library-service-media\/eb4bdd1f-166d-4015-90e6-a8adf8103950.__CR0,235,1792,554_PT0_SX970_V1___.png\"><img decoding=\"async\" alt=\"herbal tea, dried herbs, powdered seeds, organic herbs, herbal tea\" src=\"https:\/\/m.media-amazon.com\/images\/S\/aplus-media-library-service-media\/eb4bdd1f-166d-4015-90e6-a8adf8103950.__CR0,235,1792,554_PT0_SX970_V1___.png\">  <\/p>\n<p>\ud83c\udf39 PURE AND NATURAL: Herba Organica Evening Primrose Seed Powder, without additives or artifices.<br \/>VERSATILE IN KITCHEN &#8211; Integrate it into your hot or cold recipes for a unique dining experience.<br \/>\u2743 CREATIVITY IN THE KITCHEN: Pair Evening Primrose Seed Powder with other ingredients for original flavours.<br \/>\u2743 THOUGHTFUL GIFT: Give this Evening Primrose Seed Powder as a gift, a thoughtful option for naturalness lovers.<br \/>\u2743 Culinary Harmony: Mix Evening Primrose Seed Powder with other ingredients for combinations to suit your taste.<br \/>Dstgrhh Discover Natural Wealth: Dive into the Authentic Benefits of Evening Primrose Seed Powder Herba Organica.<\/p>\n\n","protected":false},"excerpt":{"rendered":"<p> Product Description Poudre de Graines d&#8217;Onagre &#8211; Oenothera Biennis L &#8211; Herba Organica Pr\u00e9paration de la Poudre de Graines d&#8217;Onagre Herba Organica: Ajouter 1 \u00e0 2 cuill\u00e8res \u00e0 caf\u00e9 de Poudre de Graines d&#8217;Onagre Herba Organica dans un liquide comme de l\u2019eau, un jus ou un smoothie. M\u00e9langer soigneusement avant [&hellip;]<\/p>\n","protected":false},"featured_media":20709,"comment_status":"open","ping_status":"closed","template":"","meta":{"_gspb_post_css":"","om_disable_all_campaigns":false,"_monsterinsights_skip_tracking":false,"_monsterinsights_sitenote_active":false,"_monsterinsights_sitenote_note":"","_monsterinsights_sitenote_category":0},"store":[],"product_brand":[],"product_cat":[140],"product_tag":[352,3353,251,4148,3352,1811,214,252,1094],"class_list":{"0":"post-20708","1":"product","2":"type-product","3":"status-publish","4":"has-post-thumbnail","6":"product_cat-huiles-de-bourrache-onagre","7":"product_tag-100g","8":"product_tag-biennis","9":"product_tag-evening","10":"product_tag-herba","11":"product_tag-oenothera","12":"product_tag-organica","13":"product_tag-powder","14":"product_tag-primrose","15":"product_tag-seeds","17":"first","18":"instock","19":"shipping-taxable","20":"product-type-external"},"aioseo_notices":[],"jetpack_sharing_enabled":true,"_links":{"self":[{"href":"https:\/\/www.zolattitude.com\/index.php\/wp-json\/wp\/v2\/product\/20708","targetHints":{"allow":["GET"]}}],"collection":[{"href":"https:\/\/www.zolattitude.com\/index.php\/wp-json\/wp\/v2\/product"}],"about":[{"href":"https:\/\/www.zolattitude.com\/index.php\/wp-json\/wp\/v2\/types\/product"}],"replies":[{"embeddable":true,"href":"https:\/\/www.zolattitude.com\/index.php\/wp-json\/wp\/v2\/comments?post=20708"}],"wp:featuredmedia":[{"embeddable":true,"href":"https:\/\/www.zolattitude.com\/index.php\/wp-json\/wp\/v2\/media\/20709"}],"wp:attachment":[{"href":"https:\/\/www.zolattitude.com\/index.php\/wp-json\/wp\/v2\/media?parent=20708"}],"wp:term":[{"taxonomy":"store","embeddable":true,"href":"https:\/\/www.zolattitude.com\/index.php\/wp-json\/wp\/v2\/store?post=20708"},{"taxonomy":"product_brand","embeddable":true,"href":"https:\/\/www.zolattitude.com\/index.php\/wp-json\/wp\/v2\/product_brand?post=20708"},{"taxonomy":"product_cat","embeddable":true,"href":"https:\/\/www.zolattitude.com\/index.php\/wp-json\/wp\/v2\/product_cat?post=20708"},{"taxonomy":"product_tag","embeddable":true,"href":"https:\/\/www.zolattitude.com\/index.php\/wp-json\/wp\/v2\/product_tag?post=20708"}],"curies":[{"name":"wp","href":"https:\/\/api.w.org\/{rel}","templated":true}]}}