{"id":20827,"date":"2026-02-10T00:01:22","date_gmt":"2026-02-10T00:01:22","guid":{"rendered":"https:\/\/www.zolattitude.com\/index.php\/product\/redmoringa-moringa-oleifera-organic-powder-plant-protein-30-source-of-vitamins-minerals-and-amino-acids-made-in-italy-175g\/"},"modified":"2026-02-10T00:01:31","modified_gmt":"2026-02-10T00:01:31","slug":"redmoringa-moringa-oleifera-organic-powder-plant-protein-30-source-of-vitamins-minerals-and-amino-acids-made-in-italy-175g","status":"publish","type":"product","link":"https:\/\/www.zolattitude.com\/index.php\/product\/redmoringa-moringa-oleifera-organic-powder-plant-protein-30-source-of-vitamins-minerals-and-amino-acids-made-in-italy-175g\/","title":{"rendered":"RedMoringa Moringa Oleifera Organic Powder \u2013 Plant Protein 30% \u2013 Source of Vitamins, Minerals and Amino Acids \u2013 Made in Italy 175g"},"content":{"rendered":"<p>Price: <span style=\"color:#b12704\">\u20ac17.00<\/span><br \/><i><small>(as of Feb 10, 2026 00:01:22 UTC &#8211; <span class=\"wp_automatic_amazon_disclaimer\" title=\"Product prices and availability are accurate as of the date\/time indicated and are subject to change. Any price and availability information displayed on [relevant Amazon Site(s), as applicable] at the time of purchase will apply to the purchase of this product.\">Details<\/span>)<\/small><\/i><br \/><a href=\"https:\/\/amazon.fr\/dp\/B093KZC4X2?tag=onamzmoukoubl-21\"><img decoding=\"async\" src=\"https:\/\/valvepress.s3.amazonaws.com\/imgs\/buy_now.png\"><\/a><br \/>\n<\/p>\n<p>                                             From the brand   <\/p>\n<p>                                              <img decoding=\"async\" alt=\"\" src=\"https:\/\/images-na.ssl-images-amazon.com\/images\/G\/01\/x-locale\/common\/grey-pixel.gif\" class=\"a-lazy-loaded\" data-src=\"https:\/\/m.media-amazon.com\/images\/S\/aplus-media-library-service-media\/fe5c3577-0677-47e7-8709-1704682bf4d6.__CR0,0,1464,625_PT0_SX1464_V1___.jpg\"><img decoding=\"async\" alt=\"\" src=\"https:\/\/m.media-amazon.com\/images\/S\/aplus-media-library-service-media\/fe5c3577-0677-47e7-8709-1704682bf4d6.__CR0,0,1464,625_PT0_SX1464_V1___.jpg\">  <\/p>\n<h3> RedMoringa  <\/h3>\n<p> La nouvelle fa\u00e7ade du bien-\u00eatre <\/p>\n<p>                                              <img decoding=\"async\" alt=\"\" src=\"https:\/\/images-na.ssl-images-amazon.com\/images\/G\/01\/x-locale\/common\/grey-pixel.gif\" class=\"a-lazy-loaded\" data-src=\"https:\/\/m.media-amazon.com\/images\/S\/aplus-media-library-service-media\/14238eaf-a025-426d-a661-f2bcd8ee312a.__CR0,0,362,453_PT0_SX362_V1___.jpg\"><img decoding=\"async\" alt=\"\" src=\"https:\/\/m.media-amazon.com\/images\/S\/aplus-media-library-service-media\/14238eaf-a025-426d-a661-f2bcd8ee312a.__CR0,0,362,453_PT0_SX362_V1___.jpg\">  <\/p>\n<h3> Une histoire de bien-\u00eatre <\/h3>\n<p> Nous sommes Alberto et Luca, les fondateurs de RedMoringa, depuis des ann\u00e9es, nous appr\u00e9cions et diffusons les bienfaits de la Moringa Oleifera. <\/p>\n<p>                                              <img decoding=\"async\" alt=\"\" src=\"https:\/\/images-na.ssl-images-amazon.com\/images\/G\/01\/x-locale\/common\/grey-pixel.gif\" class=\"a-lazy-loaded\" data-src=\"https:\/\/m.media-amazon.com\/images\/S\/aplus-media-library-service-media\/7dbf7aae-c9fe-493c-ac26-e6184f8b531e.__CR0,1,320,147_PT0_SX315_V1___.jpg\"><img decoding=\"async\" alt=\"\" src=\"https:\/\/m.media-amazon.com\/images\/S\/aplus-media-library-service-media\/7dbf7aae-c9fe-493c-ac26-e6184f8b531e.__CR0,1,320,147_PT0_SX315_V1___.jpg\">  <\/p>\n<p> RedMoringa offre une large gamme de compl\u00e9ments alimentaires naturels, cosm\u00e9tiques \u00e9cologiques et aliments, tous \u00e0 base de Moringa Oleifera, aussi bien pour les hommes que pour les animaux avec la nouvelle marque Welwoof. <\/p>\n<p> \u00c9lu Superfood 2022, la Moringa est une plante aux propri\u00e9t\u00e9s b\u00e9n\u00e9fiques infinies pour l&#8217;organisme, la peau et les cheveux. <\/p>\n<p> D\u00e9couvrez le plaisir de rester bien en place, retrouvez votre bien-\u00eatre avec RedMoringa. <\/p>\n<h3> D\u00e9couvrez tous nos produits <\/h3>\n<p class=\"apm-brand-story-stores-link\">\n<p>                                                         Qu&#8217;est-ce qui rend nos produits uniques ?                                       <\/p>\n<p> Tous nos produits sont \u00e0 base de Moringa Oleifera issu de cultures biologiques. <\/p>\n<p>                                                         Pourquoi sommes-nous fiers de ce que nous faisons ?                                       <\/p>\n<p> Parce que nous diffusons nos produits dans le but de r\u00e9soudre certains probl\u00e8mes communs : am\u00e9liorer le m\u00e9tabolisme et la digestion, favoriser le sommeil, projeter la chute des cheveux, lutter contre la cellulite, rajeunir la peau. <\/p>\n<p>                                                         Nos produits sont-ils de qualit\u00e9 ?                                       <\/p>\n<p> Tous nos produits sont fabriqu\u00e9s en Italie, avec des mati\u00e8res premi\u00e8res de tr\u00e8s haute qualit\u00e9 et des extraits secs tir\u00e9s pour qu&#8217;ils soient vraiment fonctionnels. <\/p>\n<h3> Les incontournables RedMoringa <\/h3>\n<p class=\"apm-brand-story-stores-link\">\n<p>                                              <img decoding=\"async\" alt=\"\" src=\"https:\/\/images-na.ssl-images-amazon.com\/images\/G\/01\/x-locale\/common\/grey-pixel.gif\" class=\"a-lazy-loaded\" data-src=\"https:\/\/m.media-amazon.com\/images\/S\/aplus-media-library-service-media\/b092db19-63d2-47ff-8d05-d0f49ce0cc84.__CR50,0,630,290_PT0_SX315_V1___.png\"><img decoding=\"async\" alt=\"\" src=\"https:\/\/m.media-amazon.com\/images\/S\/aplus-media-library-service-media\/b092db19-63d2-47ff-8d05-d0f49ce0cc84.__CR50,0,630,290_PT0_SX315_V1___.png\">  <\/p>\n<p> Et voici la derni\u00e8re nouveaut\u00e9 de RedMoringa : Wellwoof <\/p>\n<p> Une nouvelle marque enti\u00e8rement d\u00e9di\u00e9e au bien-\u00eatre de nos amis \u00e0 poils car les bienfaits de Moringa peuvent leur aider aussi. <\/p>\n<p> Dans notre boutique vous trouverez les premiers produits : le baume nez et le bout des doigts, 100 % naturels, non toxiques par ingestion. <\/p>\n<h3> Baumes pattes et nez pour chiens <\/h3>\n<p class=\"apm-brand-story-stores-link\">\n<p> Package Dimensions                                            \u200f                                            :                                            \u200e                                            18.9 x 12.8 x 4 cm; 170 g   <br \/> Manufacturer                                            \u200f                                            :                                            \u200e                                            RedMoringa Srl   <br \/> ASIN                                            \u200f                                            :                                            \u200e                                            B093KZC4X2   <br \/> Country of origin                                            \u200f                                            :                                            \u200e                                            Italy   <br \/>  Customer reviews:                                                                                            4.7               4.7 out of 5 stars                                  (4)                                              var dpAcrHasRegisteredArcLinkClickAction;                    P.when(&#8216;A&#8217;, &#8216;ready&#8217;).execute(function(A) {                        if (dpAcrHasRegisteredArcLinkClickAction !== true) {                            dpAcrHasRegisteredArcLinkClickAction = true;                            A.declarative(                                &#8216;acrLink-click-metrics&#8217;, &#8216;click&#8217;,                                { &#8220;allowLinkDefault&#8221;: true },                                function (event) {                                    if (window.ue) {                                        ue.count(&#8220;acrLinkClickCount&#8221;, (ue.count(&#8220;acrLinkClickCount&#8221;) || 0) + 1);                                    }                                }                            );                        }                    });                                             P.when(&#8216;A&#8217;, &#8216;cf&#8217;).execute(function(A) {                A.declarative(&#8216;acrStarsLink-click-metrics&#8217;, &#8216;click&#8217;, { &#8220;allowLinkDefault&#8221; : true },  function(event){                    if(window.ue) {                        ue.count(&#8220;acrStarsLinkWithPopoverClickCount&#8221;, (ue.count(&#8220;acrStarsLinkWithPopoverClickCount&#8221;) || 0) + 1);                    }                });            });                          <br \/>Moringa oleifera organic powder \u2013 175 g of Moringa, a superfood rich in vitamins, minerals and amino acids essential for the proper functioning of the body. Its antioxidant properties help prevent cell aging.<br \/>100% NATURAL INGREDIENTS &#8211; In our doypack designed to retain freshness, you&#8217;ll find only powdered Moringa leaves. Produced without artificial additives, preservatives or magnesium stearate. Free from gluten, lactose, sugar, GMOs and dyes. Suitable for vegans and vegetarians.<br \/>Body Weight Balance \u2013 Moringa promotes lipid metabolism, regulates blood sugar levels and stimulates digestion. Add a spoon of powder to your favorite recipes or smoothies.<br \/>Immune System \u2013 Strengthens natural defenses and provides energy and vitality, while reducing fatigue and exhaustion.<br \/>Certified Organic Moringa \u2013 Our Moringa, grown and packaged in Italy, comes from certified organic farming. Product notified to the Ministry of Health.<\/p>\n\n","protected":false},"excerpt":{"rendered":"<p> From the brand RedMoringa La nouvelle fa\u00e7ade du bien-\u00eatre Une histoire de bien-\u00eatre Nous sommes Alberto et Luca, les fondateurs de RedMoringa, depuis des ann\u00e9es, nous appr\u00e9cions et diffusons les bienfaits de la Moringa Oleifera. RedMoringa offre une large gamme de compl\u00e9ments alimentaires naturels, cosm\u00e9tiques \u00e9cologiques et aliments, tous \u00e0 [&hellip;]<\/p>\n","protected":false},"featured_media":20828,"comment_status":"open","ping_status":"closed","template":"","meta":{"_gspb_post_css":"","om_disable_all_campaigns":false,"_monsterinsights_skip_tracking":false,"_monsterinsights_sitenote_active":false,"_monsterinsights_sitenote_note":"","_monsterinsights_sitenote_category":0},"store":[],"product_brand":[],"product_cat":[146],"product_tag":[5442,1820,1797,3058,265,373,374,238,224,214,1021,5456,1112,274],"class_list":{"0":"post-20827","1":"product","2":"type-product","3":"status-publish","4":"has-post-thumbnail","6":"product_cat-superaliments-verts","7":"product_tag-175g","8":"product_tag-acids","9":"product_tag-amino","10":"product_tag-italy","11":"product_tag-minerals","12":"product_tag-moringa","13":"product_tag-oleifera","14":"product_tag-organic","15":"product_tag-plant","16":"product_tag-powder","17":"product_tag-protein","18":"product_tag-redmoringa","19":"product_tag-source","20":"product_tag-vitamins","22":"first","23":"instock","24":"shipping-taxable","25":"product-type-external"},"aioseo_notices":[],"jetpack_sharing_enabled":true,"_links":{"self":[{"href":"https:\/\/www.zolattitude.com\/index.php\/wp-json\/wp\/v2\/product\/20827","targetHints":{"allow":["GET"]}}],"collection":[{"href":"https:\/\/www.zolattitude.com\/index.php\/wp-json\/wp\/v2\/product"}],"about":[{"href":"https:\/\/www.zolattitude.com\/index.php\/wp-json\/wp\/v2\/types\/product"}],"replies":[{"embeddable":true,"href":"https:\/\/www.zolattitude.com\/index.php\/wp-json\/wp\/v2\/comments?post=20827"}],"wp:featuredmedia":[{"embeddable":true,"href":"https:\/\/www.zolattitude.com\/index.php\/wp-json\/wp\/v2\/media\/20828"}],"wp:attachment":[{"href":"https:\/\/www.zolattitude.com\/index.php\/wp-json\/wp\/v2\/media?parent=20827"}],"wp:term":[{"taxonomy":"store","embeddable":true,"href":"https:\/\/www.zolattitude.com\/index.php\/wp-json\/wp\/v2\/store?post=20827"},{"taxonomy":"product_brand","embeddable":true,"href":"https:\/\/www.zolattitude.com\/index.php\/wp-json\/wp\/v2\/product_brand?post=20827"},{"taxonomy":"product_cat","embeddable":true,"href":"https:\/\/www.zolattitude.com\/index.php\/wp-json\/wp\/v2\/product_cat?post=20827"},{"taxonomy":"product_tag","embeddable":true,"href":"https:\/\/www.zolattitude.com\/index.php\/wp-json\/wp\/v2\/product_tag?post=20827"}],"curies":[{"name":"wp","href":"https:\/\/api.w.org\/{rel}","templated":true}]}}