{"id":20836,"date":"2026-02-10T00:06:22","date_gmt":"2026-02-10T00:06:22","guid":{"rendered":"https:\/\/www.zolattitude.com\/index.php\/product\/vitamin-d3-with-k2-mk7-vegetable-vitamins-organic-olive-oil-strengthens-immunity-health-of-teeth-bones-and-muscles-nutrimea-dropper-bottle-made-in-france\/"},"modified":"2026-02-10T00:06:32","modified_gmt":"2026-02-10T00:06:32","slug":"vitamin-d3-with-k2-mk7-vegetable-vitamins-organic-olive-oil-strengthens-immunity-health-of-teeth-bones-and-muscles-nutrimea-dropper-bottle-made-in-france","status":"publish","type":"product","link":"https:\/\/www.zolattitude.com\/index.php\/product\/vitamin-d3-with-k2-mk7-vegetable-vitamins-organic-olive-oil-strengthens-immunity-health-of-teeth-bones-and-muscles-nutrimea-dropper-bottle-made-in-france\/","title":{"rendered":"VITAMIN D3 &#8211; With K2 MK7 &#8211; Vegetable Vitamins &#038; Organic Olive Oil &#8211; Strengthens Immunity, Health of Teeth, Bones and Muscles &#8211; Nutrimea &#8211; Dropper Bottle &#8211; Made in France"},"content":{"rendered":"<p>Price: <span style=\"color:#b12704\">\u20ac16.99<\/span><br \/><i><small>(as of Feb 10, 2026 00:06:22 UTC &#8211; <span class=\"wp_automatic_amazon_disclaimer\" title=\"Product prices and availability are accurate as of the date\/time indicated and are subject to change. Any price and availability information displayed on [relevant Amazon Site(s), as applicable] at the time of purchase will apply to the purchase of this product.\">Details<\/span>)<\/small><\/i><br \/><a href=\"https:\/\/amazon.fr\/dp\/B0799QD5JS?tag=onamzmoukoubl-21\"><img decoding=\"async\" src=\"https:\/\/valvepress.s3.amazonaws.com\/imgs\/buy_now.png\"><\/a><br \/>\n<\/p>\n<p>                                             Product Description   <\/p>\n<p>                                                  <img decoding=\"async\" alt=\"xxx\" src=\"https:\/\/images-na.ssl-images-amazon.com\/images\/G\/01\/x-locale\/common\/grey-pixel.gif\" class=\"a-lazy-loaded\" data-src=\"https:\/\/m.media-amazon.com\/images\/S\/aplus-media-library-service-media\/a5400fe4-b4b8-46c9-aa72-ee6efdecd433.__CR0,0,970,300_PT0_SX970_V1___.jpg\"><img decoding=\"async\" alt=\"xxx\" src=\"https:\/\/m.media-amazon.com\/images\/S\/aplus-media-library-service-media\/a5400fe4-b4b8-46c9-aa72-ee6efdecd433.__CR0,0,970,300_PT0_SX970_V1___.jpg\">  <\/p>\n<p>                                                                             <img decoding=\"async\" alt=\"Vitamine D3 K2 MK7\" src=\"https:\/\/images-na.ssl-images-amazon.com\/images\/G\/01\/x-locale\/common\/grey-pixel.gif\" class=\"a-spacing-base a-lazy-loaded\" data-src=\"https:\/\/m.media-amazon.com\/images\/S\/aplus-media-library-service-media\/647d4ac5-25fa-4875-af96-78db166d024e.__CR0,0,970,600_PT0_SX970_V1___.jpg\"><img decoding=\"async\" alt=\"Vitamine D3 K2 MK7\" src=\"https:\/\/m.media-amazon.com\/images\/S\/aplus-media-library-service-media\/647d4ac5-25fa-4875-af96-78db166d024e.__CR0,0,970,600_PT0_SX970_V1___.jpg\">                                                                    <\/p>\n<p>                                                  <img decoding=\"async\" alt=\"Vitamine D3K2 MK7\" src=\"https:\/\/images-na.ssl-images-amazon.com\/images\/G\/01\/x-locale\/common\/grey-pixel.gif\" class=\"a-lazy-loaded\" data-src=\"https:\/\/m.media-amazon.com\/images\/S\/aplus-media-library-service-media\/eeac1edc-1756-4be4-b596-85f965e1a427.__CR0,0,970,300_PT0_SX970_V1___.jpg\"><img decoding=\"async\" alt=\"Vitamine D3K2 MK7\" src=\"https:\/\/m.media-amazon.com\/images\/S\/aplus-media-library-service-media\/eeac1edc-1756-4be4-b596-85f965e1a427.__CR0,0,970,300_PT0_SX970_V1___.jpg\">  <\/p>\n<p>                                                                             <img decoding=\"async\" alt=\"Vitamine D3 K2 MK7\" src=\"https:\/\/images-na.ssl-images-amazon.com\/images\/G\/01\/x-locale\/common\/grey-pixel.gif\" class=\"a-spacing-base a-lazy-loaded\" data-src=\"https:\/\/m.media-amazon.com\/images\/S\/aplus-media-library-service-media\/b4159217-0835-4691-9cab-008c5037e6c9.__CR0,0,970,600_PT0_SX970_V1___.jpg\"><img decoding=\"async\" alt=\"Vitamine D3 K2 MK7\" src=\"https:\/\/m.media-amazon.com\/images\/S\/aplus-media-library-service-media\/b4159217-0835-4691-9cab-008c5037e6c9.__CR0,0,970,600_PT0_SX970_V1___.jpg\">                                                                    <\/p>\n<p>                         Add To Basket  <\/p>\n<p>                         Add To Basket  <\/p>\n<p>                         Add To Basket  <\/p>\n<p>                         Add To Basket  <\/p>\n<p>                             Customer Reviews  <\/p>\n<p>                    4.2 out of 5 stars  7,031  <\/p>\n<p>                    4.5 out of 5 stars  372  <\/p>\n<p>                    4.2 out of 5 stars  913  <\/p>\n<p>                    4.5 out of 5 stars  627  <\/p>\n<p>                    4.5 out of 5 stars  453  <\/p>\n<p>                             Price  <\/p>\n<p>                                    \u20ac13.79\u20ac13.79<br \/>\n                                            \u2014 no data<br \/>\n                                                       \u20ac19.99\u20ac19.99                  \u20ac15.99\u20ac15.99                  \u20ac15.73\u20ac15.73           <\/p>\n<p>                             Actions<br \/>\n                                Restaure la beaut\u00e9 des cheveux, des ongles et de la peau               R\u00e9duit la fatigue de la femme enceinte, aide au bon d\u00e9veloppement du foetus               Booste l&#8217;\u00e9nergie et la vitalit\u00e9, renforce le syst\u00e8me immunitaire               Stimule la formation de globules rouges               R\u00e9duit la fatigue, d\u00e9veloppe le syst\u00e8me immunitaire           <\/p>\n<p>                             Posologie recommand\u00e9e<br \/>\n                                1 g\u00e9lule\/jour (4 mois de cure)               1 g\u00e9lule\/jour (4 mois de cure)               3 g\u00e9lules\/jour (1 mois de cure)               1 g\u00e9lule\/jour (2 mois de cure)               1 comprim\u00e9\/jour (1 mois de cure)           <\/p>\n<p>                             Principes actifs<br \/>\n                                P\u00e9pin de courge, citrate de zinc, s\u00e9l\u00e9nium, vitamine B8 naturelle               Acide(6S)-5-m\u00e9thylt\u00e9trahydrofolique sous forme de sel de glucosamine (forme active)               7 vitamines &amp; 2 min\u00e9raux essentiels, ginseng dos\u00e9 en gins\u00e9nosides               Vitamine B12 sous forme de cyanocobalamine (forme la plus biodisponible)               Extrait de fruits d&#8217;ac\u00e9rola biologique dos\u00e9 en vitamine C           <\/p>\n<p>                             Les garanties Nutrimea<br \/>\n                                Adapt\u00e9 aux v\u00e9gans, sans gluten, sans lactose               Adapt\u00e9 aux v\u00e9gans, sans gluten, sans lactose               Adapt\u00e9 aux v\u00e9gans, sans gluten, sans lactose               Adapt\u00e9 aux v\u00e9gans, sans gluten, sans lactose               Biologique, adapt\u00e9 aux v\u00e9gans, sans gluten, sans lactose           <\/p>\n<p>                             Fabriqu\u00e9 en France  <\/p>\n<p>                                              \u2713<\/p>\n<p>                                              \u2713<\/p>\n<p>                                              \u2713<\/p>\n<p>                                              \u2713<\/p>\n<p>                                              \u2713<\/p>\n<p> Is discontinued by manufacturer                                            \u200f                                            :                                            \u200e                                            No   <br \/> Product Dimensions                                            \u200f                                            :                                            \u200e                                            2.4 x 2.4 x 9 cm; 10 g   <br \/> Manufacturer                                            \u200f                                            :                                            \u200e                                            Plastimea   <br \/> ASIN                                            \u200f                                            :                                            \u200e                                            B0799QD5JS   <br \/> Manufacturer reference                                            \u200f                                            :                                            \u200e                                            X   <br \/> Country of origin                                            \u200f                                            :                                            \u200e                                            France   <br \/>  Customer reviews:                                                                                            4.6               4.6 out of 5 stars                                  (1,288)                                              var dpAcrHasRegisteredArcLinkClickAction;                    P.when(&#8216;A&#8217;, &#8216;ready&#8217;).execute(function(A) {                        if (dpAcrHasRegisteredArcLinkClickAction !== true) {                            dpAcrHasRegisteredArcLinkClickAction = true;                            A.declarative(                                &#8216;acrLink-click-metrics&#8217;, &#8216;click&#8217;,                                { &#8220;allowLinkDefault&#8221;: true },                                function (event) {                                    if (window.ue) {                                        ue.count(&#8220;acrLinkClickCount&#8221;, (ue.count(&#8220;acrLinkClickCount&#8221;) || 0) + 1);                                    }                                }                            );                        }                    });                                             P.when(&#8216;A&#8217;, &#8216;cf&#8217;).execute(function(A) {                A.declarative(&#8216;acrStarsLink-click-metrics&#8217;, &#8216;click&#8217;, { &#8220;allowLinkDefault&#8221; : true },  function(event){                    if(window.ue) {                        ue.count(&#8220;acrStarsLinkWithPopoverClickCount&#8221;, (ue.count(&#8220;acrStarsLinkWithPopoverClickCount&#8221;) || 0) + 1);                    }                });            });                          <br \/>Patented and optimised formula: Nutrimea combines plant-based vitamin D3 (lichen) and patented vitamin K2 MK7 for better absorption and long lasting action. Finally, to optimize the absorption and effects of these fat-soluble vitamins, we offer them in an organic extra-virgin olive oil holder. Indeed, it gives our vitamins a bioavailability much superior to dry forms or capsules in bovine or porcine gelatin.<br \/>VITAMINS ESSENTIAL FOR THE WHOLE FAMILY: The combination of vitamins D3 &#038; K2 MK7 intervenes in hundreds of reactions at all ages of life: absorption and distribution of calcium and magnesium for growth, bone and tooth health, immune system, cellular and muscle function, heart and nervous system health or fight the inflammation process Matory. It is therefore essential to ensure that you have an adequate and constant intake of vitamins D3 and K2.<br \/>DOSAGE AND TIP: Vitamin D3 &#038; K2 MK7 10 ml. We recommend a dosage of 3 drops per day during meals with a glass of water. To overcome the deficit of vitamins D and K, our dropper bottle allows you to obtain in 3 drops 2000 IU (IU) of vitamin D3 and 50 mcg of vitamin K2, the daily doses recommended by the health authorities.<br \/>FRENCH EXPERTISE: All Nutrimea products are designed in France by our R&#038;D department always on the lookout for the latest nutraceutical innovations. It rigorously selects our raw materials to ensure their origin and traceability, respecting the environment and local populations.<br \/>THE NUTRIMEA PROMISE: Our Vitamin D3 &#038; K2 MK7 has been made in the purest way possible: GMO free, gluten free and stearate free. Made in France, it has passed the strictest quality controls. It is also suitable for vegetarians and vegans. It is free from synthetic or chemical excipients. All our products are certified ISO 22000, HACCP and GMP. This product can be consumed after the date indicated on the product.<\/p>\n\n","protected":false},"excerpt":{"rendered":"<p> Product Description Add To Basket Add To Basket Add To Basket Add To Basket Customer Reviews 4.2 out of 5 stars 7,031 4.5 out of 5 stars 372 4.2 out of 5 stars 913 4.5 out of 5 stars 627 4.5 out of 5 stars 453 Price \u20ac13.79\u20ac13.79 \u2014 no [&hellip;]<\/p>\n","protected":false},"featured_media":20837,"comment_status":"open","ping_status":"closed","template":"","meta":{"_gspb_post_css":"","om_disable_all_campaigns":false,"_monsterinsights_skip_tracking":false,"_monsterinsights_sitenote_active":false,"_monsterinsights_sitenote_note":"","_monsterinsights_sitenote_category":0},"store":[],"product_brand":[],"product_cat":[143],"product_tag":[1240,1719,4370,201,245,272,1175,1008,510,243,989,238,1109,1433,197,178,274],"class_list":{"0":"post-20836","1":"product","2":"type-product","3":"status-publish","4":"has-post-thumbnail","6":"product_cat-mineraux","7":"product_tag-bones","8":"product_tag-bottle","9":"product_tag-dropper","10":"product_tag-france","11":"product_tag-health","12":"product_tag-immunity","13":"product_tag-mk7","14":"product_tag-muscles","15":"product_tag-nutrimea","16":"product_tag-oil","17":"product_tag-olive","18":"product_tag-organic","19":"product_tag-strengthens","20":"product_tag-teeth","21":"product_tag-vegetable","22":"product_tag-vitamin","23":"product_tag-vitamins","25":"first","26":"instock","27":"shipping-taxable","28":"product-type-external"},"aioseo_notices":[],"jetpack_sharing_enabled":true,"_links":{"self":[{"href":"https:\/\/www.zolattitude.com\/index.php\/wp-json\/wp\/v2\/product\/20836","targetHints":{"allow":["GET"]}}],"collection":[{"href":"https:\/\/www.zolattitude.com\/index.php\/wp-json\/wp\/v2\/product"}],"about":[{"href":"https:\/\/www.zolattitude.com\/index.php\/wp-json\/wp\/v2\/types\/product"}],"replies":[{"embeddable":true,"href":"https:\/\/www.zolattitude.com\/index.php\/wp-json\/wp\/v2\/comments?post=20836"}],"wp:featuredmedia":[{"embeddable":true,"href":"https:\/\/www.zolattitude.com\/index.php\/wp-json\/wp\/v2\/media\/20837"}],"wp:attachment":[{"href":"https:\/\/www.zolattitude.com\/index.php\/wp-json\/wp\/v2\/media?parent=20836"}],"wp:term":[{"taxonomy":"store","embeddable":true,"href":"https:\/\/www.zolattitude.com\/index.php\/wp-json\/wp\/v2\/store?post=20836"},{"taxonomy":"product_brand","embeddable":true,"href":"https:\/\/www.zolattitude.com\/index.php\/wp-json\/wp\/v2\/product_brand?post=20836"},{"taxonomy":"product_cat","embeddable":true,"href":"https:\/\/www.zolattitude.com\/index.php\/wp-json\/wp\/v2\/product_cat?post=20836"},{"taxonomy":"product_tag","embeddable":true,"href":"https:\/\/www.zolattitude.com\/index.php\/wp-json\/wp\/v2\/product_tag?post=20836"}],"curies":[{"name":"wp","href":"https:\/\/api.w.org\/{rel}","templated":true}]}}