{"id":20886,"date":"2026-02-10T22:11:37","date_gmt":"2026-02-10T22:11:37","guid":{"rendered":"https:\/\/www.zolattitude.com\/index.php\/product\/biotin-10000-mcg-biotin-zinc-selenium-for-skin-hair-nails-400-tablets-1-year-with-vitamins-c-silicon-b5-high-bioavailability-zinc-bisglycinate-d-biotin\/"},"modified":"2026-02-10T22:11:45","modified_gmt":"2026-02-10T22:11:45","slug":"biotin-10000-mcg-biotin-zinc-selenium-for-skin-hair-nails-400-tablets-1-year-with-vitamins-c-silicon-b5-high-bioavailability-zinc-bisglycinate-d-biotin","status":"publish","type":"product","link":"https:\/\/www.zolattitude.com\/index.php\/product\/biotin-10000-mcg-biotin-zinc-selenium-for-skin-hair-nails-400-tablets-1-year-with-vitamins-c-silicon-b5-high-bioavailability-zinc-bisglycinate-d-biotin\/","title":{"rendered":"Biotin 10,000 mcg Biotin Zinc Selenium for Skin, Hair &#038; Nails 400 Tablets (+1 Year) with Vitamins C, Silicon &#038; B5 High Bioavailability (Zinc Bisglycinate + D-Biotin)"},"content":{"rendered":"<p>Price: <span style=\"color:#b12704\">\u20ac9.99<\/span><br \/><i><small>(as of Feb 10, 2026 22:11:37 UTC &#8211; <span class=\"wp_automatic_amazon_disclaimer\" title=\"Product prices and availability are accurate as of the date\/time indicated and are subject to change. Any price and availability information displayed on [relevant Amazon Site(s), as applicable] at the time of purchase will apply to the purchase of this product.\">Details<\/span>)<\/small><\/i><br \/><a href=\"https:\/\/amazon.fr\/dp\/B0D5BDZPPQ?tag=onamzmoukoubl-21\"><img decoding=\"async\" src=\"https:\/\/valvepress.s3.amazonaws.com\/imgs\/buy_now.png\"><\/a><br \/>\n<\/p>\n<p>                                             Product Description   <\/p>\n<p>                                                                                                       <img decoding=\"async\" alt=\"une femme aux cheveux boucl\u00e9s souriante\" src=\"https:\/\/images-na.ssl-images-amazon.com\/images\/G\/01\/x-locale\/common\/grey-pixel.gif\" class=\"a-lazy-loaded\" data-src=\"https:\/\/m.media-amazon.com\/images\/S\/aplus-media-library-service-media\/4c45e1e6-8def-4db1-96a3-6048fd7cf756.__CR0,0,1464,600_PT0_SX1464_V1___.jpg\"><img decoding=\"async\" alt=\"une femme aux cheveux boucl\u00e9s souriante\" src=\"https:\/\/m.media-amazon.com\/images\/S\/aplus-media-library-service-media\/4c45e1e6-8def-4db1-96a3-6048fd7cf756.__CR0,0,1464,600_PT0_SX1464_V1___.jpg\">                                               <\/p>\n<p>                                                                                  <img decoding=\"async\" alt=\"collagene marine\" src=\"https:\/\/m.media-amazon.com\/images\/S\/aplus-media-library-service-media\/05d74889-56d1-491c-a23b-93c4923def2a.__CR0,0,1464,600_PT0_SX1464_V1___.jpg\">       <\/p>\n<p>                                                                                  <img decoding=\"async\" alt=\"une affiche pour une clinique de soins de la peau\" src=\"https:\/\/m.media-amazon.com\/images\/S\/aplus-media-library-service-media\/82a76383-382d-4528-9bf5-1e5aff3db883.__CR0,0,1464,600_PT0_SX1464_V1___.jpg\">       <\/p>\n<p>                                                                                  <img decoding=\"async\" alt=\"le laboratoire de beaut\u00e9 - - le laboratoire de beaut\u00e9\" src=\"https:\/\/m.media-amazon.com\/images\/S\/aplus-media-library-service-media\/45e90043-bc24-42e4-abf6-6c10ab7f68a2.__CR0,0,1464,600_PT0_SX1464_V1___.jpg\">       <\/p>\n<p>                                                                                  <img decoding=\"async\" alt=\"une capture d&amp;#39;\u00e9cran d&amp;#39;une description de t\u00e9l\u00e9phone portable g\u00e9n\u00e9r\u00e9e automatiquement\" src=\"https:\/\/m.media-amazon.com\/images\/S\/aplus-media-library-service-media\/fc8ac751-5984-4865-b2ee-3585c970cbfa.__CR0,0,1464,600_PT0_SX1464_V1___.jpg\">       <\/p>\n<p>                                                                                  <img decoding=\"async\" alt=\"le fran\u00e7ais fran\u00e7ais fran\u00e7ais fran\u00e7ais fran\u00e7ais fran\u00e7ais fran\u00e7ais fran\u00e7ais fran\u00e7ais fran\u00e7ais fran\u00e7ais fran\u00e7ais fran\u00e7ais fran\u00e7ais fran\u00e7ais fran\u00e7ais fran\u00e7ais fran\u00e7ais fran\u00e7ais fran\u00e7ais fran\u00e7ais fran\u00e7ais fran\u00e7ais fran\u00e7ais fran\u00e7ais fran\u00e7ais fran\u00e7ais fran\u00e7ais fran\u00e7ais fran\u00e7ais fran\u00e7ais fran\u00e7ais fran\u00e7ais fran\u00e7ais fran\u00e7ais fran\u00e7ais fran\u00e7ais fran\u00e7ais fran\u00e7ais fran\u00e7ais fran\u00e7ais fran\u00e7ais fran\u00e7ais fran\u00e7ais fran\u00e7ais fran\u00e7ais fran\u00e7ais fran\u00e7ais fran\u00e7ais fran\u00e7ais fran\u00e7ais fran\u00e7ais\" src=\"https:\/\/m.media-amazon.com\/images\/S\/aplus-media-library-service-media\/e290f88d-93cd-4c32-8ded-0d1e92ada3b7.__CR0,0,1464,600_PT0_SX1464_V1___.jpg\">       <\/p>\n<p>                                                                                  <img decoding=\"async\" alt=\"le fran\u00e7ais est un 100 ch\u00e8ques, car il remod\u00e8le le cycle des passages\" src=\"https:\/\/m.media-amazon.com\/images\/S\/aplus-media-library-service-media\/09813532-c691-43bb-a84e-845d83d61a8f.__CR0,0,1464,600_PT0_SX1464_V1___.jpg\">       <\/p>\n<p>                                                                                  <img decoding=\"async\" alt=\"une illustration d&amp;#39;un t\u00e9l\u00e9phone portable avec un texte qui dit \u00ab avantages, dans un endroit s\u00fbr \u00bb.\" src=\"https:\/\/m.media-amazon.com\/images\/S\/aplus-media-library-service-media\/b485718f-798b-4b66-b10c-9106bc479d2b.__CR0,0,1464,600_PT0_SX1464_V1___.jpg\">       <\/p>\n<p>                                                                                  <img decoding=\"async\" alt=\"biotine\" src=\"https:\/\/m.media-amazon.com\/images\/S\/aplus-media-library-service-media\/1cce5b25-45bb-43fe-874e-1d639ddd4852.__CR0,0,1464,600_PT0_SX1464_V1___.jpg\">       <\/p>\n<p>                                                                                  <img decoding=\"async\" alt=\"collagene marine\" src=\"https:\/\/m.media-amazon.com\/images\/S\/aplus-media-library-service-media\/28a7e9cb-d154-43ac-b199-986a27fa5207.__CR0,0,1464,600_PT0_SX1464_V1___.jpg\">       <\/p>\n<p>                                                                                  <img decoding=\"async\" alt=\"Document intitul\u00e9 \u00ab Plan de contr\u00f4le analytique \u00bb en fran\u00e7ais, r\u00e9pertoriant les analyses de laboratoire pour la s\u00e9curit\u00e9 des produits, y compris les tests de routine et les tests de lib\u00e9ration\" src=\"https:\/\/m.media-amazon.com\/images\/S\/aplus-media-library-service-media\/42c4a40c-3789-46ae-a407-34550d340989.__CR0,0,1464,600_PT0_SX1464_V1___.jpg\">       <\/p>\n<p>                                                                                  <img decoding=\"async\" alt=\"Femme en pull orange tenant un petit contenant contenant des pilules ou des suppl\u00e9ments. Fond bleu avec texte fran\u00e7ais sur le d\u00e9veloppement de produits et la nutrition.\" src=\"https:\/\/m.media-amazon.com\/images\/S\/aplus-media-library-service-media\/b298e7f2-2f43-432a-ab46-2fa819625374.__CR0,0,1464,600_PT0_SX1464_V1___.jpg\">       <\/p>\n<p>                                                                                  <img decoding=\"async\" alt=\"pour les compl\u00e9ments alimentaires. Montre une femme souriante et un homme en blouse de laboratoire. Le texte en fran\u00e7ais mentionne plus de 100 produits pour le bien-\u00eatre et les compl\u00e9ments alimentaires.\" src=\"https:\/\/m.media-amazon.com\/images\/S\/aplus-media-library-service-media\/81e4a66c-dcc4-46c4-9a9d-01af0ce34ba2.__CR0,0,1464,600_PT0_SX1464_V1___.jpg\">       <\/p>\n<h3 class=\"a-text-center aplus-h1 a-text-bold\"> Comparaison des produits <\/h3>\n<p>                         Add To Basket  <\/p>\n<p>                         Add To Basket  <\/p>\n<p>                         Add To Basket  <\/p>\n<p>                         Add To Basket  <\/p>\n<p>                         Add To Basket  <\/p>\n<p>                         Add To Basket  <\/p>\n<p>                                     Customer Reviews  <\/p>\n<p>                    4.5 out of 5 stars  253  <\/p>\n<p>                    4.2 out of 5 stars  8,657  <\/p>\n<p>                    4.4 out of 5 stars  359  <\/p>\n<p>                    4.0 out of 5 stars  466  <\/p>\n<p>                    4.0 out of 5 stars  466  <\/p>\n<p>                    3.9 out of 5 stars  394  <\/p>\n<p>                    4.3 out of 5 stars  206  <\/p>\n<p>                                     Price  <\/p>\n<p>                                                        \u2014    <\/p>\n<p>                                                        \u20ac14.44\u20ac14.44     <\/p>\n<p>                                                        \u20ac11.99\u20ac11.99     <\/p>\n<p>                                                        \u20ac30.99\u20ac30.99     <\/p>\n<p>                                                        \u20ac30.99\u20ac30.99     <\/p>\n<p>                                                        \u20ac28.49\u20ac28.49     <\/p>\n<p>                                                        \u20ac16.14\u20ac16.14     <\/p>\n<p>                                     Ingr\u00e9dients principaux  <\/p>\n<p>                                                Biotine. zinc et s\u00e9l\u00e9nium    <\/p>\n<p>                                                Collag\u00e8ne brevet\u00e9 (poisson)    <\/p>\n<p>                                                Biotine. zinc et s\u00e9l\u00e9nium    <\/p>\n<p>                                                Biotine. zinc et s\u00e9l\u00e9nium    <\/p>\n<p>                                                Collag\u00e8ne brevet\u00e9 (poisson)    <\/p>\n<p>                                                Collag\u00e8ne brevet\u00e9 (bovin)    <\/p>\n<p>                                                Collag\u00e8ne, zinc, biotine+    <\/p>\n<p>                                     Directions  <\/p>\n<p>                                                1 comprim\u00e9 par jour    <\/p>\n<p>                                                1 capsule par jour    <\/p>\n<p>                                                1 comprim\u00e9 par jour    <\/p>\n<p>                                                1 comprim\u00e9 par jour    <\/p>\n<p>                                                2 cuill\u00e8res par jour (15 g)    <\/p>\n<p>                                                2 cuill\u00e8res par jour (15 g)    <\/p>\n<p>                                                2 capsules par jour    <\/p>\n<p>                                     Quantit\u00e9  <\/p>\n<p>                                                400 comprim\u00e9s    <\/p>\n<p>                                                60 capsules    <\/p>\n<p>                                                240 comprim\u00e9s    <\/p>\n<p>                                                400 comprim\u00e9s    <\/p>\n<p>                                                500g    <\/p>\n<p>                                                500 g    <\/p>\n<p>                                                90 capsules    <\/p>\n<p>                                     Fourniture  <\/p>\n<p>                                                1 an et plus    <\/p>\n<p>                                                2 mois    <\/p>\n<p>                                                7 mois    <\/p>\n<p>                                                1 an    <\/p>\n<p>                                                1 mois    <\/p>\n<p>                                                1 mois    <\/p>\n<p>                                                1 mois et plus    <\/p>\n<p>                                     Sans gluten, sans lactose  <\/p>\n<p>                                                    \u2714       <\/p>\n<p>                                                    \u2714       <\/p>\n<p>                                                    \u2714       <\/p>\n<p>                                                    \u2714       <\/p>\n<p>                                                    \u2714       <\/p>\n<p>                                                    \u2714       <\/p>\n<p>                                                    \u2714       <\/p>\n<p> Package Dimensions                                            \u200f                                            :                                            \u200e                                            10.4 x 4.9 x 4.8 cm; 130 g   <br \/> Manufacturer                                            \u200f                                            :                                            \u200e                                            Gloryfeel   <br \/> ASIN                                            \u200f                                            :                                            \u200e                                            B0D5BDZPPQ   <br \/> Item model number                                            \u200f                                            :                                            \u200e                                            gf-biotin-komplex   <br \/>  Customer reviews:                                                                                            4.5               4.5 out of 5 stars                                  (253)                                              var dpAcrHasRegisteredArcLinkClickAction;                    P.when(&#8216;A&#8217;, &#8216;ready&#8217;).execute(function(A) {                        if (dpAcrHasRegisteredArcLinkClickAction !== true) {                            dpAcrHasRegisteredArcLinkClickAction = true;                            A.declarative(                                &#8216;acrLink-click-metrics&#8217;, &#8216;click&#8217;,                                { &#8220;allowLinkDefault&#8221;: true },                                function (event) {                                    if (window.ue) {                                        ue.count(&#8220;acrLinkClickCount&#8221;, (ue.count(&#8220;acrLinkClickCount&#8221;) || 0) + 1);                                    }                                }                            );                        }                    });                                             P.when(&#8216;A&#8217;, &#8216;cf&#8217;).execute(function(A) {                A.declarative(&#8216;acrStarsLink-click-metrics&#8217;, &#8216;click&#8217;, { &#8220;allowLinkDefault&#8221; : true },  function(event){                    if(window.ue) {                        ue.count(&#8220;acrStarsLinkWithPopoverClickCount&#8221;, (ue.count(&#8220;acrStarsLinkWithPopoverClickCount&#8221;) || 0) + 1);                    }                });            });                          <br \/>400 BIOTIN TABLETS 10,000 \u00b5g &#8211; With just one tablet per day, you can enjoy the benefits of zinc, high-dose biotin (also known as vitamin B7) and vitamin C, silicon and selenium combined for an extended supply period. This powerful combination offers a multitude of benefits for your body and the health of your hair and nails.<br \/>Nourish your hair and nails from the inside &#8211; Our biotin complex is your beauty ally as it stimulates hair growth, strengthens and grows nails and regenerates the skin. We added zinc and selenium to further support your immune system and protect the body from oxidative damage. *<br \/>THE PERFECT HAIR COMBINATION &#8211; Our biotin complex, also known as beauty vitamin, vitamin B7, vitamin B8 or vitamin H contains 10,000\u03bcg biotin, 10mg zinc, 55\u03bcg selenium, 50mg vitamin C and 35mg silicon. This gives you the opportunity to maximize your daily dose of these important vitamins and minerals that are strong and effective.<br \/>PREMIUM QUALITY INGREDIENTS &#8211; Biotin (vitamin B7) dietary supplement formulated without gelatin, no anti-caking agents such as magnesium salts of fatty acids (magnesium stearate), without dyes, naturally non-GMO, lactose-free, gluten free and without animal ingredients (100% vegan).<br \/>NEW STANDARDS OF QUALITY AND STABILITY &#8211; gloryfeel products are manufactured in Germany and undergo extensive stability tests in order to maintain a consistent quality over a long period of time. Our commitment to exceed industry standards underscores our leadership position in quality assurance. Discover our certificates of analysis for more transparency and trust. Keep out of reach of children and not recommended for children under 6 years old.<\/p>\n\n","protected":false},"excerpt":{"rendered":"<p> Product Description Comparaison des produits Add To Basket Add To Basket Add To Basket Add To Basket Add To Basket Add To Basket Customer Reviews 4.5 out of 5 stars 253 4.2 out of 5 stars 8,657 4.4 out of 5 stars 359 4.0 out of 5 stars 466 4.0 [&hellip;]<\/p>\n","protected":false},"featured_media":20887,"comment_status":"open","ping_status":"closed","template":"","meta":{"_gspb_post_css":"","om_disable_all_campaigns":false,"_monsterinsights_skip_tracking":false,"_monsterinsights_sitenote_active":false,"_monsterinsights_sitenote_note":"","_monsterinsights_sitenote_category":0},"store":[],"product_brand":[],"product_cat":[137],"product_tag":[1119,170,293,1677,175,294,1396,177,192,1867,176,179,274,1121,172],"class_list":{"0":"post-20886","1":"product","2":"type-product","3":"status-publish","4":"has-post-thumbnail","6":"product_cat-collagene-biotine","7":"product_tag-bioavailability","8":"product_tag-biotin","9":"product_tag-bisglycinate","10":"product_tag-dbiotin","11":"product_tag-hair","12":"product_tag-high","13":"product_tag-mcg","14":"product_tag-nails","15":"product_tag-selenium","16":"product_tag-silicon","17":"product_tag-skin","18":"product_tag-tablets","19":"product_tag-vitamins","20":"product_tag-year","21":"product_tag-zinc","23":"first","24":"instock","25":"shipping-taxable","26":"product-type-external"},"aioseo_notices":[],"jetpack_sharing_enabled":true,"_links":{"self":[{"href":"https:\/\/www.zolattitude.com\/index.php\/wp-json\/wp\/v2\/product\/20886","targetHints":{"allow":["GET"]}}],"collection":[{"href":"https:\/\/www.zolattitude.com\/index.php\/wp-json\/wp\/v2\/product"}],"about":[{"href":"https:\/\/www.zolattitude.com\/index.php\/wp-json\/wp\/v2\/types\/product"}],"replies":[{"embeddable":true,"href":"https:\/\/www.zolattitude.com\/index.php\/wp-json\/wp\/v2\/comments?post=20886"}],"wp:featuredmedia":[{"embeddable":true,"href":"https:\/\/www.zolattitude.com\/index.php\/wp-json\/wp\/v2\/media\/20887"}],"wp:attachment":[{"href":"https:\/\/www.zolattitude.com\/index.php\/wp-json\/wp\/v2\/media?parent=20886"}],"wp:term":[{"taxonomy":"store","embeddable":true,"href":"https:\/\/www.zolattitude.com\/index.php\/wp-json\/wp\/v2\/store?post=20886"},{"taxonomy":"product_brand","embeddable":true,"href":"https:\/\/www.zolattitude.com\/index.php\/wp-json\/wp\/v2\/product_brand?post=20886"},{"taxonomy":"product_cat","embeddable":true,"href":"https:\/\/www.zolattitude.com\/index.php\/wp-json\/wp\/v2\/product_cat?post=20886"},{"taxonomy":"product_tag","embeddable":true,"href":"https:\/\/www.zolattitude.com\/index.php\/wp-json\/wp\/v2\/product_tag?post=20886"}],"curies":[{"name":"wp","href":"https:\/\/api.w.org\/{rel}","templated":true}]}}