{"id":20903,"date":"2026-02-10T22:40:11","date_gmt":"2026-02-10T22:40:11","guid":{"rendered":"https:\/\/www.zolattitude.com\/index.php\/product\/la-cle-de-la-sante-est-dans-lintestin-le-role-du-microbiote-intestinal-dans-les-douleurs-et-inflammations-chronique-du-corps\/"},"modified":"2026-02-10T22:40:11","modified_gmt":"2026-02-10T22:40:11","slug":"la-cle-de-la-sante-est-dans-lintestin-le-role-du-microbiote-intestinal-dans-les-douleurs-et-inflammations-chronique-du-corps","status":"publish","type":"product","link":"https:\/\/www.zolattitude.com\/index.php\/product\/la-cle-de-la-sante-est-dans-lintestin-le-role-du-microbiote-intestinal-dans-les-douleurs-et-inflammations-chronique-du-corps\/","title":{"rendered":"La cl\u00e9 de la sant\u00e9 est dans l&#8217;intestin: Le r\u00f4le du microbiote intestinal dans les douleurs et inflammations chronique du corps"},"content":{"rendered":"<p>Price: <span style=\"color:#b12704\">\u20ac14.99<\/span><br \/><i><small>(as of Feb 10, 2026 22:40:11 UTC &#8211; <span class=\"wp_automatic_amazon_disclaimer\" title=\"Product prices and availability are accurate as of the date\/time indicated and are subject to change. Any price and availability information displayed on [relevant Amazon Site(s), as applicable] at the time of purchase will apply to the purchase of this product.\">Details<\/span>)<\/small><\/i><br \/><a href=\"https:\/\/amazon.fr\/dp\/B0BCDB8SHX?tag=onamzmoukoubl-21\"><img decoding=\"async\" src=\"https:\/\/valvepress.s3.amazonaws.com\/imgs\/buy_now.png\"><\/a><br \/>\n<br \/>\n  En France environ 6 millions de personnes souffrent de maladies ou de troubles li\u00e9es \u00e0 l&#8217;inflammation des intestins !!!L&#8217; intestin irritableParkinsonL&#8217;ob\u00e9sit\u00e9La d\u00e9pressionDouleur intestinalesL&#8217;allergie au gluten etc..Ils ont tous en commun undysfonctionnement de l\u2019intestin et de sa flore microbienne. Au fil de ce livre vous d\u00e9couvrirez que l&#8217;intestin est notre deuxi\u00e8me cerveau et qu&#8217;il pr\u00e9sente une importance capital pour notre sant\u00e9.<br \/>Maintenant c&#8217;est \u00e0 vous d&#8217;\u00eatre acteur de votre sant\u00e9 et de mettre en place les bons gestes pour pr\u00e9venir ces maladies.<br \/>Au travers de cet ouvrage d\u00e9couvrez:Comment fonctionne l&#8217;intestinLes conseils pour prendre soin efficacement de l&#8217;intestin ( les bons aliments \u00e0 consommer, les astuces pour g\u00e9rer le stress et l&#8217;inflammation du corps)Les causes, les sympt\u00f4mes et les solutions pour retrouver un intestin en bonne sant\u00e9 et limiter l&#8217;apparition des maladies.Enfin d\u00e9couvrez les secrets de l&#8217;extraordinaire long\u00e9vit\u00e9 des japonais    <br \/>ASIN                                            \u200f                                            :                                            \u200e                                                        B0BCDB8SHX       <br \/> Publisher                                            \u200f                                            :                                            \u200e                                                        Independently published       <br \/> Publication date                                            \u200f                                            :                                            \u200e                                                        29 Aug. 2022       <br \/> Language                                            \u200f                                            :                                            \u200e                                            French   <br \/> Print length                                            \u200f                                            :                                            \u200e                                                        197 pages       <br \/> ISBN-13                                            \u200f                                            :                                            \u200e                                                        979-8848048575       <br \/> Item weight                                            \u200f                                            :                                            \u200e                                            318 g   <br \/> Dimensions                                            \u200f                                            :                                            \u200e                                                        13.97 x 1.14 x 21.59 cm       <br \/>       Best Sellers Rank:  527,885 in Books (See Top 100 in Books)    4,747 in Diets (Books)      <br \/>  Customer reviews:                                                                                            4.7               4.7 out of 5 stars                                  (5)                                              var dpAcrHasRegisteredArcLinkClickAction;                    P.when(&#8216;A&#8217;, &#8216;ready&#8217;).execute(function(A) {                        if (dpAcrHasRegisteredArcLinkClickAction !== true) {                            dpAcrHasRegisteredArcLinkClickAction = true;                            A.declarative(                                &#8216;acrLink-click-metrics&#8217;, &#8216;click&#8217;,                                { &#8220;allowLinkDefault&#8221;: true },                                function (event) {                                    if (window.ue) {                                        ue.count(&#8220;acrLinkClickCount&#8221;, (ue.count(&#8220;acrLinkClickCount&#8221;) || 0) + 1);                                    }                                }                            );                        }                    });                                             P.when(&#8216;A&#8217;, &#8216;cf&#8217;).execute(function(A) {                A.declarative(&#8216;acrStarsLink-click-metrics&#8217;, &#8216;click&#8217;, { &#8220;allowLinkDefault&#8221; : true },  function(event){                    if(window.ue) {                        ue.count(&#8220;acrStarsLinkWithPopoverClickCount&#8221;, (ue.count(&#8220;acrStarsLinkWithPopoverClickCount&#8221;) || 0) + 1);                    }                });            });                          <br \/><\/p>\n","protected":false},"excerpt":{"rendered":"<p> En France environ 6 millions de personnes souffrent de maladies ou de troubles li\u00e9es \u00e0 l&#8217;inflammation des intestins !!!L&#8217; intestin irritableParkinsonL&#8217;ob\u00e9sit\u00e9La d\u00e9pressionDouleur intestinalesL&#8217;allergie au gluten etc..Ils ont tous en commun undysfonctionnement de l\u2019intestin et de sa flore microbienne. Au fil de ce livre vous d\u00e9couvrirez que l&#8217;intestin est notre deuxi\u00e8me [&hellip;]<\/p>\n","protected":false},"featured_media":20904,"comment_status":"open","ping_status":"closed","template":"","meta":{"_gspb_post_css":"","om_disable_all_campaigns":false,"_monsterinsights_skip_tracking":false,"_monsterinsights_sitenote_active":false,"_monsterinsights_sitenote_note":"","_monsterinsights_sitenote_category":0},"store":[],"product_brand":[],"product_cat":[154],"product_tag":[5468,5053,902,3674,5466,3670,5467,434,1073,5465,3673,3672,888],"class_list":{"0":"post-20903","1":"product","2":"type-product","3":"status-publish","4":"has-post-thumbnail","6":"product_cat-sante-intestinale","7":"product_tag-chronique","8":"product_tag-cle","9":"product_tag-corps","10":"product_tag-dans","11":"product_tag-douleurs","12":"product_tag-est","13":"product_tag-inflammations","14":"product_tag-intestinal","15":"product_tag-les","16":"product_tag-lintestin","17":"product_tag-microbiote","18":"product_tag-role","19":"product_tag-sante","21":"first","22":"instock","23":"shipping-taxable","24":"product-type-external"},"aioseo_notices":[],"jetpack_sharing_enabled":true,"_links":{"self":[{"href":"https:\/\/www.zolattitude.com\/index.php\/wp-json\/wp\/v2\/product\/20903","targetHints":{"allow":["GET"]}}],"collection":[{"href":"https:\/\/www.zolattitude.com\/index.php\/wp-json\/wp\/v2\/product"}],"about":[{"href":"https:\/\/www.zolattitude.com\/index.php\/wp-json\/wp\/v2\/types\/product"}],"replies":[{"embeddable":true,"href":"https:\/\/www.zolattitude.com\/index.php\/wp-json\/wp\/v2\/comments?post=20903"}],"wp:featuredmedia":[{"embeddable":true,"href":"https:\/\/www.zolattitude.com\/index.php\/wp-json\/wp\/v2\/media\/20904"}],"wp:attachment":[{"href":"https:\/\/www.zolattitude.com\/index.php\/wp-json\/wp\/v2\/media?parent=20903"}],"wp:term":[{"taxonomy":"store","embeddable":true,"href":"https:\/\/www.zolattitude.com\/index.php\/wp-json\/wp\/v2\/store?post=20903"},{"taxonomy":"product_brand","embeddable":true,"href":"https:\/\/www.zolattitude.com\/index.php\/wp-json\/wp\/v2\/product_brand?post=20903"},{"taxonomy":"product_cat","embeddable":true,"href":"https:\/\/www.zolattitude.com\/index.php\/wp-json\/wp\/v2\/product_cat?post=20903"},{"taxonomy":"product_tag","embeddable":true,"href":"https:\/\/www.zolattitude.com\/index.php\/wp-json\/wp\/v2\/product_tag?post=20903"}],"curies":[{"name":"wp","href":"https:\/\/api.w.org\/{rel}","templated":true}]}}