{"id":21041,"date":"2026-02-11T23:37:18","date_gmt":"2026-02-11T23:37:18","guid":{"rendered":"https:\/\/www.zolattitude.com\/index.php\/product\/nakuru-st-johns-wort-relax-range-made-in-france-the-demon-hunt-90-tablets-of-500mg-net-weight-45g\/"},"modified":"2026-02-11T23:37:24","modified_gmt":"2026-02-11T23:37:24","slug":"nakuru-st-johns-wort-relax-range-made-in-france-the-demon-hunt-90-tablets-of-500mg-net-weight-45g","status":"publish","type":"product","link":"https:\/\/www.zolattitude.com\/index.php\/product\/nakuru-st-johns-wort-relax-range-made-in-france-the-demon-hunt-90-tablets-of-500mg-net-weight-45g\/","title":{"rendered":"NAKURU | St. John&#8217;s Wort | Relax Range | Made in France | &#8220;The Demon Hunt!&#8221; | (90 Tablets of 500mg \/ Net Weight: 45g)"},"content":{"rendered":"<p>Price: <span style=\"color:#b12704\">\u20ac7.90<\/span><br \/><i><small>(as of Feb 11, 2026 23:37:19 UTC &#8211; <span class=\"wp_automatic_amazon_disclaimer\" title=\"Product prices and availability are accurate as of the date\/time indicated and are subject to change. Any price and availability information displayed on [relevant Amazon Site(s), as applicable] at the time of purchase will apply to the purchase of this product.\">Details<\/span>)<\/small><\/i><br \/><a href=\"https:\/\/amazon.fr\/dp\/B07MDLH6Q9?tag=onamzmoukoubl-21\"><img decoding=\"async\" src=\"https:\/\/valvepress.s3.amazonaws.com\/imgs\/buy_now.png\"><\/a><br \/>\n<\/p>\n<p>                                             From the brand   <\/p>\n<p>                                              <img decoding=\"async\" alt=\"\" src=\"https:\/\/images-na.ssl-images-amazon.com\/images\/G\/01\/x-locale\/common\/grey-pixel.gif\" class=\"a-lazy-loaded\" data-src=\"https:\/\/m.media-amazon.com\/images\/S\/aplus-media-library-service-media\/8efc6259-d5e7-4b5e-8a43-a7550d9d3966.__CR0,39,1792,765_PT0_SX1464_V1___.png\"><img decoding=\"async\" alt=\"\" src=\"https:\/\/m.media-amazon.com\/images\/S\/aplus-media-library-service-media\/8efc6259-d5e7-4b5e-8a43-a7550d9d3966.__CR0,39,1792,765_PT0_SX1464_V1___.png\">  <\/p>\n<h3> Modernit\u00e9 et Authenticit\u00e9 <\/h3>\n<p> Au c\u0153ur des Landes, Nakuru s\u2019appuie sur un savoir-faire familial pour concevoir des produits qui allient nature et qualit\u00e9. <\/p>\n<p>                                                         Qu&#8217;est-ce qui rend les produits Nakuru uniques ?                                       <\/p>\n<p> Nos formules sont con\u00e7ues avec des ingr\u00e9dients naturels, soigneusement s\u00e9lectionn\u00e9s pour leur efficacit\u00e9 et leur puret\u00e9. <\/p>\n<p>                                                         Pourquoi choisir Nakuru plut\u00f4t qu&#8217;une autre marque ?                                       <\/p>\n<p> Nakuru allie science et nature, offrant des compl\u00e9ments de qualit\u00e9 sup\u00e9rieure pour votre bien-\u00eatre quotidien. <\/p>\n<p>                                                         Quels b\u00e9n\u00e9fices attendre des produits Nakuru ?                                       <\/p>\n<p> Des solutions fiables et naturelles pour booster votre \u00e9nergie, am\u00e9liorer votre \u00e9quilibre et soutenir votre sant\u00e9 globale. <\/p>\n<h3> Nouveaut\u00e9s 2026 <\/h3>\n<p class=\"apm-brand-story-stores-link\">\n<p>                                              <img decoding=\"async\" alt=\"\" src=\"https:\/\/images-na.ssl-images-amazon.com\/images\/G\/01\/x-locale\/common\/grey-pixel.gif\" class=\"a-lazy-loaded\" data-src=\"https:\/\/m.media-amazon.com\/images\/S\/aplus-media-library-service-media\/8efc6259-d5e7-4b5e-8a43-a7550d9d3966.__CR0,143,1792,825_PT0_SX315_V1___.png\"><img decoding=\"async\" alt=\"\" src=\"https:\/\/m.media-amazon.com\/images\/S\/aplus-media-library-service-media\/8efc6259-d5e7-4b5e-8a43-a7550d9d3966.__CR0,143,1792,825_PT0_SX315_V1___.png\">  <\/p>\n<p> Nakuru, c\u2019est l\u2019alliance de la nature et de l\u2019innovation au service de votre bien-\u00eatre. Ancr\u00e9e dans les Landes, notre entreprise familiale s\u00e9lectionne les meilleurs ingr\u00e9dients naturels pour cr\u00e9er des compl\u00e9ments alimentaires de qualit\u00e9 sup\u00e9rieure. Avec nos g\u00e9lules, comprim\u00e9s et capsules, nous r\u00e9inventons les super-aliments pour vous offrir des produits sains, efficaces et accessibles \u00e0 tous. <\/p>\n<p> Is discontinued by manufacturer                                            \u200f                                            :                                            \u200e                                            No   <br \/> Product Dimensions                                            \u200f                                            :                                            \u200e                                            2 x 10 x 15 cm; 45 g   <br \/> Manufacturer                                            \u200f                                            :                                            \u200e                                            Nakuru   <br \/> ASIN                                            \u200f                                            :                                            \u200e                                            B07MDLH6Q9   <br \/> Manufacturer reference                                            \u200f                                            :                                            \u200e                                            2   <br \/> Country of origin                                            \u200f                                            :                                            \u200e                                            France   <br \/>  Customer reviews:                                                                                            4.0               4.0 out of 5 stars                                  (251)                                              var dpAcrHasRegisteredArcLinkClickAction;                    P.when(&#8216;A&#8217;, &#8216;ready&#8217;).execute(function(A) {                        if (dpAcrHasRegisteredArcLinkClickAction !== true) {                            dpAcrHasRegisteredArcLinkClickAction = true;                            A.declarative(                                &#8216;acrLink-click-metrics&#8217;, &#8216;click&#8217;,                                { &#8220;allowLinkDefault&#8221;: true },                                function (event) {                                    if (window.ue) {                                        ue.count(&#8220;acrLinkClickCount&#8221;, (ue.count(&#8220;acrLinkClickCount&#8221;) || 0) + 1);                                    }                                }                            );                        }                    });                                             P.when(&#8216;A&#8217;, &#8216;cf&#8217;).execute(function(A) {                A.declarative(&#8216;acrStarsLink-click-metrics&#8217;, &#8216;click&#8217;, { &#8220;allowLinkDefault&#8221; : true },  function(event){                    if(window.ue) {                        ue.count(&#8220;acrStarsLinkWithPopoverClickCount&#8221;, (ue.count(&#8220;acrStarsLinkWithPopoverClickCount&#8221;) || 0) + 1);                    }                });            });                          <br \/>100% PURE MILLEWERTUIS &#8211; PREMIUM QUALITY: Our St. John&#8217;s wort (Hypericum perforatum) comes from the flowered aerial part, carefully selected for optimal quality. A natural formula with no unnecessary additives.<br \/>Pure &#038; simple formula: Each tablet contains 400 mg of St. John&#8217;s wort powder flowering aerial part, without unnecessary additives. The essential, just the essential!<br \/>Made in France with high standards &#8211; a product designed and packaged in France, respecting strict quality standards. Because you deserve the best.<br \/>THE DEMON HUNT: THE ALLIATE OF YOUR WELLNESS : St. John&#8217;s wort, nicknamed &#8220;The Demon Hunt&#8221; for centuries, is a popular choice to accompany intense days and moments of reflection.<br \/>\ufe0f SAFE USE \ufe0f: Does not replace a varied and balanced diet. Consult a healthcare professional if taking medications simultaneously.<\/p>\n\n","protected":false},"excerpt":{"rendered":"<p> From the brand Modernit\u00e9 et Authenticit\u00e9 Au c\u0153ur des Landes, Nakuru s\u2019appuie sur un savoir-faire familial pour concevoir des produits qui allient nature et qualit\u00e9. Qu&#8217;est-ce qui rend les produits Nakuru uniques ? Nos formules sont con\u00e7ues avec des ingr\u00e9dients naturels, soigneusement s\u00e9lectionn\u00e9s pour leur efficacit\u00e9 et leur puret\u00e9. Pourquoi [&hellip;]<\/p>\n","protected":false},"featured_media":21042,"comment_status":"open","ping_status":"closed","template":"","meta":{"_gspb_post_css":"","om_disable_all_campaigns":false,"_monsterinsights_skip_tracking":false,"_monsterinsights_sitenote_active":false,"_monsterinsights_sitenote_note":"","_monsterinsights_sitenote_category":0},"store":[],"product_brand":[],"product_cat":[150],"product_tag":[5508,325,5506,201,5507,2385,1103,1901,1104,838,179,497,2386],"class_list":{"0":"post-21041","1":"product","2":"type-product","3":"status-publish","4":"has-post-thumbnail","6":"product_cat-anti-stress-adaptogenes","7":"product_tag-45g","8":"product_tag-500mg","9":"product_tag-demon","10":"product_tag-france","11":"product_tag-hunt","12":"product_tag-johns","13":"product_tag-nakuru","14":"product_tag-net","15":"product_tag-range","16":"product_tag-relax","17":"product_tag-tablets","18":"product_tag-weight","19":"product_tag-wort","21":"first","22":"instock","23":"shipping-taxable","24":"product-type-external"},"aioseo_notices":[],"jetpack_sharing_enabled":true,"_links":{"self":[{"href":"https:\/\/www.zolattitude.com\/index.php\/wp-json\/wp\/v2\/product\/21041","targetHints":{"allow":["GET"]}}],"collection":[{"href":"https:\/\/www.zolattitude.com\/index.php\/wp-json\/wp\/v2\/product"}],"about":[{"href":"https:\/\/www.zolattitude.com\/index.php\/wp-json\/wp\/v2\/types\/product"}],"replies":[{"embeddable":true,"href":"https:\/\/www.zolattitude.com\/index.php\/wp-json\/wp\/v2\/comments?post=21041"}],"wp:featuredmedia":[{"embeddable":true,"href":"https:\/\/www.zolattitude.com\/index.php\/wp-json\/wp\/v2\/media\/21042"}],"wp:attachment":[{"href":"https:\/\/www.zolattitude.com\/index.php\/wp-json\/wp\/v2\/media?parent=21041"}],"wp:term":[{"taxonomy":"store","embeddable":true,"href":"https:\/\/www.zolattitude.com\/index.php\/wp-json\/wp\/v2\/store?post=21041"},{"taxonomy":"product_brand","embeddable":true,"href":"https:\/\/www.zolattitude.com\/index.php\/wp-json\/wp\/v2\/product_brand?post=21041"},{"taxonomy":"product_cat","embeddable":true,"href":"https:\/\/www.zolattitude.com\/index.php\/wp-json\/wp\/v2\/product_cat?post=21041"},{"taxonomy":"product_tag","embeddable":true,"href":"https:\/\/www.zolattitude.com\/index.php\/wp-json\/wp\/v2\/product_tag?post=21041"}],"curies":[{"name":"wp","href":"https:\/\/api.w.org\/{rel}","templated":true}]}}