{"id":21112,"date":"2026-02-12T22:14:56","date_gmt":"2026-02-12T22:14:56","guid":{"rendered":"https:\/\/www.zolattitude.com\/index.php\/product\/pack-of-4-my-sos-beauty-bio-collagen-masks-4-x-40-g-hydrogel-face-masks-glass-skin-with-marine-collagen-hyaluronic-acid-highly-concentrated-intense-hydration-tightens-pores\/"},"modified":"2026-02-12T22:15:07","modified_gmt":"2026-02-12T22:15:07","slug":"pack-of-4-my-sos-beauty-bio-collagen-masks-4-x-40-g-hydrogel-face-masks-glass-skin-with-marine-collagen-hyaluronic-acid-highly-concentrated-intense-hydration-tightens-pores","status":"publish","type":"product","link":"https:\/\/www.zolattitude.com\/index.php\/product\/pack-of-4-my-sos-beauty-bio-collagen-masks-4-x-40-g-hydrogel-face-masks-glass-skin-with-marine-collagen-hyaluronic-acid-highly-concentrated-intense-hydration-tightens-pores\/","title":{"rendered":"Pack of 4 My SOS Beauty Bio-Collagen Masks \u2013 4 x 40 g Hydrogel Face Masks Glass Skin with Marine Collagen &#038; Hyaluronic Acid Highly Concentrated \u2013 Intense Hydration, Tightens Pores"},"content":{"rendered":"<p>Price: <span style=\"color:#b12704\">\u20ac29.99<\/span><br \/><i><small>(as of Feb 12, 2026 22:14:56 UTC &#8211; <span class=\"wp_automatic_amazon_disclaimer\" title=\"Product prices and availability are accurate as of the date\/time indicated and are subject to change. Any price and availability information displayed on [relevant Amazon Site(s), as applicable] at the time of purchase will apply to the purchase of this product.\">Details<\/span>)<\/small><\/i><br \/><a href=\"https:\/\/amazon.fr\/dp\/B0DPXPLT4Z?tag=onamzmoukoubl-21\"><img decoding=\"async\" src=\"https:\/\/valvepress.s3.amazonaws.com\/imgs\/buy_now.png\"><\/a><br \/>\n<\/p>\n<p>                                             From the brand   <\/p>\n<p>                                              <img decoding=\"async\" alt=\"aplus content image\" src=\"https:\/\/images-na.ssl-images-amazon.com\/images\/G\/01\/x-locale\/common\/grey-pixel.gif\" class=\"a-lazy-loaded\" data-src=\"https:\/\/m.media-amazon.com\/images\/S\/aplus-media-library-service-media\/6fcb4d0b-33f7-4e46-a38c-06aded427740.__CR0,0,2928,1250_PT0_SX1464_V1___.jpg\"><img decoding=\"async\" alt=\"aplus content image\" src=\"https:\/\/m.media-amazon.com\/images\/S\/aplus-media-library-service-media\/6fcb4d0b-33f7-4e46-a38c-06aded427740.__CR0,0,2928,1250_PT0_SX1464_V1___.jpg\">  <\/p>\n<p>                                              <img decoding=\"async\" alt=\"S\u00e9rie de photos de produits montrant un pot cosm\u00e9tique rouge sur fond rose. Pot blanc avec couvercle rouge affich\u00e9 sous plusieurs angles pour montrer l&amp;#39;emballage et la texture du produit.\" src=\"https:\/\/images-na.ssl-images-amazon.com\/images\/G\/01\/x-locale\/common\/grey-pixel.gif\" class=\"a-lazy-loaded\" data-src=\"https:\/\/m.media-amazon.com\/images\/S\/aplus-media-library-service-media\/368c13bb-7aa1-4b03-b48f-71119b8042c3.__CR79,99,485,607_PT0_SX362_V1___.jpg\"><img decoding=\"async\" alt=\"S\u00e9rie de photos de produits montrant un pot cosm\u00e9tique rouge sur fond rose. Pot blanc avec couvercle rouge affich\u00e9 sous plusieurs angles pour montrer l&amp;#39;emballage et la texture du produit.\" src=\"https:\/\/m.media-amazon.com\/images\/S\/aplus-media-library-service-media\/368c13bb-7aa1-4b03-b48f-71119b8042c3.__CR79,99,485,607_PT0_SX362_V1___.jpg\">  <\/p>\n<h3> Les masques Collag\u00e8ne <\/h3>\n<p class=\"apm-brand-story-stores-link\">\n<p>                                              <img decoding=\"async\" alt=\"S\u00e9quence de photographie de produit montrant un produit de soin de la peau ou de beaut\u00e9 avec un emballage vert menthe maintenu sous diff\u00e9rents angles sur fond rose\" src=\"https:\/\/images-na.ssl-images-amazon.com\/images\/G\/01\/x-locale\/common\/grey-pixel.gif\" class=\"a-lazy-loaded\" data-src=\"https:\/\/m.media-amazon.com\/images\/S\/aplus-media-library-service-media\/ca28f444-058d-44e5-a47e-93ff664616af.__CR256,0,1726,2160_PT0_SX362_V1___.jpg\"><img decoding=\"async\" alt=\"S\u00e9quence de photographie de produit montrant un produit de soin de la peau ou de beaut\u00e9 avec un emballage vert menthe maintenu sous diff\u00e9rents angles sur fond rose\" src=\"https:\/\/m.media-amazon.com\/images\/S\/aplus-media-library-service-media\/ca28f444-058d-44e5-a47e-93ff664616af.__CR256,0,1726,2160_PT0_SX362_V1___.jpg\">  <\/p>\n<h3> D\u00e9couvrez nos produits <\/h3>\n<p class=\"apm-brand-story-stores-link\">\n<p>                                              <img decoding=\"async\" alt=\"aplus content image\" src=\"https:\/\/images-na.ssl-images-amazon.com\/images\/G\/01\/x-locale\/common\/grey-pixel.gif\" class=\"a-lazy-loaded\" data-src=\"https:\/\/m.media-amazon.com\/images\/S\/aplus-media-library-service-media\/c9aac281-687f-4997-a996-be10aa459c7c.__CR41,0,582,728_PT0_SX362_V1___.jpg\"><img decoding=\"async\" alt=\"aplus content image\" src=\"https:\/\/m.media-amazon.com\/images\/S\/aplus-media-library-service-media\/c9aac281-687f-4997-a996-be10aa459c7c.__CR41,0,582,728_PT0_SX362_V1___.jpg\">  <\/p>\n<p>                                              <img decoding=\"async\" alt=\"\" src=\"https:\/\/images-na.ssl-images-amazon.com\/images\/G\/01\/x-locale\/common\/grey-pixel.gif\" class=\"a-lazy-loaded\" data-src=\"https:\/\/m.media-amazon.com\/images\/S\/aplus-media-library-service-media\/bc972562-b242-416b-b8ea-8c588fe7e43d.__CR0,0,1260,580_PT0_SX315_V1___.jpg\"><img decoding=\"async\" alt=\"\" src=\"https:\/\/m.media-amazon.com\/images\/S\/aplus-media-library-service-media\/bc972562-b242-416b-b8ea-8c588fe7e43d.__CR0,0,1260,580_PT0_SX315_V1___.jpg\">  <\/p>\n<p> Chez My SOS Beauty, chaque peau a son histoire et chaque besoin m\u00e9rite une r\u00e9ponse experte. <\/p>\n<p> Notre mission ? Offrir des r\u00e9sultats visibles et durables, pour que chaque femme puisse se sentir enfin bien dans sa peau. <\/p>\n<p> Nous ne cr\u00e9ons pas simplement des soins : Nous formulons des solutions, avec des actifs rigoureusement s\u00e9lectionn\u00e9s pour cibler efficacement chaque probl\u00e9matique cutan\u00e9e. <\/p>\n<p> Product Dimensions                                            \u200f                                            :                                            \u200e                                            18 x 16 x 2 cm; 200 g   <br \/> Manufacturer                                            \u200f                                            :                                            \u200e                                            1108 BRANDS   <br \/> ASIN                                            \u200f                                            :                                            \u200e                                            B0DPXPLT4Z   <br \/> Country of origin                                            \u200f                                            :                                            \u200e                                            China   <br \/>  Customer reviews:                                                                                            4.2               4.2 out of 5 stars                                  (579)                                              var dpAcrHasRegisteredArcLinkClickAction;                    P.when(&#8216;A&#8217;, &#8216;ready&#8217;).execute(function(A) {                        if (dpAcrHasRegisteredArcLinkClickAction !== true) {                            dpAcrHasRegisteredArcLinkClickAction = true;                            A.declarative(                                &#8216;acrLink-click-metrics&#8217;, &#8216;click&#8217;,                                { &#8220;allowLinkDefault&#8221;: true },                                function (event) {                                    if (window.ue) {                                        ue.count(&#8220;acrLinkClickCount&#8221;, (ue.count(&#8220;acrLinkClickCount&#8221;) || 0) + 1);                                    }                                }                            );                        }                    });                                             P.when(&#8216;A&#8217;, &#8216;cf&#8217;).execute(function(A) {                A.declarative(&#8216;acrStarsLink-click-metrics&#8217;, &#8216;click&#8217;, { &#8220;allowLinkDefault&#8221; : true },  function(event){                    if(window.ue) {                        ue.count(&#8220;acrStarsLinkWithPopoverClickCount&#8221;, (ue.count(&#8220;acrStarsLinkWithPopoverClickCount&#8221;) || 0) + 1);                    }                });            });                          <br \/>INTENSE HYDRATION AND ANTI-AGING. Infused with hyaluronic acid, collagen and niacinamide, this mask deeply hydrates, improves skin elasticity and helps smooth out the first signs of aging while reviving the radiance of the complexion.<br \/>VISIBLE RESULTS ON AWAKENING. Apply it before sleeping: when you wake up, the complexion is luminous, the skin looks plumper and the pores are visibly tightened.<br \/>\ufe0fOPTIMAL ADHESION DURING THE NIGHT. Once applied, the mask stays securely in place without slipping, allowing the assets to act continuously until waking up, for maximum efficiency.<br \/>ULTRA COMFORT HYDROGEL MASK. Its soft and refreshing texture brings a pleasant feeling of freshness, ideal for a cocooning moment before bedtime.<br \/>SIMPLE ROUTINE, MAXIMUM EFFICIENCY. No need for rinsing or multiple steps: one step is enough to boost your skin&#8217;s radiance and hydration.<\/p>\n\n","protected":false},"excerpt":{"rendered":"<p> From the brand Les masques Collag\u00e8ne D\u00e9couvrez nos produits Chez My SOS Beauty, chaque peau a son histoire et chaque besoin m\u00e9rite une r\u00e9ponse experte. Notre mission ? Offrir des r\u00e9sultats visibles et durables, pour que chaque femme puisse se sentir enfin bien dans sa peau. Nous ne cr\u00e9ons pas [&hellip;]<\/p>\n","protected":false},"featured_media":21113,"comment_status":"open","ping_status":"closed","template":"","meta":{"_gspb_post_css":"","om_disable_all_campaigns":false,"_monsterinsights_skip_tracking":false,"_monsterinsights_sitenote_active":false,"_monsterinsights_sitenote_note":"","_monsterinsights_sitenote_category":0},"store":[],"product_brand":[],"product_cat":[137],"product_tag":[188,174,5522,168,995,526,4369,944,187,768,5523,269,167,4505,316,5111,176,4137,5524],"class_list":{"0":"post-21112","1":"product","2":"type-product","3":"status-publish","4":"has-post-thumbnail","6":"product_cat-collagene-biotine","7":"product_tag-acid","8":"product_tag-beauty","9":"product_tag-biocollagen","10":"product_tag-collagen","11":"product_tag-concentrated","12":"product_tag-face","13":"product_tag-glass","14":"product_tag-highly","15":"product_tag-hyaluronic","16":"product_tag-hydration","17":"product_tag-hydrogel","18":"product_tag-intense","19":"product_tag-marine","20":"product_tag-masks","21":"product_tag-pack","22":"product_tag-pores","23":"product_tag-skin","24":"product_tag-sos","25":"product_tag-tightens","27":"first","28":"instock","29":"shipping-taxable","30":"product-type-external"},"aioseo_notices":[],"jetpack_sharing_enabled":true,"_links":{"self":[{"href":"https:\/\/www.zolattitude.com\/index.php\/wp-json\/wp\/v2\/product\/21112","targetHints":{"allow":["GET"]}}],"collection":[{"href":"https:\/\/www.zolattitude.com\/index.php\/wp-json\/wp\/v2\/product"}],"about":[{"href":"https:\/\/www.zolattitude.com\/index.php\/wp-json\/wp\/v2\/types\/product"}],"replies":[{"embeddable":true,"href":"https:\/\/www.zolattitude.com\/index.php\/wp-json\/wp\/v2\/comments?post=21112"}],"wp:featuredmedia":[{"embeddable":true,"href":"https:\/\/www.zolattitude.com\/index.php\/wp-json\/wp\/v2\/media\/21113"}],"wp:attachment":[{"href":"https:\/\/www.zolattitude.com\/index.php\/wp-json\/wp\/v2\/media?parent=21112"}],"wp:term":[{"taxonomy":"store","embeddable":true,"href":"https:\/\/www.zolattitude.com\/index.php\/wp-json\/wp\/v2\/store?post=21112"},{"taxonomy":"product_brand","embeddable":true,"href":"https:\/\/www.zolattitude.com\/index.php\/wp-json\/wp\/v2\/product_brand?post=21112"},{"taxonomy":"product_cat","embeddable":true,"href":"https:\/\/www.zolattitude.com\/index.php\/wp-json\/wp\/v2\/product_cat?post=21112"},{"taxonomy":"product_tag","embeddable":true,"href":"https:\/\/www.zolattitude.com\/index.php\/wp-json\/wp\/v2\/product_tag?post=21112"}],"curies":[{"name":"wp","href":"https:\/\/api.w.org\/{rel}","templated":true}]}}