{"id":21315,"date":"2026-02-14T00:14:22","date_gmt":"2026-02-14T00:14:22","guid":{"rendered":"https:\/\/www.zolattitude.com\/index.php\/product\/omega-3-6-9-kids-gums-vitamins-d-e-ala-perilla-oil-growth-bone-immunity-vegan-fish-free-gelatin-free-30-erasers-for-kids-from-3-years-novomins\/"},"modified":"2026-02-14T00:14:35","modified_gmt":"2026-02-14T00:14:35","slug":"omega-3-6-9-kids-gums-vitamins-d-e-ala-perilla-oil-growth-bone-immunity-vegan-fish-free-gelatin-free-30-erasers-for-kids-from-3-years-novomins","status":"publish","type":"product","link":"https:\/\/www.zolattitude.com\/index.php\/product\/omega-3-6-9-kids-gums-vitamins-d-e-ala-perilla-oil-growth-bone-immunity-vegan-fish-free-gelatin-free-30-erasers-for-kids-from-3-years-novomins\/","title":{"rendered":"Omega 3 6 9 Kids Gums &#8211; Vitamins D &#038; E + ALA Perilla Oil &#8211; Growth, Bone, Immunity &#8211; Vegan, Fish Free, Gelatin Free &#8211; 30 Erasers For Kids From 3 Years &#8211; Novomins"},"content":{"rendered":"<p>Price: <span style=\"color:#b12704\">\u20ac9.99<\/span><br \/><i><small>(as of Feb 14, 2026 00:14:23 UTC &#8211; <span class=\"wp_automatic_amazon_disclaimer\" title=\"Product prices and availability are accurate as of the date\/time indicated and are subject to change. Any price and availability information displayed on [relevant Amazon Site(s), as applicable] at the time of purchase will apply to the purchase of this product.\">Details<\/span>)<\/small><\/i><br \/><a href=\"https:\/\/amazon.fr\/dp\/B0B12LJQHF?tag=onamzmoukoubl-21\"><img decoding=\"async\" src=\"https:\/\/valvepress.s3.amazonaws.com\/imgs\/buy_now.png\"><\/a><br \/>\n<\/p>\n<p>                                             From the brand   <\/p>\n<p>                                              <img decoding=\"async\" alt=\"aplus content image\" src=\"https:\/\/images-na.ssl-images-amazon.com\/images\/G\/01\/x-locale\/common\/grey-pixel.gif\" class=\"a-lazy-loaded\" data-src=\"https:\/\/m.media-amazon.com\/images\/S\/aplus-media-library-service-media\/589668fc-eaaf-4784-8202-9b43168f362b.__CR0,0,1465,625_PT0_SX1464_V1___.jpg\"><img decoding=\"async\" alt=\"aplus content image\" src=\"https:\/\/m.media-amazon.com\/images\/S\/aplus-media-library-service-media\/589668fc-eaaf-4784-8202-9b43168f362b.__CR0,0,1465,625_PT0_SX1464_V1___.jpg\">  <\/p>\n<p>                                              <img decoding=\"async\" alt=\"aplus content image\" src=\"https:\/\/images-na.ssl-images-amazon.com\/images\/G\/01\/x-locale\/common\/grey-pixel.gif\" class=\"a-lazy-loaded\" data-src=\"https:\/\/m.media-amazon.com\/images\/S\/aplus-media-library-service-media\/8438fe31-28f9-4a64-9fc1-cd5110f02b77.__CR0,0,363,454_PT0_SX362_V1___.jpg\"><img decoding=\"async\" alt=\"aplus content image\" src=\"https:\/\/m.media-amazon.com\/images\/S\/aplus-media-library-service-media\/8438fe31-28f9-4a64-9fc1-cd5110f02b77.__CR0,0,363,454_PT0_SX362_V1___.jpg\">  <\/p>\n<p>                                              <img decoding=\"async\" alt=\"Le texte se lit comme suit : \u00ab La diff\u00e9rence Nexomius \u00bb. Graphique marketing sur fond bleu sarcelle montrant plusieurs mod\u00e8les d&amp;#39;ic\u00f4nes et des \u00e9l\u00e9ments comparatifs.\" src=\"https:\/\/images-na.ssl-images-amazon.com\/images\/G\/01\/x-locale\/common\/grey-pixel.gif\" class=\"a-lazy-loaded\" data-src=\"https:\/\/m.media-amazon.com\/images\/S\/aplus-media-library-service-media\/c400a4ea-d6a7-4c07-b0b5-4b9c2b7e7f56.__CR0,0,363,454_PT0_SX362_V1___.jpg\"><img decoding=\"async\" alt=\"Le texte se lit comme suit : \u00ab La diff\u00e9rence Nexomius \u00bb. Graphique marketing sur fond bleu sarcelle montrant plusieurs mod\u00e8les d&amp;#39;ic\u00f4nes et des \u00e9l\u00e9ments comparatifs.\" src=\"https:\/\/m.media-amazon.com\/images\/S\/aplus-media-library-service-media\/c400a4ea-d6a7-4c07-b0b5-4b9c2b7e7f56.__CR0,0,363,454_PT0_SX362_V1___.jpg\">  <\/p>\n<p>                                              <img decoding=\"async\" alt=\"aplus content image\" src=\"https:\/\/images-na.ssl-images-amazon.com\/images\/G\/01\/x-locale\/common\/grey-pixel.gif\" class=\"a-lazy-loaded\" data-src=\"https:\/\/m.media-amazon.com\/images\/S\/aplus-media-library-service-media\/c384ae70-9df3-43c3-92bc-5c88d5157641.__CR2,0,363,454_PT0_SX362_V1___.jpg\"><img decoding=\"async\" alt=\"aplus content image\" src=\"https:\/\/m.media-amazon.com\/images\/S\/aplus-media-library-service-media\/c384ae70-9df3-43c3-92bc-5c88d5157641.__CR2,0,363,454_PT0_SX362_V1___.jpg\">  <\/p>\n<h3>   <\/h3>\n<p>                                              <img decoding=\"async\" alt=\"aplus content image\" src=\"https:\/\/images-na.ssl-images-amazon.com\/images\/G\/01\/x-locale\/common\/grey-pixel.gif\" class=\"a-lazy-loaded\" data-src=\"https:\/\/m.media-amazon.com\/images\/S\/aplus-media-library-service-media\/636d1e56-cf2e-4ae4-aa97-679f51381db7.__CR2,0,363,454_PT0_SX362_V1___.jpg\"><img decoding=\"async\" alt=\"aplus content image\" src=\"https:\/\/m.media-amazon.com\/images\/S\/aplus-media-library-service-media\/636d1e56-cf2e-4ae4-aa97-679f51381db7.__CR2,0,363,454_PT0_SX362_V1___.jpg\">  <\/p>\n<h3>   <\/h3>\n<p>                                              <img decoding=\"async\" alt=\"\" src=\"https:\/\/images-na.ssl-images-amazon.com\/images\/G\/01\/x-locale\/common\/grey-pixel.gif\" class=\"a-lazy-loaded\" data-src=\"https:\/\/m.media-amazon.com\/images\/S\/aplus-media-library-service-media\/039da3ca-44ad-4cf2-84f1-7824d2cadd21.__CR2,0,363,454_PT0_SX362_V1___.jpg\"><img decoding=\"async\" alt=\"\" src=\"https:\/\/m.media-amazon.com\/images\/S\/aplus-media-library-service-media\/039da3ca-44ad-4cf2-84f1-7824d2cadd21.__CR2,0,363,454_PT0_SX362_V1___.jpg\">  <\/p>\n<h3>   <\/h3>\n<h3>   <\/h3>\n<p>                                              <img decoding=\"async\" alt=\"aplus content image\" src=\"https:\/\/images-na.ssl-images-amazon.com\/images\/G\/01\/x-locale\/common\/grey-pixel.gif\" class=\"a-lazy-loaded\" data-src=\"https:\/\/m.media-amazon.com\/images\/S\/aplus-media-library-service-media\/a4ad5d0a-f01a-4818-a2ce-e7f93c60aef0.__CR2,0,363,454_PT0_SX362_V1___.jpg\"><img decoding=\"async\" alt=\"aplus content image\" src=\"https:\/\/m.media-amazon.com\/images\/S\/aplus-media-library-service-media\/a4ad5d0a-f01a-4818-a2ce-e7f93c60aef0.__CR2,0,363,454_PT0_SX362_V1___.jpg\">  <\/p>\n<p> Product Dimensions                                            \u200f                                            :                                            \u200e                                            9.5 x 5.5 x 5.5 cm; 50 g   <br \/> Manufacturer                                            \u200f                                            :                                            \u200e                                            Novomins   <br \/> ASIN                                            \u200f                                            :                                            \u200e                                            B0B12LJQHF   <br \/> Item model number                                            \u200f                                            :                                            \u200e                                            Kids Omega 3 6 9 + Multi Gummies   <br \/>  Customer reviews:                                                                                            4.5               4.5 out of 5 stars                                  (1,016)                                              var dpAcrHasRegisteredArcLinkClickAction;                    P.when(&#8216;A&#8217;, &#8216;ready&#8217;).execute(function(A) {                        if (dpAcrHasRegisteredArcLinkClickAction !== true) {                            dpAcrHasRegisteredArcLinkClickAction = true;                            A.declarative(                                &#8216;acrLink-click-metrics&#8217;, &#8216;click&#8217;,                                { &#8220;allowLinkDefault&#8221;: true },                                function (event) {                                    if (window.ue) {                                        ue.count(&#8220;acrLinkClickCount&#8221;, (ue.count(&#8220;acrLinkClickCount&#8221;) || 0) + 1);                                    }                                }                            );                        }                    });                                             P.when(&#8216;A&#8217;, &#8216;cf&#8217;).execute(function(A) {                A.declarative(&#8216;acrStarsLink-click-metrics&#8217;, &#8216;click&#8217;, { &#8220;allowLinkDefault&#8221; : true },  function(event){                    if(window.ue) {                        ue.count(&#8220;acrStarsLinkWithPopoverClickCount&#8221;, (ue.count(&#8220;acrStarsLinkWithPopoverClickCount&#8221;) || 0) + 1);                    }                });            });                          <br \/>DELICIOUS VEGETABLE GUMMIES FOR CHILDREN OMEGA 3 6 9: Our Omega 3 6 9 GUMMIES are created to delight all the senses of your children! They are presented as delicious orange gelatin bears to satisfy their taste buds. Our gummies contain no artificial colours, fish oil, preservatives and are NON-GMO and halal. They are made from the highest quality ingredients.<br \/>ENRICHED WITH OMEGA 3 6 9 VEGETABLES AND VITAMIN D &#038; E: We are committed to providing you with healthy, high-quality products and, unlike other multivitamin supplements for children, our vitamin gummies are infused with vitamins Omega 3 6 9 d and e. ALA contributes to normal brain development (claims justified by EFA SA). For this reason, we offer you these delicious gummies to support your children&#8217;s brain, heart and eyes.<br \/>WHY USE OUR KIDS OMEGA 3 6 9 GUMMIES? ALA is converted into DHA and EPA in the body. And the body needs these essential fatty acids to build and maintain the health of your brain, eyes and heart. Our gummies have been scientifically formulated by our team to offer you the most complete product. If you&#8217;re looking for kids omega gummies without the taste of fish oil, look no further.<br \/>SCIENTIFICALLY FORMULATED OMEGA 3 KIDS GUMMIES: Unlike other vitamins, supplements and omega 3 for children, our gummies have a delicious orange flavor. We formulated them especially for kids who have trouble swallowing large tablets, vitamins and omega 3 6 9 supplements. Help your kids&#8217; brain health with our gluten-free omega gummies.<br \/>WHY CHOOSE NOVOMINS GUMMIES FOR CHILDREN VITAMINS: Novomins takes pride in bringing you premium quality food supplements, while being safe and ethical. Our gummies are produced to the highest manufacturing standards (GMP) with pure, ethically sourced and easily digestible ingredients. Plus, we offer a full money back guarantee if you are not satisfied with our product. Just contact us via Amazon.<\/p>\n\n","protected":false},"excerpt":{"rendered":"<p> From the brand Product Dimensions \u200f : \u200e 9.5 x 5.5 x 5.5 cm; 50 g Manufacturer \u200f : \u200e Novomins ASIN \u200f : \u200e B0B12LJQHF Item model number \u200f : \u200e Kids Omega 3 6 9 + Multi Gummies Customer reviews: 4.5 4.5 out of 5 stars (1,016) var [&hellip;]<\/p>\n","protected":false},"featured_media":21316,"comment_status":"open","ping_status":"closed","template":"","meta":{"_gspb_post_css":"","om_disable_all_campaigns":false,"_monsterinsights_skip_tracking":false,"_monsterinsights_sitenote_active":false,"_monsterinsights_sitenote_note":"","_monsterinsights_sitenote_category":0},"store":[],"product_brand":[],"product_cat":[142],"product_tag":[5554,993,2820,315,263,2555,194,919,272,1543,2972,243,259,5555,261,274,1583],"class_list":{"0":"post-21315","1":"product","2":"type-product","3":"status-publish","4":"has-post-thumbnail","6":"product_cat-multivitamines","7":"product_tag-ala","8":"product_tag-bone","9":"product_tag-erasers","10":"product_tag-fish","11":"product_tag-free","12":"product_tag-gelatin","13":"product_tag-growth","14":"product_tag-gums","15":"product_tag-immunity","16":"product_tag-kids","17":"product_tag-novomins","18":"product_tag-oil","19":"product_tag-omega","20":"product_tag-perilla","21":"product_tag-vegan","22":"product_tag-vitamins","23":"product_tag-years","25":"first","26":"instock","27":"shipping-taxable","28":"product-type-external"},"aioseo_notices":[],"jetpack_sharing_enabled":true,"_links":{"self":[{"href":"https:\/\/www.zolattitude.com\/index.php\/wp-json\/wp\/v2\/product\/21315","targetHints":{"allow":["GET"]}}],"collection":[{"href":"https:\/\/www.zolattitude.com\/index.php\/wp-json\/wp\/v2\/product"}],"about":[{"href":"https:\/\/www.zolattitude.com\/index.php\/wp-json\/wp\/v2\/types\/product"}],"replies":[{"embeddable":true,"href":"https:\/\/www.zolattitude.com\/index.php\/wp-json\/wp\/v2\/comments?post=21315"}],"wp:featuredmedia":[{"embeddable":true,"href":"https:\/\/www.zolattitude.com\/index.php\/wp-json\/wp\/v2\/media\/21316"}],"wp:attachment":[{"href":"https:\/\/www.zolattitude.com\/index.php\/wp-json\/wp\/v2\/media?parent=21315"}],"wp:term":[{"taxonomy":"store","embeddable":true,"href":"https:\/\/www.zolattitude.com\/index.php\/wp-json\/wp\/v2\/store?post=21315"},{"taxonomy":"product_brand","embeddable":true,"href":"https:\/\/www.zolattitude.com\/index.php\/wp-json\/wp\/v2\/product_brand?post=21315"},{"taxonomy":"product_cat","embeddable":true,"href":"https:\/\/www.zolattitude.com\/index.php\/wp-json\/wp\/v2\/product_cat?post=21315"},{"taxonomy":"product_tag","embeddable":true,"href":"https:\/\/www.zolattitude.com\/index.php\/wp-json\/wp\/v2\/product_tag?post=21315"}],"curies":[{"name":"wp","href":"https:\/\/api.w.org\/{rel}","templated":true}]}}