{"id":21422,"date":"2026-02-15T00:09:22","date_gmt":"2026-02-15T00:09:22","guid":{"rendered":"https:\/\/www.zolattitude.com\/index.php\/product\/slimfit-superfood-weight-loss-superfood-high-protein-meal-replacement-9-superfoods-appetite-suppressant-powder-27-kcal-per-serving-210-g-made-in-eu\/"},"modified":"2026-02-15T00:09:33","modified_gmt":"2026-02-15T00:09:33","slug":"slimfit-superfood-weight-loss-superfood-high-protein-meal-replacement-9-superfoods-appetite-suppressant-powder-27-kcal-per-serving-210-g-made-in-eu","status":"publish","type":"product","link":"https:\/\/www.zolattitude.com\/index.php\/product\/slimfit-superfood-weight-loss-superfood-high-protein-meal-replacement-9-superfoods-appetite-suppressant-powder-27-kcal-per-serving-210-g-made-in-eu\/","title":{"rendered":"SlimFit Superfood &#8211; Weight Loss Superfood | High Protein Meal Replacement | 9 Superfoods | Appetite Suppressant Powder &#8211; 27 Kcal Per Serving | 210 g, Made in EU"},"content":{"rendered":"<p>Price: <span style=\"color:#b12704\">\u20ac27.90<\/span><br \/><i><small>(as of Feb 15, 2026 00:09:23 UTC &#8211; <span class=\"wp_automatic_amazon_disclaimer\" title=\"Product prices and availability are accurate as of the date\/time indicated and are subject to change. Any price and availability information displayed on [relevant Amazon Site(s), as applicable] at the time of purchase will apply to the purchase of this product.\">Details<\/span>)<\/small><\/i><br \/><a href=\"https:\/\/amazon.fr\/dp\/B089DJG7CR?tag=onamzmoukoubl-21\"><img decoding=\"async\" src=\"https:\/\/valvepress.s3.amazonaws.com\/imgs\/buy_now.png\"><\/a><br \/>\n<\/p>\n<p>                                             Product Description   <\/p>\n<p>                                                         <img decoding=\"async\" alt=\"detox tea th\u00e9 infusion minceur drainant bio tisane amaigrissante perte de poid bruleur de graisse\" src=\"https:\/\/images-na.ssl-images-amazon.com\/images\/G\/01\/x-locale\/common\/grey-pixel.gif\" class=\"a-lazy-loaded\" data-src=\"https:\/\/m.media-amazon.com\/images\/S\/aplus-media\/sc\/b3f135c8-b880-482a-ba2d-a0f45b21a37e.__CR0,0,600,180_PT0_SX600_V1___.png\"><img decoding=\"async\" alt=\"detox tea th\u00e9 infusion minceur drainant bio tisane amaigrissante perte de poid bruleur de graisse\" src=\"https:\/\/m.media-amazon.com\/images\/S\/aplus-media\/sc\/b3f135c8-b880-482a-ba2d-a0f45b21a37e.__CR0,0,600,180_PT0_SX600_V1___.png\">      <\/p>\n<h3 class=\"a-spacing-mini\">  Nourriture Sensationnelle Amincissante avec 9 Superaliments <\/h3>\n<p>                                          <img decoding=\"async\" alt=\"detox tea th\u00e9 infusion minceur drainant bio tisane amaigrissante perte de poid bruleur de graisse\" src=\"https:\/\/images-na.ssl-images-amazon.com\/images\/G\/01\/x-locale\/common\/grey-pixel.gif\" class=\"a-spacing-base a-lazy-loaded\" data-src=\"https:\/\/m.media-amazon.com\/images\/S\/aplus-media\/sc\/25ed9531-9719-4451-8e75-c30f591cae2c.__CR0,0,970,600_PT0_SX970_V1___.png\"><img decoding=\"async\" alt=\"detox tea th\u00e9 infusion minceur drainant bio tisane amaigrissante perte de poid bruleur de graisse\" src=\"https:\/\/m.media-amazon.com\/images\/S\/aplus-media\/sc\/25ed9531-9719-4451-8e75-c30f591cae2c.__CR0,0,970,600_PT0_SX970_V1___.png\">                                                                    <\/p>\n<p class=\"apm-text-center\">\n                                                      <img decoding=\"async\" alt=\"detox tea th\u00e9 infusion minceur drainant bio tisane amaigrissante perte de poid bruleur de graisse\" src=\"https:\/\/images-na.ssl-images-amazon.com\/images\/G\/01\/x-locale\/common\/grey-pixel.gif\" class=\"a-lazy-loaded\" data-src=\"https:\/\/m.media-amazon.com\/images\/S\/aplus-media\/sc\/378f33f6-66ec-49e5-a920-adb148382b22.__CR0,0,220,220_PT0_SX220_V1___.png\"><\/p>\n<p><img decoding=\"async\" alt=\"detox tea th\u00e9 infusion minceur drainant bio tisane amaigrissante perte de poid bruleur de graisse\" src=\"https:\/\/m.media-amazon.com\/images\/S\/aplus-media\/sc\/378f33f6-66ec-49e5-a920-adb148382b22.__CR0,0,220,220_PT0_SX220_V1___.png\"><br \/>\n                                                    GESTION DU POIDS                                     <\/p>\n<p class=\"a-size-small\"> Les 9 superaliments aident le corps \u00e0 traiter les calories d\u2019une mani\u00e8re plus rapide et ainsi promouvoir et encourager l\u2019activit\u00e9 m\u00e9tabolique qui est essentielle \u00e0 la gestion du poids. <\/p>\n<p class=\"apm-text-center\">\n                                                      <img decoding=\"async\" alt=\"detox tea th\u00e9 infusion minceur drainant bio tisane amaigrissante perte de poid bruleur de graisse\" src=\"https:\/\/images-na.ssl-images-amazon.com\/images\/G\/01\/x-locale\/common\/grey-pixel.gif\" class=\"a-lazy-loaded\" data-src=\"https:\/\/m.media-amazon.com\/images\/S\/aplus-media\/sc\/9768a600-8406-446d-bdd8-8b38c00c80c5.__CR0,0,220,220_PT0_SX220_V1___.png\"><\/p>\n<p><img decoding=\"async\" alt=\"detox tea th\u00e9 infusion minceur drainant bio tisane amaigrissante perte de poid bruleur de graisse\" src=\"https:\/\/m.media-amazon.com\/images\/S\/aplus-media\/sc\/9768a600-8406-446d-bdd8-8b38c00c80c5.__CR0,0,220,220_PT0_SX220_V1___.png\"><br \/>\n                                                    FOURNIT UN META BOOST                                     <\/p>\n<p class=\"a-size-small\"> Gr\u00e2ce aux nombreux ingr\u00e9dients qui stimulent les fonctions m\u00e9taboliques, SlimFit SuperFood aide \u00e0 d\u00e9clencher et \u00e0 soutenir les processus de combustion de graisses qui sont essentiels \u00e0 la gestion du poids. <\/p>\n<p class=\"apm-text-center\">\n                                                      <img decoding=\"async\" alt=\"detox tea th\u00e9 infusion minceur drainant bio tisane amaigrissante perte de poid bruleur de graisse\" src=\"https:\/\/images-na.ssl-images-amazon.com\/images\/G\/01\/x-locale\/common\/grey-pixel.gif\" class=\"a-lazy-loaded\" data-src=\"https:\/\/m.media-amazon.com\/images\/S\/aplus-media\/sc\/be755a9d-fc40-4a5f-a551-dec4df30e9a7.__CR0,0,220,220_PT0_SX220_V1___.png\"><\/p>\n<p><img decoding=\"async\" alt=\"detox tea th\u00e9 infusion minceur drainant bio tisane amaigrissante perte de poid bruleur de graisse\" src=\"https:\/\/m.media-amazon.com\/images\/S\/aplus-media\/sc\/be755a9d-fc40-4a5f-a551-dec4df30e9a7.__CR0,0,220,220_PT0_SX220_V1___.png\"><br \/>\n                                                    NUTRITION PURE &amp; SAINE                                     <\/p>\n<p class=\"a-size-small\"> SlimFit SuperFood est rempli d\u2019ingr\u00e9dients naturels hautement nutritifs et riches en prot\u00e9ines qui viennent avec de nombreux avantages pour ceux qui poursuivent un mode de vie sain. <\/p>\n<p class=\"apm-text-center\">\n                                                      <img decoding=\"async\" alt=\"detox tea th\u00e9 infusion minceur drainant bio tisane amaigrissante perte de poid bruleur de graisse\" src=\"https:\/\/images-na.ssl-images-amazon.com\/images\/G\/01\/x-locale\/common\/grey-pixel.gif\" class=\"a-lazy-loaded\" data-src=\"https:\/\/m.media-amazon.com\/images\/S\/aplus-media\/sc\/9fe600e5-a232-4bf9-841a-4318bfd8ba26.__CR0,0,220,220_PT0_SX220_V1___.png\"><\/p>\n<p><img decoding=\"async\" alt=\"detox tea th\u00e9 infusion minceur drainant bio tisane amaigrissante perte de poid bruleur de graisse\" src=\"https:\/\/m.media-amazon.com\/images\/S\/aplus-media\/sc\/9fe600e5-a232-4bf9-841a-4318bfd8ba26.__CR0,0,220,220_PT0_SX220_V1___.png\"><br \/>\n                                                    AFFECTE L\u2019APP\u00c9TIT POSITIVEMENT                                     <\/p>\n<p class=\"a-size-small\"> En travaillant \u00e0 am\u00e9liorer la sati\u00e9t\u00e9, ce programme de remplacement de repas superaliments vise \u00e0 influencer les habitudes alimentaires de telle sorte qu\u2019ils servent mieux nos objectifs de perte de poids. <\/p>\n<p>                                                                             <img decoding=\"async\" alt=\"detox tea th\u00e9 infusion minceur drainant bio tisane amaigrissante perte de poid bruleur de graisse\" src=\"https:\/\/images-na.ssl-images-amazon.com\/images\/G\/01\/x-locale\/common\/grey-pixel.gif\" class=\"a-spacing-base a-lazy-loaded\" data-src=\"https:\/\/m.media-amazon.com\/images\/S\/aplus-media\/sc\/0cbaa9f6-74b3-4a11-9b37-2d7986741cff.__CR0,0,970,600_PT0_SX970_V1___.png\"><img decoding=\"async\" alt=\"detox tea th\u00e9 infusion minceur drainant bio tisane amaigrissante perte de poid bruleur de graisse\" src=\"https:\/\/m.media-amazon.com\/images\/S\/aplus-media\/sc\/0cbaa9f6-74b3-4a11-9b37-2d7986741cff.__CR0,0,970,600_PT0_SX970_V1___.png\">                                                                    <\/p>\n<h3 class=\"a-spacing-mini\"> Emball\u00e9 avec une nutrition super saine et riche en prot\u00e9ines <\/h3>\n<p>                                          <img decoding=\"async\" alt=\"detox tea th\u00e9 infusion minceur drainant bio tisane amaigrissante perte de poid bruleur de graisse\" src=\"https:\/\/images-na.ssl-images-amazon.com\/images\/G\/01\/x-locale\/common\/grey-pixel.gif\" class=\"a-spacing-base a-lazy-loaded\" data-src=\"https:\/\/m.media-amazon.com\/images\/S\/aplus-media\/sc\/b2791165-ab39-4e7c-99b4-80681a8b6853.__CR0,0,970,600_PT0_SX970_V1___.png\"><img decoding=\"async\" alt=\"detox tea th\u00e9 infusion minceur drainant bio tisane amaigrissante perte de poid bruleur de graisse\" src=\"https:\/\/m.media-amazon.com\/images\/S\/aplus-media\/sc\/b2791165-ab39-4e7c-99b4-80681a8b6853.__CR0,0,970,600_PT0_SX970_V1___.png\">                                                                    <\/p>\n<h3 class=\"a-spacing-mini\"> 3 fa\u00e7ons super faciles et d\u00e9licieuses de le consommer:  <\/h3>\n<p>                                          <img decoding=\"async\" alt=\"detox tea th\u00e9 infusion minceur drainant bio tisane amaigrissante perte de poid bruleur de graisse\" src=\"https:\/\/images-na.ssl-images-amazon.com\/images\/G\/01\/x-locale\/common\/grey-pixel.gif\" class=\"a-spacing-base a-lazy-loaded\" data-src=\"https:\/\/m.media-amazon.com\/images\/S\/aplus-media\/sc\/5bf19410-75e6-4061-b0b6-49eaf467927d.__CR0,0,970,600_PT0_SX970_V1___.png\"><img decoding=\"async\" alt=\"detox tea th\u00e9 infusion minceur drainant bio tisane amaigrissante perte de poid bruleur de graisse\" src=\"https:\/\/m.media-amazon.com\/images\/S\/aplus-media\/sc\/5bf19410-75e6-4061-b0b6-49eaf467927d.__CR0,0,970,600_PT0_SX970_V1___.png\">                                                                    <\/p>\n<p>                         Add To Basket  <\/p>\n<p>                         Add To Basket  <\/p>\n<p>                         Add To Basket  <\/p>\n<p>                         Add To Basket  <\/p>\n<p>                         Add To Basket  <\/p>\n<p>                             Customer Reviews  <\/p>\n<p>                    3.5 out of 5 stars  30  <\/p>\n<p>                    4.0 out of 5 stars  433  <\/p>\n<p>                    3.9 out of 5 stars  62  <\/p>\n<p>                    3.9 out of 5 stars  350  <\/p>\n<p>                    3.9 out of 5 stars  39  <\/p>\n<p>                             Price  <\/p>\n<p>                                    \u20ac27.90\u20ac27.90                  \u20ac27.20\u20ac27.20                  \u20ac66.60\u20ac66.60                  \u20ac30.01\u20ac30.01                  \u20ac46.60\u20ac46.60           <\/p>\n<p>                             Remplacement des repas  <\/p>\n<p>                                              \u2713<br \/>\n                                                          no data<\/p>\n<p>                                              \u2713<br \/>\n                                                          no data<\/p>\n<p>                                              \u2713<\/p>\n<p>                             Promouvoir la gestion du poids<br \/>\n                                \u00c9l\u00e8ve                \u00c9l\u00e8ve                \u00c9l\u00e8ve                Moyen               \u00c9l\u00e8ve            <\/p>\n<p>                             Booster l\u2019\u00e9nergie  <\/p>\n<p>                                              \u2713<\/p>\n<p>                                              \u2713<\/p>\n<p>                                              \u2713<\/p>\n<p>                                              \u2713<\/p>\n<p>                                              \u2713<\/p>\n<p>                             Ingr\u00e9dients de haute qualit\u00e9  <\/p>\n<p>                                              \u2713<\/p>\n<p>                                              \u2713<\/p>\n<p>                                              \u2713<\/p>\n<p>                                              \u2713<\/p>\n<p>                                              \u2713<\/p>\n<p>                             D\u00e9tox frofond du corps<br \/>\n                                Faible               Moyen               Moyen               \u00c9l\u00e8ve                \u00c9l\u00e8ve            <\/p>\n<p>                             R\u00e9duire l\u2019apport en calories  <\/p>\n<p>                                              \u2713<\/p>\n<p>                                              \u2713<\/p>\n<p>                                              \u2713<br \/>\n                                                          no data<\/p>\n<p>                                              \u2713<\/p>\n<p>                             Aide \u00e0 diminuer les ballonnements du ventre<br \/>\n                                  no data<\/p>\n<p>                                              \u2713<\/p>\n<p>                                              \u2713<\/p>\n<p>                                              \u2713<\/p>\n<p>                                              \u2713<\/p>\n<p>                             D\u00e9blayer la peau<br \/>\n                                  no data<br \/>\n                                                              no data<br \/>\n                                                              no data<\/p>\n<p>                                              \u2713<\/p>\n<p>                                              \u2713<\/p>\n<p> Item Weight                                            \u200f                                            :                                            \u200e                                            210 g   <br \/> Manufacturer                                            \u200f                                            :                                            \u200e                                            ATOP LLC   <br \/> ASIN                                            \u200f                                            :                                            \u200e                                            B089DJG7CR   <br \/> Manufacturer reference                                            \u200f                                            :                                            \u200e                                            5   <br \/>  Customer reviews:                                                                                            3.5               3.5 out of 5 stars                                  (30)                                              var dpAcrHasRegisteredArcLinkClickAction;                    P.when(&#8216;A&#8217;, &#8216;ready&#8217;).execute(function(A) {                        if (dpAcrHasRegisteredArcLinkClickAction !== true) {                            dpAcrHasRegisteredArcLinkClickAction = true;                            A.declarative(                                &#8216;acrLink-click-metrics&#8217;, &#8216;click&#8217;,                                { &#8220;allowLinkDefault&#8221;: true },                                function (event) {                                    if (window.ue) {                                        ue.count(&#8220;acrLinkClickCount&#8221;, (ue.count(&#8220;acrLinkClickCount&#8221;) || 0) + 1);                                    }                                }                            );                        }                    });                                             P.when(&#8216;A&#8217;, &#8216;cf&#8217;).execute(function(A) {                A.declarative(&#8216;acrStarsLink-click-metrics&#8217;, &#8216;click&#8217;, { &#8220;allowLinkDefault&#8221; : true },  function(event){                    if(window.ue) {                        ue.count(&#8220;acrStarsLinkWithPopoverClickCount&#8221;, (ue.count(&#8220;acrStarsLinkWithPopoverClickCount&#8221;) || 0) + 1);                    }                });            });                          <br \/>\ud83d\udd25 COMES WITH A COMPLIMENT &#8211; Food Plan &#8211; Created by a professional nutritionist. SlimFit Superfood support for maximum results. More than 25 recipes for a diet and detox<br \/>\ud83d\udd25 SUPERFOOD MEAL REPLACEMENT MIX &#8211; SlimFit Superfood is a meal replacement product for weight management that contains 9 superfoods rich in protein, fiber, antioxidants, amino acids, minerals and vitamins<br \/>\ud83d\udd25 HUNGER CUTTER POWDER &#8211; SlimFit Superfood helps in weight management by providing the body with 9 superfoods that are rich in super healthy nutrients, but come with fewer calories than a regular meal<br \/>\ud83d\udd25 HELPS FOOD HABITS &#8211; SlimFit Superfood contains natural ingredients that can positively influence appetite. In addition, the large amount of fiber and protein in SlimFit Superfood help improve the feeling of satiety<br \/>\ud83d\udd25 HELPS OPTIMIZE METABOLIC PROCESSES &#8211; Thanks to green tea, turmeric and pectin, SlimFit Superfood helps stimulate metabolic processes in the body. This effect can help the body process calories in a faster way and further aid weight management<\/p>\n\n","protected":false},"excerpt":{"rendered":"<p> Product Description Nourriture Sensationnelle Amincissante avec 9 Superaliments GESTION DU POIDS Les 9 superaliments aident le corps \u00e0 traiter les calories d\u2019une mani\u00e8re plus rapide et ainsi promouvoir et encourager l\u2019activit\u00e9 m\u00e9tabolique qui est essentielle \u00e0 la gestion du poids. FOURNIT UN META BOOST Gr\u00e2ce aux nombreux ingr\u00e9dients qui stimulent [&hellip;]<\/p>\n","protected":false},"featured_media":21423,"comment_status":"open","ping_status":"closed","template":"","meta":{"_gspb_post_css":"","om_disable_all_campaigns":false,"_monsterinsights_skip_tracking":false,"_monsterinsights_sitenote_active":false,"_monsterinsights_sitenote_note":"","_monsterinsights_sitenote_category":0},"store":[],"product_brand":[],"product_cat":[146],"product_tag":[3606,294,5580,498,5124,214,1021,5578,1757,5577,387,827,5579,497],"class_list":{"0":"post-21422","1":"product","2":"type-product","3":"status-publish","4":"has-post-thumbnail","6":"product_cat-superaliments-verts","7":"product_tag-appetite","8":"product_tag-high","9":"product_tag-kcal","10":"product_tag-loss","11":"product_tag-meal","12":"product_tag-powder","13":"product_tag-protein","14":"product_tag-replacement","15":"product_tag-serving","16":"product_tag-slimfit","17":"product_tag-superfood","18":"product_tag-superfoods","19":"product_tag-suppressant","20":"product_tag-weight","22":"first","23":"instock","24":"shipping-taxable","25":"product-type-external"},"aioseo_notices":[],"jetpack_sharing_enabled":true,"_links":{"self":[{"href":"https:\/\/www.zolattitude.com\/index.php\/wp-json\/wp\/v2\/product\/21422","targetHints":{"allow":["GET"]}}],"collection":[{"href":"https:\/\/www.zolattitude.com\/index.php\/wp-json\/wp\/v2\/product"}],"about":[{"href":"https:\/\/www.zolattitude.com\/index.php\/wp-json\/wp\/v2\/types\/product"}],"replies":[{"embeddable":true,"href":"https:\/\/www.zolattitude.com\/index.php\/wp-json\/wp\/v2\/comments?post=21422"}],"wp:featuredmedia":[{"embeddable":true,"href":"https:\/\/www.zolattitude.com\/index.php\/wp-json\/wp\/v2\/media\/21423"}],"wp:attachment":[{"href":"https:\/\/www.zolattitude.com\/index.php\/wp-json\/wp\/v2\/media?parent=21422"}],"wp:term":[{"taxonomy":"store","embeddable":true,"href":"https:\/\/www.zolattitude.com\/index.php\/wp-json\/wp\/v2\/store?post=21422"},{"taxonomy":"product_brand","embeddable":true,"href":"https:\/\/www.zolattitude.com\/index.php\/wp-json\/wp\/v2\/product_brand?post=21422"},{"taxonomy":"product_cat","embeddable":true,"href":"https:\/\/www.zolattitude.com\/index.php\/wp-json\/wp\/v2\/product_cat?post=21422"},{"taxonomy":"product_tag","embeddable":true,"href":"https:\/\/www.zolattitude.com\/index.php\/wp-json\/wp\/v2\/product_tag?post=21422"}],"curies":[{"name":"wp","href":"https:\/\/api.w.org\/{rel}","templated":true}]}}