{"id":21473,"date":"2026-02-15T21:00:33","date_gmt":"2026-02-15T21:00:33","guid":{"rendered":"https:\/\/www.zolattitude.com\/index.php\/product\/dog-joint-120-treats-for-dogs-and-cats-with-glucosamine-chondroitin-msm-hyaluronic-acid-and-turmeric-hip-and-joint-complex-all-sizes-and-breeds-bone-shape\/"},"modified":"2026-02-15T21:00:41","modified_gmt":"2026-02-15T21:00:41","slug":"dog-joint-120-treats-for-dogs-and-cats-with-glucosamine-chondroitin-msm-hyaluronic-acid-and-turmeric-hip-and-joint-complex-all-sizes-and-breeds-bone-shape","status":"publish","type":"product","link":"https:\/\/www.zolattitude.com\/index.php\/product\/dog-joint-120-treats-for-dogs-and-cats-with-glucosamine-chondroitin-msm-hyaluronic-acid-and-turmeric-hip-and-joint-complex-all-sizes-and-breeds-bone-shape\/","title":{"rendered":"Dog Joint 120 Treats for Dogs and Cats with Glucosamine Chondroitin MSM Hyaluronic Acid and Turmeric Hip and Joint Complex, All Sizes and Breeds, Bone Shape"},"content":{"rendered":"<p>Price: <span style=\"color:#b12704\">\u20ac27.99<\/span><br \/><i><small>(as of Feb 15, 2026 21:00:33 UTC &#8211; <span class=\"wp_automatic_amazon_disclaimer\" title=\"Product prices and availability are accurate as of the date\/time indicated and are subject to change. Any price and availability information displayed on [relevant Amazon Site(s), as applicable] at the time of purchase will apply to the purchase of this product.\">Details<\/span>)<\/small><\/i><br \/><a href=\"https:\/\/amazon.fr\/dp\/B0F63JC3Z8?tag=onamzmoukoubl-21\"><img decoding=\"async\" src=\"https:\/\/valvepress.s3.amazonaws.com\/imgs\/buy_now.png\"><\/a><br \/>\n<\/p>\n<p>                                             From the brand   <\/p>\n<p>                                              <img decoding=\"async\" alt=\"le jeu, empreintes de pattes, animaux, empreintes de pattes\" src=\"https:\/\/images-na.ssl-images-amazon.com\/images\/G\/01\/x-locale\/common\/grey-pixel.gif\" class=\"a-lazy-loaded\" data-src=\"https:\/\/m.media-amazon.com\/images\/S\/aplus-media-library-service-media\/c684f49a-4f0e-423d-ac73-1c016d597962.__CR0,0,2499,1067_PT0_SX1464_V1___.jpg\"><img decoding=\"async\" alt=\"le jeu, empreintes de pattes, animaux, empreintes de pattes\" src=\"https:\/\/m.media-amazon.com\/images\/S\/aplus-media-library-service-media\/c684f49a-4f0e-423d-ac73-1c016d597962.__CR0,0,2499,1067_PT0_SX1464_V1___.jpg\">  <\/p>\n<p>                                              <img decoding=\"async\" alt=\"sur le produit Animigo pour animaux de compagnie. Le texte explique l&amp;#39;engagement de l&amp;#39;entreprise en faveur de la sant\u00e9 des animaux de compagnie, en proposant des suppl\u00e9ments naturels et des accessoires d\u00e9velopp\u00e9s par des amoureux des animaux.\" src=\"https:\/\/images-na.ssl-images-amazon.com\/images\/G\/01\/x-locale\/common\/grey-pixel.gif\" class=\"a-lazy-loaded\" data-src=\"https:\/\/m.media-amazon.com\/images\/S\/aplus-media-library-service-media\/ca32e26f-2f31-4991-8665-35455e89b74b.__CR0,0,800,1001_PT0_SX362_V1___.jpg\"><img decoding=\"async\" alt=\"sur le produit Animigo pour animaux de compagnie. Le texte explique l&amp;#39;engagement de l&amp;#39;entreprise en faveur de la sant\u00e9 des animaux de compagnie, en proposant des suppl\u00e9ments naturels et des accessoires d\u00e9velopp\u00e9s par des amoureux des animaux.\" src=\"https:\/\/m.media-amazon.com\/images\/S\/aplus-media-library-service-media\/ca32e26f-2f31-4991-8665-35455e89b74b.__CR0,0,800,1001_PT0_SX362_V1___.jpg\">  <\/p>\n<h3> NOS MEILLEURS PRODUITS <\/h3>\n<p class=\"apm-brand-story-stores-link\">\n<p>                                              <img decoding=\"async\" alt=\"un chien et un chat couch\u00e9s sur l&amp;#39;herbe\" src=\"https:\/\/images-na.ssl-images-amazon.com\/images\/G\/01\/x-locale\/common\/grey-pixel.gif\" class=\"a-lazy-loaded\" data-src=\"https:\/\/m.media-amazon.com\/images\/S\/aplus-media-library-service-media\/997a412b-65a4-4a1a-a041-de60134c7fa1.__CR0,0,800,1001_PT0_SX362_V1___.jpg\"><img decoding=\"async\" alt=\"un chien et un chat couch\u00e9s sur l&amp;#39;herbe\" src=\"https:\/\/m.media-amazon.com\/images\/S\/aplus-media-library-service-media\/997a412b-65a4-4a1a-a041-de60134c7fa1.__CR0,0,800,1001_PT0_SX362_V1___.jpg\">  <\/p>\n<h3> TOILETTAGE <\/h3>\n<p class=\"apm-brand-story-stores-link\">\n<p>                                              <img decoding=\"async\" alt=\"un collage de diff\u00e9rents chiens et chats.\" src=\"https:\/\/images-na.ssl-images-amazon.com\/images\/G\/01\/x-locale\/common\/grey-pixel.gif\" class=\"a-lazy-loaded\" data-src=\"https:\/\/m.media-amazon.com\/images\/S\/aplus-media-library-service-media\/f6b5ece4-eaab-4413-9637-aa0fe66bcb1c.__CR0,0,800,1001_PT0_SX362_V1___.jpg\"><img decoding=\"async\" alt=\"un collage de diff\u00e9rents chiens et chats.\" src=\"https:\/\/m.media-amazon.com\/images\/S\/aplus-media-library-service-media\/f6b5ece4-eaab-4413-9637-aa0fe66bcb1c.__CR0,0,800,1001_PT0_SX362_V1___.jpg\">  <\/p>\n<h3> ACCESSOIRES <\/h3>\n<p class=\"apm-brand-story-stores-link\">\n<p>                                              <img decoding=\"async\" alt=\"une affiche pr\u00e9sentant les diff\u00e9rents types d&amp;#39;animaux\" src=\"https:\/\/images-na.ssl-images-amazon.com\/images\/G\/01\/x-locale\/common\/grey-pixel.gif\" class=\"a-lazy-loaded\" data-src=\"https:\/\/m.media-amazon.com\/images\/S\/aplus-media-library-service-media\/3f6832b1-d55e-4a9f-99f3-b7ab9759dd27.__CR0,0,800,1001_PT0_SX362_V1___.jpg\"><img decoding=\"async\" alt=\"une affiche pr\u00e9sentant les diff\u00e9rents types d&amp;#39;animaux\" src=\"https:\/\/m.media-amazon.com\/images\/S\/aplus-media-library-service-media\/3f6832b1-d55e-4a9f-99f3-b7ab9759dd27.__CR0,0,800,1001_PT0_SX362_V1___.jpg\">  <\/p>\n<h3> CONTRE LES PUCES ET LES TIQUES <\/h3>\n<p class=\"apm-brand-story-stores-link\">\n<p>                                              <img decoding=\"async\" alt=\"une pancarte avec la photo d&amp;#39;une personne avec un chien et un chat.\" src=\"https:\/\/images-na.ssl-images-amazon.com\/images\/G\/01\/x-locale\/common\/grey-pixel.gif\" class=\"a-lazy-loaded\" data-src=\"https:\/\/m.media-amazon.com\/images\/S\/aplus-media-library-service-media\/98eb1ff3-eade-4b7f-9e6b-2f2a0a6b5e83.__CR0,0,800,1001_PT0_SX362_V1___.jpg\"><img decoding=\"async\" alt=\"une pancarte avec la photo d&amp;#39;une personne avec un chien et un chat.\" src=\"https:\/\/m.media-amazon.com\/images\/S\/aplus-media-library-service-media\/98eb1ff3-eade-4b7f-9e6b-2f2a0a6b5e83.__CR0,0,800,1001_PT0_SX362_V1___.jpg\">  <\/p>\n<h3> POUR LA SANT\u00c9 <\/h3>\n<p class=\"apm-brand-story-stores-link\">\n<p>                                              <img decoding=\"async\" alt=\"pour la campagne fran\u00e7aise pour les droits des animaux\" src=\"https:\/\/images-na.ssl-images-amazon.com\/images\/G\/01\/x-locale\/common\/grey-pixel.gif\" class=\"a-lazy-loaded\" data-src=\"https:\/\/m.media-amazon.com\/images\/S\/aplus-media-library-service-media\/c022fd97-9492-4473-8b75-da07fdf3ac9c.__CR0,0,800,1001_PT0_SX362_V1___.jpg\"><img decoding=\"async\" alt=\"pour la campagne fran\u00e7aise pour les droits des animaux\" src=\"https:\/\/m.media-amazon.com\/images\/S\/aplus-media-library-service-media\/c022fd97-9492-4473-8b75-da07fdf3ac9c.__CR0,0,800,1001_PT0_SX362_V1___.jpg\">  <\/p>\n<p>Dog and Cat Joint &#8211; This 6-in-1 supplement for dogs and cats is formulated from a blend of ingredients, such as glucosamine, chondroitin, (glucosamine chondroitin dog), MSM, hyaluronic acid, turmeric powder and cinnamon powder, each selected for its unique properties and natural composition.<br \/>Treats suitable for dogs and cats, for cats and small dogs up to 10 kg, 1 treat per day is recommended. Medium cats and dogs, between 10 kg and 30 kg, can receive 2 treats per day. For large dogs and cats over 30 kg, 3 daily treats are recommended.<br \/>Convenient to administer &#8211; These tasty tasting dog and cat treats, enriched with glucosamine chondroitin for dogs, MSM and turmeric for dogs and cats, can be used as treats during training, play or complicity moments. Their soft texture and small size make them convenient to give by hand.<br \/>PRE-DOSED &#038; READY FORM &#8211; Glucosamine Chondroitin Dog &#038; Cat Treats are designed for simple everyday use. Owners can easily handle a regular distribution without the need to measure or prepare, and their playful bone shape brings a fun twist.<br \/>About Animigo &#8211; Pets play a vital role in human life. They are part of the family. That&#8217;s why Animigo is dedicated to developing a range of skincare and products enriched with natural ingredients, specifically tailored to the needs of our four-legged friends.<\/p>\n\n","protected":false},"excerpt":{"rendered":"<p> From the brand NOS MEILLEURS PRODUITS TOILETTAGE ACCESSOIRES CONTRE LES PUCES ET LES TIQUES POUR LA SANT\u00c9 Dog and Cat Joint &#8211; This 6-in-1 supplement for dogs and cats is formulated from a blend of ingredients, such as glucosamine, chondroitin, (glucosamine chondroitin dog), MSM, hyaluronic acid, turmeric powder and cinnamon [&hellip;]<\/p>\n","protected":false},"featured_media":21474,"comment_status":"open","ping_status":"closed","template":"","meta":{"_gspb_post_css":"","om_disable_all_campaigns":false,"_monsterinsights_skip_tracking":false,"_monsterinsights_sitenote_active":false,"_monsterinsights_sitenote_note":"","_monsterinsights_sitenote_category":0},"store":[],"product_brand":[],"product_cat":[138],"product_tag":[188,993,4296,3373,1440,173,4508,3372,1439,5585,187,244,205,2854,5586,5584,935],"class_list":{"0":"post-21473","1":"product","2":"type-product","3":"status-publish","4":"has-post-thumbnail","6":"product_cat-acide-hyaluronique-msm","7":"product_tag-acid","8":"product_tag-bone","9":"product_tag-breeds","10":"product_tag-cats","11":"product_tag-chondroitin","12":"product_tag-complex","13":"product_tag-dog","14":"product_tag-dogs","15":"product_tag-glucosamine","16":"product_tag-hip","17":"product_tag-hyaluronic","18":"product_tag-joint","19":"product_tag-msm","20":"product_tag-shape","21":"product_tag-sizes","22":"product_tag-treats","23":"product_tag-turmeric","25":"first","26":"instock","27":"shipping-taxable","28":"product-type-external"},"aioseo_notices":[],"jetpack_sharing_enabled":true,"_links":{"self":[{"href":"https:\/\/www.zolattitude.com\/index.php\/wp-json\/wp\/v2\/product\/21473","targetHints":{"allow":["GET"]}}],"collection":[{"href":"https:\/\/www.zolattitude.com\/index.php\/wp-json\/wp\/v2\/product"}],"about":[{"href":"https:\/\/www.zolattitude.com\/index.php\/wp-json\/wp\/v2\/types\/product"}],"replies":[{"embeddable":true,"href":"https:\/\/www.zolattitude.com\/index.php\/wp-json\/wp\/v2\/comments?post=21473"}],"wp:featuredmedia":[{"embeddable":true,"href":"https:\/\/www.zolattitude.com\/index.php\/wp-json\/wp\/v2\/media\/21474"}],"wp:attachment":[{"href":"https:\/\/www.zolattitude.com\/index.php\/wp-json\/wp\/v2\/media?parent=21473"}],"wp:term":[{"taxonomy":"store","embeddable":true,"href":"https:\/\/www.zolattitude.com\/index.php\/wp-json\/wp\/v2\/store?post=21473"},{"taxonomy":"product_brand","embeddable":true,"href":"https:\/\/www.zolattitude.com\/index.php\/wp-json\/wp\/v2\/product_brand?post=21473"},{"taxonomy":"product_cat","embeddable":true,"href":"https:\/\/www.zolattitude.com\/index.php\/wp-json\/wp\/v2\/product_cat?post=21473"},{"taxonomy":"product_tag","embeddable":true,"href":"https:\/\/www.zolattitude.com\/index.php\/wp-json\/wp\/v2\/product_tag?post=21473"}],"curies":[{"name":"wp","href":"https:\/\/api.w.org\/{rel}","templated":true}]}}