{"id":21520,"date":"2026-02-15T23:42:28","date_gmt":"2026-02-15T23:42:28","guid":{"rendered":"https:\/\/www.zolattitude.com\/index.php\/product\/bacopa-monnieri-organic-vegavero-180-tablets-nootropic-memory-focus-unique-brahmi-biological-with-bacosides-vegan\/"},"modified":"2026-02-15T23:42:38","modified_gmt":"2026-02-15T23:42:38","slug":"bacopa-monnieri-organic-vegavero-180-tablets-nootropic-memory-focus-unique-brahmi-biological-with-bacosides-vegan","status":"publish","type":"product","link":"https:\/\/www.zolattitude.com\/index.php\/product\/bacopa-monnieri-organic-vegavero-180-tablets-nootropic-memory-focus-unique-brahmi-biological-with-bacosides-vegan\/","title":{"rendered":"Bacopa Monnieri Organic Vegavero | 180 Tablets | Nootropic: Memory + Focus | Unique: Brahmi BIOLOGICAL With Bacosides | Vegan"},"content":{"rendered":"<p>Price: <span style=\"color:#b12704\">\u20ac21.90<\/span><br \/><i><small>(as of Feb 15, 2026 23:42:28 UTC &#8211; <span class=\"wp_automatic_amazon_disclaimer\" title=\"Product prices and availability are accurate as of the date\/time indicated and are subject to change. Any price and availability information displayed on [relevant Amazon Site(s), as applicable] at the time of purchase will apply to the purchase of this product.\">Details<\/span>)<\/small><\/i><br \/><a href=\"https:\/\/amazon.fr\/dp\/B096W54FGM?tag=onamzmoukoubl-21\"><img decoding=\"async\" src=\"https:\/\/valvepress.s3.amazonaws.com\/imgs\/buy_now.png\"><\/a><br \/>\n<\/p>\n<p>                                             From the brand   <\/p>\n<p>                                              <img decoding=\"async\" alt=\"un fond vert avec un motif de feuilles\" src=\"https:\/\/images-na.ssl-images-amazon.com\/images\/G\/01\/x-locale\/common\/grey-pixel.gif\" class=\"a-lazy-loaded\" data-src=\"https:\/\/m.media-amazon.com\/images\/S\/aplus-media-library-service-media\/33a0ea18-ebe0-4525-9252-2ce7bf414aa2.__CR0,0,4066,1736_PT0_SX1464_V1___.jpg\"><img decoding=\"async\" alt=\"un fond vert avec un motif de feuilles\" src=\"https:\/\/m.media-amazon.com\/images\/S\/aplus-media-library-service-media\/33a0ea18-ebe0-4525-9252-2ce7bf414aa2.__CR0,0,4066,1736_PT0_SX1464_V1___.jpg\">  <\/p>\n<p>                                              <img decoding=\"async\" alt=\"Photo de groupe de diverses personnes portant des chemises blanches et des jeans, assises et debout ensemble. Le texte en fran\u00e7ais d\u00e9crit une entreprise fond\u00e9e en 2014.\" src=\"https:\/\/images-na.ssl-images-amazon.com\/images\/G\/01\/x-locale\/common\/grey-pixel.gif\" class=\"a-lazy-loaded\" data-src=\"https:\/\/m.media-amazon.com\/images\/S\/aplus-media-library-service-media\/78ec1f31-58ae-4192-ae5c-2d1cf9bba07a.__CR0,0,1005,1258_PT0_SX362_V1___.jpg\"><img decoding=\"async\" alt=\"Photo de groupe de diverses personnes portant des chemises blanches et des jeans, assises et debout ensemble. Le texte en fran\u00e7ais d\u00e9crit une entreprise fond\u00e9e en 2014.\" src=\"https:\/\/m.media-amazon.com\/images\/S\/aplus-media-library-service-media\/78ec1f31-58ae-4192-ae5c-2d1cf9bba07a.__CR0,0,1005,1258_PT0_SX362_V1___.jpg\">  <\/p>\n<h3> Visiter le shop Vegavero <\/h3>\n<p class=\"apm-brand-story-stores-link\">\n<p>                                              <img decoding=\"async\" alt=\"Mains tenant de la terre avec de petites plantes en train de germer, superpos\u00e9es d&amp;#39;\u00e9l\u00e9ments v\u00e9g\u00e9taux illustr\u00e9s color\u00e9s et de formes abstraites sur fond brun\" src=\"https:\/\/images-na.ssl-images-amazon.com\/images\/G\/01\/x-locale\/common\/grey-pixel.gif\" class=\"a-lazy-loaded\" data-src=\"https:\/\/m.media-amazon.com\/images\/S\/aplus-media-library-service-media\/46ba08cd-b7ea-42b4-93c0-a82a21d70b52.__CR0,0,1005,1258_PT0_SX362_V1___.jpg\"><img decoding=\"async\" alt=\"Mains tenant de la terre avec de petites plantes en train de germer, superpos\u00e9es d&amp;#39;\u00e9l\u00e9ments v\u00e9g\u00e9taux illustr\u00e9s color\u00e9s et de formes abstraites sur fond brun\" src=\"https:\/\/m.media-amazon.com\/images\/S\/aplus-media-library-service-media\/46ba08cd-b7ea-42b4-93c0-a82a21d70b52.__CR0,0,1005,1258_PT0_SX362_V1___.jpg\">  <\/p>\n<p>                                              <img decoding=\"async\" alt=\"Texte vert \u00ab de la nature \u00bb au-dessus du paragraphe fran\u00e7ais d\u00e9crivant les compl\u00e9ments alimentaires naturels et la composition des produits v\u00e9g\u00e9taliens\" src=\"https:\/\/images-na.ssl-images-amazon.com\/images\/G\/01\/x-locale\/common\/grey-pixel.gif\" class=\"a-lazy-loaded\" data-src=\"https:\/\/m.media-amazon.com\/images\/S\/aplus-media-library-service-media\/12458659-925d-47ed-9741-1f3cf7073415.__CR0,0,1005,1258_PT0_SX362_V1___.jpg\"><img decoding=\"async\" alt=\"Texte vert \u00ab de la nature \u00bb au-dessus du paragraphe fran\u00e7ais d\u00e9crivant les compl\u00e9ments alimentaires naturels et la composition des produits v\u00e9g\u00e9taliens\" src=\"https:\/\/m.media-amazon.com\/images\/S\/aplus-media-library-service-media\/12458659-925d-47ed-9741-1f3cf7073415.__CR0,0,1005,1258_PT0_SX362_V1___.jpg\">  <\/p>\n<p>                                              <img decoding=\"async\" alt=\"Arrangement floral en forme de c\u0153ur sur fond rose. Un assortiment de plantes succulentes, de fleurs et de feuillages cr\u00e9e un affichage tridimensionnel color\u00e9 avec des \u00e9l\u00e9ments lin\u00e9aires d\u00e9coratifs\" src=\"https:\/\/images-na.ssl-images-amazon.com\/images\/G\/01\/x-locale\/common\/grey-pixel.gif\" class=\"a-lazy-loaded\" data-src=\"https:\/\/m.media-amazon.com\/images\/S\/aplus-media-library-service-media\/8aaf2668-ae55-4db8-b362-eaacd7833750.__CR0,0,1005,1258_PT0_SX362_V1___.jpg\"><img decoding=\"async\" alt=\"Arrangement floral en forme de c\u0153ur sur fond rose. Un assortiment de plantes succulentes, de fleurs et de feuillages cr\u00e9e un affichage tridimensionnel color\u00e9 avec des \u00e9l\u00e9ments lin\u00e9aires d\u00e9coratifs\" src=\"https:\/\/m.media-amazon.com\/images\/S\/aplus-media-library-service-media\/8aaf2668-ae55-4db8-b362-eaacd7833750.__CR0,0,1005,1258_PT0_SX362_V1___.jpg\">  <\/p>\n<p>                                              <img decoding=\"async\" alt=\"ff\" src=\"https:\/\/images-na.ssl-images-amazon.com\/images\/G\/01\/x-locale\/common\/grey-pixel.gif\" class=\"a-lazy-loaded\" data-src=\"https:\/\/m.media-amazon.com\/images\/S\/aplus-media-library-service-media\/e0bf7efc-974d-41a4-8018-8ff0b27a685b.__CR0,0,1005,1258_PT0_SX362_V1___.jpg\"><img decoding=\"async\" alt=\"ff\" src=\"https:\/\/m.media-amazon.com\/images\/S\/aplus-media-library-service-media\/e0bf7efc-974d-41a4-8018-8ff0b27a685b.__CR0,0,1005,1258_PT0_SX362_V1___.jpg\">  <\/p>\n<p>                                              <img decoding=\"async\" alt=\"quelques vases avec des fleurs\" src=\"https:\/\/images-na.ssl-images-amazon.com\/images\/G\/01\/x-locale\/common\/grey-pixel.gif\" class=\"a-lazy-loaded\" data-src=\"https:\/\/m.media-amazon.com\/images\/S\/aplus-media-library-service-media\/b82c0797-d7df-4a0e-8dee-5cb5c4a59bc7.__CR0,0,1005,1258_PT0_SX362_V1___.jpg\"><img decoding=\"async\" alt=\"quelques vases avec des fleurs\" src=\"https:\/\/m.media-amazon.com\/images\/S\/aplus-media-library-service-media\/b82c0797-d7df-4a0e-8dee-5cb5c4a59bc7.__CR0,0,1005,1258_PT0_SX362_V1___.jpg\">  <\/p>\n<p>                                              <img decoding=\"async\" alt=\"Texte vert \u00ab pour vous \u00bb au-dessus du paragraphe fran\u00e7ais d\u00e9crivant l&amp;#39;approche de d\u00e9veloppement des produits, le service client et les mesures de contr\u00f4le qualit\u00e9\" src=\"https:\/\/images-na.ssl-images-amazon.com\/images\/G\/01\/x-locale\/common\/grey-pixel.gif\" class=\"a-lazy-loaded\" data-src=\"https:\/\/m.media-amazon.com\/images\/S\/aplus-media-library-service-media\/b53e71c1-dab4-43ee-be96-1fa3c130ef44.__CR0,0,1005,1258_PT0_SX362_V1___.jpg\"><img decoding=\"async\" alt=\"Texte vert \u00ab pour vous \u00bb au-dessus du paragraphe fran\u00e7ais d\u00e9crivant l&amp;#39;approche de d\u00e9veloppement des produits, le service client et les mesures de contr\u00f4le qualit\u00e9\" src=\"https:\/\/m.media-amazon.com\/images\/S\/aplus-media-library-service-media\/b53e71c1-dab4-43ee-be96-1fa3c130ef44.__CR0,0,1005,1258_PT0_SX362_V1___.jpg\">  <\/p>\n<p> Is discontinued by manufacturer                                            \u200f                                            :                                            \u200e                                            No   <br \/> Product Dimensions                                            \u200f                                            :                                            \u200e                                            7 x 7 x 12 cm; 215 g   <br \/> Manufacturer                                            \u200f                                            :                                            \u200e                                            B096W54FGM   <br \/> ASIN                                            \u200f                                            :                                            \u200e                                            B096W54FGM   <br \/> Manufacturer reference                                            \u200f                                            :                                            \u200e                                            VV-VITA-250   <br \/> Country of origin                                            \u200f                                            :                                            \u200e                                            Germany   <br \/>  Customer reviews:                                                                                            4.3               4.3 out of 5 stars                                  (991)                                              var dpAcrHasRegisteredArcLinkClickAction;                    P.when(&#8216;A&#8217;, &#8216;ready&#8217;).execute(function(A) {                        if (dpAcrHasRegisteredArcLinkClickAction !== true) {                            dpAcrHasRegisteredArcLinkClickAction = true;                            A.declarative(                                &#8216;acrLink-click-metrics&#8217;, &#8216;click&#8217;,                                { &#8220;allowLinkDefault&#8221;: true },                                function (event) {                                    if (window.ue) {                                        ue.count(&#8220;acrLinkClickCount&#8221;, (ue.count(&#8220;acrLinkClickCount&#8221;) || 0) + 1);                                    }                                }                            );                        }                    });                                             P.when(&#8216;A&#8217;, &#8216;cf&#8217;).execute(function(A) {                A.declarative(&#8216;acrStarsLink-click-metrics&#8217;, &#8216;click&#8217;, { &#8220;allowLinkDefault&#8221; : true },  function(event){                    if(window.ue) {                        ue.count(&#8220;acrStarsLinkWithPopoverClickCount&#8221;, (ue.count(&#8220;acrStarsLinkWithPopoverClickCount&#8221;) || 0) + 1);                    }                });            });                          <br \/>ORGANIC QUALITY: Used for centuries in Ayurveda, Brahmi (Bacopa monnieri) is an adaptogene plant and a powerful nootropic, which promotes resistance to stress. As a brain tonic, it helps improve nervous system functions, such as memory, cognition and concentration. Our Bacopa powder comes from organic cultivation in India, cradle of Ayurvedic medicine. This ensures a high quality product without pesticides.<br \/>ORGANIC BRAHMI TABLETS: Our Brahmi tablets each provide a high dose of 750 mg of organic Bacopa monnieri powder, or 1500 mg per daily dose. One of the main bioactive compounds found in Brahmi are bacopasides, a group of saponin triterpenoids linked to bacosides. Our standardized product provides 30 mg of these beneficial bacopasides, ensuring a higher concentration of active ingredients and improved bioavailability.<br \/>LABORATORY TESTED: Unlike many Brami supplements, including capsules, our product is non-GMO and suitable for vegans. To ensure optimal quality, we regularly test our tablets. Per bottle: 180 organic bacopa powder tablets. Recommended dosage: 2 tablets per day (i.e. 3 months supply).<br \/>VEGAVERO ORGANIC: Our Organic line is composed of products containing 100% organic raw materials. Without any chemicals, pesticides, and no genetic modifications. We are convinced that organic raw materials are not only better for our health but also for the environment: protecting groundwater and reducing soil leaching. Vegavero Organic &#8211; for us it means out of love for ourselves and nature.<br \/>Always on your side: Taking care of yourself is part of our philosophy. That is why, in addition to developing supplements adapted to your needs, we are looking for unique formulations in order to obtain the perfect synergy of ingredients and dosages. We are at your disposal to advise and support you in achieving your objectives, to provide you with certificates of analysis of our products and to answer any questions you may have. Contact us!<\/p>\n\n","protected":false},"excerpt":{"rendered":"<p> From the brand Visiter le shop Vegavero Is discontinued by manufacturer \u200f : \u200e No Product Dimensions \u200f : \u200e 7 x 7 x 12 cm; 215 g Manufacturer \u200f : \u200e B096W54FGM ASIN \u200f : \u200e B096W54FGM Manufacturer reference \u200f : \u200e VV-VITA-250 Country of origin \u200f : \u200e [&hellip;]<\/p>\n","protected":false},"featured_media":21521,"comment_status":"open","ping_status":"closed","template":"","meta":{"_gspb_post_css":"","om_disable_all_campaigns":false,"_monsterinsights_skip_tracking":false,"_monsterinsights_sitenote_active":false,"_monsterinsights_sitenote_note":"","_monsterinsights_sitenote_category":0},"store":[],"product_brand":[],"product_cat":[150],"product_tag":[4941,5595,5594,5593,5592,424,4942,3404,238,179,836,261,421],"class_list":{"0":"post-21520","1":"product","2":"type-product","3":"status-publish","4":"has-post-thumbnail","6":"product_cat-anti-stress-adaptogenes","7":"product_tag-bacopa","8":"product_tag-bacosides","9":"product_tag-biological","10":"product_tag-brahmi","11":"product_tag-focus","12":"product_tag-memory","13":"product_tag-monnieri","14":"product_tag-nootropic","15":"product_tag-organic","16":"product_tag-tablets","17":"product_tag-unique","18":"product_tag-vegan","19":"product_tag-vegavero","21":"first","22":"instock","23":"shipping-taxable","24":"product-type-external"},"aioseo_notices":[],"jetpack_sharing_enabled":true,"_links":{"self":[{"href":"https:\/\/www.zolattitude.com\/index.php\/wp-json\/wp\/v2\/product\/21520","targetHints":{"allow":["GET"]}}],"collection":[{"href":"https:\/\/www.zolattitude.com\/index.php\/wp-json\/wp\/v2\/product"}],"about":[{"href":"https:\/\/www.zolattitude.com\/index.php\/wp-json\/wp\/v2\/types\/product"}],"replies":[{"embeddable":true,"href":"https:\/\/www.zolattitude.com\/index.php\/wp-json\/wp\/v2\/comments?post=21520"}],"wp:featuredmedia":[{"embeddable":true,"href":"https:\/\/www.zolattitude.com\/index.php\/wp-json\/wp\/v2\/media\/21521"}],"wp:attachment":[{"href":"https:\/\/www.zolattitude.com\/index.php\/wp-json\/wp\/v2\/media?parent=21520"}],"wp:term":[{"taxonomy":"store","embeddable":true,"href":"https:\/\/www.zolattitude.com\/index.php\/wp-json\/wp\/v2\/store?post=21520"},{"taxonomy":"product_brand","embeddable":true,"href":"https:\/\/www.zolattitude.com\/index.php\/wp-json\/wp\/v2\/product_brand?post=21520"},{"taxonomy":"product_cat","embeddable":true,"href":"https:\/\/www.zolattitude.com\/index.php\/wp-json\/wp\/v2\/product_cat?post=21520"},{"taxonomy":"product_tag","embeddable":true,"href":"https:\/\/www.zolattitude.com\/index.php\/wp-json\/wp\/v2\/product_tag?post=21520"}],"curies":[{"name":"wp","href":"https:\/\/api.w.org\/{rel}","templated":true}]}}