{"id":21539,"date":"2026-02-16T00:10:11","date_gmt":"2026-02-16T00:10:11","guid":{"rendered":"https:\/\/www.zolattitude.com\/index.php\/product\/solgar-spirulina-tone-and-vitality-high-quality-natural-defences-vegan-rich-in-protein-food-supplement-bottle-of-80-capsules\/"},"modified":"2026-02-16T00:10:18","modified_gmt":"2026-02-16T00:10:18","slug":"solgar-spirulina-tone-and-vitality-high-quality-natural-defences-vegan-rich-in-protein-food-supplement-bottle-of-80-capsules","status":"publish","type":"product","link":"https:\/\/www.zolattitude.com\/index.php\/product\/solgar-spirulina-tone-and-vitality-high-quality-natural-defences-vegan-rich-in-protein-food-supplement-bottle-of-80-capsules\/","title":{"rendered":"Solgar Spirulina &#8211; Tone and Vitality &#8211; High Quality &#8211; Natural Defences &#8211; Vegan &#8211; Rich in Protein &#8211; Food Supplement &#8211; Bottle of 80 Capsules"},"content":{"rendered":"<p>Price: <span style=\"color:#b12704\">\u20ac33.70<\/span><br \/><i><small>(as of Feb 16, 2026 00:10:11 UTC &#8211; <span class=\"wp_automatic_amazon_disclaimer\" title=\"Product prices and availability are accurate as of the date\/time indicated and are subject to change. Any price and availability information displayed on [relevant Amazon Site(s), as applicable] at the time of purchase will apply to the purchase of this product.\">Details<\/span>)<\/small><\/i><br \/><a href=\"https:\/\/amazon.fr\/dp\/B0CKFC9HTF?tag=onamzmoukoubl-21\"><img decoding=\"async\" src=\"https:\/\/valvepress.s3.amazonaws.com\/imgs\/buy_now.png\"><\/a><br \/>\n<\/p>\n<p>                                             From the brand   <\/p>\n<p>                                              <img decoding=\"async\" alt=\"aplus content image\" src=\"https:\/\/images-na.ssl-images-amazon.com\/images\/G\/01\/x-locale\/common\/grey-pixel.gif\" class=\"a-lazy-loaded\" data-src=\"https:\/\/m.media-amazon.com\/images\/S\/aplus-media-library-service-media\/f33fde29-403a-40e2-b513-b0af72e13597.__CR0,1,2167,925_PT0_SX1464_V1___.png\"><img decoding=\"async\" alt=\"aplus content image\" src=\"https:\/\/m.media-amazon.com\/images\/S\/aplus-media-library-service-media\/f33fde29-403a-40e2-b513-b0af72e13597.__CR0,1,2167,925_PT0_SX1464_V1___.png\">  <\/p>\n<p>                                              <img decoding=\"async\" alt=\"Le texte indique \u00ab SOLGAR \u00bb et \u00ab Find your gold \u00bb. Publicit\u00e9 de produit montrant une bouteille de suppl\u00e9ment \u00e0 bouchon dor\u00e9 sur fond blanc avec des images dynamiques de style de vie.\" src=\"https:\/\/images-na.ssl-images-amazon.com\/images\/G\/01\/x-locale\/common\/grey-pixel.gif\" class=\"a-lazy-loaded\" data-src=\"https:\/\/m.media-amazon.com\/images\/S\/aplus-media-library-service-media\/6401cf44-0859-46df-bbaa-3c201d821a33.__CR0,154,600,751_PT0_SX362_V1___.jpg\"><img decoding=\"async\" alt=\"Le texte indique \u00ab SOLGAR \u00bb et \u00ab Find your gold \u00bb. Publicit\u00e9 de produit montrant une bouteille de suppl\u00e9ment \u00e0 bouchon dor\u00e9 sur fond blanc avec des images dynamiques de style de vie.\" src=\"https:\/\/m.media-amazon.com\/images\/S\/aplus-media-library-service-media\/6401cf44-0859-46df-bbaa-3c201d821a33.__CR0,154,600,751_PT0_SX362_V1___.jpg\">  <\/p>\n<p>                                              <img decoding=\"async\" alt=\"Le texte indique \u00ab Trouvez votre or \u00bb et \u00ab STANDARD \u00bb. Photo du produit de pots dor\u00e9s avec une marque minimaliste sur fond blanc.\" src=\"https:\/\/images-na.ssl-images-amazon.com\/images\/G\/01\/x-locale\/common\/grey-pixel.gif\" class=\"a-lazy-loaded\" data-src=\"https:\/\/m.media-amazon.com\/images\/S\/aplus-media-library-service-media\/f8951a67-d3a9-4b02-885d-abc268157e08.__CR0,65,600,751_PT0_SX362_V1___.jpg\"><img decoding=\"async\" alt=\"Le texte indique \u00ab Trouvez votre or \u00bb et \u00ab STANDARD \u00bb. Photo du produit de pots dor\u00e9s avec une marque minimaliste sur fond blanc.\" src=\"https:\/\/m.media-amazon.com\/images\/S\/aplus-media-library-service-media\/f8951a67-d3a9-4b02-885d-abc268157e08.__CR0,65,600,751_PT0_SX362_V1___.jpg\">  <\/p>\n<p>                                              <img decoding=\"async\" alt=\"aplus content image\" src=\"https:\/\/images-na.ssl-images-amazon.com\/images\/G\/01\/x-locale\/common\/grey-pixel.gif\" class=\"a-lazy-loaded\" data-src=\"https:\/\/m.media-amazon.com\/images\/S\/aplus-media-library-service-media\/0e3d17e5-7268-4f92-89de-ab62fa6e5022.__CR0,79,600,751_PT0_SX362_V1___.jpg\"><img decoding=\"async\" alt=\"aplus content image\" src=\"https:\/\/m.media-amazon.com\/images\/S\/aplus-media-library-service-media\/0e3d17e5-7268-4f92-89de-ab62fa6e5022.__CR0,79,600,751_PT0_SX362_V1___.jpg\">  <\/p>\n<p>                                              <img decoding=\"async\" alt=\"aplus content image\" src=\"https:\/\/images-na.ssl-images-amazon.com\/images\/G\/01\/x-locale\/common\/grey-pixel.gif\" class=\"a-lazy-loaded\" data-src=\"https:\/\/m.media-amazon.com\/images\/S\/aplus-media-library-service-media\/fd812552-f357-491c-ae12-29fd7fc66a27.__CR0,130,600,751_PT0_SX362_V1___.jpg\"><img decoding=\"async\" alt=\"aplus content image\" src=\"https:\/\/m.media-amazon.com\/images\/S\/aplus-media-library-service-media\/fd812552-f357-491c-ae12-29fd7fc66a27.__CR0,130,600,751_PT0_SX362_V1___.jpg\">  <\/p>\n<p>                                              <img decoding=\"async\" alt=\"aplus content image\" src=\"https:\/\/images-na.ssl-images-amazon.com\/images\/G\/01\/x-locale\/common\/grey-pixel.gif\" class=\"a-lazy-loaded\" data-src=\"https:\/\/m.media-amazon.com\/images\/S\/aplus-media-library-service-media\/d1218457-ed95-4391-a341-748e2d828ba8.__CR0,219,600,751_PT0_SX362_V1___.jpg\"><img decoding=\"async\" alt=\"aplus content image\" src=\"https:\/\/m.media-amazon.com\/images\/S\/aplus-media-library-service-media\/d1218457-ed95-4391-a341-748e2d828ba8.__CR0,219,600,751_PT0_SX362_V1___.jpg\">  <\/p>\n<p>                                              <img decoding=\"async\" alt=\"aplus content image\" src=\"https:\/\/images-na.ssl-images-amazon.com\/images\/G\/01\/x-locale\/common\/grey-pixel.gif\" class=\"a-lazy-loaded\" data-src=\"https:\/\/m.media-amazon.com\/images\/S\/aplus-media-library-service-media\/d2aeeb9e-a000-4af3-8404-58379a2f51d7.__CR0,110,600,751_PT0_SX362_V1___.jpg\"><img decoding=\"async\" alt=\"aplus content image\" src=\"https:\/\/m.media-amazon.com\/images\/S\/aplus-media-library-service-media\/d2aeeb9e-a000-4af3-8404-58379a2f51d7.__CR0,110,600,751_PT0_SX362_V1___.jpg\">  <\/p>\n<p> Product Dimensions                                            \u200f                                            :                                            \u200e                                            6.2 x 6.2 x 11 cm; 229 g   <br \/> Manufacturer                                            \u200f                                            :                                            \u200e                                            SOLGAR   <br \/> ASIN                                            \u200f                                            :                                            \u200e                                            B0CKFC9HTF   <br \/> Item model number                                            \u200f                                            :                                            \u200e                                            30028   <br \/> Country of origin                                            \u200f                                            :                                            \u200e                                            USA   <br \/>  Customer reviews:                                                                                            4.8               4.8 out of 5 stars                                  (33)                                              var dpAcrHasRegisteredArcLinkClickAction;                    P.when(&#8216;A&#8217;, &#8216;ready&#8217;).execute(function(A) {                        if (dpAcrHasRegisteredArcLinkClickAction !== true) {                            dpAcrHasRegisteredArcLinkClickAction = true;                            A.declarative(                                &#8216;acrLink-click-metrics&#8217;, &#8216;click&#8217;,                                { &#8220;allowLinkDefault&#8221;: true },                                function (event) {                                    if (window.ue) {                                        ue.count(&#8220;acrLinkClickCount&#8221;, (ue.count(&#8220;acrLinkClickCount&#8221;) || 0) + 1);                                    }                                }                            );                        }                    });                                             P.when(&#8216;A&#8217;, &#8216;cf&#8217;).execute(function(A) {                A.declarative(&#8216;acrStarsLink-click-metrics&#8217;, &#8216;click&#8217;, { &#8220;allowLinkDefault&#8221; : true },  function(event){                    if(window.ue) {                        ue.count(&#8220;acrStarsLinkWithPopoverClickCount&#8221;, (ue.count(&#8220;acrStarsLinkWithPopoverClickCount&#8221;) || 0) + 1);                    }                });            });                          <br \/>\u2713 PROTEIN SOURCE &#8211; Spirulina is a micro-algae and an excellent source of complete protein. Spirulina helps improve tone and vitality. It also helps in case of fatigue.<br \/>\u2713 SAFE AND TRANSPARENT FORMULA &#8211; This product is guaranteed to be free from sugar, salt, yeast, wheat, soy, dairy derivatives, artificial colours, artificial flavors, preservatives.<br \/>\u2713 OUR COMMITMENT &#8211; For over 70 years, we have been using amber glass bottles as well as recyclable caps<br \/>\u2713 SOLGAR QUALITY &#8211; For cleaner production and promote your well-being, we manufacture our vitamins and minerals in small batches to help ensure their consistent quality and purity from bottle to bottle<br \/>\u2713 GOLD STANDARDS &#8211; All Solgar products meet the highest manufacturing criteria in the industry, including its own even higher quality standards: &#8220;Gold Standards&#8221;. Our products have been made from innovative ingredients since 1947<\/p>\n\n","protected":false},"excerpt":{"rendered":"<p> From the brand Product Dimensions \u200f : \u200e 6.2 x 6.2 x 11 cm; 229 g Manufacturer \u200f : \u200e SOLGAR ASIN \u200f : \u200e B0CKFC9HTF Item model number \u200f : \u200e 30028 Country of origin \u200f : \u200e USA Customer reviews: 4.8 4.8 out of 5 stars (33) var [&hellip;]<\/p>\n","protected":false},"featured_media":21540,"comment_status":"open","ping_status":"closed","template":"","meta":{"_gspb_post_css":"","om_disable_all_campaigns":false,"_monsterinsights_skip_tracking":false,"_monsterinsights_sitenote_active":false,"_monsterinsights_sitenote_note":"","_monsterinsights_sitenote_category":0},"store":[],"product_brand":[],"product_cat":[146],"product_tag":[1719,198,2027,199,294,260,1021,376,258,2725,338,200,2321,261,793],"class_list":{"0":"post-21539","1":"product","2":"type-product","3":"status-publish","4":"has-post-thumbnail","6":"product_cat-superaliments-verts","7":"product_tag-bottle","8":"product_tag-capsules","9":"product_tag-defences","10":"product_tag-food","11":"product_tag-high","12":"product_tag-natural","13":"product_tag-protein","14":"product_tag-quality","15":"product_tag-rich","16":"product_tag-solgar","17":"product_tag-spirulina","18":"product_tag-supplement","19":"product_tag-tone","20":"product_tag-vegan","21":"product_tag-vitality","23":"first","24":"instock","25":"shipping-taxable","26":"product-type-external"},"aioseo_notices":[],"jetpack_sharing_enabled":true,"_links":{"self":[{"href":"https:\/\/www.zolattitude.com\/index.php\/wp-json\/wp\/v2\/product\/21539","targetHints":{"allow":["GET"]}}],"collection":[{"href":"https:\/\/www.zolattitude.com\/index.php\/wp-json\/wp\/v2\/product"}],"about":[{"href":"https:\/\/www.zolattitude.com\/index.php\/wp-json\/wp\/v2\/types\/product"}],"replies":[{"embeddable":true,"href":"https:\/\/www.zolattitude.com\/index.php\/wp-json\/wp\/v2\/comments?post=21539"}],"wp:featuredmedia":[{"embeddable":true,"href":"https:\/\/www.zolattitude.com\/index.php\/wp-json\/wp\/v2\/media\/21540"}],"wp:attachment":[{"href":"https:\/\/www.zolattitude.com\/index.php\/wp-json\/wp\/v2\/media?parent=21539"}],"wp:term":[{"taxonomy":"store","embeddable":true,"href":"https:\/\/www.zolattitude.com\/index.php\/wp-json\/wp\/v2\/store?post=21539"},{"taxonomy":"product_brand","embeddable":true,"href":"https:\/\/www.zolattitude.com\/index.php\/wp-json\/wp\/v2\/product_brand?post=21539"},{"taxonomy":"product_cat","embeddable":true,"href":"https:\/\/www.zolattitude.com\/index.php\/wp-json\/wp\/v2\/product_cat?post=21539"},{"taxonomy":"product_tag","embeddable":true,"href":"https:\/\/www.zolattitude.com\/index.php\/wp-json\/wp\/v2\/product_tag?post=21539"}],"curies":[{"name":"wp","href":"https:\/\/api.w.org\/{rel}","templated":true}]}}