{"id":21648,"date":"2026-02-17T00:15:30","date_gmt":"2026-02-17T00:15:30","guid":{"rendered":"https:\/\/www.zolattitude.com\/index.php\/product\/calcium-d-glucarate-natural-detoxifier-promotes-liver-health-calcium-d-glucaric-acid-salt-helps-optimize-glucuronidation-vegan-supersmart\/"},"modified":"2026-02-17T00:15:32","modified_gmt":"2026-02-17T00:15:32","slug":"calcium-d-glucarate-natural-detoxifier-promotes-liver-health-calcium-d-glucaric-acid-salt-helps-optimize-glucuronidation-vegan-supersmart","status":"publish","type":"product","link":"https:\/\/www.zolattitude.com\/index.php\/product\/calcium-d-glucarate-natural-detoxifier-promotes-liver-health-calcium-d-glucaric-acid-salt-helps-optimize-glucuronidation-vegan-supersmart\/","title":{"rendered":"Calcium D-Glucarate &#8211; Natural Detoxifier &#8211; Promotes Liver Health &#8211; Calcium D Glucaric Acid Salt &#8211; Helps Optimize Glucuronidation &#8211; Vegan &#8211; Supersmart"},"content":{"rendered":"<p>Price: <span style=\"color:#b12704\">\u20ac45.00<\/span><br \/><i><small>(as of Feb 17, 2026 00:15:30 UTC &#8211; <span class=\"wp_automatic_amazon_disclaimer\" title=\"Product prices and availability are accurate as of the date\/time indicated and are subject to change. Any price and availability information displayed on [relevant Amazon Site(s), as applicable] at the time of purchase will apply to the purchase of this product.\">Details<\/span>)<\/small><\/i><br \/><a href=\"https:\/\/amazon.fr\/dp\/B01G5BSWIE?tag=onamzmoukoubl-21\"><img decoding=\"async\" src=\"https:\/\/valvepress.s3.amazonaws.com\/imgs\/buy_now.png\"><\/a><br \/>\n<\/p>\n<p>                                             From the brand   <\/p>\n<p>                                              <img decoding=\"async\" alt=\"Le texte indique \u00ab SuperSmart \u00bb. Fond minimaliste blanc avec le texte de la marque visible.\" src=\"https:\/\/images-na.ssl-images-amazon.com\/images\/G\/01\/x-locale\/common\/grey-pixel.gif\" class=\"a-lazy-loaded\" data-src=\"https:\/\/m.media-amazon.com\/images\/S\/aplus-media-library-service-media\/6e817401-aec4-4eb4-9413-47e28c9a6527.__CR0,0,1464,625_PT0_SX1464_V1___.png\"><img decoding=\"async\" alt=\"Le texte indique \u00ab SuperSmart \u00bb. Fond minimaliste blanc avec le texte de la marque visible.\" src=\"https:\/\/m.media-amazon.com\/images\/S\/aplus-media-library-service-media\/6e817401-aec4-4eb4-9413-47e28c9a6527.__CR0,0,1464,625_PT0_SX1464_V1___.png\">  <\/p>\n<p>                                              <img decoding=\"async\" alt=\"Fond bleu avec ic\u00f4nes blanches. Le texte indique un catalogue de produits contenant plus de 400 articles r\u00e9partis dans 8 cat\u00e9gories diff\u00e9rentes.\" src=\"https:\/\/images-na.ssl-images-amazon.com\/images\/G\/01\/x-locale\/common\/grey-pixel.gif\" class=\"a-lazy-loaded\" data-src=\"https:\/\/m.media-amazon.com\/images\/S\/aplus-media-library-service-media\/34069998-c5ce-4195-8564-f0a0cec7f801.__CR0,0,1362,1704_PT0_SX362_V1___.jpg\"><img decoding=\"async\" alt=\"Fond bleu avec ic\u00f4nes blanches. Le texte indique un catalogue de produits contenant plus de 400 articles r\u00e9partis dans 8 cat\u00e9gories diff\u00e9rentes.\" src=\"https:\/\/m.media-amazon.com\/images\/S\/aplus-media-library-service-media\/34069998-c5ce-4195-8564-f0a0cec7f801.__CR0,0,1362,1704_PT0_SX362_V1___.jpg\">  <\/p>\n<h3> Nutrition c\u00e9r\u00e9brale, et stress <\/h3>\n<p class=\"apm-brand-story-stores-link\">\n<h3> Sant\u00e9 gastro-intestinale <\/h3>\n<p class=\"apm-brand-story-stores-link\">\n<h3> Sport, fitness et beaut\u00e9 <\/h3>\n<p class=\"apm-brand-story-stores-link\">\n<h3> Anti-\u00e2ge <\/h3>\n<p class=\"apm-brand-story-stores-link\">\n<h3> Sant\u00e9 cardiovasculaire <\/h3>\n<p class=\"apm-brand-story-stores-link\">\n<h3> Immunit\u00e9 <\/h3>\n<p class=\"apm-brand-story-stores-link\">\n<h3> Sexualit\u00e9 et sant\u00e9 urinaire <\/h3>\n<p class=\"apm-brand-story-stores-link\">\n<h3> Soins des articulations <\/h3>\n<p class=\"apm-brand-story-stores-link\">\n<p> Is discontinued by manufacturer                                            \u200f                                            :                                            \u200e                                            No   <br \/> Package Dimensions                                            \u200f                                            :                                            \u200e                                            9.9 x 5.1 x 5 cm; 100 g   <br \/> Manufacturer                                            \u200f                                            :                                            \u200e                                            Supersmart   <br \/> ASIN                                            \u200f                                            :                                            \u200e                                            B01G5BSWIE   <br \/> Manufacturer reference                                            \u200f                                            :                                            \u200e                                            0679   <br \/>  Customer reviews:                                                                                            4.6               4.6 out of 5 stars                                  (74)                                              var dpAcrHasRegisteredArcLinkClickAction;                    P.when(&#8216;A&#8217;, &#8216;ready&#8217;).execute(function(A) {                        if (dpAcrHasRegisteredArcLinkClickAction !== true) {                            dpAcrHasRegisteredArcLinkClickAction = true;                            A.declarative(                                &#8216;acrLink-click-metrics&#8217;, &#8216;click&#8217;,                                { &#8220;allowLinkDefault&#8221;: true },                                function (event) {                                    if (window.ue) {                                        ue.count(&#8220;acrLinkClickCount&#8221;, (ue.count(&#8220;acrLinkClickCount&#8221;) || 0) + 1);                                    }                                }                            );                        }                    });                                             P.when(&#8216;A&#8217;, &#8216;cf&#8217;).execute(function(A) {                A.declarative(&#8216;acrStarsLink-click-metrics&#8217;, &#8216;click&#8217;, { &#8220;allowLinkDefault&#8221; : true },  function(event){                    if(window.ue) {                        ue.count(&#8220;acrStarsLinkWithPopoverClickCount&#8221;, (ue.count(&#8220;acrStarsLinkWithPopoverClickCount&#8221;) || 0) + 1);                    }                });            });                          <br \/>SUPERSMART: 31 years of expertise, we are one of the first brands in Europe to market food supplements. Our formulas are developed by a Doctor of Microbiology and Immunology. With hundreds of thousands of satisfied customers, Supersmart is a key player in nutritional supplementation.<br \/>A CALCIUM SALT WITH UNIQUE PROPERTIES: Calcium D glucarate is a dietary supplement known for its detoxifying properties. By promoting glucuronidation, it helps to remove toxins and other unwanted substances from the body safely and effectively, without causing unwanted side effects.<br \/>\u2743NATURAL INGREDIENTS: Calcium D glucarate is a natural substance found in fruits and vegetables such as grapefruits, apples, oranges, broccoli and Brussels sprouts. Our formula is vegan and gluten free! At Supersmart we choose raw materials rich in active ingredients. We also favor eco-responsible approaches and natural excipients.<br \/>Instructions for use: Take 3 capsules daily. Each capsule contains 500 mg of calcium D-glucarate. This product is a nutritional supplement and should not be used as a substitute for a balanced and varied diet or a healthy lifestyle. Keep away from children, away from light, heat and moisture.<br \/>\ud83d\udc95SATISFACTION GUARANTEED: We strive to provide you with a range of highly efficient products, while providing you with exceptional customer service. If you have any questions or concerns, please feel free to contact us at any time. We are here to help you become the best version of yourself.<\/p>\n\n","protected":false},"excerpt":{"rendered":"<p> From the brand Nutrition c\u00e9r\u00e9brale, et stress Sant\u00e9 gastro-intestinale Sport, fitness et beaut\u00e9 Anti-\u00e2ge Sant\u00e9 cardiovasculaire Immunit\u00e9 Sexualit\u00e9 et sant\u00e9 urinaire Soins des articulations Is discontinued by manufacturer \u200f : \u200e No Package Dimensions \u200f : \u200e 9.9 x 5.1 x 5 cm; 100 g Manufacturer \u200f : \u200e Supersmart [&hellip;]<\/p>\n","protected":false},"featured_media":21649,"comment_status":"open","ping_status":"closed","template":"","meta":{"_gspb_post_css":"","om_disable_all_campaigns":false,"_monsterinsights_skip_tracking":false,"_monsterinsights_sitenote_active":false,"_monsterinsights_sitenote_note":"","_monsterinsights_sitenote_category":0},"store":[],"product_brand":[],"product_cat":[143],"product_tag":[188,945,3396,5612,5613,5615,245,907,448,260,5614,1275,5464,3683,261],"class_list":{"0":"post-21648","1":"product","2":"type-product","3":"status-publish","4":"has-post-thumbnail","6":"product_cat-mineraux","7":"product_tag-acid","8":"product_tag-calcium","9":"product_tag-detoxifier","10":"product_tag-dglucarate","11":"product_tag-glucaric","12":"product_tag-glucuronidation","13":"product_tag-health","14":"product_tag-helps","15":"product_tag-liver","16":"product_tag-natural","17":"product_tag-optimize","18":"product_tag-promotes","19":"product_tag-salt","20":"product_tag-supersmart","21":"product_tag-vegan","23":"first","24":"instock","25":"shipping-taxable","26":"product-type-external"},"aioseo_notices":[],"jetpack_sharing_enabled":true,"_links":{"self":[{"href":"https:\/\/www.zolattitude.com\/index.php\/wp-json\/wp\/v2\/product\/21648","targetHints":{"allow":["GET"]}}],"collection":[{"href":"https:\/\/www.zolattitude.com\/index.php\/wp-json\/wp\/v2\/product"}],"about":[{"href":"https:\/\/www.zolattitude.com\/index.php\/wp-json\/wp\/v2\/types\/product"}],"replies":[{"embeddable":true,"href":"https:\/\/www.zolattitude.com\/index.php\/wp-json\/wp\/v2\/comments?post=21648"}],"wp:featuredmedia":[{"embeddable":true,"href":"https:\/\/www.zolattitude.com\/index.php\/wp-json\/wp\/v2\/media\/21649"}],"wp:attachment":[{"href":"https:\/\/www.zolattitude.com\/index.php\/wp-json\/wp\/v2\/media?parent=21648"}],"wp:term":[{"taxonomy":"store","embeddable":true,"href":"https:\/\/www.zolattitude.com\/index.php\/wp-json\/wp\/v2\/store?post=21648"},{"taxonomy":"product_brand","embeddable":true,"href":"https:\/\/www.zolattitude.com\/index.php\/wp-json\/wp\/v2\/product_brand?post=21648"},{"taxonomy":"product_cat","embeddable":true,"href":"https:\/\/www.zolattitude.com\/index.php\/wp-json\/wp\/v2\/product_cat?post=21648"},{"taxonomy":"product_tag","embeddable":true,"href":"https:\/\/www.zolattitude.com\/index.php\/wp-json\/wp\/v2\/product_tag?post=21648"}],"curies":[{"name":"wp","href":"https:\/\/api.w.org\/{rel}","templated":true}]}}