{"id":21680,"date":"2026-02-17T20:56:28","date_gmt":"2026-02-17T20:56:28","guid":{"rendered":"https:\/\/www.zolattitude.com\/index.php\/product\/vitamin-b-complex-strong-with-vitamin-b1-b2-b3-b5-b6-b7-biotin-b9-folic-acid-and-b12-for-6-months-natural-and-vegan-energy-and-vitality-vitamaze\/"},"modified":"2026-02-17T20:56:39","modified_gmt":"2026-02-17T20:56:39","slug":"vitamin-b-complex-strong-with-vitamin-b1-b2-b3-b5-b6-b7-biotin-b9-folic-acid-and-b12-for-6-months-natural-and-vegan-energy-and-vitality-vitamaze","status":"publish","type":"product","link":"https:\/\/www.zolattitude.com\/index.php\/product\/vitamin-b-complex-strong-with-vitamin-b1-b2-b3-b5-b6-b7-biotin-b9-folic-acid-and-b12-for-6-months-natural-and-vegan-energy-and-vitality-vitamaze\/","title":{"rendered":"Vitamin B Complex Strong with Vitamin B1, B2, B3, B5, B6, B7 (Biotin), B9 (Folic Acid) and B12 &#8211; For 6 Months &#8211; Natural and Vegan Energy and Vitality &#8211; Vitamaze"},"content":{"rendered":"<p>Price: <span style=\"color:#b12704\">\u20ac16.97<\/span><br \/><i><small>(as of Feb 17, 2026 20:56:28 UTC &#8211; <span class=\"wp_automatic_amazon_disclaimer\" title=\"Product prices and availability are accurate as of the date\/time indicated and are subject to change. Any price and availability information displayed on [relevant Amazon Site(s), as applicable] at the time of purchase will apply to the purchase of this product.\">Details<\/span>)<\/small><\/i><br \/><a href=\"https:\/\/amazon.fr\/dp\/B01N6EMPXO?tag=onamzmoukoubl-21\"><img decoding=\"async\" src=\"https:\/\/valvepress.s3.amazonaws.com\/imgs\/buy_now.png\"><\/a><br \/>\n<\/p>\n<p>                                             From the brand   <\/p>\n<p>                                              <img decoding=\"async\" alt=\"Images marketing ou promotionnelles affich\u00e9es sur des affichages num\u00e9riques ou des \u00e9crans sur fond sombre.\" src=\"https:\/\/images-na.ssl-images-amazon.com\/images\/G\/01\/x-locale\/common\/grey-pixel.gif\" class=\"a-lazy-loaded\" data-src=\"https:\/\/m.media-amazon.com\/images\/S\/aplus-media-library-service-media\/2ed6bc55-5a93-405f-88a4-f3697866e4b8.__CR0,0,2928,1250_PT0_SX1464_V1___.png\"><img decoding=\"async\" alt=\"Images marketing ou promotionnelles affich\u00e9es sur des affichages num\u00e9riques ou des \u00e9crans sur fond sombre.\" src=\"https:\/\/m.media-amazon.com\/images\/S\/aplus-media-library-service-media\/2ed6bc55-5a93-405f-88a4-f3697866e4b8.__CR0,0,2928,1250_PT0_SX1464_V1___.png\">  <\/p>\n<p>                                              <img decoding=\"async\" alt=\"aplus content image\" src=\"https:\/\/images-na.ssl-images-amazon.com\/images\/G\/01\/x-locale\/common\/grey-pixel.gif\" class=\"a-lazy-loaded\" data-src=\"https:\/\/m.media-amazon.com\/images\/S\/aplus-media-library-service-media\/604a7ffa-ceac-43b4-8e19-27868d33d09b.__CR0,0,362,453_PT0_SX362_V1___.jpg\"><img decoding=\"async\" alt=\"aplus content image\" src=\"https:\/\/m.media-amazon.com\/images\/S\/aplus-media-library-service-media\/604a7ffa-ceac-43b4-8e19-27868d33d09b.__CR0,0,362,453_PT0_SX362_V1___.jpg\">  <\/p>\n<p>                                              <img decoding=\"async\" alt=\"aplus content image\" src=\"https:\/\/images-na.ssl-images-amazon.com\/images\/G\/01\/x-locale\/common\/grey-pixel.gif\" class=\"a-lazy-loaded\" data-src=\"https:\/\/m.media-amazon.com\/images\/S\/aplus-media-library-service-media\/43105dd8-5c32-4689-9a3a-b2183b989960.__CR0,0,362,453_PT0_SX362_V1___.jpg\"><img decoding=\"async\" alt=\"aplus content image\" src=\"https:\/\/m.media-amazon.com\/images\/S\/aplus-media-library-service-media\/43105dd8-5c32-4689-9a3a-b2183b989960.__CR0,0,362,453_PT0_SX362_V1___.jpg\">  <\/p>\n<p>                                              <img decoding=\"async\" alt=\"aplus content image\" src=\"https:\/\/images-na.ssl-images-amazon.com\/images\/G\/01\/x-locale\/common\/grey-pixel.gif\" class=\"a-lazy-loaded\" data-src=\"https:\/\/m.media-amazon.com\/images\/S\/aplus-media-library-service-media\/b869badb-20e4-4c4f-a9b2-be4f39d3b6c4.__CR0,0,362,453_PT0_SX362_V1___.jpg\"><img decoding=\"async\" alt=\"aplus content image\" src=\"https:\/\/m.media-amazon.com\/images\/S\/aplus-media-library-service-media\/b869badb-20e4-4c4f-a9b2-be4f39d3b6c4.__CR0,0,362,453_PT0_SX362_V1___.jpg\">  <\/p>\n<h3> BESTSELLER <\/h3>\n<p class=\"apm-brand-story-stores-link\">\n<h3> La vitamine D3 du soleil <\/h3>\n<p class=\"apm-brand-story-stores-link\">\n<p>                                              <img decoding=\"async\" alt=\"aplus content image\" src=\"https:\/\/images-na.ssl-images-amazon.com\/images\/G\/01\/x-locale\/common\/grey-pixel.gif\" class=\"a-lazy-loaded\" data-src=\"https:\/\/m.media-amazon.com\/images\/S\/aplus-media-library-service-media\/5af87493-ba96-43d8-8e7a-1346b5833044.__CR0,0,362,453_PT0_SX362_V1___.jpg\"><img decoding=\"async\" alt=\"aplus content image\" src=\"https:\/\/m.media-amazon.com\/images\/S\/aplus-media-library-service-media\/5af87493-ba96-43d8-8e7a-1346b5833044.__CR0,0,362,453_PT0_SX362_V1___.jpg\">  <\/p>\n<h3> D\u00e9couvrir de nouvelles choses <\/h3>\n<p class=\"apm-brand-story-stores-link\">\n<p>                                              <img decoding=\"async\" alt=\"aplus content image\" src=\"https:\/\/images-na.ssl-images-amazon.com\/images\/G\/01\/x-locale\/common\/grey-pixel.gif\" class=\"a-lazy-loaded\" data-src=\"https:\/\/m.media-amazon.com\/images\/S\/aplus-media-library-service-media\/11abc2f1-4a77-4ce7-adab-2d634f5d1439.__CR0,0,362,453_PT0_SX362_V1___.jpg\"><img decoding=\"async\" alt=\"aplus content image\" src=\"https:\/\/m.media-amazon.com\/images\/S\/aplus-media-library-service-media\/11abc2f1-4a77-4ce7-adab-2d634f5d1439.__CR0,0,362,453_PT0_SX362_V1___.jpg\">  <\/p>\n<p>                                              <img decoding=\"async\" alt=\"Plusieurs images montrant une personne en tenue de sport faisant des \u00e9tirements ou des mouvements d&amp;#39;exercice sur un fond sombre, portant une tenue athl\u00e9tique de couleur bleu\/bleu sarcelle.\" src=\"https:\/\/images-na.ssl-images-amazon.com\/images\/G\/01\/x-locale\/common\/grey-pixel.gif\" class=\"a-lazy-loaded\" data-src=\"https:\/\/m.media-amazon.com\/images\/S\/aplus-media-library-service-media\/9584740f-f710-4692-ad45-1ab8b03a32a7.__CR0,0,362,453_PT0_SX362_V1___.jpg\"><img decoding=\"async\" alt=\"Plusieurs images montrant une personne en tenue de sport faisant des \u00e9tirements ou des mouvements d&amp;#39;exercice sur un fond sombre, portant une tenue athl\u00e9tique de couleur bleu\/bleu sarcelle.\" src=\"https:\/\/m.media-amazon.com\/images\/S\/aplus-media-library-service-media\/9584740f-f710-4692-ad45-1ab8b03a32a7.__CR0,0,362,453_PT0_SX362_V1___.jpg\">  <\/p>\n<p>                                              <img decoding=\"async\" alt=\"Le texte indique \u00ab Gratuit de \u00bb, \u00ab additifs \u00bb, suivi de trois ic\u00f4nes circulaires avec des symboles li\u00e9s aux caract\u00e9ristiques du produit. Fond sombre avec texte et graphiques blancs.\" src=\"https:\/\/images-na.ssl-images-amazon.com\/images\/G\/01\/x-locale\/common\/grey-pixel.gif\" class=\"a-lazy-loaded\" data-src=\"https:\/\/m.media-amazon.com\/images\/S\/aplus-media-library-service-media\/2ae93e20-1269-42ce-b158-5c485559aa32.__CR0,0,362,453_PT0_SX362_V1___.jpg\"><img decoding=\"async\" alt=\"Le texte indique \u00ab Gratuit de \u00bb, \u00ab additifs \u00bb, suivi de trois ic\u00f4nes circulaires avec des symboles li\u00e9s aux caract\u00e9ristiques du produit. Fond sombre avec texte et graphiques blancs.\" src=\"https:\/\/m.media-amazon.com\/images\/S\/aplus-media-library-service-media\/2ae93e20-1269-42ce-b158-5c485559aa32.__CR0,0,362,453_PT0_SX362_V1___.jpg\">  <\/p>\n<p> Is discontinued by manufacturer                                            \u200f                                            :                                            \u200e                                            No   <br \/> Product Dimensions                                            \u200f                                            :                                            \u200e                                            4 x 4 x 8 cm; 36 g   <br \/> Manufacturer                                            \u200f                                            :                                            \u200e                                            Vitamaze &#8211; amazing life   <br \/> ASIN                                            \u200f                                            :                                            \u200e                                            B01N6EMPXO   <br \/> Manufacturer reference                                            \u200f                                            :                                            \u200e                                            6666   <br \/> Country of origin                                            \u200f                                            :                                            \u200e                                            Germany   <br \/>  Customer reviews:                                                                                            4.3               4.3 out of 5 stars                                  (5,718)                                              var dpAcrHasRegisteredArcLinkClickAction;                    P.when(&#8216;A&#8217;, &#8216;ready&#8217;).execute(function(A) {                        if (dpAcrHasRegisteredArcLinkClickAction !== true) {                            dpAcrHasRegisteredArcLinkClickAction = true;                            A.declarative(                                &#8216;acrLink-click-metrics&#8217;, &#8216;click&#8217;,                                { &#8220;allowLinkDefault&#8221;: true },                                function (event) {                                    if (window.ue) {                                        ue.count(&#8220;acrLinkClickCount&#8221;, (ue.count(&#8220;acrLinkClickCount&#8221;) || 0) + 1);                                    }                                }                            );                        }                    });                                             P.when(&#8216;A&#8217;, &#8216;cf&#8217;).execute(function(A) {                A.declarative(&#8216;acrStarsLink-click-metrics&#8217;, &#8216;click&#8217;, { &#8220;allowLinkDefault&#8221; : true },  function(event){                    if(window.ue) {                        ue.count(&#8220;acrStarsLinkWithPopoverClickCount&#8221;, (ue.count(&#8220;acrStarsLinkWithPopoverClickCount&#8221;) || 0) + 1);                    }                });            });                          <br \/>HIGHLY DOSED: 180 small vegan tablets for a continuous supply of 6 months with the 8 essential B vitamins B1 (thiamine), B2 (riboflavin), B3 (niacin), B5 (pantothenic acid), B6 (pyridoxine), B7 (biotin), B9 (folic acid), B9 (folic acid), B6 (pyridoxine), B7 (biotin), B9 (folic acid), B6 12 (meme thylcobalamin).<br \/>VEGANIAN: Our B complex is made exclusively from non-animal ingredients and is therefore ideal for VEGAN and VEGETARIANS. Our capsules are completely free of genetically modified ingredients and unnecessary additives.<br \/>BEST BIO-AVAILABILITY: Without the controversial additive magnesium stearate (magnesium salts of fatty acids) for optimal current access. Many other manufacturers use magnesium stearate in their manufacturing processes.<br \/>GERMAN QUALITY PRODUCT: Our products are made only in Germany. Our production is based on the HACCP method. We work closely with scientists and experts in the development and production process of our products.<br \/>SATISFACTION GUARANTEE: Our customers&#8217; satisfaction is very important to us, so please feel free to contact us if you have any questions about our products. Buy the product with the best value on the market today RISK FREE. We offer 30 days total refund.<\/p>\n\n","protected":false},"excerpt":{"rendered":"<p> From the brand BESTSELLER La vitamine D3 du soleil D\u00e9couvrir de nouvelles choses Is discontinued by manufacturer \u200f : \u200e No Product Dimensions \u200f : \u200e 4 x 4 x 8 cm; 36 g Manufacturer \u200f : \u200e Vitamaze &#8211; amazing life ASIN \u200f : \u200e B01N6EMPXO Manufacturer reference \u200f [&hellip;]<\/p>\n","protected":false},"featured_media":21681,"comment_status":"open","ping_status":"closed","template":"","meta":{"_gspb_post_css":"","om_disable_all_campaigns":false,"_monsterinsights_skip_tracking":false,"_monsterinsights_sitenote_active":false,"_monsterinsights_sitenote_note":"","_monsterinsights_sitenote_category":0},"store":[],"product_brand":[],"product_cat":[139],"product_tag":[188,1022,170,173,289,1462,195,260,456,261,793,1532,178],"class_list":{"0":"post-21680","1":"product","2":"type-product","3":"status-publish","4":"has-post-thumbnail","6":"product_cat-keratine-vitamine-e","7":"product_tag-acid","8":"product_tag-b12","9":"product_tag-biotin","10":"product_tag-complex","11":"product_tag-energy","12":"product_tag-folic","13":"product_tag-months","14":"product_tag-natural","15":"product_tag-strong","16":"product_tag-vegan","17":"product_tag-vitality","18":"product_tag-vitamaze","19":"product_tag-vitamin","21":"first","22":"instock","23":"shipping-taxable","24":"product-type-external"},"aioseo_notices":[],"jetpack_sharing_enabled":true,"_links":{"self":[{"href":"https:\/\/www.zolattitude.com\/index.php\/wp-json\/wp\/v2\/product\/21680","targetHints":{"allow":["GET"]}}],"collection":[{"href":"https:\/\/www.zolattitude.com\/index.php\/wp-json\/wp\/v2\/product"}],"about":[{"href":"https:\/\/www.zolattitude.com\/index.php\/wp-json\/wp\/v2\/types\/product"}],"replies":[{"embeddable":true,"href":"https:\/\/www.zolattitude.com\/index.php\/wp-json\/wp\/v2\/comments?post=21680"}],"wp:featuredmedia":[{"embeddable":true,"href":"https:\/\/www.zolattitude.com\/index.php\/wp-json\/wp\/v2\/media\/21681"}],"wp:attachment":[{"href":"https:\/\/www.zolattitude.com\/index.php\/wp-json\/wp\/v2\/media?parent=21680"}],"wp:term":[{"taxonomy":"store","embeddable":true,"href":"https:\/\/www.zolattitude.com\/index.php\/wp-json\/wp\/v2\/store?post=21680"},{"taxonomy":"product_brand","embeddable":true,"href":"https:\/\/www.zolattitude.com\/index.php\/wp-json\/wp\/v2\/product_brand?post=21680"},{"taxonomy":"product_cat","embeddable":true,"href":"https:\/\/www.zolattitude.com\/index.php\/wp-json\/wp\/v2\/product_cat?post=21680"},{"taxonomy":"product_tag","embeddable":true,"href":"https:\/\/www.zolattitude.com\/index.php\/wp-json\/wp\/v2\/product_tag?post=21680"}],"curies":[{"name":"wp","href":"https:\/\/api.w.org\/{rel}","templated":true}]}}