{"id":21942,"date":"2026-02-19T22:50:20","date_gmt":"2026-02-19T22:50:20","guid":{"rendered":"https:\/\/www.zolattitude.com\/index.php\/product\/super-gut-happy-healthy-gut-le-plan-de-sante-intestinale-de-28-jours-the-gut-makeover-ensemble-de-4-livres\/"},"modified":"2026-02-19T22:50:23","modified_gmt":"2026-02-19T22:50:23","slug":"super-gut-happy-healthy-gut-le-plan-de-sante-intestinale-de-28-jours-the-gut-makeover-ensemble-de-4-livres","status":"publish","type":"product","link":"https:\/\/www.zolattitude.com\/index.php\/product\/super-gut-happy-healthy-gut-le-plan-de-sante-intestinale-de-28-jours-the-gut-makeover-ensemble-de-4-livres\/","title":{"rendered":"Super Gut, Happy Healthy Gut, Le plan de sant\u00e9 intestinale de 28 jours, The Gut Makeover, ensemble de 4 livres"},"content":{"rendered":"<p>Price: <span style=\"color:#b12704\">\u20ac14.99<\/span><br \/><i><small>(as of Feb 19, 2026 22:50:20 UTC &#8211; <span class=\"wp_automatic_amazon_disclaimer\" title=\"Product prices and availability are accurate as of the date\/time indicated and are subject to change. Any price and availability information displayed on [relevant Amazon Site(s), as applicable] at the time of purchase will apply to the purchase of this product.\">Details<\/span>)<\/small><\/i><br \/><a href=\"https:\/\/amazon.fr\/dp\/9123539380?tag=onamzmoukoubl-21\"><img decoding=\"async\" src=\"https:\/\/valvepress.s3.amazonaws.com\/imgs\/buy_now.png\"><\/a><br \/>\n<br \/>\n  Veuillez noter que les livres individuels suivants, selon l&#8217;ISBN original et l&#8217;image de couverture, seront exp\u00e9di\u00e9s collectivement : Super Gut, Happy Healthy Gut, The 28 Day Gut Health Plan, The Ensemble de collection de 4 livres Gut Makeover :Super Gut : ISBN-10 : 1399701819 ISBN-13 : 978-1399701815 Super Gut partage un plan de quatre semaines pour reprogrammer votre microbiome bas\u00e9 sur des recherches et des techniques qui non seulement vont \u00e0 l&#8217;origine de nombreuses maladies, mais am\u00e9liorent les niveaux d&#8217;ocytocine (l&#8217;hormone de liaison\/heureuse), la sant\u00e9 du cerveau et favorisent la lutte contre le vieillissement et la perte de poids. Le Dr Davis fournit non seulement des informations scientifiques et des \u00e9tudes de cas, mais \u00e9galement plus de 40 recettes et solutions. Un intestin heureux et en bonne sant\u00e9 : ISBN-10 : 1634506731 ISBN-13 : 978-1634506731 Jennifer Browne r\u00e9v\u00e8le le d\u00e9nominateur commun pr\u00e9sent dans presque tous les troubles digestifs chroniques. angoisse : la nourriture. Ce avec quoi nous choisissons de nous alimenter a un impact direct sur chaque partie de notre corps, \u00e0 commencer par le syst\u00e8me digestif. Browne nous exhorte \u00e0 assumer la responsabilit\u00e9 de notre propre sant\u00e9 et \u00e0 prendre des d\u00e9cisions consciencieuses concernant les causes et les effets des aliments sur notre tube digestif. Le plan de sant\u00e9 intestinale de 28 jours : ISBN-10 : 0008268916 ISBN-13 : 978-0008268916 Le plan de sant\u00e9 intestinale de 28 jours est un programme innovant livre expliquant comment notre alimentation moderne et notre d\u00e9pendance aux aliments transform\u00e9s ont d\u00e9cim\u00e9 les bonnes bact\u00e9ries de notre intestin. Il ne s\u2019agit pas d\u2019un livre scientifique, mais plut\u00f4t d\u2019un plan simple et d\u00e9di\u00e9 de 28 jours que tout le monde peut suivre pour am\u00e9liorer sa sant\u00e9 intestinale et perdre du poids. Le relooking intestinal : ISBN-10 : 1784297747 ISB    <br \/>Publisher                                            \u200f                                            :                                            \u200e                                                        Yellow Kite\/Skyhorse Publishing\/Harper Thorsons\/Quercus ltd       <br \/> Publication date                                            \u200f                                            :                                            \u200e                                                        1 Mar. 2023       <br \/> Print length                                            \u200f                                            :                                            \u200e                                                        1150 pages       <br \/> ISBN-10                                            \u200f                                            :                                            \u200e                                                        9123539380       <br \/> ISBN-13                                            \u200f                                            :                                            \u200e                                                        978-9123539383       <br \/> Item weight                                            \u200f                                            :                                            \u200e                                            1.01 Kilograms   <br \/> Reading age                                            \u200f                                            :                                            \u200e                                            18 years and up   <br \/>       Best Sellers Rank:  941,841 in Books (See Top 100 in Books)    204 in Gastroenterology (Books)      <br \/>  Customer reviews:                                                                                            3.0               3.0 out of 5 stars                                  (1)                                              var dpAcrHasRegisteredArcLinkClickAction;                    P.when(&#8216;A&#8217;, &#8216;ready&#8217;).execute(function(A) {                        if (dpAcrHasRegisteredArcLinkClickAction !== true) {                            dpAcrHasRegisteredArcLinkClickAction = true;                            A.declarative(                                &#8216;acrLink-click-metrics&#8217;, &#8216;click&#8217;,                                { &#8220;allowLinkDefault&#8221;: true },                                function (event) {                                    if (window.ue) {                                        ue.count(&#8220;acrLinkClickCount&#8221;, (ue.count(&#8220;acrLinkClickCount&#8221;) || 0) + 1);                                    }                                }                            );                        }                    });                                             P.when(&#8216;A&#8217;, &#8216;cf&#8217;).execute(function(A) {                A.declarative(&#8216;acrStarsLink-click-metrics&#8217;, &#8216;click&#8217;, { &#8220;allowLinkDefault&#8221; : true },  function(event){                    if(window.ue) {                        ue.count(&#8220;acrStarsLinkWithPopoverClickCount&#8221;, (ue.count(&#8220;acrStarsLinkWithPopoverClickCount&#8221;) || 0) + 1);                    }                });            });                          <br \/><\/p>\n","protected":false},"excerpt":{"rendered":"<p> Veuillez noter que les livres individuels suivants, selon l&#8217;ISBN original et l&#8217;image de couverture, seront exp\u00e9di\u00e9s collectivement : Super Gut, Happy Healthy Gut, The 28 Day Gut Health Plan, The Ensemble de collection de 4 livres Gut Makeover :Super Gut : ISBN-10 : 1399701819 ISBN-13 : 978-1399701815 Super Gut partage [&hellip;]<\/p>\n","protected":false},"featured_media":21943,"comment_status":"open","ping_status":"closed","template":"","meta":{"_gspb_post_css":"","om_disable_all_campaigns":false,"_monsterinsights_skip_tracking":false,"_monsterinsights_sitenote_active":false,"_monsterinsights_sitenote_note":"","_monsterinsights_sitenote_category":0},"store":[],"product_brand":[],"product_cat":[154],"product_tag":[5681,1429,5679,392,889,2348,5682,5680,5330,888,822],"class_list":{"0":"post-21942","1":"product","2":"type-product","3":"status-publish","4":"has-post-thumbnail","6":"product_cat-sante-intestinale","7":"product_tag-ensemble","8":"product_tag-gut","9":"product_tag-happy","10":"product_tag-healthy","11":"product_tag-intestinale","12":"product_tag-jours","13":"product_tag-livres","14":"product_tag-makeover","15":"product_tag-plan","16":"product_tag-sante","17":"product_tag-super","19":"first","20":"instock","21":"shipping-taxable","22":"product-type-external"},"aioseo_notices":[],"jetpack_sharing_enabled":true,"_links":{"self":[{"href":"https:\/\/www.zolattitude.com\/index.php\/wp-json\/wp\/v2\/product\/21942","targetHints":{"allow":["GET"]}}],"collection":[{"href":"https:\/\/www.zolattitude.com\/index.php\/wp-json\/wp\/v2\/product"}],"about":[{"href":"https:\/\/www.zolattitude.com\/index.php\/wp-json\/wp\/v2\/types\/product"}],"replies":[{"embeddable":true,"href":"https:\/\/www.zolattitude.com\/index.php\/wp-json\/wp\/v2\/comments?post=21942"}],"wp:featuredmedia":[{"embeddable":true,"href":"https:\/\/www.zolattitude.com\/index.php\/wp-json\/wp\/v2\/media\/21943"}],"wp:attachment":[{"href":"https:\/\/www.zolattitude.com\/index.php\/wp-json\/wp\/v2\/media?parent=21942"}],"wp:term":[{"taxonomy":"store","embeddable":true,"href":"https:\/\/www.zolattitude.com\/index.php\/wp-json\/wp\/v2\/store?post=21942"},{"taxonomy":"product_brand","embeddable":true,"href":"https:\/\/www.zolattitude.com\/index.php\/wp-json\/wp\/v2\/product_brand?post=21942"},{"taxonomy":"product_cat","embeddable":true,"href":"https:\/\/www.zolattitude.com\/index.php\/wp-json\/wp\/v2\/product_cat?post=21942"},{"taxonomy":"product_tag","embeddable":true,"href":"https:\/\/www.zolattitude.com\/index.php\/wp-json\/wp\/v2\/product_tag?post=21942"}],"curies":[{"name":"wp","href":"https:\/\/api.w.org\/{rel}","templated":true}]}}