{"id":21946,"date":"2026-02-19T22:55:31","date_gmt":"2026-02-19T22:55:31","guid":{"rendered":"https:\/\/www.zolattitude.com\/index.php\/product\/high-dose-magnesium-365-capsules-annual-reserve-667-mg-of-which-400-mg-of-elemental-magnesium-per-daily-dose-based-on-magnesium-oxide-without-unnecessary-additives\/"},"modified":"2026-02-19T22:55:40","modified_gmt":"2026-02-19T22:55:40","slug":"high-dose-magnesium-365-capsules-annual-reserve-667-mg-of-which-400-mg-of-elemental-magnesium-per-daily-dose-based-on-magnesium-oxide-without-unnecessary-additives","status":"publish","type":"product","link":"https:\/\/www.zolattitude.com\/index.php\/product\/high-dose-magnesium-365-capsules-annual-reserve-667-mg-of-which-400-mg-of-elemental-magnesium-per-daily-dose-based-on-magnesium-oxide-without-unnecessary-additives\/","title":{"rendered":"High dose magnesium &#8211; 365 capsules (annual reserve) &#8211; 667 mg of which 400 mg of elemental magnesium per daily dose based on magnesium oxide &#8211; without unnecessary additives"},"content":{"rendered":"<p>Price: <span style=\"color:#b12704\"><del>\u20ac19.99<\/del> - \u20ac18.99<\/span><br \/><i><small>(as of Feb 19, 2026 22:55:32 UTC &#8211; <span class=\"wp_automatic_amazon_disclaimer\" title=\"Product prices and availability are accurate as of the date\/time indicated and are subject to change. Any price and availability information displayed on [relevant Amazon Site(s), as applicable] at the time of purchase will apply to the purchase of this product.\">Details<\/span>)<\/small><\/i><br \/><a href=\"https:\/\/amazon.fr\/dp\/B0FF3D3BQ6?tag=onamzmoukoubl-21\"><img decoding=\"async\" src=\"https:\/\/valvepress.s3.amazonaws.com\/imgs\/buy_now.png\"><\/a><br \/>\n<\/p>\n<p>                                             From the brand   <\/p>\n<p>                                              <img decoding=\"async\" alt=\"\" src=\"https:\/\/images-na.ssl-images-amazon.com\/images\/G\/01\/x-locale\/common\/grey-pixel.gif\" class=\"a-lazy-loaded\" data-src=\"https:\/\/m.media-amazon.com\/images\/S\/aplus-media-library-service-media\/45f9521f-4315-45bf-900c-d5f7f1ec0fc9.__CR0,0,1951,833_PT0_SX1464_V1___.jpg\"><img decoding=\"async\" alt=\"\" src=\"https:\/\/m.media-amazon.com\/images\/S\/aplus-media-library-service-media\/45f9521f-4315-45bf-900c-d5f7f1ec0fc9.__CR0,0,1951,833_PT0_SX1464_V1___.jpg\">  <\/p>\n<p>                                              <img decoding=\"async\" alt=\"aplus content image\" src=\"https:\/\/images-na.ssl-images-amazon.com\/images\/G\/01\/x-locale\/common\/grey-pixel.gif\" class=\"a-lazy-loaded\" data-src=\"https:\/\/m.media-amazon.com\/images\/S\/aplus-media-library-service-media\/4227ec19-5515-44b4-97aa-8645d18f2777.__CR0,0,483,604_PT0_SX362_V1___.jpg\"><img decoding=\"async\" alt=\"aplus content image\" src=\"https:\/\/m.media-amazon.com\/images\/S\/aplus-media-library-service-media\/4227ec19-5515-44b4-97aa-8645d18f2777.__CR0,0,483,604_PT0_SX362_V1___.jpg\">  <\/p>\n<p>                                              <img decoding=\"async\" alt=\"aplus content image\" src=\"https:\/\/images-na.ssl-images-amazon.com\/images\/G\/01\/x-locale\/common\/grey-pixel.gif\" class=\"a-lazy-loaded\" data-src=\"https:\/\/m.media-amazon.com\/images\/S\/aplus-media-library-service-media\/bda8a4a0-dbe2-4460-9912-257e470bfe59.__CR0,0,483,604_PT0_SX362_V1___.jpg\"><img decoding=\"async\" alt=\"aplus content image\" src=\"https:\/\/m.media-amazon.com\/images\/S\/aplus-media-library-service-media\/bda8a4a0-dbe2-4460-9912-257e470bfe59.__CR0,0,483,604_PT0_SX362_V1___.jpg\">  <\/p>\n<p>                                              <img decoding=\"async\" alt=\"Le texte se lit comme suit : \u00ab MEILLEURES VENTES \u00bb, \u00ab ACHETER \u00bb, \u00ab ICI -&amp;gt; \u00bb. Banni\u00e8re promotionnelle de v\u00eatements de sport montrant des sc\u00e8nes d&amp;#39;entra\u00eenement dans un gymnase avec \u00e9clairage bleu.\" src=\"https:\/\/images-na.ssl-images-amazon.com\/images\/G\/01\/x-locale\/common\/grey-pixel.gif\" class=\"a-lazy-loaded\" data-src=\"https:\/\/m.media-amazon.com\/images\/S\/aplus-media-library-service-media\/4f9dd518-90c0-467e-937b-246b4d52633e.__CR0,0,483,604_PT0_SX362_V1___.jpg\"><img decoding=\"async\" alt=\"Le texte se lit comme suit : \u00ab MEILLEURES VENTES \u00bb, \u00ab ACHETER \u00bb, \u00ab ICI -&amp;gt; \u00bb. Banni\u00e8re promotionnelle de v\u00eatements de sport montrant des sc\u00e8nes d&amp;#39;entra\u00eenement dans un gymnase avec \u00e9clairage bleu.\" src=\"https:\/\/m.media-amazon.com\/images\/S\/aplus-media-library-service-media\/4f9dd518-90c0-467e-937b-246b4d52633e.__CR0,0,483,604_PT0_SX362_V1___.jpg\">  <\/p>\n<h3> MEILLEURES VENTES <\/h3>\n<p class=\"apm-brand-story-stores-link\">\n<p>                                              <img decoding=\"async\" alt=\"Le texte indique \u00ab OS NOUVEAUT\u00c9S \u00bb. S\u00e9rie de sc\u00e8nes de cours d&amp;#39;exercices ou de danse avec des personnes en tenue d&amp;#39;entra\u00eenement d\u00e9contract\u00e9e se d\u00e9pla\u00e7ant en synchronisation sur un fond clair.\" src=\"https:\/\/images-na.ssl-images-amazon.com\/images\/G\/01\/x-locale\/common\/grey-pixel.gif\" class=\"a-lazy-loaded\" data-src=\"https:\/\/m.media-amazon.com\/images\/S\/aplus-media-library-service-media\/4bd254a7-a9a0-4b27-9073-eb6ff60d1f67.__CR0,0,483,604_PT0_SX362_V1___.jpg\"><img decoding=\"async\" alt=\"Le texte indique \u00ab OS NOUVEAUT\u00c9S \u00bb. S\u00e9rie de sc\u00e8nes de cours d&amp;#39;exercices ou de danse avec des personnes en tenue d&amp;#39;entra\u00eenement d\u00e9contract\u00e9e se d\u00e9pla\u00e7ant en synchronisation sur un fond clair.\" src=\"https:\/\/m.media-amazon.com\/images\/S\/aplus-media-library-service-media\/4bd254a7-a9a0-4b27-9073-eb6ff60d1f67.__CR0,0,483,604_PT0_SX362_V1___.jpg\">  <\/p>\n<h3> Nouveaut\u00e9s <\/h3>\n<p class=\"apm-brand-story-stores-link\">\n<p>                                              <img decoding=\"async\" alt=\"aplus content image\" src=\"https:\/\/images-na.ssl-images-amazon.com\/images\/G\/01\/x-locale\/common\/grey-pixel.gif\" class=\"a-lazy-loaded\" data-src=\"https:\/\/m.media-amazon.com\/images\/S\/aplus-media-library-service-media\/346d5dd2-a700-4b71-b081-3f56de7daca9.__CR0,6,483,604_PT0_SX362_V1___.jpg\"><img decoding=\"async\" alt=\"aplus content image\" src=\"https:\/\/m.media-amazon.com\/images\/S\/aplus-media-library-service-media\/346d5dd2-a700-4b71-b081-3f56de7daca9.__CR0,6,483,604_PT0_SX362_V1___.jpg\">  <\/p>\n<h3> Caf\u00e9 prot\u00e9in\u00e9 <\/h3>\n<p class=\"apm-brand-story-stores-link\">\n<h3> Acides amin\u00e9s <\/h3>\n<p class=\"apm-brand-story-stores-link\">\n<h3> Vitamines et min\u00e9raux <\/h3>\n<p class=\"apm-brand-story-stores-link\">\n<h3> Collag\u00e8ne <\/h3>\n<p class=\"apm-brand-story-stores-link\">\n<h3> Extraits de plantes <\/h3>\n<p class=\"apm-brand-story-stores-link\">\n<p>                                              <img decoding=\"async\" alt=\"Le texte se lit comme suit : \u00ab UNE BONNE D\u00c9CISION \u00bb. Plusieurs photos de style de vie en plein air montrant des gens dans un cadre naturel d\u00e9tendu.\" src=\"https:\/\/images-na.ssl-images-amazon.com\/images\/G\/01\/x-locale\/common\/grey-pixel.gif\" class=\"a-lazy-loaded\" data-src=\"https:\/\/m.media-amazon.com\/images\/S\/aplus-media-library-service-media\/a5630e26-c24d-40ba-8958-3883918104af.__CR0,0,483,604_PT0_SX362_V1___.jpg\"><img decoding=\"async\" alt=\"Le texte se lit comme suit : \u00ab UNE BONNE D\u00c9CISION \u00bb. Plusieurs photos de style de vie en plein air montrant des gens dans un cadre naturel d\u00e9tendu.\" src=\"https:\/\/m.media-amazon.com\/images\/S\/aplus-media-library-service-media\/a5630e26-c24d-40ba-8958-3883918104af.__CR0,0,483,604_PT0_SX362_V1___.jpg\">  <\/p>\n<h3> D\u00e9couvrez nos offres <\/h3>\n<p class=\"apm-brand-story-stores-link\">\n<h3> Boostez votre repas ! <\/h3>\n<p class=\"apm-brand-story-stores-link\">\n<h3> Prot\u00e9ines <\/h3>\n<p class=\"apm-brand-story-stores-link\">\n<p>                                              <img decoding=\"async\" alt=\"aplus content image\" src=\"https:\/\/images-na.ssl-images-amazon.com\/images\/G\/01\/x-locale\/common\/grey-pixel.gif\" class=\"a-lazy-loaded\" data-src=\"https:\/\/m.media-amazon.com\/images\/S\/aplus-media-library-service-media\/45b59fb5-9b69-4cb7-85da-66c8a5cb1ba8.__CR0,0,483,604_PT0_SX362_V1___.jpg\"><img decoding=\"async\" alt=\"aplus content image\" src=\"https:\/\/m.media-amazon.com\/images\/S\/aplus-media-library-service-media\/45b59fb5-9b69-4cb7-85da-66c8a5cb1ba8.__CR0,0,483,604_PT0_SX362_V1___.jpg\">  <\/p>\n<p> Package Dimensions                                            \u200f                                            :                                            \u200e                                            16.4 x 8.8 x 8.5 cm; 351 g   <br \/> Manufacturer                                            \u200f                                            :                                            \u200e                                            VitaminVersand24 DE GmbH   <br \/> ASIN                                            \u200f                                            :                                            \u200e                                            B0FF3D3BQ6   <br \/> Item model number                                            \u200f                                            :                                            \u200e                                            vit4-520   <br \/> Country of origin                                            \u200f                                            :                                            \u200e                                            Germany   <br \/>  Customer reviews:                                                                                            4.5               4.5 out of 5 stars                                  (565)                                              var dpAcrHasRegisteredArcLinkClickAction;                    P.when(&#8216;A&#8217;, &#8216;ready&#8217;).execute(function(A) {                        if (dpAcrHasRegisteredArcLinkClickAction !== true) {                            dpAcrHasRegisteredArcLinkClickAction = true;                            A.declarative(                                &#8216;acrLink-click-metrics&#8217;, &#8216;click&#8217;,                                { &#8220;allowLinkDefault&#8221;: true },                                function (event) {                                    if (window.ue) {                                        ue.count(&#8220;acrLinkClickCount&#8221;, (ue.count(&#8220;acrLinkClickCount&#8221;) || 0) + 1);                                    }                                }                            );                        }                    });                                             P.when(&#8216;A&#8217;, &#8216;cf&#8217;).execute(function(A) {                A.declarative(&#8216;acrStarsLink-click-metrics&#8217;, &#8216;click&#8217;, { &#8220;allowLinkDefault&#8221; : true },  function(event){                    if(window.ue) {                        ue.count(&#8220;acrStarsLinkWithPopoverClickCount&#8221;, (ue.count(&#8220;acrStarsLinkWithPopoverClickCount&#8221;) || 0) + 1);                    }                });            });                          <br \/>HIGHLY DOSED OPTIMAL: 400 mg pure elemental magnesium per capsule from marine magnesium oxide. Each capsule contains 667 mg of high purity magnesium oxide with 60 percent magnesium and optimally covers daily needs. 365 magnesium capsules for a long-lasting and effective intake. With only 1 capsule per day, one bottle is enough for a whole year.<br \/>ANNUAL RESERVE: 365 magnesium capsules for a sustainable and effective intake. With only 1 capsule per day, one bottle is enough for a whole year.<br \/>PREMIUM RAW MATERIAL: Our high-quality magnesium oxide comes from Israel (Dead Sea) and is obtained by a specialized manufacturer. It is distinguished by an exceptional purity of at least 99.98%.<br \/>VIT4EVER QUALITY: The Vit4ever range offers a wide selection of food supplements adapted to different needs. Our products are made from high quality raw materials and produced exclusively in carefully selected European sites to ensure consistent, high quality. Vit4ever \u2013 German quality since 2016.<\/p>\n\n","protected":false},"excerpt":{"rendered":"<p> From the brand MEILLEURES VENTES Nouveaut\u00e9s Caf\u00e9 prot\u00e9in\u00e9 Acides amin\u00e9s Vitamines et min\u00e9raux Collag\u00e8ne Extraits de plantes D\u00e9couvrez nos offres Boostez votre repas ! Prot\u00e9ines Package Dimensions \u200f : \u200e 16.4 x 8.8 x 8.5 cm; 351 g Manufacturer \u200f : \u200e VitaminVersand24 DE GmbH ASIN \u200f : \u200e B0FF3D3BQ6 [&hellip;]<\/p>\n","protected":false},"featured_media":21947,"comment_status":"open","ping_status":"closed","template":"","meta":{"_gspb_post_css":"","om_disable_all_campaigns":false,"_monsterinsights_skip_tracking":false,"_monsterinsights_sitenote_active":false,"_monsterinsights_sitenote_note":"","_monsterinsights_sitenote_category":0},"store":[],"product_brand":[],"product_cat":[152],"product_tag":[342,2082,1942,198,948,306,2356,294,287,1448,3199,1460],"class_list":{"0":"post-21946","1":"product","2":"type-product","3":"status-publish","4":"has-post-thumbnail","6":"product_cat-magnesium-marin","7":"product_tag-additives","8":"product_tag-annual","9":"product_tag-based","10":"product_tag-capsules","11":"product_tag-daily","12":"product_tag-dose","13":"product_tag-elemental","14":"product_tag-high","15":"product_tag-magnesium","16":"product_tag-oxide","17":"product_tag-reserve","18":"product_tag-unnecessary","20":"first","21":"instock","22":"sale","23":"shipping-taxable","24":"product-type-external"},"aioseo_notices":[],"jetpack_sharing_enabled":true,"_links":{"self":[{"href":"https:\/\/www.zolattitude.com\/index.php\/wp-json\/wp\/v2\/product\/21946","targetHints":{"allow":["GET"]}}],"collection":[{"href":"https:\/\/www.zolattitude.com\/index.php\/wp-json\/wp\/v2\/product"}],"about":[{"href":"https:\/\/www.zolattitude.com\/index.php\/wp-json\/wp\/v2\/types\/product"}],"replies":[{"embeddable":true,"href":"https:\/\/www.zolattitude.com\/index.php\/wp-json\/wp\/v2\/comments?post=21946"}],"wp:featuredmedia":[{"embeddable":true,"href":"https:\/\/www.zolattitude.com\/index.php\/wp-json\/wp\/v2\/media\/21947"}],"wp:attachment":[{"href":"https:\/\/www.zolattitude.com\/index.php\/wp-json\/wp\/v2\/media?parent=21946"}],"wp:term":[{"taxonomy":"store","embeddable":true,"href":"https:\/\/www.zolattitude.com\/index.php\/wp-json\/wp\/v2\/store?post=21946"},{"taxonomy":"product_brand","embeddable":true,"href":"https:\/\/www.zolattitude.com\/index.php\/wp-json\/wp\/v2\/product_brand?post=21946"},{"taxonomy":"product_cat","embeddable":true,"href":"https:\/\/www.zolattitude.com\/index.php\/wp-json\/wp\/v2\/product_cat?post=21946"},{"taxonomy":"product_tag","embeddable":true,"href":"https:\/\/www.zolattitude.com\/index.php\/wp-json\/wp\/v2\/product_tag?post=21946"}],"curies":[{"name":"wp","href":"https:\/\/api.w.org\/{rel}","templated":true}]}}