{"id":21955,"date":"2026-02-19T23:02:16","date_gmt":"2026-02-19T23:02:16","guid":{"rendered":"https:\/\/www.zolattitude.com\/index.php\/product\/pure-melatonin-strong-1-9mg-180-chewable-tablets-for-180-nights-sleep-quickly-prevents-insomnia-jet-and-jet-lag-melatonin-1-9mg-lemon-bodyathlon\/"},"modified":"2026-02-19T23:02:25","modified_gmt":"2026-02-19T23:02:25","slug":"pure-melatonin-strong-1-9mg-180-chewable-tablets-for-180-nights-sleep-quickly-prevents-insomnia-jet-and-jet-lag-melatonin-1-9mg-lemon-bodyathlon","status":"publish","type":"product","link":"https:\/\/www.zolattitude.com\/index.php\/product\/pure-melatonin-strong-1-9mg-180-chewable-tablets-for-180-nights-sleep-quickly-prevents-insomnia-jet-and-jet-lag-melatonin-1-9mg-lemon-bodyathlon\/","title":{"rendered":"Pure Melatonin Strong 1.9mg- 180 Chewable Tablets for 180 Nights- Sleep Quickly &#8211; Prevents Insomnia- Jet and Jet Lag- Melatonin 1.9mg &#8211; Lemon- Bodyathlon"},"content":{"rendered":"<p>Price: <span style=\"color:#b12704\">\u20ac16.90<\/span><br \/><i><small>(as of Feb 19, 2026 23:02:17 UTC &#8211; <span class=\"wp_automatic_amazon_disclaimer\" title=\"Product prices and availability are accurate as of the date\/time indicated and are subject to change. Any price and availability information displayed on [relevant Amazon Site(s), as applicable] at the time of purchase will apply to the purchase of this product.\">Details<\/span>)<\/small><\/i><br \/><a href=\"https:\/\/amazon.fr\/dp\/B09YVB4RWY?tag=onamzmoukoubl-21\"><img decoding=\"async\" src=\"https:\/\/valvepress.s3.amazonaws.com\/imgs\/buy_now.png\"><\/a><br \/>\n<\/p>\n<p>                                             From the brand   <\/p>\n<p>                                              <img decoding=\"async\" alt=\"un fond blanc avec un motif noir et blanc.\" src=\"https:\/\/images-na.ssl-images-amazon.com\/images\/G\/01\/x-locale\/common\/grey-pixel.gif\" class=\"a-lazy-loaded\" data-src=\"https:\/\/m.media-amazon.com\/images\/S\/aplus-media-library-service-media\/5b0bd9e2-3c24-4777-9665-9dbea0cb833e.__CR0,0,1464,625_PT0_SX1464_V1___.jpg\"><img decoding=\"async\" alt=\"un fond blanc avec un motif noir et blanc.\" src=\"https:\/\/m.media-amazon.com\/images\/S\/aplus-media-library-service-media\/5b0bd9e2-3c24-4777-9665-9dbea0cb833e.__CR0,0,1464,625_PT0_SX1464_V1___.jpg\">  <\/p>\n<h3> SANT\u00c9 ET BIEN-\u00caTRE <\/h3>\n<p class=\"apm-brand-story-stores-link\">\n<h3> SPORT <\/h3>\n<p class=\"apm-brand-story-stores-link\">\n<p>                                              <img decoding=\"async\" alt=\"un sch\u00e9ma montrant les \u00e9tapes du produit\" src=\"https:\/\/images-na.ssl-images-amazon.com\/images\/G\/01\/x-locale\/common\/grey-pixel.gif\" class=\"a-lazy-loaded\" data-src=\"https:\/\/m.media-amazon.com\/images\/S\/aplus-media-library-service-media\/a7401c57-3e4e-45d1-8182-0ba4e8276106.__CR0,0,362,453_PT0_SX362_V1___.jpg\"><img decoding=\"async\" alt=\"un sch\u00e9ma montrant les \u00e9tapes du produit\" src=\"https:\/\/m.media-amazon.com\/images\/S\/aplus-media-library-service-media\/a7401c57-3e4e-45d1-8182-0ba4e8276106.__CR0,0,362,453_PT0_SX362_V1___.jpg\">  <\/p>\n<p>                                              <img decoding=\"async\" alt=\"une affiche pour la comp\u00e9tition de musculation\" src=\"https:\/\/images-na.ssl-images-amazon.com\/images\/G\/01\/x-locale\/common\/grey-pixel.gif\" class=\"a-lazy-loaded\" data-src=\"https:\/\/m.media-amazon.com\/images\/S\/aplus-media-library-service-media\/84b6de91-cfb4-4810-b5f6-0d689096bcb0.__CR0,0,362,453_PT0_SX362_V1___.jpg\"><img decoding=\"async\" alt=\"une affiche pour la comp\u00e9tition de musculation\" src=\"https:\/\/m.media-amazon.com\/images\/S\/aplus-media-library-service-media\/84b6de91-cfb4-4810-b5f6-0d689096bcb0.__CR0,0,362,453_PT0_SX362_V1___.jpg\">  <\/p>\n<h3> SANT\u00c9 ET BIEN-\u00caTRE <\/h3>\n<p class=\"apm-brand-story-stores-link\">\n<p> Product Dimensions                                            \u200f                                            :                                            \u200e                                            6 x 6 x 12 cm; 110 g   <br \/> Manufacturer                                            \u200f                                            :                                            \u200e                                            Sakai Laboratorios   <br \/> ASIN                                            \u200f                                            :                                            \u200e                                            B09YVB4RWY   <br \/> Manufacturer reference                                            \u200f                                            :                                            \u200e                                            1   <br \/>  Customer reviews:                                                                                            4.2               4.2 out of 5 stars                                  (294)                                              var dpAcrHasRegisteredArcLinkClickAction;                    P.when(&#8216;A&#8217;, &#8216;ready&#8217;).execute(function(A) {                        if (dpAcrHasRegisteredArcLinkClickAction !== true) {                            dpAcrHasRegisteredArcLinkClickAction = true;                            A.declarative(                                &#8216;acrLink-click-metrics&#8217;, &#8216;click&#8217;,                                { &#8220;allowLinkDefault&#8221;: true },                                function (event) {                                    if (window.ue) {                                        ue.count(&#8220;acrLinkClickCount&#8221;, (ue.count(&#8220;acrLinkClickCount&#8221;) || 0) + 1);                                    }                                }                            );                        }                    });                                             P.when(&#8216;A&#8217;, &#8216;cf&#8217;).execute(function(A) {                A.declarative(&#8216;acrStarsLink-click-metrics&#8217;, &#8216;click&#8217;, { &#8220;allowLinkDefault&#8221; : true },  function(event){                    if(window.ue) {                        ue.count(&#8220;acrStarsLinkWithPopoverClickCount&#8221;, (ue.count(&#8220;acrStarsLinkWithPopoverClickCount&#8221;) || 0) + 1);                    }                });            });                          <br \/>HIGH CONCENTRATION OF MELATONIN. Melatonin from Bodyathlon contains 1.9mg of melatonin per tablet. Is perfect for reducing the time it takes to fall asleep and promotes a long lasting and prolonged rest. Lemon sublingual melatonin.<br \/>MELATONIN QUICK ABSORPTION. Melatonin tablets are chewable and sublingual. This allows better absorption of Melatonin through the oral mucosa, strengthening its action. Does not give headaches. Does not give nausea. It is advisable to take it half an hour before bed, sublingually or swallowed with a glass of water. Your body will absorb it quickly and effectively. 100% vegan product.<br \/>REST AS YOU DESERVE IT. Our Melatonin 1.9mg is perfect for people with sleep impairments, shift and shift workers and travelers affected by jet lag. Resting well improves quality of life and helps avoid fatigue.<br \/>IMPROVE YOUR WELLNESS. Melatonin prevents premature aging of the mind and body thanks to its antioxidant power. Deep sleep and prolonged rest increase energy, improve your mood, avoid stress and protect the heart, among other benefits.<br \/>QUALITY AS OBJECTIVE. All our supplements have been made with ingredients carefully selected by our nutrition professionals. Our main goal is to offer you the best products to help you achieve your goals.<\/p>\n\n","protected":false},"excerpt":{"rendered":"<p> From the brand SANT\u00c9 ET BIEN-\u00caTRE SPORT SANT\u00c9 ET BIEN-\u00caTRE Product Dimensions \u200f : \u200e 6 x 6 x 12 cm; 110 g Manufacturer \u200f : \u200e Sakai Laboratorios ASIN \u200f : \u200e B09YVB4RWY Manufacturer reference \u200f : \u200e 1 Customer reviews: 4.2 4.2 out of 5 stars (294) var [&hellip;]<\/p>\n","protected":false},"featured_media":21956,"comment_status":"open","ping_status":"closed","template":"","meta":{"_gspb_post_css":"","om_disable_all_campaigns":false,"_monsterinsights_skip_tracking":false,"_monsterinsights_sitenote_active":false,"_monsterinsights_sitenote_note":"","_monsterinsights_sitenote_category":0},"store":[],"product_brand":[],"product_cat":[151],"product_tag":[914,5453,1294,2905,431,432,407,429,1494,5451,213,5683,405,456,179],"class_list":{"0":"post-21955","1":"product","2":"type-product","3":"status-publish","4":"has-post-thumbnail","6":"product_cat-sommeil-relaxation","7":"product_tag-1-9mg","8":"product_tag-bodyathlon","9":"product_tag-chewable","10":"product_tag-insomnia","11":"product_tag-jet","12":"product_tag-lag","13":"product_tag-lemon","14":"product_tag-melatonin","15":"product_tag-nights","16":"product_tag-prevents","17":"product_tag-pure","18":"product_tag-quickly","19":"product_tag-sleep","20":"product_tag-strong","21":"product_tag-tablets","23":"first","24":"instock","25":"shipping-taxable","26":"product-type-external"},"aioseo_notices":[],"jetpack_sharing_enabled":true,"_links":{"self":[{"href":"https:\/\/www.zolattitude.com\/index.php\/wp-json\/wp\/v2\/product\/21955","targetHints":{"allow":["GET"]}}],"collection":[{"href":"https:\/\/www.zolattitude.com\/index.php\/wp-json\/wp\/v2\/product"}],"about":[{"href":"https:\/\/www.zolattitude.com\/index.php\/wp-json\/wp\/v2\/types\/product"}],"replies":[{"embeddable":true,"href":"https:\/\/www.zolattitude.com\/index.php\/wp-json\/wp\/v2\/comments?post=21955"}],"wp:featuredmedia":[{"embeddable":true,"href":"https:\/\/www.zolattitude.com\/index.php\/wp-json\/wp\/v2\/media\/21956"}],"wp:attachment":[{"href":"https:\/\/www.zolattitude.com\/index.php\/wp-json\/wp\/v2\/media?parent=21955"}],"wp:term":[{"taxonomy":"store","embeddable":true,"href":"https:\/\/www.zolattitude.com\/index.php\/wp-json\/wp\/v2\/store?post=21955"},{"taxonomy":"product_brand","embeddable":true,"href":"https:\/\/www.zolattitude.com\/index.php\/wp-json\/wp\/v2\/product_brand?post=21955"},{"taxonomy":"product_cat","embeddable":true,"href":"https:\/\/www.zolattitude.com\/index.php\/wp-json\/wp\/v2\/product_cat?post=21955"},{"taxonomy":"product_tag","embeddable":true,"href":"https:\/\/www.zolattitude.com\/index.php\/wp-json\/wp\/v2\/product_tag?post=21955"}],"curies":[{"name":"wp","href":"https:\/\/api.w.org\/{rel}","templated":true}]}}